{"id":37,"date":"2020-04-06T13:12:09","date_gmt":"2020-04-06T16:12:09","guid":{"rendered":"https:\/\/catedras.facet.unt.edu.ar\/labdie\/home\/"},"modified":"2023-12-22T11:04:02","modified_gmt":"2023-12-22T14:04:02","slug":"home","status":"publish","type":"page","link":"https:\/\/catedras.facet.unt.edu.ar\/labdie\/","title":{"rendered":"Inicio"},"content":{"rendered":"<div id=\"pl-37\"  class=\"panel-layout\" ><div id=\"pg-37-0\"  class=\"panel-grid panel-no-style\" ><div id=\"pgc-37-0-0\"  class=\"panel-grid-cell panel-grid-cell-empty\" ><\/div><div id=\"pgc-37-0-1\"  class=\"panel-grid-cell panel-grid-cell-empty panel-grid-cell-mobile-last\" ><\/div><div id=\"pgc-37-0-2\"  class=\"panel-grid-cell panel-grid-cell-empty\" ><\/div><\/div><div id=\"pg-37-1\"  class=\"panel-grid panel-has-style\" ><div class=\"wide-grey panel-row-style panel-row-style-for-37-1\" ><div id=\"pgc-37-1-0\"  class=\"panel-grid-cell\" ><div id=\"panel-37-1-0-0\" class=\"so-panel widget widget_headline-widget panel-first-child panel-last-child\" data-index=\"0\" >\t\t<h1>Investigaci\u00f3n en el Departamento de F\u00edsica<\/h1>\n\t\t<div class=\"decoration\"><div class=\"decoration-inside\"><\/div><\/div>\n\t\t<h3>Esta es la p\u00e1gina del Laboratorio de Diel\u00e9ctricos<\/h3>\n\t\t<\/div><\/div><\/div><\/div><div id=\"pg-37-2\"  class=\"panel-grid panel-no-style\" ><div id=\"pgc-37-2-0\"  class=\"panel-grid-cell\" ><div id=\"panel-37-2-0-0\" class=\"so-panel widget widget_siteorigin-panels-postloop panel-first-child panel-last-child\" data-index=\"1\" ><h3 class=\"widget-title\">Posts<\/h3>\n\t<div id=\"vantage-grid-loop\" class=\"vantage-grid-loop grid-loop-columns-4\">\n\t\t\t\t\t<article class=\"grid-post post-400 post type-post status-publish format-standard hentry category-sin-categoria\">\n\n\t\t\t\t\n\t\t\t\t<h3><a href=\"https:\/\/catedras.facet.unt.edu.ar\/labdie\/2021\/05\/10\/vinculacion-con-la-asociacion-civil-coprodesa\/\">Vinculaci\u00f3n con la Asociaci\u00f3n Civil COPRODESA<\/a><\/h3>\n\t\t\t\t<div class=\"excerpt\"><p>Nota extra\u00edda del Facebook de COPRODESA (https:\/\/www.facebook.com\/story.php?story_fbid=879618109259043&amp;id=126345134586348&amp;scmts=scwspsdd) PROFUNDIZAR CONOCIMIENTOS PARA MEJORAR EL MANEJO PRODUCTIVO DEL CHILTO Seguir investigando y profundizando conocimientos en pos de la mejora continua del manejo de chilto en los cultivos y en los bosques de nuestros cerros, es una constante del Programa Agricultura de Adaptaci\u00f3n de COPRODESA. En este camino, la [&hellip;]<\/p>\n<\/div>\n\t\t\t\t\t\t\t\t\t\t\t<\/article>\n\t\t\t\t\t\t\t\t<article class=\"grid-post post-386 post type-post status-publish format-standard hentry category-sin-categoria\">\n\n\t\t\t\t\n\t\t\t\t<h3><a href=\"https:\/\/catedras.facet.unt.edu.ar\/labdie\/2020\/11\/14\/potencial-electrico-entre-electrodos-planos-no-paralelos-simulacion-de-una-celda-utilizada-con-tomate\/\">Potencial el\u00e9ctrico entre electrodos planos no paralelos &#8211; Simulaci\u00f3n de una celda utilizada con tomate<\/a><\/h3>\n\t\t\t\t<div class=\"excerpt\"><p>El siguiente trabajo fue realizado por el BUF Axel Hemsy en el marco de la beca de investigaci\u00f3n CIUNT obtenida en la convocatoria 2019 bajo la direcci\u00f3n de la Lic. Patricia C\u00e1ceres. Potencial el\u00e9ctrico entre electrodos planos no paralelos-simulaci\u00f3n de una celda utilizada con tomate<\/p>\n<\/div>\n\t\t\t\t\t\t\t\t\t\t\t<\/article>\n\t\t\t\t\t\t\t\t<article class=\"grid-post post-325 post type-post status-publish format-standard hentry category-sin-categoria\">\n\n\t\t\t\t\n\t\t\t\t<h3><a href=\"https:\/\/catedras.facet.unt.edu.ar\/labdie\/2020\/07\/10\/constante-dielectrica-del-agua-datos-y-ajustes\/\">Constante diel\u00e9ctrica del agua. Datos y ajustes<\/a><\/h3>\n\t\t\t\t<div class=\"excerpt\"><p>Constante diel\u00e9ctrica del agua. Datos y ajustes<\/p>\n<\/div>\n\t\t\t\t\t\t\t\t\t\t\t<\/article>\n\t\t\t\t\t\t\t\t<article class=\"grid-post post-308 post type-post status-publish format-standard hentry category-sin-categoria\">\n\n\t\t\t\t\n\t\t\t\t<h3><a href=\"https:\/\/catedras.facet.unt.edu.ar\/labdie\/2020\/07\/10\/como-se-trabaja-en-un-laboratorio-un-ejemplo-el-laboratorio-de-dielectricos-de-la-facet\/\">\u00bfC\u00f3mo se trabaja en un Laboratorio? Un ejemplo del Laboratorio de Diel\u00e9ctricos de la FACET<\/a><\/h3>\n\t\t\t\t<div class=\"excerpt\"><p>Poster expuesto en la Muestra \u00abExactas para Todos\u00bb 2013 de nuestra facultad.<\/p>\n<\/div>\n\t\t\t\t\t\t\t\t\t\t\t<\/article>\n\t\t\t<div class=\"clear\"><\/div>\t\t\t<\/div>\n\n\t\t<nav role=\"navigation\" id=\"nav-below\" class=\"site-navigation paging-navigation\">\n\t\t<h1 class=\"assistive-text\">Navegador de art\u00edculos<\/h1>\n\n\t\n\t\t<div class='pagination'><span aria-current=\"page\" class=\"page-numbers current\">1<\/span>\n<a class=\"page-numbers\" href=\"https:\/\/catedras.facet.unt.edu.ar\/labdie\/wp-json\/wp\/v2\/pages\/37\/page\/2\/\">2<\/a>\n<a class=\"next page-numbers\" href=\"https:\/\/catedras.facet.unt.edu.ar\/labdie\/wp-json\/wp\/v2\/pages\/37\/page\/2\/\">Siguiente &raquo;<\/a><\/div>\n\n\t\n\t<\/nav><!-- #nav-below -->\n\t\n<\/div><\/div><\/div><\/div>","protected":false},"excerpt":{"rendered":"","protected":false},"author":1,"featured_media":0,"parent":0,"menu_order":0,"comment_status":"closed","ping_status":"closed","template":"home-panels.php","meta":[],"_links":{"self":[{"href":"https:\/\/catedras.facet.unt.edu.ar\/labdie\/wp-json\/wp\/v2\/pages\/37"}],"collection":[{"href":"https:\/\/catedras.facet.unt.edu.ar\/labdie\/wp-json\/wp\/v2\/pages"}],"about":[{"href":"https:\/\/catedras.facet.unt.edu.ar\/labdie\/wp-json\/wp\/v2\/types\/page"}],"author":[{"embeddable":true,"href":"https:\/\/catedras.facet.unt.edu.ar\/labdie\/wp-json\/wp\/v2\/users\/1"}],"replies":[{"embeddable":true,"href":"https:\/\/catedras.facet.unt.edu.ar\/labdie\/wp-json\/wp\/v2\/comments?post=37"}],"version-history":[{"count":15,"href":"https:\/\/catedras.facet.unt.edu.ar\/labdie\/wp-json\/wp\/v2\/pages\/37\/revisions"}],"predecessor-version":[{"id":422,"href":"https:\/\/catedras.facet.unt.edu.ar\/labdie\/wp-json\/wp\/v2\/pages\/37\/revisions\/422"}],"wp:attachment":[{"href":"https:\/\/catedras.facet.unt.edu.ar\/labdie\/wp-json\/wp\/v2\/media?parent=37"}],"curies":[{"name":"wp","href":"https:\/\/api.w.org\/{rel}","templated":true}]}}