{"id":213,"date":"2020-03-30T18:42:08","date_gmt":"2020-03-30T21:42:08","guid":{"rendered":"https:\/\/catedras.facet.unt.edu.ar\/labdie\/?page_id=213"},"modified":"2024-01-11T10:47:17","modified_gmt":"2024-01-11T13:47:17","slug":"publicaciones-y-presentaciones","status":"publish","type":"page","link":"https:\/\/catedras.facet.unt.edu.ar\/labdie\/publicaciones-y-presentaciones\/","title":{"rendered":"Publicaciones y Presentaciones"},"content":{"rendered":"<h5><strong><u>Publicaciones<\/u><\/strong><\/h5>\n<p><strong><a href=\"https:\/\/catedras.facet.unt.edu.ar\/labdie\/wp-content\/uploads\/sites\/139\/2023\/12\/POTENCIAL-ELECTRICO-ENTRE-ELECTRODOS-PLANOS-NO-PARALELOS-\u2013SIMULACION-DE-UNA-CELDA-UTILIZADA-CON-TOMATE.pdf\">Potencial el\u00e9ctrico entre electrodos planos no paralelos \u2013 Simulaci\u00f3n de una celda utilizada con tomate<\/a>. <\/strong>Hemsy A. (2021). Anales AFA, 32(2), 43-47. <a href=\"https:\/\/doi.org\/10.31527\/analesafa.2021.32.2.43\">doi.org\/10.31527\/analesafa.2021.32.2.43<\/a><\/p>\n<p><strong><a href=\"https:\/\/catedras.facet.unt.edu.ar\/labdie\/wp-content\/uploads\/sites\/139\/2020\/03\/Influence-of-ageing-process-on-the-low-frequency-electrical-impedance-behaviour-of-5-dipirone-syrup-and-5-sodium-picosulphate-solution.pdf\">Influence of ageing process on the low-frequency electrical impedance behaviour of 5% dipirone syrup and 5% sodium picosulphate solution<\/a>.<\/strong> Brito P. C., C\u00e1ceres P., Gotter C. M. and Merep D. J. (2013). Current Topics in Pharmacology, 17(2), 67- 74.<\/p>\n<p><strong><a href=\"https:\/\/catedras.facet.unt.edu.ar\/labdie\/wp-content\/uploads\/sites\/139\/2020\/03\/Estudio-impedancim\u00e9trico-a-baja-frecuencia-del-tomate-fruto-y-jugo.-.pdf\">Estudio impedancim\u00e9trico a baja frecuencia del tomate: fruto y jugo<\/a>.<\/strong> Brito P. y C\u00e1ceres P. (2013). IX Jornadas de Ciencia y Tecnolog\u00eda de Facultades de Ingenier\u00eda del NOA.<\/p>\n<p><strong><a href=\"https:\/\/catedras.facet.unt.edu.ar\/labdie\/wp-content\/uploads\/sites\/139\/2020\/03\/Estudios-de-envejecimiento-de-materiales-por-espectroscop\u00eda-de-impedancia.pdf\">Estudios de envejecimiento de materiales por espectroscop\u00eda de impedancia<\/a>.<\/strong> Brito P. y C\u00e1ceres P. (2013). IX Jornadas de Ciencia y Tecnolog\u00eda de Facultades de Ingenier\u00eda del NOA.<\/p>\n<p><strong><a href=\"https:\/\/catedras.facet.unt.edu.ar\/labdie\/wp-content\/uploads\/sites\/139\/2023\/12\/Influence_of_the_ageing_phenomenon_on_th.pdf\">Influence of the Ageing Phenomenon on the Low-Frequency Electrical Impedance Behavior of Naphazoline Hydrochloride Solutions and Paracetamol Syrup<\/a>. <\/strong>Brito P. C., Mechetti M., Gotter C. M. y Merep D. J. (2009). Journal of Pharmaceutical Science, 98(5), 1845-1851. <a href=\"https:\/\/doi.org\/10.1002\/jps.21548\">https:\/\/doi.org\/10.1002\/jps.21548<\/a><\/p>\n<p><strong><a href=\"https:\/\/catedras.facet.unt.edu.ar\/labdie\/wp-content\/uploads\/sites\/139\/2023\/12\/Low-frequency-permittivity-and-conductivity-of-essential-lemon-oil-1.pdf\">Low frequency permittivity and conductivity of essential lemon oil<\/a>.<\/strong> Brito P. C., Mechetti M. y Gotter C. M. (2007). Journal of Essential Oil Research, 19(3), 202-205. DOI: <a href=\"https:\/\/doi.org\/10.1080\/10412905.2007.9699260\">10.1080\/10412905.2007.9699260<\/a><\/p>\n<p><strong><a href=\"https:\/\/catedras.facet.unt.edu.ar\/labdie\/wp-content\/uploads\/sites\/139\/2023\/12\/Physicochemical-studiesofacetaminophenin-Water-Peg400systems.pdf\">Physicochemical studies of acetaminophen in Water-Peg 400 systems<\/a>.<\/strong> Yurquina A., Manzur M. E., Brito P., Manzo R., y Molina M. A. A. (2007). Journal of Molecular Liquids, 133, 47\u201353. <a href=\"https:\/\/doi.org\/10.1016\/j.molliq.2006.05.005\">https:\/\/doi.org\/10.1016\/j.molliq.2006.05.005<\/a><\/p>\n<p id=\"screen-reader-main-title\" class=\"Head u-font-serif u-h2 u-margin-s-ver\"><span class=\"title-text\" style=\"font-size: 12pt\"><strong><a href=\"https:\/\/catedras.facet.unt.edu.ar\/labdie\/wp-content\/uploads\/sites\/139\/2023\/12\/Solubility-and-dielectric-properties-of-benzoic-acid-in-a-binary-solvent.pdf\">Solubility and dielectric properties of benzoic acid in a binary solvent: water-ethylene glycol<\/a>.<\/strong>\u00a0Yurquina A., Manzur M. E., Brito P., Manzo R., y Molina M. A. A. (2003). Journal of Molecular Liquids, 108, 119-133. <a href=\"https:\/\/doi.org\/10.1016\/S0167-7322(03)00178-8\">https:\/\/doi.org\/10.1016\/S0167-7322(03)00178-8<\/a><\/span><\/p>\n<p><span class=\"a\"><strong><a href=\"https:\/\/catedras.facet.unt.edu.ar\/labdie\/wp-content\/uploads\/sites\/139\/2023\/12\/Influence_of_the_agein_phenomenon_on_the.pdf\">Influence of the Ageing Phenomenon on the Low-Frequency Electrical Impedance Behaviour of Sodium Dipirone Syrup<\/a>.<\/strong> Brito P., Gotter C. y Merep D. (2003). <\/span><span class=\"a\">Acta Farmac\u00e9utica Bonaerens<span class=\"l6\">e, <\/span><\/span><span class=\"a\">22<\/span><span class=\"a\">(2), 173-176.<\/span><\/p>\n<p><a href=\"https:\/\/catedras.facet.unt.edu.ar\/labdie\/wp-content\/uploads\/sites\/139\/2024\/01\/Permitividad-de-cascaras-de-citrus.-Influencia-del-contenido-de-humedad.pdf\"><strong>Permitividad de c\u00e1scaras de citrus: Influencia del contenido de humedad<\/strong><\/a>. Gotter C., Lobo P. W., Sancho Mi\u00f1ano A. y L\u00f3pez Sarmiento M. (2022). La Alimentaci\u00f3n Latinoamericana, 242, 31-32<\/p>\n<p><strong><a href=\"https:\/\/catedras.facet.unt.edu.ar\/labdie\/wp-content\/uploads\/sites\/139\/2024\/01\/Mediciones-de-permitividad-y-de-descargas-parciales-en-BiSrCaCuO.pdf\">Mediciones de permitividad y de descargas parciales en BiSrCaCuO<\/a><\/strong>. Brito P., Diaz R., Tagashira R., Lobo P. W., Gotter C. M. y C\u00f3rdoba L. (1994). Anales AFA, 6, 474-476.<\/p>\n<p><strong>Susceptibilidades magn\u00e9ticas de mezclas liquidas binarias no electrol\u00edticas.<\/strong> (1987). Revista Brasileira de Fisica, Vol 17, N\u00b04.<\/p>\n<p><strong><a href=\"https:\/\/catedras.facet.unt.edu.ar\/labdie\/wp-content\/uploads\/sites\/139\/2024\/01\/Discusion-de-los-tratamientos-de-Debye-y-de-Onsager-para-la-constante-dielectrica.pdf\">Discusi\u00f3n de los tratamientos de Debye y de Onsager para la constante diel\u00e9ctrica<\/a>.<\/strong> Brito P., Grosse C. y Mechetti H. (1973). Archivos de Bioqu\u00edmica, Qu\u00edmica y Farmacia- Tucum\u00e1n, XVII, 143-158.<\/p>\n<hr \/>\n<h5><strong><u>Presentaciones en Reuniones Cient\u00edficas<\/u><\/strong><\/h5>\n<p><a href=\"https:\/\/catedras.facet.unt.edu.ar\/labdie\/wp-content\/uploads\/sites\/139\/2020\/03\/\u201cPuente-de-Poggendorff.-Una-alternativa-did\u00e1ctica-para-f\u00edsica-experimental\u201d.pdf\">\u201cPuente de Poggendorff. Una alternativa did\u00e1ctica para f\u00edsica experimental\u201d<\/a>. Gutierrez Falc\u00f3n A. R., Hemsy A., Seeligmann S. y C\u00e1ceres P. 104\u00b0 Reuni\u00f3n de la Asociaci\u00f3n F\u00edsica Argentina. Santa Fe, 2019.<\/p>\n<p><a href=\"https:\/\/catedras.facet.unt.edu.ar\/labdie\/wp-content\/uploads\/sites\/139\/2020\/03\/\u201cCaracterizaci\u00f3n-del-tomate-con-mediciones-diel\u00e9ctricas.-M\u00e9todos-de-cero\u201d.pdf\">\u201cCaracterizaci\u00f3n del tomate con mediciones diel\u00e9ctricas. M\u00e9todos de cero\u201d<\/a>. Hemsy A., Gutierrez Falc\u00f3n A. R., Seeligmann S. y C\u00e1ceres P. 104\u00b0 Reuni\u00f3n de la Asociaci\u00f3n F\u00edsica Argentina. Santa Fe, 2019.<\/p>\n<p><a href=\"https:\/\/catedras.facet.unt.edu.ar\/labdie\/wp-content\/uploads\/sites\/139\/2020\/03\/\u201cConstante-diel\u00e9ctrica-del-agua.-Datos-y-ajustes\u201d.pdf\">\u201cConstante diel\u00e9ctrica del agua. Datos y ajustes\u201d<\/a>. C\u00e1ceres P. y Seeligmann S. XIV Jornadas de Ciencia y Tecnolog\u00eda de Facultades de Ingenier\u00eda del NOA. Tucum\u00e1n, 2019.<\/p>\n<p><a href=\"https:\/\/catedras.facet.unt.edu.ar\/labdie\/wp-content\/uploads\/sites\/139\/2020\/03\/\u201cCaracterizaci\u00f3n-del-tomate-con-mediciones-diel\u00e9ctricas.-M\u00e9todos-de-cero\u201d..pdf\">\u201cCaracterizaci\u00f3n del tomate con mediciones diel\u00e9ctricas. M\u00e9todos de cero\u201d<\/a>. C\u00e1ceres P. y Seeligmann S. XIV Jornadas de Ciencia y Tecnolog\u00eda de Facultades de Ingenier\u00eda del NOA. Tucum\u00e1n, 2019.<\/p>\n<p><a href=\"https:\/\/catedras.facet.unt.edu.ar\/labdie\/wp-content\/uploads\/sites\/139\/2023\/12\/Estudio-de-propiedades-dielecticas-de-suspensiones-de-cera-de-cana-de-azucar-en-etanol-en-el-rango-de-5kHz-a-1GHz.pdf\">\u201cEstudio de propiedades diel\u00e9ctricas de suspensiones de cera de ca\u00f1a de az\u00facar en etanol en el rango 5 KHz a 1 GHz\u201d<\/a>. Cabal\u00edn A. M., Mechetti M. y Catenaccio A. 94\u00b0 Reuni\u00f3n Nacional de F\u00edsica de la Asociaci\u00f3n F\u00edsica Argentina. Rosario (Santa Fe), 2009.<\/p>\n<p><a href=\"https:\/\/catedras.facet.unt.edu.ar\/labdie\/wp-content\/uploads\/sites\/139\/2023\/12\/Estudio-del-envejecimiento-de-la-dipirona-por-espectroscopia-de-impedancia-electrica.pdf\">\u201cEstudio del envejecimiento de la dipirona por espectroscop\u00eda de impedancia el\u00e9ctrica\u201d<\/a>. Gotter C. M., Merep D., Brito P. C. y Mechetti M. 93\u00b0 Reuni\u00f3n Nacional de F\u00edsica de la Asociaci\u00f3n F\u00edsica Argentina y XI\u00b0 Reuni\u00f3n de la Sociedad Uruguaya de F\u00edsica. Buenos Aires, 2008.<\/p>\n<p><a href=\"https:\/\/catedras.facet.unt.edu.ar\/labdie\/wp-content\/uploads\/sites\/139\/2023\/12\/Estudio-de-propiedades-dielectricas-de-soluciones-concentradas-de-dglucosa.pdf\">\u201cEstudio de propiedades diel\u00e9ctricas de soluciones concentradas de d-glucosa\u201d<\/a>. Gotter C. M., Poch M. y Mechetti M. 93\u00b0 Reuni\u00f3n Nacional de F\u00edsica de la Asociaci\u00f3n F\u00edsica Argentina y XI\u00b0 Reuni\u00f3n de la Sociedad Uruguaya de F\u00edsica. Buenos Aires, 2008.<\/p>\n<p><a href=\"https:\/\/catedras.facet.unt.edu.ar\/labdie\/wp-content\/uploads\/sites\/139\/2023\/12\/Permitividad-y-conductividad-compleja-de-cera-de-abejas-contaminada-con-polianilina-y-con-parafina.pdf\">\u201cPermitividad y conductividad complejas de cera de abeja contaminada con polianilina y con parafina\u201d<\/a>. Juarez C. R. y Mechetti M. 93\u00b0 Reuni\u00f3n Nacional de F\u00edsica de la Asociaci\u00f3n F\u00edsica Argentina y XI\u00b0 Reuni\u00f3n de la Sociedad Uruguaya de F\u00edsica. Buenos Aires, 2008.<\/p>\n<p><a href=\"https:\/\/catedras.facet.unt.edu.ar\/labdie\/wp-content\/uploads\/sites\/139\/2020\/03\/\u201cEfectos-reol\u00f3gicos-del-agregado-de-prote\u00ednas-de-origen-vegetal-al-jugo-de-tomates-org\u00e1nicos-y-transg\u00e9nicos\u201d.pdf\">\u201cEfectos reol\u00f3gicos del agregado de prote\u00ednas de origen vegetal al jugo de tomates org\u00e1nicos y transg\u00e9nicos\u201d<\/a>. C\u00e1ceres P., G\u00f3mez L\u00f3pez A. R. y Mechetti M. 92\u00b0 Reuni\u00f3n Nacional de F\u00edsica de la Asociaci\u00f3n F\u00edsica Argentina. Salta, 2007.<\/p>\n<p><a href=\"https:\/\/catedras.facet.unt.edu.ar\/labdie\/wp-content\/uploads\/sites\/139\/2023\/12\/Caracterizacion-dielectrica-de-sustancias-de-uso-farmaceutico-II.pdf\">\u201cCaracterizaci\u00f3n diel\u00e9ctrica de sustancias de uso farmac\u00e9utico. II\u201d<\/a>. Brito P. C., Gotter C. M., Merep D. y Mechetti M. 92\u00b0 Reuni\u00f3n Nacional de F\u00edsica de la Asociaci\u00f3n F\u00edsica Argentina. Salta, 2007.<\/p>\n<p><a href=\"https:\/\/catedras.facet.unt.edu.ar\/labdie\/wp-content\/uploads\/sites\/139\/2023\/12\/Espectroscopia-dielectrica-aplicada-a-la-caracterizacion-de-ceras-de-abeja.pdf\">\u201cEspectroscop\u00eda diel\u00e9ctrica aplicada a la caracterizaci\u00f3n de ceras de abeja\u201d<\/a>. Ju\u00e1rez C. R., Mechetti M., Gotter C. M. y Brito P. C. 92\u00b0 Reuni\u00f3n Nacional de F\u00edsica. Salta, 2007.<\/p>\n<p><a href=\"https:\/\/catedras.facet.unt.edu.ar\/labdie\/wp-content\/uploads\/sites\/139\/2023\/12\/Caracterizacion-y-estudio-de-ceras-de-cana-de-azucar-por-espectroscopia-dielectrica.pdf\">\u201cCaracterizaci\u00f3n y estudio de ceras de ca\u00f1a de az\u00facar por espectroscop\u00eda diel\u00e9ctrica\u201d<\/a>. Cabal\u00edn A. M., Mechetti M. y Brito P. C. 92\u00b0 Reuni\u00f3n Nacional de F\u00edsica de la Asociaci\u00f3n F\u00edsica Argentina. Salta, 2007.<\/p>\n<p><a href=\"https:\/\/catedras.facet.unt.edu.ar\/labdie\/wp-content\/uploads\/sites\/139\/2020\/03\/\u201cAplicaci\u00f3n-de-la-espectroscopia-diel\u00e9ctrica-y-de-la-reolog\u00eda-para-caracterizar-jugo-de-tomates-transg\u00e9nicos\u201d.pdf\">\u201cAplicaci\u00f3n de la espectroscop\u00eda diel\u00e9ctrica y de la reolog\u00eda para caracterizar jugo de tomates transg\u00e9nicos\u201d<\/a>. C\u00e1ceres P., Mechetti M. y Brito P. C. 91\u00b0 Reuni\u00f3n Anual de la Asociaci\u00f3n F\u00edsica Argentina. San Luis, 2006.<\/p>\n<p><a href=\"https:\/\/catedras.facet.unt.edu.ar\/labdie\/wp-content\/uploads\/sites\/139\/2023\/12\/Metodologia-dielectrica-a-bajas-frecuencias-pra-determinar-concentraciones-de-soluciones-de-Lapachol-Matanol.pdf\">\u201cMetodolog\u00eda diel\u00e9ctrica a bajas frecuencias para determinar concentraciones de soluciones de Lapachol-Matanol\u201d<\/a>. Gotter C. M., Mechetti M., Poch J. y Brito P. C. 91\u00b0 Reuni\u00f3n Anual de la Asociaci\u00f3n F\u00edsica Argentina. San Luis, 2006.<\/p>\n<p><a href=\"https:\/\/catedras.facet.unt.edu.ar\/labdie\/wp-content\/uploads\/sites\/139\/2020\/08\/Aplicacion-de-la-espectroscopia-dielectrica-de-baja-frecuencia-para-caracterizar-y-comparar-alimentos-transgenicos-y-organicos.pdf\">\u201cAplicaci\u00f3n de la espectroscopia diel\u00e9ctrica de baja frecuencia para caracterizar y comparar alimentos transg\u00e9nicos y org\u00e1nicos\u201d<\/a>. C\u00e1ceres P. y Brito P. C. 89\u00b0 Reuni\u00f3n Nacional de la Asociaci\u00f3n F\u00edsica Argentina. Bah\u00eda Blanca, 2004.<\/p>\n<p><a href=\"https:\/\/catedras.facet.unt.edu.ar\/labdie\/wp-content\/uploads\/sites\/139\/2024\/01\/Caracterizacion-dielectrica-de-sustancias-de-uso-farmaceutico-y-de-origen-vegetal-local.pdf\">\u201cCaracterizaci\u00f3n diel\u00e9ctrica de sustancias de uso farmac\u00e9utico y de origen vegetal local\u201d<\/a>. Gotter C. M., Mechetti M., Poch J. y Brito P. C. 89\u00b0 Reuni\u00f3n Nacional de la Asociaci\u00f3n F\u00edsica Argentina. Bah\u00eda Blanca, 2004.<\/p>\n<p><a href=\"https:\/\/catedras.facet.unt.edu.ar\/labdie\/wp-content\/uploads\/sites\/139\/2024\/01\/Aplicacion-de-la-espectroscopia-dielectrica-de-baja-frecuencia-para-caracterizar-almidones-de-uso-farmeceutico-de-origenes-diferentes.pdf\">\u201cAplicaci\u00f3n de la espectroscop\u00eda diel\u00e9ctrica de baja frecuencia para caracterizar almidones de uso farmc\u00e9utico de or\u00edgenes diferentes\u201d<\/a>. Gotter C. M., G\u00f3mez J. D., Asteti G. y Brito P. C. 89\u00b0 Reuni\u00f3n Nacional de la Asociaci\u00f3n F\u00edsica Argentina. Bah\u00eda Blanca, 2004.<\/p>\n<p><a href=\"https:\/\/catedras.facet.unt.edu.ar\/labdie\/wp-content\/uploads\/sites\/139\/2024\/01\/Aplicacion-de-la-espectroscopia-dielectrica-de-baja-frecuencia-para-caracterizar-y-comparar-alimentos-lacteos.pdf\">\u201cAplicaci\u00f3n de la espectroscop\u00eda diel\u00e9ctrica de baja frecuencia para caracterizar y comparar alimentos l\u00e1cteos\u201d<\/a>. Gotter C. M. y Brito P. C. 89\u00b0 Reuni\u00f3n Nacional de la Asociaci\u00f3n F\u00edsica Argentina. Bah\u00eda Blanca, 2004.<\/p>\n<p><a href=\"https:\/\/catedras.facet.unt.edu.ar\/labdie\/wp-content\/uploads\/sites\/139\/2024\/01\/Aplicacion-de-la-espectroscopia-dielectrica-de-baja-frecuencia-para-determinar-el-envejecimiento-de-farmacos.pdf\">\u201cAplicaci\u00f3n de la espectroscop\u00eda diel\u00e9ctrica de baja frecuencia para determinar el envejecimiento de f\u00e1rmacos\u201d<\/a>. Brito P. C., Gotter C. M., Mechetti M. y Merep J. D. XV Congreso Farmaceutico Argentino. Tucum\u00e1n, 2003.<\/p>\n<p><a href=\"https:\/\/catedras.facet.unt.edu.ar\/labdie\/wp-content\/uploads\/sites\/139\/2024\/01\/Productos-farmaceuticos.-Influencia-de-la-presion-de-elaboracion-de-comprimidos-en-el-comportamiento-dielectrico-a-bajas-frecuencias.pdf\">\u201cProductos farmac\u00e9uticos: Influencia de la presi\u00f3n de elaboraci\u00f3n de comprimidos en el comportamiento diel\u00e9ctrico a bajas frecuencias\u201d<\/a>. Brito P., Gotter C. y G\u00f3mez D. XV Congreso Farmaceutico Argentino. Tucum\u00e1n, 2003.<\/p>\n<p><a href=\"https:\/\/catedras.facet.unt.edu.ar\/labdie\/wp-content\/uploads\/sites\/139\/2024\/01\/Productos-farmaceuticos.-permitividad-y-presion.pdf\">\u201cProductos farmac\u00e9uticos: permitividad y presi\u00f3n\u201d<\/a>. Brito P., Gotter C. y G\u00f3mez A. 87\u00b0 Reuni\u00f3n Nacional de F\u00edsica de la Asociaci\u00f3n F\u00edsica Argentina. Huerta Grande (C\u00f3rdoba), 2002.<\/p>\n<p><a href=\"https:\/\/catedras.facet.unt.edu.ar\/labdie\/wp-content\/uploads\/sites\/139\/2024\/01\/Determinacion-de-la-permitividad-de-liquidos-mediante-una-celda-inductiva-de-geometria-esferica.pdf\">\u201cDeterminaci\u00f3n de la permitividad de l\u00edquidos mediante una celda inductiva de geometr\u00eda esf\u00e9rica\u201d<\/a>. Real S. y Brito P. 87\u00b0 Reuni\u00f3n Nacional de F\u00edsica de la Asociaci\u00f3n F\u00edsica Argentina. Huerta Grande (C\u00f3rdoba), 2002.<\/p>\n<p><a href=\"https:\/\/catedras.facet.unt.edu.ar\/labdie\/wp-content\/uploads\/sites\/139\/2024\/01\/Prediccion-del-contenido-de-asfaltenos-a-partir-de-mediciones-de-propiedades-electricas.pdf\">\u201cPredicci\u00f3n del contenido de asfaltenos a partir de mediciones de propiedades el\u00e9ctricas\u201d<\/a>. Mechetti M., Zapana L. y Pelaez Uribe C. 87\u00b0 Reuni\u00f3n Nacional de F\u00edsica de la Asociaci\u00f3n F\u00edsica Argentina. Huerta Grande (C\u00f3rdoba), 2002.<\/p>\n<p><a href=\"https:\/\/catedras.facet.unt.edu.ar\/labdie\/wp-content\/uploads\/sites\/139\/2024\/01\/Influencia-del-contenido-de-humedad-en-la-permitividad-y-conductividad-de-cascaras.pdf\">\u201cInfluencia del contenido de humedad en la permitividad y conductividad de c\u00e1scaras\u201d<\/a>. Brito P., Gotter C. M., Lobo P. W. y Sancho Mi\u00f1ano A. 84\u00b0 Reuni\u00f3n Nacional de F\u00edsica de la Asociaci\u00f3n F\u00edsica Argentina. San Miguel de Tucum\u00e1n, 1999.<\/p>\n<p><a href=\"https:\/\/catedras.facet.unt.edu.ar\/labdie\/wp-content\/uploads\/sites\/139\/2024\/01\/Propiedades-dielectricas-del-ceramico-BiSrPbCuO.pdf\">\u201cPropiedades diel\u00e9ctricas del ceramico BiSrPbCuO\u201d<\/a>. L\u00f3pez Sarmiento M., Brito P. y Gotter C. M. 84\u00b0 Reuni\u00f3n Nacional de F\u00edsica de la Asociaci\u00f3n F\u00edsica Argentina. San Miguel de Tucum\u00e1n, 1999.<\/p>\n<p><a href=\"https:\/\/catedras.facet.unt.edu.ar\/labdie\/wp-content\/uploads\/sites\/139\/2024\/01\/Friccion-dielectrica-en-la-reorientacion-dipolar-II.pdf\">\u201cFricci\u00f3n diel\u00e9ctrica en la reorientaci\u00f3n dipolar. II\u201d<\/a>. Brito P. 84\u00b0 Reuni\u00f3n Nacional de F\u00edsica de la Asociaci\u00f3n F\u00edsica Argentina. San Miguel de Tucum\u00e1n, 1999.<\/p>\n<p>\u201cDetecci\u00f3n de metales pesados adsorbidos sobre o adsorbidos por eritrocitos mediante espectroscopia diel\u00e9ctrica\u201d. C\u00e1ceres P., Tirado M. y Grosse C. 83\u00b0 Reuni\u00f3n de la Asociaci\u00f3n F\u00edsica Argentina. Tucum\u00e1n, 1998.<\/p>\n<p><a href=\"https:\/\/catedras.facet.unt.edu.ar\/labdie\/wp-content\/uploads\/sites\/139\/2024\/01\/Mediciones-de-permitividad-y-de-descargas-parciales-en-BiSrCaCuO-2.pdf\">\u201cMediciones de permitividad y de descargas parciales en BiSrCaCuO\u201d<\/a>. Brito P., Diaz R., Tagashira R., Lobo P., Gotter M. y C\u00f3rdoba L. 79\u00b0 Reuni\u00f3n Nacional de F\u00edsica. Villa Giardino (C\u00f3rdoba), 1994.<\/p>\n<p>\u201cSusceptibilidades magn\u00e9ticas de mezclas liquidas binarias no electrol\u00edticas\u201d. C\u00e1ceres P. y Postigo M. 71\u00b0 Reuni\u00f3n de la Asociaci\u00f3n F\u00edsica Argentina. La Cumbre, C\u00f3rdoba, 1986.<\/p>\n<p>\u201cSimulaci\u00f3n num\u00e9rica del comportamiento el\u00e9ctrico de emulsiones\u201d. Grosse C. y C\u00e1ceres P. XIV Reuni\u00f3n de Diel\u00e9ctricos. Chilecito, La Rioja, 1983.<\/p>\n","protected":false},"excerpt":{"rendered":"<p>Publicaciones Potencial el\u00e9ctrico entre electrodos planos no paralelos \u2013 Simulaci\u00f3n de una celda utilizada con tomate. Hemsy A. (2021). Anales AFA, 32(2), 43-47. doi.org\/10.31527\/analesafa.2021.32.2.43 Influence of ageing process on the low-frequency electrical impedance behaviour of 5% dipirone syrup and 5% sodium picosulphate solution. Brito P. C., C\u00e1ceres P., Gotter C. M. and Merep D. J. [&hellip;]<\/p>\n","protected":false},"author":101119,"featured_media":0,"parent":0,"menu_order":4,"comment_status":"closed","ping_status":"closed","template":"","meta":[],"_links":{"self":[{"href":"https:\/\/catedras.facet.unt.edu.ar\/labdie\/wp-json\/wp\/v2\/pages\/213"}],"collection":[{"href":"https:\/\/catedras.facet.unt.edu.ar\/labdie\/wp-json\/wp\/v2\/pages"}],"about":[{"href":"https:\/\/catedras.facet.unt.edu.ar\/labdie\/wp-json\/wp\/v2\/types\/page"}],"author":[{"embeddable":true,"href":"https:\/\/catedras.facet.unt.edu.ar\/labdie\/wp-json\/wp\/v2\/users\/101119"}],"replies":[{"embeddable":true,"href":"https:\/\/catedras.facet.unt.edu.ar\/labdie\/wp-json\/wp\/v2\/comments?post=213"}],"version-history":[{"count":88,"href":"https:\/\/catedras.facet.unt.edu.ar\/labdie\/wp-json\/wp\/v2\/pages\/213\/revisions"}],"predecessor-version":[{"id":508,"href":"https:\/\/catedras.facet.unt.edu.ar\/labdie\/wp-json\/wp\/v2\/pages\/213\/revisions\/508"}],"wp:attachment":[{"href":"https:\/\/catedras.facet.unt.edu.ar\/labdie\/wp-json\/wp\/v2\/media?parent=213"}],"curies":[{"name":"wp","href":"https:\/\/api.w.org\/{rel}","templated":true}]}}