{"id":2,"date":"2020-04-06T13:10:07","date_gmt":"2020-04-06T16:10:07","guid":{"rendered":"https:\/\/catedras.facet.unt.edu.ar\/sitio1\/?page_id=2"},"modified":"2020-10-20T17:23:06","modified_gmt":"2020-10-20T20:23:06","slug":"spu","status":"publish","type":"page","link":"https:\/\/catedras.facet.unt.edu.ar\/labdie\/spu\/","title":{"rendered":"SPU Extensi\u00f3n en Diel\u00e9ctricos"},"content":{"rendered":"<div id=\"pl-2\"  class=\"panel-layout\" ><div id=\"pg-2-0\"  class=\"panel-grid panel-no-style\" ><div id=\"pgc-2-0-0\"  class=\"panel-grid-cell\" ><div id=\"panel-2-0-0-0\" class=\"so-panel widget widget_sow-editor panel-first-child panel-last-child\" data-index=\"0\" ><div\n\t\t\t\n\t\t\tclass=\"so-widget-sow-editor so-widget-sow-editor-base\"\n\t\t\t\n\t\t>\n<div class=\"siteorigin-widget-tinymce textwidget\">\n\t<p>La Secretaria de Pol\u00edticas Universitarias (SPU), convoc\u00f3 a las Universidades Nacionales y Provinciales, a la presentaci\u00f3n de proyectos en el marco de la Convocatoria de extensi\u00f3n \u201cUniversidad, Cultura y Sociedad 2017\u201d.<\/p>\n<p><a href=\"https:\/\/catedras.facet.unt.edu.ar\/labdie\/wp-content\/uploads\/sites\/139\/2019\/12\/logos1-e1576457650743.jpg\"><img loading=\"lazy\" class=\"aligncenter wp-image-80\" src=\"https:\/\/catedras.facet.unt.edu.ar\/labdie\/wp-content\/uploads\/sites\/139\/2019\/12\/logos1-e1576457650743.jpg\" alt=\"\" width=\"500\" height=\"120\" \/><\/a><\/p>\n<p>En la UNT se aprobaron 9 proyectos, uno de los cuales fue \u201cEvaluar Tomate Huerta Escolar\u201d, del Laboratorio de Diel\u00e9ctricos de la Facultad de Ciencias Exactas y Tecnolog\u00eda - UNT.<\/p>\n<p>En el desarrollo del proyecto participaron 7 docentes y 13 estudiantes de la c\u00e1tedra de Fisica Experimental II, Seminario de Roles de Producci\u00f3n Audiovisual, Lenguaje de Comunicaci\u00f3n Audiovisual de la Escuela Universitaria de Cine Video y TV de la UNT y dos Escuelas dependientes del Ministerio de Educaci\u00f3n de la Provincia de Tucum\u00e1n, la Escuela Media \"Juana Manso\" (ubicada en El Cevilar, Dpto. Cruz Alta, a 17 km de la capital de la provincia) y la Escuela Media de Mancopa (Dpto. Leales, ubicada a 25 km de la capital de la provincia).<\/p>\n<p>Concebida la extensi\u00f3n como forma de fortalecer el compromiso de la UNT con la comunidad y sus problem\u00e1ticas, el proyecto se implement\u00f3 considerando trayectorias formativas de estudiantes de secundaria con orientaci\u00f3n agropecuaria, estudiantes universitarios de f\u00edsica, de matem\u00e1ticas y de cine, realizando practicas de extensi\u00f3n.<\/p>\n<p>Estas practicas articularon la teor\u00eda del comportamiento diel\u00e9ctrico del tomate (usado para caracterizarlo cuantitativamente) con la experiencia practica del que cultiva la fruta (criterio cualitativo para caracterizaci\u00f3n), que se llevaron a cabo en encuentros como experiencias vivenciales para definir el caso de estudio, usando registros audiovisuales como forma de construir conocimiento entre los j\u00f3venes, como estrategia de acercamiento. En las escuelas se avanz\u00f3 con los invernaderos para el cultivo de la fruta y en el Laboratorio de Diel\u00e9ctricos con las alternativas para las mediciones de la fruta en planta, antes de la cosecha.<\/p>\n<p>En este video se registr\u00f3 el proceso del proyecto que concluy\u00f3 en 2019.<\/p>\n<p>&nbsp;<\/p>\n<p><iframe title=\"Proyecto de Extensi\u00f3n: Evaluar Tomate Huerta Escolar\" width=\"720\" height=\"405\" src=\"https:\/\/www.youtube.com\/embed\/7wrgIzsJFoE?feature=oembed\" frameborder=\"0\" allow=\"accelerometer; autoplay; clipboard-write; encrypted-media; gyroscope; picture-in-picture\" allowfullscreen><\/iframe><\/p>\n<\/div>\n<\/div><\/div><\/div><\/div><\/div>","protected":false},"excerpt":{"rendered":"<p>La Secretaria de Pol\u00edticas Universitarias (SPU), convoc\u00f3 a las Universidades Nacionales y Provinciales, a la presentaci\u00f3n de proyectos en el marco de la Convocatoria de extensi\u00f3n \u201cUniversidad, Cultura y Sociedad 2017\u201d. En la UNT se aprobaron 9 proyectos, uno de los cuales fue \u201cEvaluar Tomate Huerta Escolar\u201d, del Laboratorio de Diel\u00e9ctricos de la Facultad de [&hellip;]<\/p>\n","protected":false},"author":1,"featured_media":80,"parent":0,"menu_order":5,"comment_status":"closed","ping_status":"closed","template":"","meta":[],"_links":{"self":[{"href":"https:\/\/catedras.facet.unt.edu.ar\/labdie\/wp-json\/wp\/v2\/pages\/2"}],"collection":[{"href":"https:\/\/catedras.facet.unt.edu.ar\/labdie\/wp-json\/wp\/v2\/pages"}],"about":[{"href":"https:\/\/catedras.facet.unt.edu.ar\/labdie\/wp-json\/wp\/v2\/types\/page"}],"author":[{"embeddable":true,"href":"https:\/\/catedras.facet.unt.edu.ar\/labdie\/wp-json\/wp\/v2\/users\/1"}],"replies":[{"embeddable":true,"href":"https:\/\/catedras.facet.unt.edu.ar\/labdie\/wp-json\/wp\/v2\/comments?post=2"}],"version-history":[{"count":22,"href":"https:\/\/catedras.facet.unt.edu.ar\/labdie\/wp-json\/wp\/v2\/pages\/2\/revisions"}],"predecessor-version":[{"id":375,"href":"https:\/\/catedras.facet.unt.edu.ar\/labdie\/wp-json\/wp\/v2\/pages\/2\/revisions\/375"}],"wp:featuredmedia":[{"embeddable":true,"href":"https:\/\/catedras.facet.unt.edu.ar\/labdie\/wp-json\/wp\/v2\/media\/80"}],"wp:attachment":[{"href":"https:\/\/catedras.facet.unt.edu.ar\/labdie\/wp-json\/wp\/v2\/media?parent=2"}],"curies":[{"name":"wp","href":"https:\/\/api.w.org\/{rel}","templated":true}]}}