{"id":72,"date":"2018-12-13T09:30:01","date_gmt":"2018-12-13T12:30:01","guid":{"rendered":"https:\/\/catedras.facet.unt.edu.ar\/labcc\/?page_id=72"},"modified":"2021-08-20T20:08:20","modified_gmt":"2021-08-20T23:08:20","slug":"lineas-de-investigacion","status":"publish","type":"page","link":"https:\/\/catedras.facet.unt.edu.ar\/labcc\/lineas-de-investigacion\/","title":{"rendered":"L\u00edneas de Investigaci\u00f3n"},"content":{"rendered":"<p>Las principales l\u00edneas de investigaci\u00f3n que se desarrollan en el LabCC son:<\/p>\n<ul>\n<li>Algoritmos.<\/li>\n<li>Computaci\u00f3n de Alto Desempe\u00f1o<\/li>\n<li>Ciencias de Datos. Inteligencia Artificial. Machine Learning, Data Mining.<\/li>\n<li>Big Data<\/li>\n<li>Rob\u00f3tica<\/li>\n<li>Computaci\u00f3n cient\u00edfica aplicada a : Bioinform\u00e1tica,\u00a0 Salud, Sistemas de Radar, Meteorolog\u00eda del Espacio<\/li>\n<\/ul>\n<p>Proyectos de investigaci\u00f3n acreditados vigentes:<\/p>\n<ul>\n<li class=\"western\" lang=\"es-ES\"><span style=\"font-family: Liberation Serif, Times New Roman, serif;\"><span style=\"font-size: small;\"><span lang=\"es-AR\">\u201c<\/span><\/span><\/span><span style=\"color: #000000;\"><span style=\"font-family: Liberation Serif, Times New Roman, serif;\"><span style=\"font-size: small;\"><span lang=\"es-AR\">Aplicaciones de Meteorolog\u00eda del Espacio basadas en Inteligencia Artificial<\/span><\/span><\/span><\/span><span style=\"font-family: Liberation Serif, Times New Roman, serif;\"><span style=\"font-size: small;\"><span lang=\"es-AR\">\u201d. PIUNT E689 2020-2022.<\/span><\/span><\/span><\/li>\n<li lang=\"es-ES\">&#8220;Inteligencia Artificial aplicada a Salud&#8221;. PIUNT E692<\/li>\n<li class=\"western\" lang=\"es-ES\"><span style=\"color: #000000;\"><span style=\"font-family: Liberation Serif, Times New Roman, serif;\"><span style=\"font-size: small;\"><span lang=\"es-AR\">\u201c<\/span><\/span><\/span><\/span><span style=\"color: #000000;\"><span style=\"font-family: Liberation Serif, Times New Roman, serif;\"><span style=\"font-size: small;\"><span lang=\"es-AR\">An\u00e1lisis de viabilidad t\u00e9cnica mediante modelados y simulaci\u00f3n computacional para el desarrollo nacional de un RADAR OTH destinado a la detecci\u00f3n de aeronaves a grandes distancias\u201d. PIDDEF 03-2020.<\/span><\/span><\/span><\/span><\/li>\n<li class=\"western\" lang=\"es-ES\"><span style=\"font-family: 'Liberation Serif', 'Times New Roman', serif;\"><span style=\"font-size: small;\"><span lang=\"es-AR\">\u201cInvestigaci\u00f3n de la Alta Atm\u00f3sfera Terrestre Aplicada a Telecomunicaciones, Meteorolog\u00eda del Espacio y Cambio Clim\u00e1tico\u201d.\u00a0<\/span><\/span><\/span><span style=\"font-family: 'Liberation Serif', 'Times New Roman', serif;\"><span style=\"font-size: small;\"><span lang=\"es-AR\"><u>PICT-2018- 04447<\/u><\/span><\/span><\/span><span style=\"font-family: 'Liberation Serif', 'Times New Roman', serif;\"><span style=\"font-size: small;\"><span lang=\"es-AR\">.<\/span><\/span><\/span><\/li>\n<\/ul>\n<p lang=\"es-ES\" align=\"justify\">Proyectos anteriores:<\/p>\n<p class=\"western\" lang=\"es-ES\" align=\"justify\"><span style=\"font-family: Liberation Serif, Times New Roman, serif;\"><span style=\"font-size: small;\"><span lang=\"es-AR\">2019-2020:<\/span><\/span><\/span><span style=\"font-family: Liberation Serif, Times New Roman, serif;\"><span style=\"font-size: small;\"><span lang=\"es-AR\"> \u201cMachine Intelligence: Training and applications to regional challenges\u201d en colaboraci\u00f3n con Newcastle University, UK. Financiamiento: British Council.<\/span><\/span><\/span><\/p>\n<p class=\"western\" lang=\"es-ES\" align=\"justify\"><span style=\"font-family: Liberation Serif, Times New Roman, serif;\"><span style=\"font-size: small;\">2018 \u2013 2020: <\/span><\/span><span style=\"font-family: Liberation Serif, Times New Roman, serif;\"><span style=\"font-size: small;\"><span lang=\"es-AR\">\u201cEstrategias de Computaci\u00f3n Cient\u00edfica Aplicadas al Monitoreo de Eventos de Meteorolog\u00eda del Espacio\u201d. <\/span><\/span><\/span><span style=\"font-family: Liberation Serif, Times New Roman, serif;\"><span style=\"font-size: small;\"><span lang=\"es-AR\"><u>PIUNT<\/u><\/span><\/span><\/span><span style=\"font-family: Liberation Serif, Times New Roman, serif;\"><span style=\"font-size: small;\"><span lang=\"es-AR\"> 2018-2020.<\/span><\/span><\/span><\/p>\n<p>Adem\u00e1s desde el LabCC nos encargamos de la administraci\u00f3n del Sistema de C\u00f3mputo de Alto Desempe\u00f1o de la UNT (<a href=\"https:\/\/www.facet.unt.edu.ar\/scad-cti\/\">ClusterTucu)<\/a><\/p>\n","protected":false},"excerpt":{"rendered":"<p>Las principales l\u00edneas de investigaci\u00f3n que se desarrollan en el LabCC son: Algoritmos. Computaci\u00f3n de Alto Desempe\u00f1o Ciencias de Datos. Inteligencia Artificial. Machine Learning, Data Mining. Big Data Rob\u00f3tica Computaci\u00f3n cient\u00edfica aplicada a : Bioinform\u00e1tica,\u00a0 Salud, Sistemas de Radar, Meteorolog\u00eda del Espacio Proyectos de investigaci\u00f3n acreditados vigentes: \u201cAplicaciones de Meteorolog\u00eda del Espacio basadas en Inteligencia [&hellip;]<\/p>\n","protected":false},"author":101128,"featured_media":0,"parent":0,"menu_order":0,"comment_status":"closed","ping_status":"closed","template":"","meta":[],"_links":{"self":[{"href":"https:\/\/catedras.facet.unt.edu.ar\/labcc\/wp-json\/wp\/v2\/pages\/72"}],"collection":[{"href":"https:\/\/catedras.facet.unt.edu.ar\/labcc\/wp-json\/wp\/v2\/pages"}],"about":[{"href":"https:\/\/catedras.facet.unt.edu.ar\/labcc\/wp-json\/wp\/v2\/types\/page"}],"author":[{"embeddable":true,"href":"https:\/\/catedras.facet.unt.edu.ar\/labcc\/wp-json\/wp\/v2\/users\/101128"}],"replies":[{"embeddable":true,"href":"https:\/\/catedras.facet.unt.edu.ar\/labcc\/wp-json\/wp\/v2\/comments?post=72"}],"version-history":[{"count":9,"href":"https:\/\/catedras.facet.unt.edu.ar\/labcc\/wp-json\/wp\/v2\/pages\/72\/revisions"}],"predecessor-version":[{"id":978,"href":"https:\/\/catedras.facet.unt.edu.ar\/labcc\/wp-json\/wp\/v2\/pages\/72\/revisions\/978"}],"wp:attachment":[{"href":"https:\/\/catedras.facet.unt.edu.ar\/labcc\/wp-json\/wp\/v2\/media?parent=72"}],"curies":[{"name":"wp","href":"https:\/\/api.w.org\/{rel}","templated":true}]}}