{"id":218,"date":"2019-06-28T20:09:32","date_gmt":"2019-06-28T23:09:32","guid":{"rendered":"https:\/\/catedras.facet.unt.edu.ar\/labcc\/?page_id=218"},"modified":"2019-10-23T23:35:00","modified_gmt":"2019-10-24T02:35:00","slug":"club-de-robotica","status":"publish","type":"page","link":"https:\/\/catedras.facet.unt.edu.ar\/labcc\/club-de-robotica\/","title":{"rendered":"Club de Rob\u00f3tica de la FACET"},"content":{"rendered":"<div id=\"pl-218\"  class=\"panel-layout\" ><div id=\"pg-218-0\"  class=\"panel-grid panel-no-style\" ><div id=\"pgc-218-0-0\"  class=\"panel-grid-cell\" ><div id=\"panel-218-0-0-0\" class=\"so-panel widget widget_sow-editor panel-first-child panel-last-child\" data-index=\"0\" ><div\n\t\t\t\n\t\t\tclass=\"so-widget-sow-editor so-widget-sow-editor-base\"\n\t\t\t\n\t\t>\n<div class=\"siteorigin-widget-tinymce textwidget\">\n\t<div>El club de rob\u00f3tica se un ambiente academico-l\u00fadico donde estudiantes, de la Universidad Nacional de Tucuman, pueden participar en proyectos divertidos orientados al \u00e1rea de la rob\u00f3tica. Es un lugar adonde el integrante tiene la oportunidad de:<\/div>\n<div>\n<ul>\n<li>Aplicar sus conocimientos de su \u00e1rea principal de estudio, sin importar en que a\u00f1o academico est\u00e1<\/li>\n<li>Aprender nuevos conocimientos en un ambiente multi-disciplinario<\/li>\n<\/ul>\n<p>&nbsp;<\/p>\n<\/div>\n<\/div>\n<\/div><\/div><\/div><\/div><div id=\"pg-218-1\"  class=\"panel-grid panel-no-style\" ><div id=\"pgc-218-1-0\"  class=\"panel-grid-cell\" ><div id=\"panel-218-1-0-0\" class=\"so-panel widget widget_sow-editor panel-first-child\" data-index=\"1\" ><div\n\t\t\t\n\t\t\tclass=\"so-widget-sow-editor so-widget-sow-editor-base\"\n\t\t\t\n\t\t><h3 class=\"widget-title\">Reuniones y contactos:<\/h3>\n<div class=\"siteorigin-widget-tinymce textwidget\">\n\t<p>Todos los viernes por la tarde, entre 14 y 17 horas en la pecera del Laboratorio B (Block 2)<\/p>\n<p>Facebook: <a href=\"https:\/\/www.facebook.com\/roboclubfacet\/\">https:\/\/www.facebook.com\/roboclubfacet\/<\/a><\/p>\n<\/div>\n<\/div><\/div><div id=\"panel-218-1-0-1\" class=\"so-panel widget widget_sow-editor\" data-index=\"2\" ><div\n\t\t\t\n\t\t\tclass=\"so-widget-sow-editor so-widget-sow-editor-base\"\n\t\t\t\n\t\t><h3 class=\"widget-title\">Eventos en los que participamos:<\/h3>\n<div class=\"siteorigin-widget-tinymce textwidget\">\n\t<p>Semana del Programador:<br \/>\n- Rol: Organizador<br \/>\n- Nombre: Taller Desafi\u00f3 Rob\u00f3tica<br \/>\n- Lugar: FACET<br \/>\n- Fechas: Septiembre 2016, 2017, y 2018.<br \/>\n- Descripci\u00f3n: Un taller de introducci\u00f3n a la Rob\u00f3tica a trav\u00e9s de kits LEGO MINDSTORM Education 9393. Al final del taller, los participantes participaron en una mini competencia nombrada \"El Desaf\u00edo\", adonde usaron todo lo que aprendieron en el taller para resolver un laberinto con el rob\u00f3t.<\/p>\n<p>Exactas para todos:<br \/>\n- Rol: Organizador<br \/>\n- Nombre: Taller La Rob\u00f3tica a tu Alcance<br \/>\n- Lugar: FACET<br \/>\n- Fechas: Junio 2016, 2017, 2018, y 2019.<br \/>\n- Descripci\u00f3n: Un taller de introducci\u00f3n a la Rob\u00f3tica a trav\u00e9s de kits LEGO MINDSTORM Education 9393.<\/p>\n<p>2a Jornada Provincial de Rob\u00f3tica<br \/>\n- Rol: Participante<br \/>\n- Nombre: 2a Jornada Provincial de Rob\u00f3tica<br \/>\n- Lugar: Club Floresta (Ave. Colon 471)<br \/>\n- Fecha: Agosto 2016<br \/>\n- Descripci\u00f3n: Una jornada de rob\u00f3tica competitiva con dos modalidades .Velocista y Sumo.<\/p>\n<\/div>\n<\/div><\/div><div id=\"panel-218-1-0-2\" class=\"so-panel widget widget_sow-editor panel-last-child\" data-index=\"3\" ><div\n\t\t\t\n\t\t\tclass=\"so-widget-sow-editor so-widget-sow-editor-base\"\n\t\t\t\n\t\t>\n<div class=\"siteorigin-widget-tinymce textwidget\">\n\t<p>Desafi\u00f3 INNOVEXT:<br \/>\n- Evento de cierre de INNOVEXT que tom\u00f3 parte durante Exactas para Todos.<br \/>\n- Fecha: Junio 14, 2019<\/p>\n<p>INNOVEXT:<br \/>\n- Nombre en la documentaci\u00f3n: Programa de Extension: Promoci\u00f3n de Carreras de la FACET a trav\u00e9s de la Rob\u00f3tica<br \/>\n- Organizador pincipal: Club de Rob\u00f3tica de la FACET<br \/>\n- Resolucion: 0380\/2019<br \/>\n- Ente sponsor: FACET<br \/>\n- Fecha: Abril - Junio 2019<br \/>\n- Reconocimientos: Tutoria Estudiantil - ayudaron un monton en la organizacion del tour de la FACET.<br \/>\nSecretaria de Bienestar Estudiantil - aportaron comida y bebidas para el almuerzo del tour.<br \/>\nCentro de estudiantes - estuvieron presente y ayudaron con el almuerzo del tour.<\/p>\n<p>Primer Torneo de Rob\u00f3tica de la Facultad de Ciencias exactas y Tecnolog\u00eda:<br \/>\n- Nombre en la documentaci\u00f3n: Primer Torneo de Rob\u00f3tica de la Facultad de Ciencias exactas y Tecnolog\u00eda<br \/>\n- Resolucion: 1546\/2017<br \/>\n- Fecha: Octubre 2017<br \/>\n- Reconocimientos: Secretaria de Bienestar Estudiantil - ayudo con la organizacion de los espacios en el block 3 adonde fue el torneo.<\/p>\n<\/div>\n<\/div><\/div><\/div><div id=\"pgc-218-1-1\"  class=\"panel-grid-cell\" ><div id=\"panel-218-1-1-0\" class=\"so-panel widget widget_sow-editor panel-first-child panel-last-child\" data-index=\"4\" ><div\n\t\t\t\n\t\t\tclass=\"so-widget-sow-editor so-widget-sow-editor-base\"\n\t\t\t\n\t\t><h3 class=\"widget-title\">Miembros activos:<\/h3>\n<div class=\"siteorigin-widget-tinymce textwidget\">\n\t<p>- Ing. Ticiano J. Torres Peralta<br \/>\n- Alejandro Nahuel Gomez<br \/>\n- Dario Dall'Ara<br \/>\n- Emmanuel Paz<br \/>\n- Debora Marcial<br \/>\n- Carlos Lazo<br \/>\n- Cristian Carpio<br \/>\n- Vanesa Mercado<br \/>\n- Giuliana Barreiro<br \/>\n- Lu Sanchez Lizarraga<br \/>\n- Mat\u00edas Rosales<br \/>\n- Fabian Morales<\/p>\n<\/div>\n<\/div><\/div><\/div><\/div><div id=\"pg-218-2\"  class=\"panel-grid panel-no-style\" ><div id=\"pgc-218-2-0\"  class=\"panel-grid-cell\" ><div id=\"panel-218-2-0-0\" class=\"so-panel widget widget_sow-editor panel-first-child panel-last-child\" data-index=\"5\" ><div\n\t\t\t\n\t\t\tclass=\"so-widget-sow-editor so-widget-sow-editor-base\"\n\t\t\t\n\t\t>\n<div class=\"siteorigin-widget-tinymce textwidget\">\n\t<p><a href=\"https:\/\/catedras.facet.unt.edu.ar\/labcc\/wp-content\/uploads\/sites\/114\/2019\/10\/62462454_2354859647909360_6030144528944463872_o.jpg\"><img loading=\"lazy\" class=\"alignnone size-medium wp-image-610\" src=\"https:\/\/catedras.facet.unt.edu.ar\/labcc\/wp-content\/uploads\/sites\/114\/2019\/10\/62462454_2354859647909360_6030144528944463872_o-300x169.jpg\" alt=\"\" width=\"300\" height=\"169\" srcset=\"https:\/\/catedras.facet.unt.edu.ar\/labcc\/wp-content\/uploads\/sites\/114\/2019\/10\/62462454_2354859647909360_6030144528944463872_o-300x169.jpg 300w, https:\/\/catedras.facet.unt.edu.ar\/labcc\/wp-content\/uploads\/sites\/114\/2019\/10\/62462454_2354859647909360_6030144528944463872_o-768x432.jpg 768w, https:\/\/catedras.facet.unt.edu.ar\/labcc\/wp-content\/uploads\/sites\/114\/2019\/10\/62462454_2354859647909360_6030144528944463872_o-1024x576.jpg 1024w, https:\/\/catedras.facet.unt.edu.ar\/labcc\/wp-content\/uploads\/sites\/114\/2019\/10\/62462454_2354859647909360_6030144528944463872_o.jpg 1040w\" sizes=\"(max-width: 300px) 100vw, 300px\" \/><\/a><a href=\"https:\/\/catedras.facet.unt.edu.ar\/labcc\/wp-content\/uploads\/sites\/114\/2019\/10\/62787738_2357246851003973_3345272670198431744_n.jpg\"><img loading=\"lazy\" class=\"alignnone size-medium wp-image-611\" src=\"https:\/\/catedras.facet.unt.edu.ar\/labcc\/wp-content\/uploads\/sites\/114\/2019\/10\/62787738_2357246851003973_3345272670198431744_n-300x225.jpg\" alt=\"\" width=\"300\" height=\"225\" srcset=\"https:\/\/catedras.facet.unt.edu.ar\/labcc\/wp-content\/uploads\/sites\/114\/2019\/10\/62787738_2357246851003973_3345272670198431744_n-300x225.jpg 300w, https:\/\/catedras.facet.unt.edu.ar\/labcc\/wp-content\/uploads\/sites\/114\/2019\/10\/62787738_2357246851003973_3345272670198431744_n-768x576.jpg 768w, https:\/\/catedras.facet.unt.edu.ar\/labcc\/wp-content\/uploads\/sites\/114\/2019\/10\/62787738_2357246851003973_3345272670198431744_n.jpg 960w\" sizes=\"(max-width: 300px) 100vw, 300px\" \/><\/a><a href=\"https:\/\/catedras.facet.unt.edu.ar\/labcc\/wp-content\/uploads\/sites\/114\/2019\/10\/14359076_1166495600079110_3732358128294052329_n.jpg\"><img loading=\"lazy\" class=\"alignnone size-medium wp-image-612\" src=\"https:\/\/catedras.facet.unt.edu.ar\/labcc\/wp-content\/uploads\/sites\/114\/2019\/10\/14359076_1166495600079110_3732358128294052329_n-223x300.jpg\" alt=\"\" width=\"223\" height=\"300\" srcset=\"https:\/\/catedras.facet.unt.edu.ar\/labcc\/wp-content\/uploads\/sites\/114\/2019\/10\/14359076_1166495600079110_3732358128294052329_n-223x300.jpg 223w, https:\/\/catedras.facet.unt.edu.ar\/labcc\/wp-content\/uploads\/sites\/114\/2019\/10\/14359076_1166495600079110_3732358128294052329_n.jpg 712w\" sizes=\"(max-width: 223px) 100vw, 223px\" \/><\/a><a href=\"https:\/\/catedras.facet.unt.edu.ar\/labcc\/wp-content\/uploads\/sites\/114\/2019\/07\/SNCYT14.jpg\"><img loading=\"lazy\" class=\"alignnone size-medium wp-image-287\" src=\"https:\/\/catedras.facet.unt.edu.ar\/labcc\/wp-content\/uploads\/sites\/114\/2019\/07\/SNCYT14-300x225.jpg\" alt=\"\" width=\"300\" height=\"225\" srcset=\"https:\/\/catedras.facet.unt.edu.ar\/labcc\/wp-content\/uploads\/sites\/114\/2019\/07\/SNCYT14-300x225.jpg 300w, https:\/\/catedras.facet.unt.edu.ar\/labcc\/wp-content\/uploads\/sites\/114\/2019\/07\/SNCYT14-768x576.jpg 768w, https:\/\/catedras.facet.unt.edu.ar\/labcc\/wp-content\/uploads\/sites\/114\/2019\/07\/SNCYT14-1024x768.jpg 1024w, https:\/\/catedras.facet.unt.edu.ar\/labcc\/wp-content\/uploads\/sites\/114\/2019\/07\/SNCYT14.jpg 2040w\" sizes=\"(max-width: 300px) 100vw, 300px\" \/><\/a> <a href=\"https:\/\/catedras.facet.unt.edu.ar\/labcc\/wp-content\/uploads\/sites\/114\/2019\/07\/RoboClub-Exacta1.jpg\"><img loading=\"lazy\" class=\"alignnone size-medium wp-image-269\" src=\"https:\/\/catedras.facet.unt.edu.ar\/labcc\/wp-content\/uploads\/sites\/114\/2019\/07\/RoboClub-Exacta1-169x300.jpg\" alt=\"\" width=\"169\" height=\"300\" srcset=\"https:\/\/catedras.facet.unt.edu.ar\/labcc\/wp-content\/uploads\/sites\/114\/2019\/07\/RoboClub-Exacta1-169x300.jpg 169w, https:\/\/catedras.facet.unt.edu.ar\/labcc\/wp-content\/uploads\/sites\/114\/2019\/07\/RoboClub-Exacta1-576x1024.jpg 576w, https:\/\/catedras.facet.unt.edu.ar\/labcc\/wp-content\/uploads\/sites\/114\/2019\/07\/RoboClub-Exacta1.jpg 585w\" sizes=\"(max-width: 169px) 100vw, 169px\" \/><\/a><\/p>\n<\/div>\n<\/div><\/div><\/div><\/div><\/div>","protected":false},"excerpt":{"rendered":"<p>El club de rob\u00f3tica se un ambiente academico-l\u00fadico donde estudiantes, de la Universidad Nacional de Tucuman, pueden participar en proyectos divertidos orientados al \u00e1rea de la rob\u00f3tica. Es un lugar adonde el integrante tiene la oportunidad de: Aplicar sus conocimientos de su \u00e1rea principal de estudio, sin importar en que a\u00f1o academico est\u00e1 Aprender nuevos [&hellip;]<\/p>\n","protected":false},"author":101128,"featured_media":0,"parent":0,"menu_order":0,"comment_status":"closed","ping_status":"closed","template":"","meta":[],"_links":{"self":[{"href":"https:\/\/catedras.facet.unt.edu.ar\/labcc\/wp-json\/wp\/v2\/pages\/218"}],"collection":[{"href":"https:\/\/catedras.facet.unt.edu.ar\/labcc\/wp-json\/wp\/v2\/pages"}],"about":[{"href":"https:\/\/catedras.facet.unt.edu.ar\/labcc\/wp-json\/wp\/v2\/types\/page"}],"author":[{"embeddable":true,"href":"https:\/\/catedras.facet.unt.edu.ar\/labcc\/wp-json\/wp\/v2\/users\/101128"}],"replies":[{"embeddable":true,"href":"https:\/\/catedras.facet.unt.edu.ar\/labcc\/wp-json\/wp\/v2\/comments?post=218"}],"version-history":[{"count":6,"href":"https:\/\/catedras.facet.unt.edu.ar\/labcc\/wp-json\/wp\/v2\/pages\/218\/revisions"}],"predecessor-version":[{"id":614,"href":"https:\/\/catedras.facet.unt.edu.ar\/labcc\/wp-json\/wp\/v2\/pages\/218\/revisions\/614"}],"wp:attachment":[{"href":"https:\/\/catedras.facet.unt.edu.ar\/labcc\/wp-json\/wp\/v2\/media?parent=218"}],"curies":[{"name":"wp","href":"https:\/\/api.w.org\/{rel}","templated":true}]}}