{"id":211,"date":"2019-06-28T20:05:14","date_gmt":"2019-06-28T23:05:14","guid":{"rendered":"https:\/\/catedras.facet.unt.edu.ar\/labcc\/?page_id=211"},"modified":"2019-10-14T17:29:17","modified_gmt":"2019-10-14T20:29:17","slug":"proyectos","status":"publish","type":"page","link":"https:\/\/catedras.facet.unt.edu.ar\/labcc\/proyectos\/","title":{"rendered":"Novedades"},"content":{"rendered":"<div id=\"pl-211\"  class=\"panel-layout\" ><div id=\"pg-211-0\"  class=\"panel-grid panel-no-style\" ><div id=\"pgc-211-0-0\"  class=\"panel-grid-cell\" ><div id=\"panel-211-0-0-0\" class=\"so-panel widget widget_siteorigin-panels-postloop panel-first-child panel-last-child\" data-index=\"0\" >\n\t\t\n\t\t\n<article id=\"post-965\" class=\"post-965 post type-post status-publish format-standard has-post-thumbnail hentry category-cursos category-sin-categoria post-with-thumbnail post-with-thumbnail-icon\">\n\n\t\t\t<div class=\"entry-thumbnail\">\n\t\t\t<a href=\"https:\/\/catedras.facet.unt.edu.ar\/labcc\/2021\/08\/20\/curso-de-postgrado-programacion-cientifica\/\"><img width=\"150\" height=\"150\" src=\"https:\/\/catedras.facet.unt.edu.ar\/labcc\/wp-content\/uploads\/sites\/114\/2021\/08\/curso-posgradro-programacion-cientifica.jpg\" class=\"attachment-thumbnail size-thumbnail wp-post-image\" alt=\"\" loading=\"lazy\" \/><\/a>\n\t\t<\/div>\n\t\n\t<div class=\"entry-main\">\n\n\t\t\n\t\t<header class=\"entry-header\">\n\t\t\t\n\t\t\t<h1 class=\"entry-title\"><a href=\"https:\/\/catedras.facet.unt.edu.ar\/labcc\/2021\/08\/20\/curso-de-postgrado-programacion-cientifica\/\" title=\"Permalink to Curso de postgrado: Programaci\u00f3n Cient\u00edfica\" rel=\"bookmark\">Curso de postgrado: Programaci\u00f3n Cient\u00edfica<\/a><\/h1>\n\n\t\t\t\t\t\t\t<div class=\"entry-meta\">\n\t\t\t\t\tPosted on <a href=\"https:\/\/catedras.facet.unt.edu.ar\/labcc\/2021\/08\/20\/curso-de-postgrado-programacion-cientifica\/\" title=\"16:45\" rel=\"bookmark\"><time class=\"entry-date\" datetime=\"2021-08-20T16:45:27-03:00\">20\/08\/2021<\/time><\/a><time class=\"updated\" datetime=\"2021-08-20T18:02:00-03:00\">20\/08\/2021<\/time>  \t\t\t\t<\/div><!-- .entry-meta -->\n\t\t\t\n\t\t<\/header><!-- .entry-header -->\n\n\t\t\t\t\t<div class=\"entry-content\">\n\t\t\t\t<p>\ud83d\udcda [Curso de posgrado] PROGRAMACI\u00d3N CIENT\u00cdFICA<\/p>\n<p>\ud83d\uddd3\ufe0f Inicia: 23 de agosto de 2021.<br \/>\n\ud83d\udd52 Duraci\u00f3n: 80 hs.<br \/>\n\ud83d\udda5\ufe0f Modalidad virtual. Un encuentro sincr\u00f3nico semanal los lunes de 09 a 12 hs (Google Meet ) + recursos en FACET Virtual (Plataforma Moodle)<br \/>\n\u23e9 Organiza: Laboratorio de Computaci\u00f3n Cient\u00edfica, Departamento de Ciencias de la Computaci\u00f3n, Facultad de Ciencias Exactas y Tecnolog\u00eda, Universidad Nacional de Tucum\u00e1n.<\/p>\n<p>\u2796\u2796\u2796\u2796\u2796\u2796\u2796\u2796\u2796\u2796\u2796\u2796\u2796<\/p>\n<p>\ud83d\udcda OBJETIVOS<\/p>\n<p>\ud83d\udcd7 Comprender la estructura l\u00f3gica de los sistemas de computaci\u00f3n en diferentes tipos de arquitectura actuales.<br \/>\n\ud83d\udcd8 Conocer los conceptos, m\u00e9todos, criterios y principios de la programaci\u00f3n.<br \/>\n\ud83d\udcd9 Conocer los fundamentos para escribir algoritmos eficientes y posteriormente implementarlos.<br \/>\n\ud83d\udcd5 Conocer los principales lenguajes de programaci\u00f3n de aplicaci\u00f3n cient\u00edfica. Elegir un lenguaje de programaci\u00f3n adecuado para implementar programas cient\u00edficos que aprovechen librer\u00edas cient\u00edficas, herramientas estad\u00edsticas y de visualizaci\u00f3n, entre otras caracter\u00edsticas.<\/p>\n<p>\u2796\u2796\u2796\u2796\u2796\u2796\u2796\u2796\u2796\u2796\u2796\u2796\u2796<\/p>\n<p>\ud83d\udcda TEMAS<\/p>\n<p>\ud83d\udd34 TEMA 1. Arquitectura de Computadoras y Sistemas Operativos<br \/>\n\ud83d\udfe0 TEMA 2. Algoritmos<br \/>\n\ud83d\udfe1 TEMA 3. Desarrollo de software cient\u00edfico<br \/>\n\ud83d\udfe2 TEMA 4. Python<br \/>\n\ud83d\udd35 TEMA 5. Lenguajes de programaci\u00f3n compilados<\/p>\n<p>\u2796\u2796\u2796\u2796\u2796\u2796\u2796\u2796\u2796\u2796\u2796\u2796\u2796<\/p>\n<p>\ud83d\udcc5 INSCRIPCIONES<\/p>\n<p>Hasta el 20 de Agosto de 2021 en https:\/\/bit.ly\/CursoPC2021<\/p>\n<p>\u2796\u2796\u2796\u2796\u2796\u2796\u2796\u2796\u2796\u2796\u2796\u2796\u2796<\/p>\n<p>\ud83d\udce7 INFORMES<\/p>\n<p>\u27a1\ufe0f Dra. Graciela Molina: gmolina@herrera.unt.edu.ar<br \/>\n\u27a1\ufe0f Lic. Leonardo Albarrac\u00edn: lalbarracin@herrera.unt.edu.ar<br \/>\n<a href=\"https:\/\/catedras.facet.unt.edu.ar\/labcc\/wp-content\/uploads\/sites\/114\/2021\/08\/Flyer-PC-2021-1.png\"><img loading=\"lazy\" class=\"aligncenter size-full wp-image-967\" src=\"https:\/\/catedras.facet.unt.edu.ar\/labcc\/wp-content\/uploads\/sites\/114\/2021\/08\/Flyer-PC-2021-1.png\" alt=\"\" width=\"2250\" height=\"2506\" \/><\/a><\/p>\n\t\t\t\t\t\t\t\t\t\t\t\t\t\t\t<\/div><!-- .entry-content -->\n\t\t\n\t\t\n\t<\/div>\n\n<\/article><!-- #post-965 -->\n\n\t\n\t\t\n<article id=\"post-890\" class=\"post-890 post type-post status-publish format-standard has-post-thumbnail hentry category-sin-categoria post-with-thumbnail post-with-thumbnail-icon\">\n\n\t\t\t<div class=\"entry-thumbnail\">\n\t\t\t<a href=\"https:\/\/catedras.facet.unt.edu.ar\/labcc\/2021\/07\/06\/habemus-ingeniero-electronico\/\"><img width=\"150\" height=\"150\" src=\"https:\/\/catedras.facet.unt.edu.ar\/labcc\/wp-content\/uploads\/sites\/114\/2021\/07\/Habemus-Ingeniero-electronico.jpg\" class=\"attachment-thumbnail size-thumbnail wp-post-image\" alt=\"Habemus-Ingeniero-electr\u00f3nico\" loading=\"lazy\" \/><\/a>\n\t\t<\/div>\n\t\n\t<div class=\"entry-main\">\n\n\t\t\n\t\t<header class=\"entry-header\">\n\t\t\t\n\t\t\t<h1 class=\"entry-title\"><a href=\"https:\/\/catedras.facet.unt.edu.ar\/labcc\/2021\/07\/06\/habemus-ingeniero-electronico\/\" title=\"Permalink to \u00a1Habemus Ingeniero electr\u00f3nico!\" rel=\"bookmark\">\u00a1Habemus Ingeniero electr\u00f3nico!<\/a><\/h1>\n\n\t\t\t\t\t\t\t<div class=\"entry-meta\">\n\t\t\t\t\tPosted on <a href=\"https:\/\/catedras.facet.unt.edu.ar\/labcc\/2021\/07\/06\/habemus-ingeniero-electronico\/\" title=\"18:15\" rel=\"bookmark\"><time class=\"entry-date\" datetime=\"2021-07-06T18:15:49-03:00\">06\/07\/2021<\/time><\/a><time class=\"updated\" datetime=\"2021-08-18T20:44:18-03:00\">18\/08\/2021<\/time>  \t\t\t\t<\/div><!-- .entry-meta -->\n\t\t\t\n\t\t<\/header><!-- .entry-header -->\n\n\t\t\t\t\t<div class=\"entry-content\">\n\t\t\t\t<p>Felicitamos a Nicol\u00e1s Salom\u00f3n (24 a\u00f1os) qui\u00e9n defendiendo su tesis de grado basada en el <em>c\u00e1lculo del gradiente ionosf\u00e9rico para implementar el modelo de Cu\u00f1a de Stanford en nuestro pa\u00eds,<\/em> logr\u00f3 recibirse de Ingeniero electr\u00f3nico el pasado 18 de junio.<\/p>\n<p>El estudiante nos cuenta sobre su historia acad\u00e9mica la cual inici\u00f3 durante su ni\u00f1ez y adolescencia en el colegio San Francisco de As\u00eds que, a pesar de no contribuir a su formaci\u00f3n t\u00e9cnica, no fue un impedimento para estudiar la carrera de grado que lo apasiona enormemente.<\/p>\n<p>Su ingreso y permanencia en la Facultad de Ciencias Exactas y Tecnolog\u00eda (UNT) estuvo marcada por grandes logros personales, en el a\u00f1o 2018 se desempe\u00f1\u00f3 como ayudante estudiantil en las asignaturas de Materiales El\u00e9ctricos y Dispositivos Electr\u00f3nicos. En 2019 fue becado para asistir durante un mes al Instituto Balseiro en donde se especializ\u00f3 en las telecomunicaciones, adem\u00e1s de ganar una Beca CIN para investigar en bloque, con el LabCC del cual tambi\u00e9n forma parte. En 2020, qued\u00f3 seleccionado para participar del programa \u201cSeeds for the future\u201d, organizado por la empresa Huawei.<\/p>\n<p>Actualmente, se encuentra realizando estudios de posgrado en conjunto con la Fundaci\u00f3n Fulgor-Tarpuy, ubicada en la ciudad de C\u00f3rdoba, para estudiar sistemas de navegaci\u00f3n aut\u00f3noma y visi\u00f3n artificial aplicando Machine Learning. Adem\u00e1s, Nicol\u00e1s, es el sexto mejor promedio y segundo escolta de la Bandera de Macha de la facultad.<\/p>\n<p><em>\u201cA lo largo de todo mi camino pude conocer muchas personas incre\u00edbles, muy talentosas e inteligentes y que siempre est\u00e1n dispuestas a darte una mano en todo lo que puedan, con quienes estoy sumamente agradecido y siempre estar\u00e1n presentes en m\u00ed\u201d.<\/em><\/p>\n<p><em>\u00a0<\/em>\u00a1Felicitaciones Ingeniero!<\/p>\n\t\t\t\t\t\t\t\t\t\t\t\t\t\t\t<\/div><!-- .entry-content -->\n\t\t\n\t\t\n\t<\/div>\n\n<\/article><!-- #post-890 -->\n\n\t\n\t\t\n<article id=\"post-882\" class=\"post-882 post type-post status-publish format-standard has-post-thumbnail hentry category-sin-categoria post-with-thumbnail post-with-thumbnail-icon\">\n\n\t\t\t<div class=\"entry-thumbnail\">\n\t\t\t<a href=\"https:\/\/catedras.facet.unt.edu.ar\/labcc\/2021\/06\/19\/orgullofacet-alumno-de-la-facet-trabajara-en-microsoft\/\"><img width=\"150\" height=\"150\" src=\"https:\/\/catedras.facet.unt.edu.ar\/labcc\/wp-content\/uploads\/sites\/114\/2021\/06\/Alumno-de-la-FACET-trabajara-en-Microsoft.jpg\" class=\"attachment-thumbnail size-thumbnail wp-post-image\" alt=\"Alumno de la FACET trabajar\u00e1 en Microsoft\" loading=\"lazy\" \/><\/a>\n\t\t<\/div>\n\t\n\t<div class=\"entry-main\">\n\n\t\t\n\t\t<header class=\"entry-header\">\n\t\t\t\n\t\t\t<h1 class=\"entry-title\"><a href=\"https:\/\/catedras.facet.unt.edu.ar\/labcc\/2021\/06\/19\/orgullofacet-alumno-de-la-facet-trabajara-en-microsoft\/\" title=\"Permalink to #OrgulloFACET | Alumno de la FACET trabajar\u00e1 en Microsoft.\" rel=\"bookmark\">#OrgulloFACET | Alumno de la FACET trabajar\u00e1 en Microsoft.<\/a><\/h1>\n\n\t\t\t\t\t\t\t<div class=\"entry-meta\">\n\t\t\t\t\tPosted on <a href=\"https:\/\/catedras.facet.unt.edu.ar\/labcc\/2021\/06\/19\/orgullofacet-alumno-de-la-facet-trabajara-en-microsoft\/\" title=\"18:26\" rel=\"bookmark\"><time class=\"entry-date\" datetime=\"2021-06-19T18:26:47-03:00\">19\/06\/2021<\/time><\/a><time class=\"updated\" datetime=\"2021-08-18T21:01:58-03:00\">18\/08\/2021<\/time>  \t\t\t\t<\/div><!-- .entry-meta -->\n\t\t\t\n\t\t<\/header><!-- .entry-header -->\n\n\t\t\t\t\t<div class=\"entry-content\">\n\t\t\t\t<div class=\"o9v6fnle cxmmr5t8 oygrvhab hcukyx3x c1et5uql ii04i59q\">\n<div dir=\"auto\">Benjam\u00edn Cort\u00e9s, es alumno avanzado de la carrera de Licenciatura en Inform\u00e1tica de nuestra Facultad, y durante los meses de Abril y Mayo particip\u00f3 del proceso de selecci\u00f3n para ingresar a trabajar como programador en la empresa Microsoft, en sus oficinas principales en Seattle, Washington, Estados Unidos y recibi\u00f3 una oferta de trabajo.<\/div>\n<\/div>\n<div class=\"o9v6fnle cxmmr5t8 oygrvhab hcukyx3x c1et5uql ii04i59q\">\n<div dir=\"auto\">Benjam\u00edn ingres\u00f3 a la carrera en el a\u00f1o 2017, desde su ingreso particip\u00f3 del Club de Programaci\u00f3n Competitiva, una actividad de extensi\u00f3n que ofrece el Laboratorio de Computaci\u00f3n Cient\u00edfica (LabCC) del Departamento de Ciencias de la Computaci\u00f3n de la FACET-UNT.<\/div>\n<\/div>\n<div class=\"o9v6fnle cxmmr5t8 oygrvhab hcukyx3x c1et5uql ii04i59q\">\n<div dir=\"auto\">Desde 2019 particip\u00f3 activamente del LabCC y en el marco de trabajo de este grupo de investigaci\u00f3n tambi\u00e9n tuvo la oportunidad de recibir una Beca para realizar una Pasant\u00eda de Verano trabajando en el Barcelona Supercomputing Center.<\/div>\n<\/div>\n<div class=\"o9v6fnle cxmmr5t8 oygrvhab hcukyx3x c1et5uql ii04i59q\">\n<div dir=\"auto\">Actualmente est\u00e1 cursando el \u00faltimo a\u00f1o de la carrera y desarrollando su tesis de grado que surge a partir de una l\u00ednea de investigaci\u00f3n que tiene en el LabCC. Su tesis est\u00e1 co-dirigida por profesores de nuestra casa de estudio y un profesor de la Universidad de Newcastle, Inglaterra.<\/div>\n<\/div>\n<div class=\"o9v6fnle cxmmr5t8 oygrvhab hcukyx3x c1et5uql ii04i59q\">\n<div dir=\"auto\"><em>\u201cLes recomiendo a los alumnos que estudien, y que terminen sus estudios, es dif\u00edcil, pero te brinda experiencias, conocimientos y herramientas extraordinarias. Tambi\u00e9n es importante que estudien otro idioma, que se acerquen a los profesores, que busquen cosas que les interesen y hagan proyectos propios, todo suma\u201d<\/em>, expres\u00f3 Benjam\u00edn.<\/div>\n<\/div>\n<div class=\"o9v6fnle cxmmr5t8 oygrvhab hcukyx3x c1et5uql ii04i59q\">\n<div dir=\"auto\">\u00a1Benjam\u00edn es Orgullo FACET!<\/div>\n<\/div>\n<div dir=\"auto\"><\/div>\n<div dir=\"auto\"><\/div>\n<div dir=\"auto\">Repost: <a href=\"https:\/\/www.facebook.com\/facet.unt\/posts\/3015294635356897\">https:\/\/www.facebook.com\/facet.unt\/posts\/3015294635356897<\/a><\/div>\n\t\t\t\t\t\t\t\t\t\t\t\t\t\t\t<\/div><!-- .entry-content -->\n\t\t\n\t\t\n\t<\/div>\n\n<\/article><!-- #post-882 -->\n\n\t\n\t\t<nav role=\"navigation\" id=\"nav-below\" class=\"site-navigation paging-navigation\">\n\t\t<h1 class=\"assistive-text\">Post navigation<\/h1>\n\n\t\n\t\t<div class='pagination'><span aria-current=\"page\" class=\"page-numbers current\">1<\/span>\n<a class=\"page-numbers\" href=\"https:\/\/catedras.facet.unt.edu.ar\/labcc\/wp-json\/wp\/v2\/pages\/211\/page\/2\/\">2<\/a>\n<a class=\"page-numbers\" href=\"https:\/\/catedras.facet.unt.edu.ar\/labcc\/wp-json\/wp\/v2\/pages\/211\/page\/3\/\">3<\/a>\n<a class=\"page-numbers\" href=\"https:\/\/catedras.facet.unt.edu.ar\/labcc\/wp-json\/wp\/v2\/pages\/211\/page\/4\/\">4<\/a>\n<a class=\"page-numbers\" href=\"https:\/\/catedras.facet.unt.edu.ar\/labcc\/wp-json\/wp\/v2\/pages\/211\/page\/5\/\">5<\/a>\n<a class=\"page-numbers\" href=\"https:\/\/catedras.facet.unt.edu.ar\/labcc\/wp-json\/wp\/v2\/pages\/211\/page\/6\/\">6<\/a>\n<span class=\"page-numbers dots\">&hellip;<\/span>\n<a class=\"page-numbers\" href=\"https:\/\/catedras.facet.unt.edu.ar\/labcc\/wp-json\/wp\/v2\/pages\/211\/page\/13\/\">13<\/a>\n<a class=\"next page-numbers\" href=\"https:\/\/catedras.facet.unt.edu.ar\/labcc\/wp-json\/wp\/v2\/pages\/211\/page\/2\/\">Next &raquo;<\/a><\/div>\n\n\t\n\t<\/nav><!-- #nav-below -->\n\t\n<\/div><\/div><\/div><\/div>","protected":false},"excerpt":{"rendered":"","protected":false},"author":101128,"featured_media":0,"parent":0,"menu_order":0,"comment_status":"closed","ping_status":"closed","template":"","meta":[],"_links":{"self":[{"href":"https:\/\/catedras.facet.unt.edu.ar\/labcc\/wp-json\/wp\/v2\/pages\/211"}],"collection":[{"href":"https:\/\/catedras.facet.unt.edu.ar\/labcc\/wp-json\/wp\/v2\/pages"}],"about":[{"href":"https:\/\/catedras.facet.unt.edu.ar\/labcc\/wp-json\/wp\/v2\/types\/page"}],"author":[{"embeddable":true,"href":"https:\/\/catedras.facet.unt.edu.ar\/labcc\/wp-json\/wp\/v2\/users\/101128"}],"replies":[{"embeddable":true,"href":"https:\/\/catedras.facet.unt.edu.ar\/labcc\/wp-json\/wp\/v2\/comments?post=211"}],"version-history":[{"count":17,"href":"https:\/\/catedras.facet.unt.edu.ar\/labcc\/wp-json\/wp\/v2\/pages\/211\/revisions"}],"predecessor-version":[{"id":502,"href":"https:\/\/catedras.facet.unt.edu.ar\/labcc\/wp-json\/wp\/v2\/pages\/211\/revisions\/502"}],"wp:attachment":[{"href":"https:\/\/catedras.facet.unt.edu.ar\/labcc\/wp-json\/wp\/v2\/media?parent=211"}],"curies":[{"name":"wp","href":"https:\/\/api.w.org\/{rel}","templated":true}]}}