{"id":56,"date":"2015-02-25T09:57:27","date_gmt":"2015-02-25T12:57:27","guid":{"rendered":"https:\/\/catedras.facet.unt.edu.ar\/investigacionoperativa\/?page_id=56"},"modified":"2025-05-14T12:07:12","modified_gmt":"2025-05-14T15:07:12","slug":"correlativas","status":"publish","type":"page","link":"https:\/\/catedras.facet.unt.edu.ar\/investigacionoperativa\/correlativas\/","title":{"rendered":"CORRELATIVAS"},"content":{"rendered":"<p>Probabilidad y Estad\u00edstica<\/p>\n<p>C\u00e1lculo IV<\/p>\n<p>Organizaci\u00f3n de Empresas II<\/p>\n<p>&nbsp;<\/p>\n","protected":false},"excerpt":{"rendered":"<p>Probabilidad y Estad\u00edstica C\u00e1lculo IV Organizaci\u00f3n de Empresas II &nbsp;<\/p>\n","protected":false},"author":140,"featured_media":0,"parent":0,"menu_order":0,"comment_status":"closed","ping_status":"closed","template":"","meta":[],"_links":{"self":[{"href":"https:\/\/catedras.facet.unt.edu.ar\/investigacionoperativa\/wp-json\/wp\/v2\/pages\/56"}],"collection":[{"href":"https:\/\/catedras.facet.unt.edu.ar\/investigacionoperativa\/wp-json\/wp\/v2\/pages"}],"about":[{"href":"https:\/\/catedras.facet.unt.edu.ar\/investigacionoperativa\/wp-json\/wp\/v2\/types\/page"}],"author":[{"embeddable":true,"href":"https:\/\/catedras.facet.unt.edu.ar\/investigacionoperativa\/wp-json\/wp\/v2\/users\/140"}],"replies":[{"embeddable":true,"href":"https:\/\/catedras.facet.unt.edu.ar\/investigacionoperativa\/wp-json\/wp\/v2\/comments?post=56"}],"version-history":[{"count":3,"href":"https:\/\/catedras.facet.unt.edu.ar\/investigacionoperativa\/wp-json\/wp\/v2\/pages\/56\/revisions"}],"predecessor-version":[{"id":832,"href":"https:\/\/catedras.facet.unt.edu.ar\/investigacionoperativa\/wp-json\/wp\/v2\/pages\/56\/revisions\/832"}],"wp:attachment":[{"href":"https:\/\/catedras.facet.unt.edu.ar\/investigacionoperativa\/wp-json\/wp\/v2\/media?parent=56"}],"curies":[{"name":"wp","href":"https:\/\/api.w.org\/{rel}","templated":true}]}}