{"id":48,"date":"2015-02-25T09:53:31","date_gmt":"2015-02-25T12:53:31","guid":{"rendered":"https:\/\/catedras.facet.unt.edu.ar\/investigacionoperativa\/?page_id=48"},"modified":"2026-03-13T14:13:47","modified_gmt":"2026-03-13T17:13:47","slug":"bibliografia","status":"publish","type":"page","link":"https:\/\/catedras.facet.unt.edu.ar\/investigacionoperativa\/bibliografia\/","title":{"rendered":"BIBLIOGRAFIA en Biblioteca FACET"},"content":{"rendered":"<p><strong>Investigaci\u00f3n de operaciones, Hamdy A. Taha<\/strong><\/p>\n<p><strong>Investigaci\u00f3n de operaciones aplicaciones y algoritmos , Wayne L. Winston<\/strong><\/p>\n<p><strong>Introducci\u00f3n a la investigaci\u00f3n de operaciones, S. Hillier y Gerald J. Lieberman<\/strong><\/p>\n<p><strong>Investigaci\u00f3n de operaciones en la Ciencia Administrativa, Eppen G. D., Gould F. J., Schmidt C. P., Moore J. H., Weatherford L. R.<\/strong><\/p>\n<p><span style=\"color: #ff6600\"><strong>eLibros en la pag web de la biblioteca de la FACET:<\/strong><\/span><\/p>\n<div id=\"tools-modal-citation_copy_area\" class=\"form-control copy-area\"><strong><i>Investigaci\u00f3n de operaciones, <\/i>Acosta L\u00f3pez, A. Rivas Trujillo, E. &amp; Salcedo Parra, O. (2019).<\/strong><\/div>\n<div><\/div>\n<div>\n<div id=\"tools-modal-citation_copy_area\" class=\"form-control copy-area\">\u00a0<strong><i>M\u00e9todos cuantitativos para los negocios (11a. ed.).Anderson, D. R. Sweeney, D. J. &amp; Williams, T. A. (2011).<\/i><\/strong><\/div>\n<div>\n<div id=\"tools-modal-citation_copy_area\" class=\"form-control copy-area\"><strong><i>Aplicaciones de la teor\u00eda de colas y l\u00edneas de espera en contextos espec\u00edficos de investigaci\u00f3n. <\/i><\/strong>Burbano Pantoja, V. M. \u00c1. Valdivieso Miranda, M. A. &amp; Burbano Valdivieso, \u00c1. (2018).<\/div>\n<p><label for=\"tools-modal-citation_copy_area\"><\/label><\/div>\n<p>&nbsp;<\/p>\n<\/div>\n<div><\/div>\n<div><\/div>\n","protected":false},"excerpt":{"rendered":"<p>Investigaci\u00f3n de operaciones, Hamdy A. Taha Investigaci\u00f3n de operaciones aplicaciones y algoritmos , Wayne L. Winston Introducci\u00f3n a la investigaci\u00f3n de operaciones, S. Hillier y Gerald J. Lieberman Investigaci\u00f3n de operaciones en la Ciencia Administrativa, Eppen G. D., Gould F. J., Schmidt C. P., Moore J. H., Weatherford L. R. eLibros en la pag web [&hellip;]<\/p>\n","protected":false},"author":140,"featured_media":0,"parent":0,"menu_order":0,"comment_status":"closed","ping_status":"closed","template":"","meta":[],"_links":{"self":[{"href":"https:\/\/catedras.facet.unt.edu.ar\/investigacionoperativa\/wp-json\/wp\/v2\/pages\/48"}],"collection":[{"href":"https:\/\/catedras.facet.unt.edu.ar\/investigacionoperativa\/wp-json\/wp\/v2\/pages"}],"about":[{"href":"https:\/\/catedras.facet.unt.edu.ar\/investigacionoperativa\/wp-json\/wp\/v2\/types\/page"}],"author":[{"embeddable":true,"href":"https:\/\/catedras.facet.unt.edu.ar\/investigacionoperativa\/wp-json\/wp\/v2\/users\/140"}],"replies":[{"embeddable":true,"href":"https:\/\/catedras.facet.unt.edu.ar\/investigacionoperativa\/wp-json\/wp\/v2\/comments?post=48"}],"version-history":[{"count":11,"href":"https:\/\/catedras.facet.unt.edu.ar\/investigacionoperativa\/wp-json\/wp\/v2\/pages\/48\/revisions"}],"predecessor-version":[{"id":934,"href":"https:\/\/catedras.facet.unt.edu.ar\/investigacionoperativa\/wp-json\/wp\/v2\/pages\/48\/revisions\/934"}],"wp:attachment":[{"href":"https:\/\/catedras.facet.unt.edu.ar\/investigacionoperativa\/wp-json\/wp\/v2\/media?parent=48"}],"curies":[{"name":"wp","href":"https:\/\/api.w.org\/{rel}","templated":true}]}}