{"id":37,"date":"2014-08-12T11:49:09","date_gmt":"2014-08-12T14:49:09","guid":{"rendered":"https:\/\/catedras.facet.unt.edu.ar\/investigacionoperativa\/home\/"},"modified":"2014-08-12T12:00:59","modified_gmt":"2014-08-12T15:00:59","slug":"home","status":"publish","type":"page","link":"https:\/\/catedras.facet.unt.edu.ar\/investigacionoperativa\/","title":{"rendered":"Home"},"content":{"rendered":"<div id=\"pl-37\"  class=\"panel-layout\" ><div id=\"pg-37-0\"  class=\"panel-grid panel-no-style\" ><div id=\"pgc-37-0-0\"  class=\"panel-grid-cell\" ><div id=\"panel-37-0-0-0\" class=\"so-panel widget widget_circleicon-widget panel-first-child panel-last-child\" data-index=\"0\" >\t\t<div class=\"circle-icon-box circle-icon-position-top circle-icon-hide-box circle-icon-size-small\">\n\t\t\t<div class=\"circle-icon-wrapper\">\n\t\t\t\t\t\t\t\t<div class=\"circle-icon\" >\n\t\t\t\t\t<div class=\"fa fa-pencil-square-o\" ><\/div>\t\t\t\t<\/div>\n\t\t\t\t\t\t\t<\/div>\n\n\t\t\t\t\t\t<h4 >Editable Home Page<\/h4>\t\t\t\n\t\t\t<p class=\"text\" >You can edit this home page using our free, drag and drop Page Builder, or simply disable it to fall back to a standard blog. It's a powerful page building experience.<\/p>\t\t\t\t\t\t\t<a href=\"#\" class=\"more-button\" >Start Editing <i><\/i><\/a>\n\t\t\t\t\t<\/div>\n\t\t<\/div><\/div><div id=\"pgc-37-0-1\"  class=\"panel-grid-cell\" ><div id=\"panel-37-0-1-0\" class=\"so-panel widget widget_circleicon-widget panel-first-child panel-last-child\" data-index=\"1\" >\t\t<div class=\"circle-icon-box circle-icon-position-top circle-icon-hide-box circle-icon-size-small\">\n\t\t\t<div class=\"circle-icon-wrapper\">\n\t\t\t\t\t\t\t\t<div class=\"circle-icon\" >\n\t\t\t\t\t<div class=\"fa fa-check-circle-o\" ><\/div>\t\t\t\t<\/div>\n\t\t\t\t\t\t\t<\/div>\n\n\t\t\t\t\t\t<h4 >Loads of Icons<\/h4>\t\t\t\n\t\t\t<p class=\"text\" >This widget uses FontAwesome - giving you hundreds of icons. Or you could disable the icon and use your own image image. Great for testimonials.<\/p>\t\t\t\t\t\t\t<a href=\"#\" class=\"more-button\" >Example Button <i><\/i><\/a>\n\t\t\t\t\t<\/div>\n\t\t<\/div><\/div><div id=\"pgc-37-0-2\"  class=\"panel-grid-cell\" ><div id=\"panel-37-0-2-0\" class=\"so-panel widget panel-first-child panel-last-child\" data-index=\"2\" ><\/div><\/div><\/div><div id=\"pg-37-1\"  class=\"panel-grid panel-has-style\" ><div class=\"wide-grey panel-row-style panel-row-style-for-37-1\" ><div id=\"pgc-37-1-0\"  class=\"panel-grid-cell\" ><div id=\"panel-37-1-0-0\" class=\"so-panel widget widget_headline-widget panel-first-child panel-last-child\" data-index=\"3\" >\t\t<h1>Home Personalizable<\/h1>\n\t\t<div class=\"decoration\"><div class=\"decoration-inside\"><\/div><\/div>\n\t\t<h3>La organizaci\u00f3n de la p\u00e1gina de inicio puede personalizarse ingresando al men\u00fa \"Apariencia\" &gt; \"Home Page\"<\/h3>\n\t\t<\/div><\/div><\/div><\/div><div id=\"pg-37-2\"  class=\"panel-grid panel-no-style\" ><div id=\"pgc-37-2-0\"  class=\"panel-grid-cell\" ><div id=\"panel-37-2-0-0\" class=\"so-panel widget widget_siteorigin-panels-postloop panel-first-child panel-last-child\" data-index=\"4\" ><h3 class=\"widget-title\"><span class=\"vantage-carousel-title\"><span class=\"vantage-carousel-title-text\">Latest Posts<\/span><a href=\"#\" class=\"next\" title=\"Siguiente\"><span class=\"vantage-icon-arrow-right\"><\/span><\/a><a href=\"#\" class=\"previous\" title=\"Anterior\"><span class=\"vantage-icon-arrow-left\"><\/span><\/a><\/span><\/h3><div class=\"vantage-carousel-wrapper\">\n\n\t\n\t<ul class=\"vantage-carousel\" data-query=\"{&quot;post_type&quot;:&quot;post&quot;,&quot;posts_per_page&quot;:4,&quot;orderby&quot;:&quot;date&quot;,&quot;order&quot;:&quot;DESC&quot;,&quot;panels_info&quot;:{&quot;grid&quot;:&quot;2&quot;,&quot;cell&quot;:&quot;0&quot;,&quot;id&quot;:&quot;4&quot;,&quot;class&quot;:&quot;SiteOrigin_Panels_Widgets_PostLoop&quot;,&quot;cell_index&quot;:0,&quot;widget_index&quot;:4},&quot;paged&quot;:1,&quot;post__not_in&quot;:[37],&quot;lazy_load_term_meta&quot;:true}\" data-ajax-url=\"https:\/\/catedras.facet.unt.edu.ar\/investigacionoperativa\/wp-admin\/admin-ajax.php\">\n\t\t\t<\/ul>\n<\/div>\n<\/div><\/div><div id=\"pgc-37-2-1\"  class=\"panel-grid-cell\" ><div id=\"panel-37-2-1-0\" class=\"so-panel widget widget_text panel-first-child panel-last-child\" data-index=\"5\" >\t\t\t<div class=\"textwidget\"><p>There are a lot of widgets bundled with Page Builder. You can use them to bring your pages to life.<\/p>\n<\/div>\n\t\t<\/div><\/div><\/div><\/div>","protected":false},"excerpt":{"rendered":"<p>Editable Home Page You can edit this home page using our free, drag and drop Page Builder, or simply disable it to fall back to a standard blog. It&#8217;s a powerful page building experience. Start Editing Loads of Icons This widget uses FontAwesome &#8211; giving you hundreds of icons. Or you could disable the icon [&hellip;]<\/p>\n","protected":false},"author":1,"featured_media":0,"parent":0,"menu_order":0,"comment_status":"closed","ping_status":"open","template":"home-panels.php","meta":[],"_links":{"self":[{"href":"https:\/\/catedras.facet.unt.edu.ar\/investigacionoperativa\/wp-json\/wp\/v2\/pages\/37"}],"collection":[{"href":"https:\/\/catedras.facet.unt.edu.ar\/investigacionoperativa\/wp-json\/wp\/v2\/pages"}],"about":[{"href":"https:\/\/catedras.facet.unt.edu.ar\/investigacionoperativa\/wp-json\/wp\/v2\/types\/page"}],"author":[{"embeddable":true,"href":"https:\/\/catedras.facet.unt.edu.ar\/investigacionoperativa\/wp-json\/wp\/v2\/users\/1"}],"replies":[{"embeddable":true,"href":"https:\/\/catedras.facet.unt.edu.ar\/investigacionoperativa\/wp-json\/wp\/v2\/comments?post=37"}],"version-history":[{"count":0,"href":"https:\/\/catedras.facet.unt.edu.ar\/investigacionoperativa\/wp-json\/wp\/v2\/pages\/37\/revisions"}],"wp:attachment":[{"href":"https:\/\/catedras.facet.unt.edu.ar\/investigacionoperativa\/wp-json\/wp\/v2\/media?parent=37"}],"curies":[{"name":"wp","href":"https:\/\/api.w.org\/{rel}","templated":true}]}}