{"id":59,"date":"2018-01-24T10:43:41","date_gmt":"2018-01-24T13:43:41","guid":{"rendered":"https:\/\/catedras.facet.unt.edu.ar\/instrumentacion\/?page_id=59"},"modified":"2018-01-31T12:26:22","modified_gmt":"2018-01-31T15:26:22","slug":"inicio","status":"publish","type":"page","link":"https:\/\/catedras.facet.unt.edu.ar\/instrumentacion\/","title":{"rendered":"Inicio"},"content":{"rendered":"<p><span style=\"font-family: verdana, geneva, sans-serif;\">El Laboratorio de Instrumentaci\u00f3n Industrial se posiciona como uno de los centros de referencia metrol\u00f3gicos de la regi\u00f3n del NOA, prestando sus servicios seg\u00fan los requerimientos internacionales de la norma IRAM 301\/ ISO 17025: Requisitos generales para la competencia de los laboratorios de ensayo y calibraci\u00f3n.<\/span><\/p>\n<p><span style=\"font-family: verdana, geneva, sans-serif;\">La principal actividad del Laboratorio es la transferencia de tecnolog\u00eda y de conocimientos a los centros productivos en el en el campo de la Metrolog\u00eda, especializ\u00e1ndose en calibraciones y ensayos de equipos e instrumentos.<\/span><\/p>\n<p>&nbsp;<\/p>\n","protected":false},"excerpt":{"rendered":"<p>El Laboratorio de Instrumentaci\u00f3n Industrial se posiciona como uno de los centros de referencia metrol\u00f3gicos de la regi\u00f3n del NOA, prestando sus servicios seg\u00fan los requerimientos internacionales de la norma IRAM 301\/ ISO 17025: Requisitos generales para la competencia de los laboratorios de ensayo y calibraci\u00f3n. La principal actividad del Laboratorio es la transferencia de [&hellip;]<\/p>\n","protected":false},"author":144,"featured_media":0,"parent":0,"menu_order":0,"comment_status":"closed","ping_status":"closed","template":"","meta":[],"_links":{"self":[{"href":"https:\/\/catedras.facet.unt.edu.ar\/instrumentacion\/wp-json\/wp\/v2\/pages\/59"}],"collection":[{"href":"https:\/\/catedras.facet.unt.edu.ar\/instrumentacion\/wp-json\/wp\/v2\/pages"}],"about":[{"href":"https:\/\/catedras.facet.unt.edu.ar\/instrumentacion\/wp-json\/wp\/v2\/types\/page"}],"author":[{"embeddable":true,"href":"https:\/\/catedras.facet.unt.edu.ar\/instrumentacion\/wp-json\/wp\/v2\/users\/144"}],"replies":[{"embeddable":true,"href":"https:\/\/catedras.facet.unt.edu.ar\/instrumentacion\/wp-json\/wp\/v2\/comments?post=59"}],"version-history":[{"count":5,"href":"https:\/\/catedras.facet.unt.edu.ar\/instrumentacion\/wp-json\/wp\/v2\/pages\/59\/revisions"}],"predecessor-version":[{"id":169,"href":"https:\/\/catedras.facet.unt.edu.ar\/instrumentacion\/wp-json\/wp\/v2\/pages\/59\/revisions\/169"}],"wp:attachment":[{"href":"https:\/\/catedras.facet.unt.edu.ar\/instrumentacion\/wp-json\/wp\/v2\/media?parent=59"}],"curies":[{"name":"wp","href":"https:\/\/api.w.org\/{rel}","templated":true}]}}