{"id":155,"date":"2018-01-31T11:47:40","date_gmt":"2018-01-31T14:47:40","guid":{"rendered":"https:\/\/catedras.facet.unt.edu.ar\/instrumentacion\/?page_id=155"},"modified":"2018-01-31T12:24:39","modified_gmt":"2018-01-31T15:24:39","slug":"descripcion-general","status":"publish","type":"page","link":"https:\/\/catedras.facet.unt.edu.ar\/instrumentacion\/descripcion-general\/","title":{"rendered":"Descripci\u00f3n General"},"content":{"rendered":"<h5><span style=\"font-family: verdana, geneva, sans-serif;\">Identificaci\u00f3n de la Asignatura<\/span><\/h5>\n<p><span style=\"font-family: verdana, geneva, sans-serif;\"><u>Nombre:<\/u> Instrumentaci\u00f3n Industrial <\/span><\/p>\n<p><span style=\"font-family: verdana, geneva, sans-serif;\"><u>Carrera:<\/u> Ingenier\u00eda El\u00e9ctrica, Electr\u00f3nica y Computaci\u00f3n &#8211;\u00a0<\/span><span style=\"font-family: verdana, geneva, sans-serif;\">Depto. de Electricidad, Electr\u00f3nica y Computaci\u00f3n &#8211;\u00a0<\/span><span style=\"font-family: verdana, geneva, sans-serif;\">Fac. Ciencias Exactas y Tecnolog\u00eda &#8211; Universidad Nacional de Tucum\u00e1n.<\/span><\/p>\n<p><span style=\"font-family: verdana, geneva, sans-serif;\"><u>Tipo de Asignatura:<\/u> Electiva <\/span><\/p>\n<p><span style=\"font-family: verdana, geneva, sans-serif;\"><u>Correlativas:<\/u> Correspondientes de cada Carrera <\/span><\/p>\n<p><span style=\"font-family: verdana, geneva, sans-serif;\"><u>Requisitos para alumnos externos a las Carreras:<\/u> Env\u00edo de CV <\/span><\/p>\n<p><span style=\"font-family: verdana, geneva, sans-serif;\"><u>M\u00f3dulo de Dictado:<\/u><\/span><span style=\"font-family: verdana, geneva, sans-serif;\">\u00a0IX M\u00f3dulo (Primer Semestre &#8211; 5to a\u00f1o)<\/span><\/p>\n<p>&nbsp;<\/p>\n<h5><span style=\"font-family: verdana, geneva, sans-serif;\">Objetivos de la Asignatura<\/span><\/h5>\n<ul>\n<li><span style=\"font-family: verdana, geneva, sans-serif;\">Es una materia del ciclo de profesionalizaci\u00f3n, se pretende que los estudiantes adquieran los fundamentos del trabajo en plantas de control de procesos, con una fuerte orientaci\u00f3n pr\u00e1ctica, en el \u00e1rea de los instrumentos de variables no el\u00e9ctricas (caudal, presi\u00f3n, temperatura, etc.)<\/span><\/li>\n<li><span style=\"font-family: verdana, geneva, sans-serif;\">Se estudian los fundamentos te\u00f3ricos que rigen el funcionamiento de los instrumentos de variables de proceso, poniendo especial \u00e9nfasis en las etapas de sensado, transducci\u00f3n, acondicionamiento de se\u00f1al y calibrado.<\/span><\/li>\n<\/ul>\n<p>&nbsp;<\/p>\n","protected":false},"excerpt":{"rendered":"<p>Identificaci\u00f3n de la Asignatura Nombre: Instrumentaci\u00f3n Industrial Carrera: Ingenier\u00eda El\u00e9ctrica, Electr\u00f3nica y Computaci\u00f3n &#8211;\u00a0Depto. de Electricidad, Electr\u00f3nica y Computaci\u00f3n &#8211;\u00a0Fac. Ciencias Exactas y Tecnolog\u00eda &#8211; Universidad Nacional de Tucum\u00e1n. Tipo de Asignatura: Electiva Correlativas: Correspondientes de cada Carrera Requisitos para alumnos externos a las Carreras: Env\u00edo de CV M\u00f3dulo de Dictado:\u00a0IX M\u00f3dulo (Primer Semestre &#8211; [&hellip;]<\/p>\n","protected":false},"author":144,"featured_media":0,"parent":0,"menu_order":0,"comment_status":"closed","ping_status":"closed","template":"","meta":[],"_links":{"self":[{"href":"https:\/\/catedras.facet.unt.edu.ar\/instrumentacion\/wp-json\/wp\/v2\/pages\/155"}],"collection":[{"href":"https:\/\/catedras.facet.unt.edu.ar\/instrumentacion\/wp-json\/wp\/v2\/pages"}],"about":[{"href":"https:\/\/catedras.facet.unt.edu.ar\/instrumentacion\/wp-json\/wp\/v2\/types\/page"}],"author":[{"embeddable":true,"href":"https:\/\/catedras.facet.unt.edu.ar\/instrumentacion\/wp-json\/wp\/v2\/users\/144"}],"replies":[{"embeddable":true,"href":"https:\/\/catedras.facet.unt.edu.ar\/instrumentacion\/wp-json\/wp\/v2\/comments?post=155"}],"version-history":[{"count":10,"href":"https:\/\/catedras.facet.unt.edu.ar\/instrumentacion\/wp-json\/wp\/v2\/pages\/155\/revisions"}],"predecessor-version":[{"id":166,"href":"https:\/\/catedras.facet.unt.edu.ar\/instrumentacion\/wp-json\/wp\/v2\/pages\/155\/revisions\/166"}],"wp:attachment":[{"href":"https:\/\/catedras.facet.unt.edu.ar\/instrumentacion\/wp-json\/wp\/v2\/media?parent=155"}],"curies":[{"name":"wp","href":"https:\/\/api.w.org\/{rel}","templated":true}]}}