{"id":106,"date":"2018-01-25T16:10:41","date_gmt":"2018-01-25T19:10:41","guid":{"rendered":"https:\/\/catedras.facet.unt.edu.ar\/instrumentacion\/?page_id=106"},"modified":"2018-01-31T12:25:12","modified_gmt":"2018-01-31T15:25:12","slug":"reglamento","status":"publish","type":"page","link":"https:\/\/catedras.facet.unt.edu.ar\/instrumentacion\/reglamento\/","title":{"rendered":"Reglamento"},"content":{"rendered":"<h5><span style=\"font-family: verdana, geneva, sans-serif;\">Modalidad de dictado:<\/span><\/h5>\n<ul>\n<li><span style=\"font-family: verdana, geneva, sans-serif;\">Se dictan 6 horas semanales de clases te\u00f3rico pr\u00e1cticas, m\u00e1s 6 horas mensuales de trabajo de laboratorio.<\/span><\/li>\n<\/ul>\n<p>&nbsp;<\/p>\n<h5><span style=\"font-family: verdana, geneva, sans-serif;\">Requisitos para cursado como alumno regular:<\/span><\/h5>\n<ul>\n<li><span style=\"font-family: verdana, geneva, sans-serif;\">Tener aprobadas todas las materias correlativas correspondientes a cada plan de estudio.<\/span><\/li>\n<li><span style=\"font-family: verdana, geneva, sans-serif;\">Inscribirse como alumno regular.<\/span><\/li>\n<\/ul>\n<p>&nbsp;<\/p>\n<h5><span style=\"font-family: verdana, geneva, sans-serif;\"> Evaluaci\u00f3n de los conocimientos adquiridos:<\/span><\/h5>\n<ul>\n<li><span style=\"font-family: verdana, geneva, sans-serif;\">El alumno debe responder a evaluativos escritos al finalizar el dictado de cada tema. (Resoluci\u00f3n de problemas y conceptos te\u00f3ricos).<\/span><\/li>\n<li><span style=\"font-family: verdana, geneva, sans-serif;\">Pr\u00e1cticos de laboratorio: Se realizan en el Laboratorio de Instrumentaci\u00f3n Industrial. El estudiante debe poner en pr\u00e1ctica los conocimientos transferidos en la teor\u00eda, mediante la utilizaci\u00f3n de instrumentos, patrones, t\u00e9cnicas y procedimientos utilizados en las plantas de proceso industriales . Se realizan cuatro pr\u00e1cticas en el semestre.<\/span><\/li>\n<li><span style=\"font-family: verdana, geneva, sans-serif;\">La modalidad de trabajo es en grupos (cantidad de personas a definir), con la presentaci\u00f3n de un informe individual de cada integrante del grupo.<\/span><\/li>\n<\/ul>\n<p>&nbsp;<\/p>\n<h5><span style=\"font-family: verdana, geneva, sans-serif;\"> Requisitos para regularizar la materia:<\/span><\/h5>\n<ul>\n<li><span style=\"font-family: verdana, geneva, sans-serif;\">Tener aprobados el 80% de los evaluativos. Cada evaluativo se aprueba con un puntaje m\u00ednimo de 5 (cinco).<\/span><\/li>\n<li><span style=\"font-family: verdana, geneva, sans-serif;\">Se regulariza con promedio m\u00ednimo de 5 (cinco) y se promociona con promedio mayor o igual a 7 (siete).<\/span><\/li>\n<li><span style=\"font-family: verdana, geneva, sans-serif;\">Se debe asistir y aprobar el 100% de los trabajos de laboratorio.<\/span><\/li>\n<\/ul>\n<p>&nbsp;<\/p>\n","protected":false},"excerpt":{"rendered":"<p>Modalidad de dictado: Se dictan 6 horas semanales de clases te\u00f3rico pr\u00e1cticas, m\u00e1s 6 horas mensuales de trabajo de laboratorio. &nbsp; Requisitos para cursado como alumno regular: Tener aprobadas todas las materias correlativas correspondientes a cada plan de estudio. Inscribirse como alumno regular. &nbsp; Evaluaci\u00f3n de los conocimientos adquiridos: El alumno debe responder a evaluativos [&hellip;]<\/p>\n","protected":false},"author":144,"featured_media":0,"parent":0,"menu_order":0,"comment_status":"closed","ping_status":"closed","template":"","meta":[],"_links":{"self":[{"href":"https:\/\/catedras.facet.unt.edu.ar\/instrumentacion\/wp-json\/wp\/v2\/pages\/106"}],"collection":[{"href":"https:\/\/catedras.facet.unt.edu.ar\/instrumentacion\/wp-json\/wp\/v2\/pages"}],"about":[{"href":"https:\/\/catedras.facet.unt.edu.ar\/instrumentacion\/wp-json\/wp\/v2\/types\/page"}],"author":[{"embeddable":true,"href":"https:\/\/catedras.facet.unt.edu.ar\/instrumentacion\/wp-json\/wp\/v2\/users\/144"}],"replies":[{"embeddable":true,"href":"https:\/\/catedras.facet.unt.edu.ar\/instrumentacion\/wp-json\/wp\/v2\/comments?post=106"}],"version-history":[{"count":19,"href":"https:\/\/catedras.facet.unt.edu.ar\/instrumentacion\/wp-json\/wp\/v2\/pages\/106\/revisions"}],"predecessor-version":[{"id":167,"href":"https:\/\/catedras.facet.unt.edu.ar\/instrumentacion\/wp-json\/wp\/v2\/pages\/106\/revisions\/167"}],"wp:attachment":[{"href":"https:\/\/catedras.facet.unt.edu.ar\/instrumentacion\/wp-json\/wp\/v2\/media?parent=106"}],"curies":[{"name":"wp","href":"https:\/\/api.w.org\/{rel}","templated":true}]}}