{"id":60,"date":"2014-01-12T21:56:33","date_gmt":"2014-01-13T00:56:33","guid":{"rendered":"https:\/\/catedras.facet.unt.edu.ar\/ingsoftware\/?page_id=60"},"modified":"2020-03-09T12:04:21","modified_gmt":"2020-03-09T15:04:21","slug":"horario-de-laboratorio-de-bases-de-datos","status":"publish","type":"page","link":"https:\/\/catedras.facet.unt.edu.ar\/ingsoftware\/lab-de-bases-de-datos\/horario-de-laboratorio-de-bases-de-datos\/","title":{"rendered":"Horario LBD"},"content":{"rendered":"<p><strong>Teor\u00eda y pr\u00e1ctica<\/strong>: Martes y Jueves de 16:30 &#8211; 18:30 hs (Laboratorio de Software)<\/p>\n<p><strong>Consultas<\/strong>:\u00a0Horarios a convenir.<\/p>\n<p>Se estima una carga horaria de 40 horas en r\u00e9gimen semestral, preferentemente en m\u00f3dulos pares. Clases te\u00f3rico pr\u00e1cticas dos veces por semana, con un total de 4\u00a0horas semanales distribuidas de la siguiente manera:<\/p>\n<table id=\"Table1\" border=\"1\" cellspacing=\"1\" cellpadding=\"1\">\n<tbody>\n<tr>\n<td align=\"left\" bgcolor=\"#D8D8D8\"><b>Primera Parte<\/b><\/td>\n<td style=\"text-align: center;\" align=\"left\" bgcolor=\"#ffffff\">5\u00a0semanas de clases<\/td>\n<td align=\"left\" bgcolor=\"#ffffff\">\n<p style=\"text-align: center;\" align=\"right\">20\u00a0horas<\/p>\n<\/td>\n<\/tr>\n<tr>\n<td align=\"left\" bgcolor=\"#D8D8D8\"><b>Segunda Parte<\/b><\/td>\n<td align=\"left\" valign=\"top\" bgcolor=\"#ffffff\">\n<p style=\"text-align: center;\" align=\"left\">4\u00a0semanas de clases<\/p>\n<\/td>\n<td align=\"left\" bgcolor=\"#ffffff\">\n<p style=\"text-align: center;\" align=\"right\">16 horas<\/p>\n<\/td>\n<\/tr>\n<tr>\n<td align=\"left\" bgcolor=\"#D8D8D8\"><b>Examen Final<\/b><\/td>\n<td align=\"left\" bgcolor=\"#ffffff\"><\/td>\n<td align=\"left\" bgcolor=\"#ffffff\">\n<p style=\"text-align: center;\" align=\"right\">4 horas<\/p>\n<\/td>\n<\/tr>\n<tr>\n<td style=\"text-align: center;\" bgcolor=\"#D8D8D8\"><\/td>\n<td style=\"text-align: center;\" align=\"left\" bgcolor=\"#D8D8D8\">\n<p align=\"left\"><b>Total<\/b><\/p>\n<\/td>\n<td align=\"left\" bgcolor=\"#D8D8D8\">\n<p style=\"text-align: center;\" align=\"right\"><b>40 horas<\/b><\/p>\n<\/td>\n<\/tr>\n<\/tbody>\n<\/table>\n","protected":false},"excerpt":{"rendered":"<p>Teor\u00eda y pr\u00e1ctica: Martes y Jueves de 16:30 &#8211; 18:30 hs (Laboratorio de Software) Consultas:\u00a0Horarios a convenir. Se estima una carga horaria de 40 horas en r\u00e9gimen semestral, preferentemente en m\u00f3dulos pares. Clases te\u00f3rico pr\u00e1cticas dos veces por semana, con un total de 4\u00a0horas semanales distribuidas de la siguiente manera: Primera Parte 5\u00a0semanas de clases [&hellip;]<\/p>\n","protected":false},"author":2,"featured_media":0,"parent":22,"menu_order":2,"comment_status":"closed","ping_status":"closed","template":"","meta":[],"_links":{"self":[{"href":"https:\/\/catedras.facet.unt.edu.ar\/ingsoftware\/wp-json\/wp\/v2\/pages\/60"}],"collection":[{"href":"https:\/\/catedras.facet.unt.edu.ar\/ingsoftware\/wp-json\/wp\/v2\/pages"}],"about":[{"href":"https:\/\/catedras.facet.unt.edu.ar\/ingsoftware\/wp-json\/wp\/v2\/types\/page"}],"author":[{"embeddable":true,"href":"https:\/\/catedras.facet.unt.edu.ar\/ingsoftware\/wp-json\/wp\/v2\/users\/2"}],"replies":[{"embeddable":true,"href":"https:\/\/catedras.facet.unt.edu.ar\/ingsoftware\/wp-json\/wp\/v2\/comments?post=60"}],"version-history":[{"count":14,"href":"https:\/\/catedras.facet.unt.edu.ar\/ingsoftware\/wp-json\/wp\/v2\/pages\/60\/revisions"}],"predecessor-version":[{"id":1623,"href":"https:\/\/catedras.facet.unt.edu.ar\/ingsoftware\/wp-json\/wp\/v2\/pages\/60\/revisions\/1623"}],"up":[{"embeddable":true,"href":"https:\/\/catedras.facet.unt.edu.ar\/ingsoftware\/wp-json\/wp\/v2\/pages\/22"}],"wp:attachment":[{"href":"https:\/\/catedras.facet.unt.edu.ar\/ingsoftware\/wp-json\/wp\/v2\/media?parent=60"}],"curies":[{"name":"wp","href":"https:\/\/api.w.org\/{rel}","templated":true}]}}