{"id":53,"date":"2014-01-12T21:51:28","date_gmt":"2014-01-13T00:51:28","guid":{"rendered":"https:\/\/catedras.facet.unt.edu.ar\/ingsoftware\/?page_id=53"},"modified":"2014-01-12T23:43:58","modified_gmt":"2014-01-13T02:43:58","slug":"horario-de-ingenieria-en-software-ii","status":"publish","type":"page","link":"https:\/\/catedras.facet.unt.edu.ar\/ingsoftware\/ing-de-software-ii\/horario-de-ingenieria-en-software-ii\/","title":{"rendered":"Horario IS II"},"content":{"rendered":"<p>Alumnos: Se estar\u00e1 informando el horario de este a\u00f1o una vez determinado el mismo.<\/p>\n<p><b>Teor\u00eda:<\/b>\u00a0A definir.<\/p>\n<p><b>Pr\u00e1ctica:<\/b>\u00a0A definir.<\/p>\n<p><b>Consultas:\u00a0<\/b>Horarios a Convenir.<\/p>\n<p><b>Lugar:<\/b>\u00a0Gabinete de Inform\u00e1tica I, Block de Docencia, 3<sup>er<\/sup>\u00a0piso.<\/p>\n<p align=\"left\">Se estima una carga horaria de 96 horas en r\u00e9gimen semestral, preferentemente en m\u00f3dulos pares. 4 horas de\u00a0clases te\u00f3ricas y 2 de pr\u00e1ctica\u00a0por semana, con un total de\u00a06 horas semanales.<\/p>\n","protected":false},"excerpt":{"rendered":"<p>Alumnos: Se estar\u00e1 informando el horario de este a\u00f1o una vez determinado el mismo. Teor\u00eda:\u00a0A definir. Pr\u00e1ctica:\u00a0A definir. Consultas:\u00a0Horarios a Convenir. Lugar:\u00a0Gabinete de Inform\u00e1tica I, Block de Docencia, 3er\u00a0piso. Se estima una carga horaria de 96 horas en r\u00e9gimen semestral, preferentemente en m\u00f3dulos pares. 4 horas de\u00a0clases te\u00f3ricas y 2 de pr\u00e1ctica\u00a0por semana, con un [&hellip;]<\/p>\n","protected":false},"author":2,"featured_media":0,"parent":20,"menu_order":3,"comment_status":"closed","ping_status":"closed","template":"","meta":[],"_links":{"self":[{"href":"https:\/\/catedras.facet.unt.edu.ar\/ingsoftware\/wp-json\/wp\/v2\/pages\/53"}],"collection":[{"href":"https:\/\/catedras.facet.unt.edu.ar\/ingsoftware\/wp-json\/wp\/v2\/pages"}],"about":[{"href":"https:\/\/catedras.facet.unt.edu.ar\/ingsoftware\/wp-json\/wp\/v2\/types\/page"}],"author":[{"embeddable":true,"href":"https:\/\/catedras.facet.unt.edu.ar\/ingsoftware\/wp-json\/wp\/v2\/users\/2"}],"replies":[{"embeddable":true,"href":"https:\/\/catedras.facet.unt.edu.ar\/ingsoftware\/wp-json\/wp\/v2\/comments?post=53"}],"version-history":[{"count":6,"href":"https:\/\/catedras.facet.unt.edu.ar\/ingsoftware\/wp-json\/wp\/v2\/pages\/53\/revisions"}],"predecessor-version":[{"id":104,"href":"https:\/\/catedras.facet.unt.edu.ar\/ingsoftware\/wp-json\/wp\/v2\/pages\/53\/revisions\/104"}],"up":[{"embeddable":true,"href":"https:\/\/catedras.facet.unt.edu.ar\/ingsoftware\/wp-json\/wp\/v2\/pages\/20"}],"wp:attachment":[{"href":"https:\/\/catedras.facet.unt.edu.ar\/ingsoftware\/wp-json\/wp\/v2\/media?parent=53"}],"curies":[{"name":"wp","href":"https:\/\/api.w.org\/{rel}","templated":true}]}}