{"id":51,"date":"2014-01-12T21:46:13","date_gmt":"2014-01-13T00:46:13","guid":{"rendered":"https:\/\/catedras.facet.unt.edu.ar\/ingsoftware\/?page_id=51"},"modified":"2023-07-07T16:55:15","modified_gmt":"2023-07-07T19:55:15","slug":"condiciones-de-ingenieria-de-software-ii","status":"publish","type":"page","link":"https:\/\/catedras.facet.unt.edu.ar\/ingsoftware\/ing-de-software-ii\/condiciones-de-ingenieria-de-software-ii\/","title":{"rendered":"Condiciones IS II"},"content":{"rendered":"<p><strong>Para la Inscripci\u00f3n Regular en la Asignatura, el alumno debe cumplir\u00a0los siguientes requisitos\u00a0(sin excepciones):<\/strong><\/p>\n<p>&nbsp;<\/p>\n<ul>\n<li>29 materias aprobadas y Bases de Datos, Ing. de Software I e Ingl\u00e9s aprobadas para inscripci\u00f3n<\/li>\n<\/ul>\n<p>&nbsp;<\/p>\n<p><strong>Para poder promocionar la asignatura, el alumno debe cumplir los siguientes requisitos:<\/strong><\/p>\n<ul>\n<li>Trabajos Pr\u00e1cticos: 100% de Pr\u00e1cticos presentados y aprobados.<\/li>\n<li>Aprobaci\u00f3n: Promedio de los parciales superior al 50%. La nota final ser\u00e1 el promedio de los parciales.<\/li>\n<\/ul>\n","protected":false},"excerpt":{"rendered":"<p>Para la Inscripci\u00f3n Regular en la Asignatura, el alumno debe cumplir\u00a0los siguientes requisitos\u00a0(sin excepciones): &nbsp; 29 materias aprobadas y Bases de Datos, Ing. de Software I e Ingl\u00e9s aprobadas para inscripci\u00f3n &nbsp; Para poder promocionar la asignatura, el alumno debe cumplir los siguientes requisitos: Trabajos Pr\u00e1cticos: 100% de Pr\u00e1cticos presentados y aprobados. Aprobaci\u00f3n: Promedio de [&hellip;]<\/p>\n","protected":false},"author":2,"featured_media":0,"parent":20,"menu_order":2,"comment_status":"closed","ping_status":"closed","template":"","meta":[],"_links":{"self":[{"href":"https:\/\/catedras.facet.unt.edu.ar\/ingsoftware\/wp-json\/wp\/v2\/pages\/51"}],"collection":[{"href":"https:\/\/catedras.facet.unt.edu.ar\/ingsoftware\/wp-json\/wp\/v2\/pages"}],"about":[{"href":"https:\/\/catedras.facet.unt.edu.ar\/ingsoftware\/wp-json\/wp\/v2\/types\/page"}],"author":[{"embeddable":true,"href":"https:\/\/catedras.facet.unt.edu.ar\/ingsoftware\/wp-json\/wp\/v2\/users\/2"}],"replies":[{"embeddable":true,"href":"https:\/\/catedras.facet.unt.edu.ar\/ingsoftware\/wp-json\/wp\/v2\/comments?post=51"}],"version-history":[{"count":10,"href":"https:\/\/catedras.facet.unt.edu.ar\/ingsoftware\/wp-json\/wp\/v2\/pages\/51\/revisions"}],"predecessor-version":[{"id":1711,"href":"https:\/\/catedras.facet.unt.edu.ar\/ingsoftware\/wp-json\/wp\/v2\/pages\/51\/revisions\/1711"}],"up":[{"embeddable":true,"href":"https:\/\/catedras.facet.unt.edu.ar\/ingsoftware\/wp-json\/wp\/v2\/pages\/20"}],"wp:attachment":[{"href":"https:\/\/catedras.facet.unt.edu.ar\/ingsoftware\/wp-json\/wp\/v2\/media?parent=51"}],"curies":[{"name":"wp","href":"https:\/\/api.w.org\/{rel}","templated":true}]}}