{"id":398,"date":"2014-07-22T16:20:50","date_gmt":"2014-07-22T19:20:50","guid":{"rendered":"https:\/\/catedras.facet.unt.edu.ar\/ingsoftware\/home-2\/"},"modified":"2014-07-22T16:20:50","modified_gmt":"2014-07-22T19:20:50","slug":"home-2","status":"publish","type":"page","link":"https:\/\/catedras.facet.unt.edu.ar\/ingsoftware\/home-2\/","title":{"rendered":"Home"},"content":{"rendered":"<div id=\"pl-398\"  class=\"panel-layout\" ><div id=\"pg-398-0\"  class=\"panel-grid panel-no-style\" ><div id=\"pgc-398-0-0\"  class=\"panel-grid-cell\" ><div id=\"panel-398-0-0-0\" class=\"so-panel widget widget_headline-widget panel-first-child panel-last-child\" data-index=\"0\" >\t\t<h1>Bienvenido a la p\u00e1gina oficial de la c\u00e1tedra.<\/h1>\n\t\t<div class=\"decoration\"><div class=\"decoration-inside\"><\/div><\/div>\n\t\t<h3>Perteneciente al Departamento de Electricidad, Electr\u00f3nica y Computaci\u00f3n de la Facultad de Ciencias Exactas y Tecnolog\u00eda de la Universidad Nacional de Tucum\u00e1n. Aqu\u00ed encontrar\u00e1 toda la informaci\u00f3n respecto a las materias que se dictan:<\/h3>\n\t\t<\/div><\/div><div id=\"pgc-398-0-1\"  class=\"panel-grid-cell\" ><div id=\"panel-398-0-1-0\" class=\"so-panel widget panel-first-child panel-last-child\" data-index=\"1\" ><\/div><\/div><\/div><div id=\"pg-398-1\"  class=\"panel-grid panel-no-style\" ><div id=\"pgc-398-1-0\"  class=\"panel-grid-cell\" ><div id=\"panel-398-1-0-0\" class=\"so-panel widget widget_circleicon-widget panel-first-child panel-last-child\" data-index=\"2\" >\t\t<div class=\"circle-icon-box circle-icon-position-top circle-icon-hide-box circle-icon-size-small\">\n\t\t\t<div class=\"circle-icon-wrapper\">\n\t\t\t\t\t\t\t\t<div class=\"circle-icon\" >\n\t\t\t\t\t<div class=\"fa fa-bookmark-o\" ><\/div>\t\t\t\t<\/div>\n\t\t\t\t\t\t\t<\/div>\n\n\t\t\t\t\t\t<h4 >IS I<\/h4>\t\t\t\n\t\t\t<p class=\"text\" >En esta p\u00e1gina encontrar\u00e1 informaci\u00f3n respecto al cursado de la asignatura, horarios, condiciones, bibliograf\u00eda, documentos relevantes y novedades.<\/p>\t\t\t\t\t\t\t<a href=\"https:\/\/catedras.facet.unt.edu.ar\/ingsoftware\/ing-de-software-i\/\" class=\"more-button\" >Ir al sitio de la materia... <i><\/i><\/a>\n\t\t\t\t\t<\/div>\n\t\t<\/div><\/div><div id=\"pgc-398-1-1\"  class=\"panel-grid-cell\" ><div id=\"panel-398-1-1-0\" class=\"so-panel widget widget_circleicon-widget panel-first-child panel-last-child\" data-index=\"3\" >\t\t<div class=\"circle-icon-box circle-icon-position-top circle-icon-hide-box circle-icon-size-small\">\n\t\t\t<div class=\"circle-icon-wrapper\">\n\t\t\t\t\t\t\t\t<div class=\"circle-icon\" >\n\t\t\t\t\t<div class=\"fa fa-bookmark\" ><\/div>\t\t\t\t<\/div>\n\t\t\t\t\t\t\t<\/div>\n\n\t\t\t\t\t\t<h4 >IS II<\/h4>\t\t\t\n\t\t\t<p class=\"text\" >En esta p\u00e1gina encontrar\u00e1 informaci\u00f3n respecto al cursado de la asignatura, horarios, condiciones, bibliograf\u00eda, documentos relevantes y novedades..<\/p>\t\t\t\t\t\t\t<a href=\"https:\/\/catedras.facet.unt.edu.ar\/ingsoftware\/ing-de-software-ii\/\" class=\"more-button\" >Ir al sitio de la materia... <i><\/i><\/a>\n\t\t\t\t\t<\/div>\n\t\t<\/div><\/div><div id=\"pgc-398-1-2\"  class=\"panel-grid-cell\" ><div id=\"panel-398-1-2-0\" class=\"so-panel widget widget_circleicon-widget panel-first-child panel-last-child\" data-index=\"4\" >\t\t<div class=\"circle-icon-box circle-icon-position-top circle-icon-hide-box circle-icon-size-small\">\n\t\t\t<div class=\"circle-icon-wrapper\">\n\t\t\t\t\t\t\t\t<div class=\"circle-icon\" >\n\t\t\t\t\t<div class=\"fa fa-book\" ><\/div>\t\t\t\t<\/div>\n\t\t\t\t\t\t\t<\/div>\n\n\t\t\t\t\t\t<h4 >LBD<\/h4>\t\t\t\n\t\t\t<p class=\"text\" >En esta p\u00e1gina encontrar\u00e1 informaci\u00f3n respecto al cursado de la asignatura, horarios, condiciones, bibliograf\u00eda, documentos relevantes y novedades.<\/p>\t\t\t\t\t\t\t<a href=\"https:\/\/catedras.facet.unt.edu.ar\/ingsoftware\/lab-de-bases-de-datos\/\" class=\"more-button\" >Ir al sitio de la materia... <i><\/i><\/a>\n\t\t\t\t\t<\/div>\n\t\t<\/div><\/div><div id=\"pgc-398-1-3\"  class=\"panel-grid-cell\" ><div id=\"panel-398-1-3-0\" class=\"so-panel widget widget_circleicon-widget panel-first-child panel-last-child\" data-index=\"5\" >\t\t<div class=\"circle-icon-box circle-icon-position-top circle-icon-hide-box circle-icon-size-small\">\n\t\t\t<div class=\"circle-icon-wrapper\">\n\t\t\t\t\t\t\t\t<div class=\"circle-icon\" >\n\t\t\t\t\t<div class=\"fa fa-male\" ><\/div>\t\t\t\t<\/div>\n\t\t\t\t\t\t\t<\/div>\n\n\t\t\t\t\t\t<h4 >Trabajos de Graduaci\u00f3n<\/h4>\t\t\t\n\t\t\t<p class=\"text\" >En esta p\u00e1gina encontrar\u00e1 informaci\u00f3n respecto al los trabajos de graduaci\u00f3n desarrollados en la c\u00e1tedra.<\/p>\t\t\t\t\t\t\t<a href=\"https:\/\/catedras.facet.unt.edu.ar\/ingsoftware\/trabajos-de-graduacion\/\" class=\"more-button\" >Ir al sitio de la materia... <i><\/i><\/a>\n\t\t\t\t\t<\/div>\n\t\t<\/div><\/div><\/div><div id=\"pg-398-2\"  class=\"panel-grid panel-no-style\" ><div id=\"pgc-398-2-0\"  class=\"panel-grid-cell\" ><div id=\"panel-398-2-0-0\" class=\"so-panel widget widget_siteorigin-panels-postloop panel-first-child panel-last-child\" data-index=\"6\" ><h3 class=\"widget-title\">Post de la C\u00e1tedra <\/h3>\n\n\t\t\n\t\t\n<article id=\"post-1730\" class=\"post-1730 post type-post status-publish format-standard hentry category-sin-categoria\">\n\n\t\n\t<div class=\"entry-main\">\n\n\t\t\n\t\t<header class=\"entry-header\">\n\t\t\t\n\t\t\t<h1 class=\"entry-title\"><a href=\"https:\/\/catedras.facet.unt.edu.ar\/ingsoftware\/2025\/02\/20\/ingenieria-de-software-i-cursado-2025\/\" title=\"Permalink to Ingenier\u00eda de Software I &#8211; Cursado 2025\" rel=\"bookmark\">Ingenier\u00eda de Software I &#8211; Cursado 2025<\/a><\/h1>\n\n\t\t\t\t\t\t\t<div class=\"entry-meta\">\n\t\t\t\t\tPosted on <a href=\"https:\/\/catedras.facet.unt.edu.ar\/ingsoftware\/2025\/02\/20\/ingenieria-de-software-i-cursado-2025\/\" title=\"10:38\" rel=\"bookmark\"><time class=\"entry-date\" datetime=\"2025-02-20T10:38:00-03:00\">20 febrero, 2025<\/time><\/a><time class=\"updated\" datetime=\"2025-02-20T10:38:00-03:00\">20 febrero, 2025<\/time> <span class=\"byline\"> by <span class=\"author vcard\"><a class=\"url fn n\" href=\"https:\/\/catedras.facet.unt.edu.ar\/ingsoftware\/author\/modstrcil\/\" title=\"View all posts by modstrcil\" rel=\"author\">modstrcil<\/a><\/span><\/span> \t\t\t\t<\/div><!-- .entry-meta -->\n\t\t\t\n\t\t<\/header><!-- .entry-header -->\n\n\t\t\t\t\t<div class=\"entry-content\">\n\t\t\t\t<p>La primera reuni\u00f3n del cursado 2024 de la asignatura Ingenier\u00eda de Software I ser\u00e1 el d\u00eda lunes 11\/03\/2024 a las 10 horas en el aula 1-3-02. Puede preinscribirse <a href=\"https:\/\/forms.gle\/37oYQybuvXDULmt3A\">aqu\u00ed<\/a>.<\/p>\n\t\t\t\t\t\t\t\t\t\t\t\t\t\t\t<\/div><!-- .entry-content -->\n\t\t\n\t\t\n\t<\/div>\n\n<\/article><!-- #post-1730 -->\n\n\t\n\t\t\n<article id=\"post-1699\" class=\"post-1699 post type-post status-publish format-standard hentry category-sin-categoria\">\n\n\t\n\t<div class=\"entry-main\">\n\n\t\t\n\t\t<header class=\"entry-header\">\n\t\t\t\n\t\t\t<h1 class=\"entry-title\"><a href=\"https:\/\/catedras.facet.unt.edu.ar\/ingsoftware\/2022\/03\/02\/ingenieria-de-software-i-cursado-2022\/\" title=\"Permalink to Ingenier\u00eda de Software I &#8211; Cursado 2024\" rel=\"bookmark\">Ingenier\u00eda de Software I &#8211; Cursado 2024<\/a><\/h1>\n\n\t\t\t\t\t\t\t<div class=\"entry-meta\">\n\t\t\t\t\tPosted on <a href=\"https:\/\/catedras.facet.unt.edu.ar\/ingsoftware\/2022\/03\/02\/ingenieria-de-software-i-cursado-2022\/\" title=\"12:49\" rel=\"bookmark\"><time class=\"entry-date\" datetime=\"2022-03-02T12:49:11-03:00\">2 marzo, 2022<\/time><\/a><time class=\"updated\" datetime=\"2024-02-27T11:28:47-03:00\">27 febrero, 2024<\/time> <span class=\"byline\"> by <span class=\"author vcard\"><a class=\"url fn n\" href=\"https:\/\/catedras.facet.unt.edu.ar\/ingsoftware\/author\/modstrcil\/\" title=\"View all posts by modstrcil\" rel=\"author\">modstrcil<\/a><\/span><\/span> \t\t\t\t<\/div><!-- .entry-meta -->\n\t\t\t\n\t\t<\/header><!-- .entry-header -->\n\n\t\t\t\t\t<div class=\"entry-content\">\n\t\t\t\t<p>La primera reuni\u00f3n del cursado 2024 de la asignatura Ingenier\u00eda de Software I ser\u00e1 el d\u00eda lunes 11\/03\/2024 a las 10 horas en el aula 1-3-02. Puede preinscribirse <a href=\"https:\/\/forms.gle\/2Ub3NjFJs5SuGhub7\">aqu\u00ed<\/a>.<\/p>\n\t\t\t\t\t\t\t\t\t\t\t\t\t\t\t<\/div><!-- .entry-content -->\n\t\t\n\t\t\n\t<\/div>\n\n<\/article><!-- #post-1699 -->\n\n\t\n\t\t\n<article id=\"post-1692\" class=\"post-1692 post type-post status-publish format-standard hentry category-sin-categoria\">\n\n\t\n\t<div class=\"entry-main\">\n\n\t\t\n\t\t<header class=\"entry-header\">\n\t\t\t\n\t\t\t<h1 class=\"entry-title\"><a href=\"https:\/\/catedras.facet.unt.edu.ar\/ingsoftware\/2021\/08\/10\/ciclo-de-talleres-gratuitos-2021\/\" title=\"Permalink to Ciclo de Talleres Gratuitos 2021\" rel=\"bookmark\">Ciclo de Talleres Gratuitos 2021<\/a><\/h1>\n\n\t\t\t\t\t\t\t<div class=\"entry-meta\">\n\t\t\t\t\tPosted on <a href=\"https:\/\/catedras.facet.unt.edu.ar\/ingsoftware\/2021\/08\/10\/ciclo-de-talleres-gratuitos-2021\/\" title=\"12:07\" rel=\"bookmark\"><time class=\"entry-date\" datetime=\"2021-08-10T12:07:15-03:00\">10 agosto, 2021<\/time><\/a><time class=\"updated\" datetime=\"2021-08-10T12:07:15-03:00\">10 agosto, 2021<\/time> <span class=\"byline\"> by <span class=\"author vcard\"><a class=\"url fn n\" href=\"https:\/\/catedras.facet.unt.edu.ar\/ingsoftware\/author\/modstrcil\/\" title=\"View all posts by modstrcil\" rel=\"author\">modstrcil<\/a><\/span><\/span> \t\t\t\t<\/div><!-- .entry-meta -->\n\t\t\t\n\t\t<\/header><!-- .entry-header -->\n\n\t\t\t\t\t<div class=\"entry-content\">\n\t\t\t\t<p>Durante el segundo semestre de este a\u00f1o, la C\u00e1tedra de Ingenier\u00eda de Software del Departamento de Electricidad, Electr\u00f3nica y Computaci\u00f3n de la FACET ofrece un Ciclo de Talleres Gratuitos destinados a todos los estudiantes de la carrera de Ingenier\u00eda en Computaci\u00f3n.<\/p>\n<p>M\u00e1s informaci\u00f3n e Inscripciones <a href=\"https:\/\/forms.gle\/6Di2ytAaq5QXEcMJ9\">AQU\u00cd<\/a><\/p>\n\t\t\t\t\t\t\t\t\t\t\t\t\t\t\t<\/div><!-- .entry-content -->\n\t\t\n\t\t\n\t<\/div>\n\n<\/article><!-- #post-1692 -->\n\n\t\n\t\t<nav role=\"navigation\" id=\"nav-below\" class=\"site-navigation paging-navigation\">\n\t\t<h1 class=\"assistive-text\">Post navigation<\/h1>\n\n\t\n\t\t<div class='pagination'><span aria-current=\"page\" class=\"page-numbers current\">1<\/span>\n<a class=\"page-numbers\" href=\"https:\/\/catedras.facet.unt.edu.ar\/ingsoftware\/wp-json\/wp\/v2\/pages\/398\/page\/2\/\">2<\/a>\n<a class=\"page-numbers\" href=\"https:\/\/catedras.facet.unt.edu.ar\/ingsoftware\/wp-json\/wp\/v2\/pages\/398\/page\/3\/\">3<\/a>\n<a class=\"next page-numbers\" href=\"https:\/\/catedras.facet.unt.edu.ar\/ingsoftware\/wp-json\/wp\/v2\/pages\/398\/page\/2\/\">Siguiente &raquo;<\/a><\/div>\n\n\t\n\t<\/nav><!-- #nav-below -->\n\t\n<\/div><\/div><\/div><\/div>","protected":false},"excerpt":{"rendered":"","protected":false},"author":10,"featured_media":0,"parent":0,"menu_order":0,"comment_status":"closed","ping_status":"open","template":"home-panels.php","meta":[],"_links":{"self":[{"href":"https:\/\/catedras.facet.unt.edu.ar\/ingsoftware\/wp-json\/wp\/v2\/pages\/398"}],"collection":[{"href":"https:\/\/catedras.facet.unt.edu.ar\/ingsoftware\/wp-json\/wp\/v2\/pages"}],"about":[{"href":"https:\/\/catedras.facet.unt.edu.ar\/ingsoftware\/wp-json\/wp\/v2\/types\/page"}],"author":[{"embeddable":true,"href":"https:\/\/catedras.facet.unt.edu.ar\/ingsoftware\/wp-json\/wp\/v2\/users\/10"}],"replies":[{"embeddable":true,"href":"https:\/\/catedras.facet.unt.edu.ar\/ingsoftware\/wp-json\/wp\/v2\/comments?post=398"}],"version-history":[{"count":0,"href":"https:\/\/catedras.facet.unt.edu.ar\/ingsoftware\/wp-json\/wp\/v2\/pages\/398\/revisions"}],"wp:attachment":[{"href":"https:\/\/catedras.facet.unt.edu.ar\/ingsoftware\/wp-json\/wp\/v2\/media?parent=398"}],"curies":[{"name":"wp","href":"https:\/\/api.w.org\/{rel}","templated":true}]}}