{"id":39,"date":"2014-01-04T14:15:42","date_gmt":"2014-01-04T17:15:42","guid":{"rendered":"https:\/\/catedras.facet.unt.edu.ar\/ingsoftware\/?page_id=39"},"modified":"2025-02-20T10:34:50","modified_gmt":"2025-02-20T13:34:50","slug":"novedades-de-ing-de-software-i","status":"publish","type":"page","link":"https:\/\/catedras.facet.unt.edu.ar\/ingsoftware\/ing-de-software-i\/novedades-de-ing-de-software-i\/","title":{"rendered":"Novedades IS I"},"content":{"rendered":"<hr \/>\n<p><strong>Alumnos<\/strong>: En este lugar se ir\u00e1n publicando las novedades de la materia.<\/p>\n<p>&nbsp;<\/p>\n<table id=\"Table1\" border=\"1\" width=\"507\" cellspacing=\"0\" cellpadding=\"0\">\n<tbody>\n<tr bgcolor=\"#D8D8D8\">\n<td width=\"65\">\n<p align=\"center\"><strong>Fechas<\/strong><\/p>\n<\/td>\n<td align=\"center\" valign=\"middle\">\n<p align=\"center\"><strong>Novedades<\/strong><\/p>\n<\/td>\n<\/tr>\n<tr>\n<td><strong>20\/02\/2025<\/strong><\/td>\n<td><strong>La Primera reuni\u00f3n ser\u00e1 el d\u00eda lunes 10\/03 a las 10 horas en\u00a0 el aula 1-3-02.<\/strong><\/td>\n<\/tr>\n<\/tbody>\n<\/table>\n<p>&nbsp;<\/p>\n","protected":false},"excerpt":{"rendered":"<p>Alumnos: En este lugar se ir\u00e1n publicando las novedades de la materia. &nbsp; Fechas Novedades 20\/02\/2025 La Primera reuni\u00f3n ser\u00e1 el d\u00eda lunes 10\/03 a las 10 horas en\u00a0 el aula 1-3-02. &nbsp;<\/p>\n","protected":false},"author":2,"featured_media":0,"parent":18,"menu_order":4,"comment_status":"closed","ping_status":"closed","template":"templates\/template-full.php","meta":[],"_links":{"self":[{"href":"https:\/\/catedras.facet.unt.edu.ar\/ingsoftware\/wp-json\/wp\/v2\/pages\/39"}],"collection":[{"href":"https:\/\/catedras.facet.unt.edu.ar\/ingsoftware\/wp-json\/wp\/v2\/pages"}],"about":[{"href":"https:\/\/catedras.facet.unt.edu.ar\/ingsoftware\/wp-json\/wp\/v2\/types\/page"}],"author":[{"embeddable":true,"href":"https:\/\/catedras.facet.unt.edu.ar\/ingsoftware\/wp-json\/wp\/v2\/users\/2"}],"replies":[{"embeddable":true,"href":"https:\/\/catedras.facet.unt.edu.ar\/ingsoftware\/wp-json\/wp\/v2\/comments?post=39"}],"version-history":[{"count":78,"href":"https:\/\/catedras.facet.unt.edu.ar\/ingsoftware\/wp-json\/wp\/v2\/pages\/39\/revisions"}],"predecessor-version":[{"id":1728,"href":"https:\/\/catedras.facet.unt.edu.ar\/ingsoftware\/wp-json\/wp\/v2\/pages\/39\/revisions\/1728"}],"up":[{"embeddable":true,"href":"https:\/\/catedras.facet.unt.edu.ar\/ingsoftware\/wp-json\/wp\/v2\/pages\/18"}],"wp:attachment":[{"href":"https:\/\/catedras.facet.unt.edu.ar\/ingsoftware\/wp-json\/wp\/v2\/media?parent=39"}],"curies":[{"name":"wp","href":"https:\/\/api.w.org\/{rel}","templated":true}]}}