{"id":356,"date":"2014-05-29T23:16:15","date_gmt":"2014-05-30T02:16:15","guid":{"rendered":"https:\/\/catedras.facet.unt.edu.ar\/ingsoftware\/?page_id=356"},"modified":"2015-09-10T07:56:46","modified_gmt":"2015-09-10T10:56:46","slug":"ing-guillermo-rossi","status":"publish","type":"page","link":"https:\/\/catedras.facet.unt.edu.ar\/ingsoftware\/docentes\/ing-guillermo-rossi\/","title":{"rendered":"Ing. Guillermo Rossi"},"content":{"rendered":"<p>Ing. Guillermo Rossi\u00a0&#8211;\u00a0Auxiliar Graduado con Dedicaci\u00f3n media &#8211; <a href=\"mailto:grossi@herrera.unt.edu.ar\">grossi@herrera.unt.edu.ar<\/a><\/p>\n<p align=\"justify\"><strong>T\u00cdTULOS<\/strong><\/p>\n<ul>\n<li>\n<div align=\"justify\"><strong>\u201cM\u00e1ster en Direcci\u00f3n Estrat\u00e9gica en Tecnolog\u00edas de la Informaci\u00f3n especializado en Ingenier\u00eda de Software\u201d<\/strong> en modalidad a distancia por la Universidad de Le\u00f3n \u2013 Espa\u00f1a en octubre de 2012.<\/div>\n<\/li>\n<li>\n<div align=\"justify\"><strong>&#8220;Ingeniero en Computaci\u00f3n&#8221;<\/strong> \u2013 Facultad de Ciencias Exactas y Tecnolog\u00eda de la Universidad Nacional de Tucum\u00e1n en Mayo de 2006.<\/div>\n<\/li>\n<\/ul>\n<p align=\"justify\"><strong>DOCENCIA<\/strong><\/p>\n<ul>\n<li>\n<div align=\"justify\">Desde el 9 de Octubre de 2013 hasta el 1 de Abril de 2014 trabaj\u00f3 por designaci\u00f3n interina (expediente N\u00b0 60770\/13) como <strong>Auxiliar Docente Graduado con dedicaci\u00f3n Media<\/strong> para el \u00c1rea Computaci\u00f3n, con funciones en las c\u00e1tedra de ingeniera en software del Departamento de Electricidad, Electr\u00f3nica y Computaci\u00f3n de la Facultad de Ciencias Exactas y Tecnolog\u00eda de la Universidad Nacional de Tucum\u00e1n. Luego gan\u00f3 el concurso de antecedentes y oposici\u00f3n para dicho cargo por el t\u00e9rmino de 3 a\u00f1os (resoluci\u00f3n N\u00b0 60709\/13) y hasta la actualidad trabaja en el mismo.<\/div>\n<\/li>\n<li>\n<div align=\"justify\">Desde 1 de Septiembre de 2002 hasta 1 de diciembre de 2003 trabajo como\u00a0luego de ganado el concurso como <strong>Ayudante estudiantil<\/strong> de las materias \u201cLaboratorios I y II\u201d\u00a0de la carrera programador universitario de\u00a0\u00a0de la Facultad de Ciencias Exactas y Tecnolog\u00eda de la Universidad Nacional de Tucum\u00e1n.<\/div>\n<\/li>\n<\/ul>\n<p align=\"justify\"><strong>INVESTIGACI\u00d3N<\/strong><\/p>\n<ul>\n<li><strong>PROYECTO FINAL DE POSTGRADO: <\/strong><em>\u201c<strong>Software Factory en Argentina: Exportaci\u00f3n de Tics al mundo<\/strong>\u201d. <\/em>A\u00f1o 2012 &#8211; Aprobado con nota de 8.5\/10.<\/li>\n<li><strong><strong>PROYECTO FINAL DE GRADO:\u00a0<\/strong><\/strong>Como Proyecto Final de la carrera Ingenier\u00eda en Computaci\u00f3n realice un sistema para la facultad de Ciencias Exactas y Tecnolog\u00eda de la Universidad Nacional de Tucum\u00e1n, sistema \u201c<strong>Wapalumnos<\/strong>\u201d, dicho proyecto consisti\u00f3 en un sistema donde los alumnos v\u00eda tel\u00e9fono celular pueden consultar informaci\u00f3n sobre su estado acad\u00e9mico, estad\u00edsticas, inscribirse en materias para el cursado, inscribirse y borrarse de mesas de ex\u00e1menes, etc. El sistema \u201cWapalumnos\u201d se realiz\u00f3 utilizando diversas tecnolog\u00edas: WML como lenguaje de programaci\u00f3n est\u00e1tico y ASP para la generaci\u00f3n din\u00e1mica de datos. El sistema gestor de base de datos que se uso fue Microsoft SQL Server 2000. Como servidor Web se utiliza Internet Information Server 6.0 de Microsoft. El proyecto tuvo gran aceptaci\u00f3n por parte de Universidad por lo cual, el mismo se encuentra actualmente en funcionamiento en la Facultad de Ciencias Exactas y Tecnolog\u00eda de la Universidad Nacional de Tucum\u00e1n. A\u00f1o 2006 &#8211; Aprobado con nota de 10\/10.<\/li>\n<\/ul>\n<p align=\"justify\"><strong><strong>FORMACI\u00d3N DE RECURSOS HUMANOS<\/strong><\/strong><\/p>\n<ul>\n<li><strong><em>\u201cDirecci\u00f3n por objetivos\u201d<\/em><\/strong> Dictado por el Ing. Gustavo Maigua \u2013 Presencial Everis \u2013junio 2013 \u2013 4 clases (24 hs.)<\/li>\n<li><strong><em>\u201cGesti\u00f3n del Estr\u00e9s e Inteligencia Emocional\u201d <\/em><\/strong>Uco online 11\/2012 (4 hs.)<\/li>\n<li><strong><em>\u201cGesti\u00f3n de personas\u201d<\/em><\/strong> Lic. Natalia Matteis, Everis &#8211; 01\/2013(8 hs.)<\/li>\n<li><strong><em>\u201cGesti\u00f3n del tiempo\u201d<\/em><\/strong> Lic. Natalia Matteis, Everis &#8211; 01\/2013 (8 hs.)<\/li>\n<li><strong><em> \u201cCoathing Efectivo\u201d<\/em><\/strong> Uco online 12\/2012 (4 hs.<strong><em>)<\/em><\/strong><\/li>\n<li><strong><em>\u201cReuniones Efectivas\u201d<\/em><\/strong> Lic. Natalia Matteis, Everis &#8211; 01\/2013 (4 hs.<strong><em>)<\/em><\/strong><\/li>\n<li><strong><em> \u201cComunicaci\u00f3n por correo electr\u00f3nico\u201d <\/em><\/strong>Uco online 10\/2012 (4 hs.<strong><em>)<\/em><\/strong><\/li>\n<li><strong><em>\u201cImagen profesional\u201d <\/em><\/strong>Uco online 9\/2012 (4 hs.<strong><em>)<\/em><\/strong><\/li>\n<li><strong><em>\u201cLo que hay que entender para lograr un proceso de selecci\u00f3n exitoso\u201d <\/em><\/strong>Sessa select 10\/2011 (12 hs.<strong><em>)<\/em><\/strong><\/li>\n<li><strong><em>\u201cLiderazgo y Trabajo en Equipo<\/em><\/strong><strong><em>\u201d <\/em><\/strong>UNT\u2013FACET, 16\/09\/08 y 17\/09\/08. (8 hs. c\u00e1tedra)<\/li>\n<\/ul>\n<p><strong>FORMACI\u00d3N Y PERFECCIONAMIENTO T\u00c9CNICO:<\/strong><\/p>\n<p><strong>CURSOS T\u00c9CNICOS:<\/strong><\/p>\n<ul>\n<li><strong>&#8220;CAPACITACI\u00d3N BLACKBERRY, ANDROID Y TABLET&#8221;<\/strong> Empleartec, CESSI argentina y ministerio de trabajo de la naci\u00f3n &#8211; noviembre 2012 a marzo de 2013 (80 Hs.)<\/li>\n<li><strong><em> \u201cMCITP SQL Server\u201d<\/em><\/strong> &#8211; Central Tech, desde Diciembre de 2011 hasta marzo 2012, en modalidad a distancia<strong><em>. <\/em><\/strong>(40 hs.)<\/li>\n<li><strong><em>\u201cORACLE 10g: programaci\u00f3n Java\u201d<\/em><\/strong> &#8211; UTN\u2013FRT, desde Agosto de 2010 hasta julio de 2011 (120 hs.)<\/li>\n<li><strong><em>\u201cORACLE 11g DBA\u201d<\/em><\/strong> &#8211; Central Tech, desde Julio a octubre de 2010, en modalidad a distancia. (40 hs.)<\/li>\n<li><strong><em>\u201cAdministraci\u00f3n de GNU\/LINUX\u201d<\/em><\/strong>UNT-FACET, octubre y noviembre de 2006 (40 hs c\u00e1tedra)<\/li>\n<li><strong><em>\u201cLaboratorio de Bases de Datos\u201d<\/em><\/strong> UNT\u2013FACET, de julio a diciembre de 2005 en car\u00e1cter de alumno vocacional, aprobando la misma con un promedio de 8. (96 HS C\u00e1tedra)<\/li>\n<li><strong><em>\u201cRedes de \u00c1rea Local\u201d <\/em><\/strong>UNT\u2013FACET, de julio a diciembre de 2005 en car\u00e1cter de alumno vocacional, aprobando la misma con un promedio de 7. (96 HS C\u00e1tedra)<\/li>\n<\/ul>\n<p><strong>SEMINARIOS T\u00c9CNICOS:<\/strong><\/p>\n<ul>\n<li><strong><em>\u201c<\/em><\/strong><strong><em>PROGRAMACI\u00d3N EN .NET\u201d <\/em><\/strong>UNT\u2013FACET, 09\/06\/10. (4 hs. c\u00e1tedra)<\/li>\n<li><strong><em>\u201cIniciaci\u00f3n a la programaci\u00f3n java\u201d <\/em><\/strong>Uco Everis online 11\/2009. (4 hs.)<strong><em><br \/>\n<\/em><\/strong><\/li>\n<li><strong><em>\u201cProgramaci\u00f3n Orientada a Objetos\u201d <\/em><\/strong>Uco Everis online 11\/2009. (4 hs.)<strong><em><br \/>\n<\/em><\/strong><\/li>\n<li><strong><em>\u201cIntroducci\u00f3n a SQL\u201d <\/em><\/strong>Uco Everis online 11\/2009. (4 hs.)<strong><em><br \/>\n<\/em><\/strong><\/li>\n<li><strong><em>\u201dBases de Datos\u201d<\/em><\/strong>UTN\u2013FRT, 18\/06\/09 y 19\/06\/09. (12 hs. c\u00e1tedra)<strong><em><br \/>\n<\/em><\/strong><\/li>\n<li><strong><em>\u201cIntroducci\u00f3n al Desarrollo en ASP.NET\u201d <\/em><\/strong>UTN\u2013FRT, 23\/10\/08. (4,5 hs. c\u00e1tedra)<strong><em><br \/>\n<\/em><\/strong><\/li>\n<li><strong><em>\u201cAdquisici\u00f3n de Datos y Control Industrial<\/em><\/strong><strong><em>\u201d <\/em><\/strong>UNT\u2013FACET, 30\/09\/08. (4 hs.)<strong><em><br \/>\n<\/em><\/strong><\/li>\n<li><strong><em> \u201cGNU &#8211; Linux<\/em><\/strong><strong><em>\u201d <\/em><\/strong>UTN\u2013FRT, 26\/06\/07 y 27\/06\/07. (9 hs. c\u00e1tedra)<strong><em><br \/>\n<\/em><\/strong><\/li>\n<li><strong><em>\u201dBases de Datos\u201d<\/em><\/strong>UTN\u2013FRT, 9\/05\/07 y 10\/05\/07. (9 hs. c\u00e1tedra)<strong><em><br \/>\n<\/em><\/strong><\/li>\n<li><strong><em>\u201cSeguridad en el desarrollo con ASP . NET\u201d<\/em><\/strong> UTN\u2013FRT, 17\/05\/07. (4 hs.)<strong><em><br \/>\n<\/em><\/strong><\/li>\n<li><strong><em>\u201cDesarrollo en .NET Winforms\u201d<\/em><\/strong> UTN\u2013FRT, 16\/05\/07. (4 hs.)<strong><em><br \/>\n<\/em><\/strong><\/li>\n<li><strong><em>\u201cIntroducci\u00f3n a .NET\u201d<\/em><\/strong> UTN\u2013FRT, 27\/09\/06. (4 hs.)<strong><em><br \/>\n<\/em><\/strong><\/li>\n<li><strong><em>\u201cIntroducci\u00f3n a los ejecutivos en tiempo real<\/em><\/strong><strong><em>\u201d<\/em><\/strong>UNT \u2013 FACET, 09\/08\/06 y 10\/08\/06. (9 hs. c\u00e1tedra)<strong><em><br \/>\n<\/em><\/strong><\/li>\n<li><strong><em>\u201cRedes GSM y Aplicaciones de Datos Para Telefon\u00eda Celular<\/em><\/strong><strong><em>\u201d<\/em><\/strong>UTN \u2013 FRT, 30\/09\/04.(5,5 hs. c\u00e1tedra)<strong><em><br \/>\n<\/em><\/strong><\/li>\n<li><strong><em>\u201cInternet, Servicios y Aplicaciones\u201d <\/em><\/strong>UTN\u2013FRT, 7\/11\/98, 14\/11\/98 y 28\/11\/98. (12 hs.)<\/li>\n<\/ul>\n<p align=\"justify\"><strong>EXPERIENCIA LABORAL:<\/strong><\/p>\n<p><strong>EVERIS:<\/strong><\/p>\n<p><strong>&#8220;Coordinador en producci\u00f3n&#8221;\u200b<\/strong><br \/>\nServir de apoyo y gu\u00eda a los l\u00edderes de proyectos para el cumplimiento de los procedimientos y de los objetivos establecidos por la compa\u00f1\u00eda. (Abril de 2015 &#8211; actualidad)<\/p>\n<p><strong>&#8220;Responsable Equipo Tucum\u00e1n PPQA CMMi 5&#8243;\u200b<\/strong><br \/>\nResponsable del equipo auditor de procesos CMMi 5, el cual garantiza la correcta prestaci\u00f3n del servicio. Gestionando un equipo de 5 personas. (marzo de 2015 &#8211; actualidad)<\/p>\n<p><strong>\u201cResponsable de formaci\u00f3n Tucum\u00e1n\u201d<\/strong><br \/>\nEncargado de la gesti\u00f3n de los cursos presenciales seg\u00fan categor\u00eda y antig\u00fcedad en la empresa. Seguimiento de las m\u00e9tricas de formaci\u00f3n presencial y online.<br \/>\nLa empresa en Tucum\u00e1n cuenta con 130 profesionales. (Abril de 2014 &#8211; julio de 2015)<\/p>\n<p><strong>\u201cAn\u00e1lisis Senior\u201d<\/strong><br \/>\nDe sistemas para el cliente BARCLAYS Espa\u00f1a, gestionando de equipos de trabajo. Los sistemas est\u00e1n desarrollados sobre Cobol. Gestionando un equipo de 14 personas.(Septiembre de 2013 &#8211; marzo de 2014)<\/p>\n<p><strong>\u201cAn\u00e1lisis Senior\u201d<\/strong><br \/>\nDe sistemas para el cliente BBVA Espa\u00f1a, gestionando de equipos de trabajo. Los sistemas est\u00e1n desarrollados sobre Cobol. Gestionando un equipo de 6 personas.(noviembre de 2012 &#8211; agosto de 2013)<\/p>\n<p><strong>\u201cAnalista&#8221;<\/strong><br \/>\nPara el cliente Movistar Argentina, gestionando de equipos de trabajo. Los sistemas est\u00e1n desarrollados sobre Cobol. Gestionando un equipo de 8 personas. (agosto de 2010 &#8211; octubre de 2012)<\/p>\n<p><strong>\u201cAnalista programador\u201d<\/strong><br \/>\nRealizando an\u00e1lisis y desarrollo de sistemas para el cliente Telef\u00f3nica Argentina, los mismos se encuentran desarrollados usando PL\/SQL para la capa de BD y HPS para la capa de presentaci\u00f3n. Gestionando un equipo de 5 personas.(septiembre de 2009 &#8211; agosto de 2010)<\/p>\n<p><strong>UNT-Fac. de Arquitectura: \u201cAuxiliar del Departamento de sistemas\u201d<\/strong><\/p>\n<ul>\n<li>Desarrollo de sistemas y Administraci\u00f3n de base de datos de los mismos desde mayo de 2007 hasta agosto de 2009 junto al Ing. Mat\u00edas Mendiondo.<\/li>\n<li>El trabajo consiste en la realizaci\u00f3n de sistemas para dicha facultad, para lo cual, en una primera etapa se realizo entrevistas con los futuros usuario finales del sistema, luego de aprobado la especificaci\u00f3n de requisitos, se comenz\u00f3 la realizaci\u00f3n de la estructura de la B.D. utilizando SQL Server 200. Se tuvo en cuenta permisos, seguridad, procedimientos almacenados, triggers, funciones, backups programados, \u00edndices, etc. Para la capa de presentaci\u00f3n de dichos sistemas, se realizaron sobre la plataforma .NET 2.0 utilizando VB.NET como lenguaje principal de programaci\u00f3n y cristal report para la impresi\u00f3n de distintos reportes. En la actualidad son tres los sistemas integrados que se encuentran en funcionamiento.<\/li>\n<\/ul>\n<p><strong>Plustek: \u201cProgramador\u201d<\/strong><\/p>\n<ul>\n<li>Desarrollo de sistema web desde diciembre de 2007 hasta septiembre de 2008.<\/li>\n<li>Los sistemas se desarrollaron utilizando MySQL y PHP.<\/li>\n<\/ul>\n<p><strong>UNT-Fac. De Ciencias Econ\u00f3micas: \u201chelp desk\u201d<\/strong><\/p>\n<ul>\n<li>Soporte t\u00e9cnico para docentes y no docentes desde octubre de 2006 hasta abril de 2007.<\/li>\n<li>El trabajo consist\u00eda en mantener las PC de la facultad como as\u00ed tambi\u00e9n a la red docentes y red alumnos que son parte de dicha facultad, mantener la configuraci\u00f3n de los servidores y realizar el cableado de redes.<\/li>\n<\/ul>\n<p><strong>Empresa de publicidad 365:\u201cDise\u00f1ador web\u201d<\/strong><\/p>\n<ul>\n<li>Desarrollo Web desde mayo hasta septiembre de 2006.<\/li>\n<li>Los desarrollos se realizaron utilizando PHP y HTML.<\/li>\n<\/ul>\n<p><strong>Desarrollo de sitios Web en forma particular:\u201cDise\u00f1ador web\u201d<\/strong><\/p>\n<ul>\n<li>Desde 2003 hasta 2006.<\/li>\n<li>Los mismos se realizaron utilizando HTML.<\/li>\n<\/ul>\n<p><strong>OTROS ANTECEDENTES<br \/>\n<\/strong><\/p>\n<ul>\n<li>He participado activamente en todo el proceso que se realiz\u00f3 en la empresa Everis para que el mismo certifique CMMI 3 y luego CMMI 5, siendo en ambos casos parte del equipo que participo del scampi. En 2015\u00a0coordinando la Re Certificaci\u00f3n .<\/li>\n<li>CMMI es un modelo para la mejora y evaluaci\u00f3n de procesos para el desarrollo, mantenimiento y operaci\u00f3n de sistemas de software. En la actualidad la \u00fanica certificaci\u00f3n de nivel 5 en el norte del pa\u00eds es en la cual he participado, siendo incluso solo 8 en el pa\u00eds actualmente: <a href=\"https:\/\/sas.cmmiinstitute.com\/pars\/pars.aspx\">https:\/\/sas.cmmiinstitute.com\/pars\/pars.aspx<\/a><\/li>\n<li>Certificaci\u00f3n de la empresa: <a href=\"https:\/\/sas.cmmiinstitute.com\/pars\/pars_detail.aspx?a=18672\">https:\/\/sas.cmmiinstitute.com\/pars\/pars_detail.aspx?a=18672<\/a><\/li>\n<li>Para la certificaci\u00f3n he realizado 3 cursos, uno de ellos oficial del SEI, con certificaci\u00f3n en tr\u00e1mite:<\/li>\n<li><strong><em>\u201cIntroduction to Capability Maturity Model Integration V1.\u201d <\/em><\/strong><em>PROCESIX INC. SEI Partner &#8211; CarnegieMellon \u2013 Argentina &#8211; Curso oficial (24hs) (t\u00edtulo en tr\u00e1mite)<\/em><\/li>\n<li><strong><em>\u201cFormaci\u00f3n Modelo CMMI Gesti\u00f3n\u201d <\/em><\/strong>Uco Everis 12\/2010. <em>(4hs)<\/em><\/li>\n<li><strong><em>\u201cFormaci\u00f3n Modelo CMMI Operacional\u201d <\/em><\/strong>Uco Everis 11\/2010. <em>(4hs)<\/em><\/li>\n<\/ul>\n<p>&nbsp;<\/p>\n","protected":false},"excerpt":{"rendered":"<p>Ing. Guillermo Rossi\u00a0&#8211;\u00a0Auxiliar Graduado con Dedicaci\u00f3n media &#8211; grossi@herrera.unt.edu.ar T\u00cdTULOS \u201cM\u00e1ster en Direcci\u00f3n Estrat\u00e9gica en Tecnolog\u00edas de la Informaci\u00f3n especializado en Ingenier\u00eda de Software\u201d en modalidad a distancia por la Universidad de Le\u00f3n \u2013 Espa\u00f1a en octubre de 2012. &#8220;Ingeniero en Computaci\u00f3n&#8221; \u2013 Facultad de Ciencias Exactas y Tecnolog\u00eda de la Universidad Nacional de Tucum\u00e1n [&hellip;]<\/p>\n","protected":false},"author":2,"featured_media":0,"parent":111,"menu_order":3,"comment_status":"closed","ping_status":"closed","template":"","meta":[],"_links":{"self":[{"href":"https:\/\/catedras.facet.unt.edu.ar\/ingsoftware\/wp-json\/wp\/v2\/pages\/356"}],"collection":[{"href":"https:\/\/catedras.facet.unt.edu.ar\/ingsoftware\/wp-json\/wp\/v2\/pages"}],"about":[{"href":"https:\/\/catedras.facet.unt.edu.ar\/ingsoftware\/wp-json\/wp\/v2\/types\/page"}],"author":[{"embeddable":true,"href":"https:\/\/catedras.facet.unt.edu.ar\/ingsoftware\/wp-json\/wp\/v2\/users\/2"}],"replies":[{"embeddable":true,"href":"https:\/\/catedras.facet.unt.edu.ar\/ingsoftware\/wp-json\/wp\/v2\/comments?post=356"}],"version-history":[{"count":11,"href":"https:\/\/catedras.facet.unt.edu.ar\/ingsoftware\/wp-json\/wp\/v2\/pages\/356\/revisions"}],"predecessor-version":[{"id":676,"href":"https:\/\/catedras.facet.unt.edu.ar\/ingsoftware\/wp-json\/wp\/v2\/pages\/356\/revisions\/676"}],"up":[{"embeddable":true,"href":"https:\/\/catedras.facet.unt.edu.ar\/ingsoftware\/wp-json\/wp\/v2\/pages\/111"}],"wp:attachment":[{"href":"https:\/\/catedras.facet.unt.edu.ar\/ingsoftware\/wp-json\/wp\/v2\/media?parent=356"}],"curies":[{"name":"wp","href":"https:\/\/api.w.org\/{rel}","templated":true}]}}