{"id":32,"date":"2014-01-04T14:13:47","date_gmt":"2014-01-04T17:13:47","guid":{"rendered":"https:\/\/catedras.facet.unt.edu.ar\/ingsoftware\/?page_id=32"},"modified":"2025-02-20T10:36:01","modified_gmt":"2025-02-20T13:36:01","slug":"condiciones-de-ing-de-software-i","status":"publish","type":"page","link":"https:\/\/catedras.facet.unt.edu.ar\/ingsoftware\/ing-de-software-i\/condiciones-de-ing-de-software-i\/","title":{"rendered":"Condiciones IS I"},"content":{"rendered":"<p><strong>Inscripci\u00f3n Regular en la Asignatura (sin excepciones):<\/strong><\/p>\n<ul>\n<li>Bases de Datos regular para inscripci\u00f3n (r\u00e9gimen transitorio) y aprobada para examen.<\/li>\n<\/ul>\n<p>&nbsp;<\/p>\n<p><strong>R\u00e9gimen de Cursado (16 semanas):<\/strong><\/p>\n<ul>\n<li>100% de asistencia a Trabajos Pr\u00e1cticos y Laboratorios.<\/li>\n<li>Nota promedio de Ex\u00e1menes Parciales (quiz) igual o superior a 50\/100 <strong>(EP)<\/strong><\/li>\n<li>100% de Trabajos Pr\u00e1cticos y Laboratorios presentados y aprobados.<\/li>\n<li>Promedio de Trabajos Pr\u00e1cticos y Laboratorios igual o superior a 50\/100 <strong>(TP)<\/strong><\/li>\n<li>Nota de aprobaci\u00f3n de cada Trabajo Pr\u00e1ctico y Laboratorio igual o superior a 50\/100.<\/li>\n<li>Nota de Examen Final igual a superior a 50\/100<strong> (EF)<\/strong><\/li>\n<li><strong>Nota Final = 0,7 * EF + 0,2 * TP + 0,1 * EP (con condiciones anteriores cumplidas)<\/strong><\/li>\n<\/ul>\n<p>&nbsp;<\/p>\n<p><strong>R\u00e9gimen de Recuperaci\u00f3n (4 semanas):<\/strong><\/p>\n<ul>\n<li>Cumplir las condiciones del r\u00e9gimen seg\u00fan Reglamento (Resoluci\u00f3n RES-FACET-DDAC-2809\/2023).<\/li>\n<li>Aprobaci\u00f3n del Examen Te\u00f3rico <strong>(ET)<\/strong> con nota igual o superior a 50\/100, para acceder al Examen Pr\u00e1ctico, que se detalla a continuaci\u00f3n.<\/li>\n<li>Aprobaci\u00f3n del Examen Pr\u00e1ctico <strong>(EX)<\/strong> con nota igual o superior a 50\/10.<\/li>\n<li><strong>Nota Final = 0,6 * EX + 0,3 * ET + 01, * TP (con condiciones anteriores cumplidas)<\/strong><\/li>\n<\/ul>\n","protected":false},"excerpt":{"rendered":"<p>Inscripci\u00f3n Regular en la Asignatura (sin excepciones): Bases de Datos regular para inscripci\u00f3n (r\u00e9gimen transitorio) y aprobada para examen. &nbsp; R\u00e9gimen de Cursado (16 semanas): 100% de asistencia a Trabajos Pr\u00e1cticos y Laboratorios. Nota promedio de Ex\u00e1menes Parciales (quiz) igual o superior a 50\/100 (EP) 100% de Trabajos Pr\u00e1cticos y Laboratorios presentados y aprobados. Promedio [&hellip;]<\/p>\n","protected":false},"author":2,"featured_media":0,"parent":18,"menu_order":2,"comment_status":"closed","ping_status":"closed","template":"","meta":[],"_links":{"self":[{"href":"https:\/\/catedras.facet.unt.edu.ar\/ingsoftware\/wp-json\/wp\/v2\/pages\/32"}],"collection":[{"href":"https:\/\/catedras.facet.unt.edu.ar\/ingsoftware\/wp-json\/wp\/v2\/pages"}],"about":[{"href":"https:\/\/catedras.facet.unt.edu.ar\/ingsoftware\/wp-json\/wp\/v2\/types\/page"}],"author":[{"embeddable":true,"href":"https:\/\/catedras.facet.unt.edu.ar\/ingsoftware\/wp-json\/wp\/v2\/users\/2"}],"replies":[{"embeddable":true,"href":"https:\/\/catedras.facet.unt.edu.ar\/ingsoftware\/wp-json\/wp\/v2\/comments?post=32"}],"version-history":[{"count":22,"href":"https:\/\/catedras.facet.unt.edu.ar\/ingsoftware\/wp-json\/wp\/v2\/pages\/32\/revisions"}],"predecessor-version":[{"id":1729,"href":"https:\/\/catedras.facet.unt.edu.ar\/ingsoftware\/wp-json\/wp\/v2\/pages\/32\/revisions\/1729"}],"up":[{"embeddable":true,"href":"https:\/\/catedras.facet.unt.edu.ar\/ingsoftware\/wp-json\/wp\/v2\/pages\/18"}],"wp:attachment":[{"href":"https:\/\/catedras.facet.unt.edu.ar\/ingsoftware\/wp-json\/wp\/v2\/media?parent=32"}],"curies":[{"name":"wp","href":"https:\/\/api.w.org\/{rel}","templated":true}]}}