{"id":24,"date":"2014-01-04T15:02:49","date_gmt":"2014-01-04T18:02:49","guid":{"rendered":"https:\/\/catedras.facet.unt.edu.ar\/ingsoftware\/?page_id=24"},"modified":"2019-03-06T12:13:32","modified_gmt":"2019-03-06T15:13:32","slug":"trabajos-de-graduacion","status":"publish","type":"page","link":"https:\/\/catedras.facet.unt.edu.ar\/ingsoftware\/trabajos-de-graduacion\/","title":{"rendered":"Trabajos de Graduaci\u00f3n"},"content":{"rendered":"<p>Esta es la lista de Trabajos de Graduaci\u00f3n a cargo de los docentes de esta c\u00e1tedra. En esta secci\u00f3n podr\u00e1 encontrar temas propuestos para\u00a0Trabajo de Graduaci\u00f3n de la carrera, as\u00ed como tambi\u00e9n aquellos en ejecuci\u00f3n y los ya terminados.<\/p>\n<p>Nos interesa su opini\u00f3n para seguir mejorando. Por favos\u00a0escr\u00edbanos.<\/p>\n<table border=\"0\" width=\"883\" cellspacing=\"0\" cellpadding=\"0\">\n<tbody>\n<tr>\n<td width=\"91\" height=\"50\">05\/12\/2018<\/td>\n<td width=\"566\">Software de Prop\u00f3sito General para Implementaci\u00f3n, Gesti\u00f3n y Monitorizaci\u00f3n de Sistemas IOT (En curso)<\/td>\n<td width=\"226\">A. Dom\u00ednguez, F. Tacconi Stefani, M. Sosa Padilla<\/td>\n<\/tr>\n<tr>\n<td width=\"91\" height=\"50\">01\/12\/2018<\/td>\n<td width=\"566\">Desarrollo de servicios web para interoperabilidad entre sistemas de gesti\u00f3n de pacientes y de gesti\u00f3n de im\u00e1genes est\u00e1ndar (Finalizado)<\/td>\n<td width=\"226\">E. Aparicio<\/td>\n<\/tr>\n<tr>\n<td width=\"91\" height=\"50\">01\/09\/2018<\/td>\n<td width=\"566\">Software de Gesti\u00f3n de un Frigor\u00edfico (Finalizado)<\/td>\n<td width=\"226\">J.Moreno, L. Guti\u00e9rrez<\/td>\n<\/tr>\n<tr>\n<td width=\"91\" height=\"50\">01\/09\/2016<\/td>\n<td width=\"566\">Sistema de Gesti\u00f3n de Alumnos para el ISMUNT (Finalizado)<\/td>\n<td width=\"226\">A. Pedraza<\/td>\n<\/tr>\n<tr>\n<td width=\"91\" height=\"50\">01\/03\/2016<\/td>\n<td width=\"566\">Sistema de an\u00e1lisis estad\u00edstico de tr\u00e1fico mediante detecci\u00f3n de movimiento en tiempo real (Finalizado)<\/td>\n<td width=\"226\">J. Abuin, J. Bravo C\u00f3rdoba, M. Ci\u00f3tola<\/td>\n<\/tr>\n<tr>\n<td width=\"91\" height=\"50\">01\/12\/2014<\/td>\n<td width=\"566\">Software de Seguimiento Acad\u00e9mico Laboral de Alumnos Centro Formaci\u00f3n Profesional (Finalizado)<\/td>\n<td width=\"226\">C. Romano<\/td>\n<\/tr>\n<tr>\n<td width=\"91\" height=\"50\">01\/03\/2014<\/td>\n<td width=\"566\">Sistema de Gesti\u00f3n de Escriban\u00edas (Finalizado)<\/td>\n<td width=\"226\">R. Benedicto<\/td>\n<\/tr>\n<tr>\n<td width=\"91\" height=\"50\">01\/03\/2013<\/td>\n<td width=\"566\">Aplicaci\u00f3n de comercio electr\u00f3nico para tel\u00e9fonos m\u00f3viles con S.O. Android (Finalizado)<\/td>\n<td width=\"226\">P. Soto, S. Vallejo<\/td>\n<\/tr>\n<tr>\n<td width=\"91\" height=\"50\">01\/09\/2012<\/td>\n<td width=\"566\">Sistema de Gesti\u00f3n de Comercio: M\u00f3dulos Compra y Venta (Finalizado)<\/td>\n<td width=\"226\">G. Faciano, A. Puentes<\/td>\n<\/tr>\n<tr>\n<td width=\"91\" height=\"50\">01\/08\/2012<\/td>\n<td width=\"566\">Herramienta Case para la Estimaci\u00f3n de Proyectos de Software seg\u00fan Puntos de Funci\u00f3n y Cocomo (Finalizado)<\/td>\n<td width=\"226\">F. Velardez<\/td>\n<\/tr>\n<tr>\n<td width=\"91\" height=\"50\">01\/05\/2012<\/td>\n<td width=\"566\">Desarrollo de un juego del tipo MMO (Finalizado)<\/td>\n<td width=\"226\">S. Carrera, A. Soler<\/td>\n<\/tr>\n<tr>\n<td width=\"91\" height=\"50\">01\/03\/2012<\/td>\n<td width=\"566\">Aplicaci\u00f3n Web de tienda virtual de libros usados y de colecci\u00f3n (Finalizado)<\/td>\n<td width=\"226\">G. Rold\u00e1n<\/td>\n<\/tr>\n<tr>\n<td width=\"91\" height=\"50\">05\/12\/2011<\/td>\n<td width=\"566\">Sistema de Gesti\u00f3n de la Cooperadora de la FACET (Finalizado)<\/td>\n<td width=\"226\">L. Rezzonico, J. Urpi<\/td>\n<\/tr>\n<tr>\n<td width=\"91\" height=\"50\">01\/12\/2011<\/td>\n<td width=\"566\">Sistemas Inform\u00e1ticos de una Unidad de Gendarmer\u00eda Nacional (Finalizado)<\/td>\n<td width=\"226\">D. Balderrama<\/td>\n<\/tr>\n<tr>\n<td width=\"91\" height=\"50\">01\/11\/2011<\/td>\n<td width=\"566\">Aplicaci\u00f3n Web para Ingenier\u00eda Cl\u00ednica SIPROSA (Finalizado)<\/td>\n<td width=\"226\">M. Valdez Alarc\u00f3n, C. Mar\u00eda<\/td>\n<\/tr>\n<tr>\n<td width=\"91\" height=\"50\">06\/08\/2011<\/td>\n<td width=\"566\">Sistema de Gesti\u00f3n del Centro Oftalmol\u00f3gico Lischinsky (Finalizado)<\/td>\n<td width=\"226\">G. Acosta, M. Flores<\/td>\n<\/tr>\n<tr>\n<td width=\"91\" height=\"50\">01\/08\/2011<\/td>\n<td width=\"566\">Herramienta de Verificaci\u00f3n del Est\u00e1ndar de Codificaci\u00f3n de Software CSVT INVAP (Finalizado)<\/td>\n<td width=\"226\">M. El\u00edas Gutierrez<\/td>\n<\/tr>\n<tr>\n<td width=\"91\" height=\"50\">01\/07\/2011<\/td>\n<td width=\"566\">Certificaci\u00f3n CMMI en empresas (Finalizado)<\/td>\n<td width=\"226\">L. Urue\u00f1a<\/td>\n<\/tr>\n<tr>\n<td width=\"91\" height=\"50\">02\/05\/2010<\/td>\n<td width=\"566\">Sistema de Gesti\u00f3n de Registros Pletimogr\u00e1ficos (Finalizado)<\/td>\n<td width=\"226\">P. Sosa<\/td>\n<\/tr>\n<tr>\n<td width=\"91\" height=\"50\">01\/12\/2009<\/td>\n<td width=\"566\">Aplicaci\u00f3n de Gesti\u00f3n de Tarjetas de Cr\u00e9dito (Finalizado)<\/td>\n<td width=\"226\">M. Herrera, D. y C. Zurita<\/td>\n<\/tr>\n<tr>\n<td width=\"91\" height=\"50\">06\/05\/2009<\/td>\n<td width=\"566\">Migraci\u00f3n Sistema de Gesti\u00f3n Administrativa y Alumnos de la FACET a plataformas abiertas (Finalizado)<\/td>\n<td width=\"226\">F. Petrelli, A. Tr\u00e1lice, C. Romero, D. Garc\u00eda<\/td>\n<\/tr>\n<tr>\n<td width=\"91\" height=\"25\">10\/02\/2009<\/td>\n<td width=\"566\">Sistema de Gesti\u00f3n de Activos de Hardware Scania (Finalizado)<\/td>\n<td width=\"226\">Agostina Ghidara<\/td>\n<\/tr>\n<tr>\n<td width=\"91\" height=\"25\">12\/06\/2007<\/td>\n<td width=\"566\">Aplicaci\u00f3n para Seguimiento de Alumnos &#8211; FACET (Finalizado)<\/td>\n<td width=\"226\">E. Hasan<\/td>\n<\/tr>\n<tr>\n<td width=\"91\" height=\"25\">28\/05\/2007<\/td>\n<td width=\"566\">Metodolog\u00eda de Adquisici\u00f3n de Software (Finalizado)<\/td>\n<td width=\"226\">A. Brunello<\/td>\n<\/tr>\n<tr>\n<td width=\"91\" height=\"25\">15\/10\/2006<\/td>\n<td width=\"566\">Generador de C\u00f3digo &#8220;Coud Yeneraitor&#8221; (Finalizado)<\/td>\n<td width=\"226\">S. \u00c1guila &#8211; P. Rodriguez<\/td>\n<\/tr>\n<tr>\n<td width=\"91\" height=\"25\">30\/04\/2006<\/td>\n<td width=\"566\">WAP Alumnos (Finalizado)<\/td>\n<td width=\"226\">G. Rossi<\/td>\n<\/tr>\n<tr>\n<td width=\"91\" height=\"25\">07\/04\/2006<\/td>\n<td width=\"566\">Aplicaci\u00f3n Web para la Gesti\u00f3n de Trabajos de Graduaci\u00f3n (Finalizado)<\/td>\n<td width=\"226\">A. Mendiondo<\/td>\n<\/tr>\n<tr>\n<td width=\"91\" height=\"25\">15\/03\/2006<\/td>\n<td width=\"566\">Sistema de Mantenimiento Preventivo y Predictivo de M\u00e1quinas (Finalizado)<\/td>\n<td width=\"226\">A. Farf\u00e1n &#8211; E. Bejarano<\/td>\n<\/tr>\n<tr>\n<td width=\"91\" height=\"25\">06\/11\/2005<\/td>\n<td width=\"566\">Aplicaci\u00f3n Web para la Gesti\u00f3n de Tutor\u00edas (Finalizado)<\/td>\n<td width=\"226\">R. Carpio &#8211; B. Rosales<\/td>\n<\/tr>\n<tr>\n<td width=\"91\" height=\"25\">21\/10\/2005<\/td>\n<td width=\"566\">Aplicaci\u00f3n Web del Colegio de Graduados en Ciencias Econ\u00f3micas (Finalizado)<\/td>\n<td width=\"226\">M. S\u00e1nchez<\/td>\n<\/tr>\n<tr>\n<td width=\"91\" height=\"25\">03\/06\/2004<\/td>\n<td width=\"566\">Graduados del DEEC (Finalizado)<\/td>\n<td width=\"226\">M. Guzm\u00e1n y R. Maur\u00edn<\/td>\n<\/tr>\n<tr>\n<td width=\"91\" height=\"25\">11\/09\/2003<\/td>\n<td width=\"566\">Sistema de Gesti\u00f3n de Caja Chica &#8211; FACET (Finalizado)<\/td>\n<td width=\"226\">G. Almar\u00e1z y R. Polti<\/td>\n<\/tr>\n<tr>\n<td width=\"91\" height=\"25\">10\/09\/2003<\/td>\n<td width=\"566\">Sistema de Gesti\u00f3n de Posgrado \u2013 FACET (Finalizado)<\/td>\n<td width=\"226\">R. Canavides y D. Moscoso<\/td>\n<\/tr>\n<\/tbody>\n<\/table>\n","protected":false},"excerpt":{"rendered":"<p>Esta es la lista de Trabajos de Graduaci\u00f3n a cargo de los docentes de esta c\u00e1tedra. En esta secci\u00f3n podr\u00e1 encontrar temas propuestos para\u00a0Trabajo de Graduaci\u00f3n de la carrera, as\u00ed como tambi\u00e9n aquellos en ejecuci\u00f3n y los ya terminados. Nos interesa su opini\u00f3n para seguir mejorando. Por favos\u00a0escr\u00edbanos. 05\/12\/2018 Software de Prop\u00f3sito General para Implementaci\u00f3n, [&hellip;]<\/p>\n","protected":false},"author":2,"featured_media":0,"parent":0,"menu_order":0,"comment_status":"closed","ping_status":"closed","template":"","meta":[],"_links":{"self":[{"href":"https:\/\/catedras.facet.unt.edu.ar\/ingsoftware\/wp-json\/wp\/v2\/pages\/24"}],"collection":[{"href":"https:\/\/catedras.facet.unt.edu.ar\/ingsoftware\/wp-json\/wp\/v2\/pages"}],"about":[{"href":"https:\/\/catedras.facet.unt.edu.ar\/ingsoftware\/wp-json\/wp\/v2\/types\/page"}],"author":[{"embeddable":true,"href":"https:\/\/catedras.facet.unt.edu.ar\/ingsoftware\/wp-json\/wp\/v2\/users\/2"}],"replies":[{"embeddable":true,"href":"https:\/\/catedras.facet.unt.edu.ar\/ingsoftware\/wp-json\/wp\/v2\/comments?post=24"}],"version-history":[{"count":13,"href":"https:\/\/catedras.facet.unt.edu.ar\/ingsoftware\/wp-json\/wp\/v2\/pages\/24\/revisions"}],"predecessor-version":[{"id":1447,"href":"https:\/\/catedras.facet.unt.edu.ar\/ingsoftware\/wp-json\/wp\/v2\/pages\/24\/revisions\/1447"}],"wp:attachment":[{"href":"https:\/\/catedras.facet.unt.edu.ar\/ingsoftware\/wp-json\/wp\/v2\/media?parent=24"}],"curies":[{"name":"wp","href":"https:\/\/api.w.org\/{rel}","templated":true}]}}