{"id":201,"date":"2014-02-06T21:44:08","date_gmt":"2014-02-07T00:44:08","guid":{"rendered":"https:\/\/catedras.facet.unt.edu.ar\/ingsoftware\/?page_id=201"},"modified":"2024-02-27T11:42:06","modified_gmt":"2024-02-27T14:42:06","slug":"material-de-estudio-is-i","status":"publish","type":"page","link":"https:\/\/catedras.facet.unt.edu.ar\/ingsoftware\/ing-de-software-i\/material-de-estudio-is-i\/","title":{"rendered":"Material de Estudio IS I"},"content":{"rendered":"<p><strong><span style=\"text-decoration: underline\">Teor\u00eda:<\/span><\/strong><\/p>\n<p><strong><a href=\"https:\/\/catedras.facet.unt.edu.ar\/ingsoftware\/wp-content\/uploads\/sites\/3\/2024\/02\/ClasesIS1_00_Introduccion.pdf\">Clases 00 Introducci\u00f3n<\/a>:<\/strong> Diapositivas con horarios, condiciones, bibliograf\u00eda, programa y horarios de la asignatura, entre otras cosas.<\/p>\n<p><a href=\"https:\/\/catedras.facet.unt.edu.ar\/ingsoftware\/wp-content\/uploads\/sites\/3\/2020\/03\/ClasesIS1_01_Ingenier\u00eda-de-Software.pdf\"><strong>Clases 01 Ingenier\u00eda de Software<\/strong><\/a><strong>:<\/strong> Diapositivas con las definiciones principales, modelos de ciclos de vida y metodolog\u00edas.<\/p>\n<p><strong><a href=\"https:\/\/catedras.facet.unt.edu.ar\/ingsoftware\/wp-content\/uploads\/sites\/3\/2014\/02\/UML-2-Caso-Practico.pdf\" target=\"_blank\" rel=\"noopener noreferrer\">UML 2 Caso Practico<\/a><\/strong><\/p>\n<p><strong><a href=\"https:\/\/catedras.facet.unt.edu.ar\/ingsoftware\/wp-content\/uploads\/sites\/3\/2017\/04\/ComercioZ.zip\" rel=\"noopener noreferrer\">ComercioZ<\/a><\/strong>: archivo .eap del ejemplo de clases.<\/p>\n<p><a href=\"https:\/\/catedras.facet.unt.edu.ar\/ingsoftware\/wp-content\/uploads\/sites\/3\/2014\/03\/IEEE830.rar\" rel=\"noopener noreferrer\"><strong>IEEE830<\/strong><\/a>: Archivos de recursos para la Especificaci\u00f3n de Requisitos de Software.<\/p>\n<p>&nbsp;<\/p>\n<p><span style=\"text-decoration: underline\"><strong>C\u00f3digo Fuente:<\/strong><\/span><\/p>\n<p><strong><a href=\"https:\/\/catedras.facet.unt.edu.ar\/ingsoftware\/wp-content\/uploads\/sites\/3\/2014\/03\/Figuras.rar\" rel=\"noopener noreferrer\">Figuras<\/a>:<\/strong> Ejemplo de polimorfismo en java.<\/p>\n<p><strong><a href=\"https:\/\/catedras.facet.unt.edu.ar\/ingsoftware\/wp-content\/uploads\/sites\/3\/2014\/03\/Invernadero.rar\" rel=\"noopener noreferrer\">Invernadero<\/a>:<\/strong> ejemplo de clases codificado. Observar el fen\u00f3meno de hist\u00e9resis<\/p>\n<p><strong><a href=\"https:\/\/catedras.facet.unt.edu.ar\/ingsoftware\/wp-content\/uploads\/sites\/3\/2014\/03\/Agenda.rar\" rel=\"noopener noreferrer\">Agenda<\/a>:<\/strong> Ejemplo de agenda en java con MS SQL Server 2000<\/p>\n<p><strong><a href=\"https:\/\/catedras.facet.unt.edu.ar\/ingsoftware\/wp-content\/uploads\/sites\/3\/2014\/03\/AgendaMySQL.rar\" rel=\"noopener noreferrer\">Agenda mysql<\/a>:<\/strong> Ejemplo de agenda en java con mysql 5.x.<\/p>\n<p><strong><a href=\"https:\/\/catedras.facet.unt.edu.ar\/ingsoftware\/wp-content\/uploads\/sites\/3\/2014\/05\/subtes.rar\" rel=\"noopener noreferrer\">Subtes<\/a>:<\/strong> ejemplo de grafos y algoritmo de Prim.<\/p>\n<p><strong><a href=\"https:\/\/catedras.facet.unt.edu.ar\/ingsoftware\/wp-content\/uploads\/sites\/3\/2017\/06\/EjemploIGestor.zip\" rel=\"noopener noreferrer\">IGestor<\/a>:<\/strong> C\u00f3digo fuente de una implementaci\u00f3n en java de la interfaz IGestor.<\/p>\n<p>&nbsp;<\/p>\n<p><span style=\"text-decoration: underline\"><strong>Ejemplos vistos en clases:<\/strong><\/span><\/p>\n<p><strong><a href=\"https:\/\/catedras.facet.unt.edu.ar\/ingsoftware\/wp-content\/uploads\/sites\/3\/2017\/03\/Ejemplo-Casos-de-Uso-Gestor.pdf\" target=\"_blank\" rel=\"noopener noreferrer\">Ejemplo Casos de Uso Gestor<\/a>:<\/strong> documento con el patr\u00f3n de casos de uso de gestor (Diagrama de actividad)<\/p>\n<p><a href=\"https:\/\/catedras.facet.unt.edu.ar\/ingsoftware\/wp-content\/uploads\/sites\/3\/2018\/03\/EjemploDTCU.doc\" rel=\"noopener noreferrer\"><strong>Ejemplo DTCU<\/strong><\/a>: Ejemplo Descripciones Textuales Casos de Uso de ElBlog.<\/p>\n<p><a href=\"https:\/\/catedras.facet.unt.edu.ar\/ingsoftware\/wp-content\/uploads\/sites\/3\/2017\/03\/Ejemplo-Casos-de-Uso-Gestor.pdf\" target=\"_blank\" rel=\"noopener noreferrer\"><strong>Ejemplo Casos de Uso Gestor<\/strong><\/a>: Ejemplo Casos de Uso de Tipos de Documento.<\/p>\n<p><a href=\"https:\/\/catedras.facet.unt.edu.ar\/ingsoftware\/wp-content\/uploads\/sites\/3\/2018\/03\/Modelado-de-datos.pdf\" target=\"_blank\" rel=\"noopener noreferrer\"><strong>Modelado de datos<\/strong><\/a><strong>:<\/strong> diapositivas de modelado de datos<\/p>\n<p><a href=\"https:\/\/catedras.facet.unt.edu.ar\/ingsoftware\/wp-content\/uploads\/sites\/3\/2018\/04\/Ejemplo-herencia-CU-en-GCO.pdf\" target=\"_blank\" rel=\"noopener noreferrer\"><strong>Ejemplo herencia CU en GCO<\/strong><\/a>: ejemplo de casos de uso de herencia (NUEVO)<\/p>\n<p>&nbsp;<\/p>\n<p><span style=\"text-decoration: underline\"><strong>Consultas:<\/strong><\/span><\/p>\n<p><strong><a href=\"https:\/\/catedras.facet.unt.edu.ar\/ingsoftware\/wp-content\/uploads\/sites\/3\/2017\/06\/T\u00e9cnica-de-guiones.pdf\" target=\"_blank\" rel=\"noopener noreferrer\">Ejemplo T\u00e9cnica de Guiones<\/a><\/strong><\/p>\n<p><strong><a href=\"https:\/\/catedras.facet.unt.edu.ar\/ingsoftware\/wp-content\/uploads\/sites\/3\/2017\/06\/Pr\u00e1cticaScript.pdf\" target=\"_blank\" rel=\"noopener noreferrer\">Ejemplo Pr\u00e1ctica Script<\/a><\/strong><\/p>\n<p>&nbsp;<\/p>\n<p><span style=\"text-decoration: underline\"><strong>Trabajos Pr\u00e1cticos:<\/strong><\/span><\/p>\n<p>&nbsp;<\/p>\n","protected":false},"excerpt":{"rendered":"<p>Teor\u00eda: Clases 00 Introducci\u00f3n: Diapositivas con horarios, condiciones, bibliograf\u00eda, programa y horarios de la asignatura, entre otras cosas. Clases 01 Ingenier\u00eda de Software: Diapositivas con las definiciones principales, modelos de ciclos de vida y metodolog\u00edas. UML 2 Caso Practico ComercioZ: archivo .eap del ejemplo de clases. IEEE830: Archivos de recursos para la Especificaci\u00f3n de Requisitos [&hellip;]<\/p>\n","protected":false},"author":2,"featured_media":0,"parent":18,"menu_order":5,"comment_status":"closed","ping_status":"closed","template":"","meta":[],"_links":{"self":[{"href":"https:\/\/catedras.facet.unt.edu.ar\/ingsoftware\/wp-json\/wp\/v2\/pages\/201"}],"collection":[{"href":"https:\/\/catedras.facet.unt.edu.ar\/ingsoftware\/wp-json\/wp\/v2\/pages"}],"about":[{"href":"https:\/\/catedras.facet.unt.edu.ar\/ingsoftware\/wp-json\/wp\/v2\/types\/page"}],"author":[{"embeddable":true,"href":"https:\/\/catedras.facet.unt.edu.ar\/ingsoftware\/wp-json\/wp\/v2\/users\/2"}],"replies":[{"embeddable":true,"href":"https:\/\/catedras.facet.unt.edu.ar\/ingsoftware\/wp-json\/wp\/v2\/comments?post=201"}],"version-history":[{"count":141,"href":"https:\/\/catedras.facet.unt.edu.ar\/ingsoftware\/wp-json\/wp\/v2\/pages\/201\/revisions"}],"predecessor-version":[{"id":1723,"href":"https:\/\/catedras.facet.unt.edu.ar\/ingsoftware\/wp-json\/wp\/v2\/pages\/201\/revisions\/1723"}],"up":[{"embeddable":true,"href":"https:\/\/catedras.facet.unt.edu.ar\/ingsoftware\/wp-json\/wp\/v2\/pages\/18"}],"wp:attachment":[{"href":"https:\/\/catedras.facet.unt.edu.ar\/ingsoftware\/wp-json\/wp\/v2\/media?parent=201"}],"curies":[{"name":"wp","href":"https:\/\/api.w.org\/{rel}","templated":true}]}}