{"id":20,"date":"2014-01-04T13:05:16","date_gmt":"2014-01-04T16:05:16","guid":{"rendered":"https:\/\/catedras.facet.unt.edu.ar\/ingsoftware\/?page_id=20"},"modified":"2014-01-12T22:21:09","modified_gmt":"2014-01-13T01:21:09","slug":"ing-de-software-ii","status":"publish","type":"page","link":"https:\/\/catedras.facet.unt.edu.ar\/ingsoftware\/ing-de-software-ii\/","title":{"rendered":"Ing. de Software II"},"content":{"rendered":"<p>Bienvenido a la p\u00e1gina de la materia electiva EC3 Ingenier\u00eda de Software II del plan 2004, EAG Ingenier\u00eda de Software del plan 1991\u00a0de la carrera Ingenier\u00eda en Computaci\u00f3n de la Facultad de Ciencias Exactas y Tecnolog\u00eda de la Universidad Nacional de Tucum\u00e1n.<\/p>\n<p>En esta p\u00e1gina encontrar\u00e1 informaci\u00f3n respecto al cursado de la asignatura, horarios, condiciones, bibliograf\u00eda, documentos relevantes y novedades.<\/p>\n<p>Nos interesa su opini\u00f3n para seguir mejorando. Por favor\u00a0escr\u00edbanos.<\/p>\n<ul>\n<li>Documentos de Ing. de Software II ( S\u00f3lo usuarios registrados )<\/li>\n<\/ul>\n","protected":false},"excerpt":{"rendered":"<p>Bienvenido a la p\u00e1gina de la materia electiva EC3 Ingenier\u00eda de Software II del plan 2004, EAG Ingenier\u00eda de Software del plan 1991\u00a0de la carrera Ingenier\u00eda en Computaci\u00f3n de la Facultad de Ciencias Exactas y Tecnolog\u00eda de la Universidad Nacional de Tucum\u00e1n. En esta p\u00e1gina encontrar\u00e1 informaci\u00f3n respecto al cursado de la asignatura, horarios, condiciones, [&hellip;]<\/p>\n","protected":false},"author":2,"featured_media":0,"parent":0,"menu_order":0,"comment_status":"closed","ping_status":"closed","template":"","meta":[],"_links":{"self":[{"href":"https:\/\/catedras.facet.unt.edu.ar\/ingsoftware\/wp-json\/wp\/v2\/pages\/20"}],"collection":[{"href":"https:\/\/catedras.facet.unt.edu.ar\/ingsoftware\/wp-json\/wp\/v2\/pages"}],"about":[{"href":"https:\/\/catedras.facet.unt.edu.ar\/ingsoftware\/wp-json\/wp\/v2\/types\/page"}],"author":[{"embeddable":true,"href":"https:\/\/catedras.facet.unt.edu.ar\/ingsoftware\/wp-json\/wp\/v2\/users\/2"}],"replies":[{"embeddable":true,"href":"https:\/\/catedras.facet.unt.edu.ar\/ingsoftware\/wp-json\/wp\/v2\/comments?post=20"}],"version-history":[{"count":2,"href":"https:\/\/catedras.facet.unt.edu.ar\/ingsoftware\/wp-json\/wp\/v2\/pages\/20\/revisions"}],"predecessor-version":[{"id":85,"href":"https:\/\/catedras.facet.unt.edu.ar\/ingsoftware\/wp-json\/wp\/v2\/pages\/20\/revisions\/85"}],"wp:attachment":[{"href":"https:\/\/catedras.facet.unt.edu.ar\/ingsoftware\/wp-json\/wp\/v2\/media?parent=20"}],"curies":[{"name":"wp","href":"https:\/\/api.w.org\/{rel}","templated":true}]}}