{"id":18,"date":"2014-01-04T13:04:24","date_gmt":"2014-01-04T16:04:24","guid":{"rendered":"https:\/\/catedras.facet.unt.edu.ar\/ingsoftware\/?page_id=18"},"modified":"2017-02-20T08:33:33","modified_gmt":"2017-02-20T11:33:33","slug":"ing-de-software-i","status":"publish","type":"page","link":"https:\/\/catedras.facet.unt.edu.ar\/ingsoftware\/ing-de-software-i\/","title":{"rendered":"Ing. de Software I"},"content":{"rendered":"<p>Bienvenido a la p\u00e1gina de la materia Ingenier\u00eda de Software I,\u00a0de la carrera Ingenier\u00eda en Computaci\u00f3n de la Facultad de Ciencias Exactas y Tecnolog\u00eda de la Universidad Nacional de Tucum\u00e1n.<\/p>\n<p>En esta p\u00e1gina encontrar\u00e1 informaci\u00f3n respecto al cursado de la asignatura, horarios, condiciones, bibliograf\u00eda, documentos relevantes y novedades.<\/p>\n<p>Nos interesa su opini\u00f3n para seguir mejorando. Por favor\u00a0escr\u00edbanos.<\/p>\n","protected":false},"excerpt":{"rendered":"<p>Bienvenido a la p\u00e1gina de la materia Ingenier\u00eda de Software I,\u00a0de la carrera Ingenier\u00eda en Computaci\u00f3n de la Facultad de Ciencias Exactas y Tecnolog\u00eda de la Universidad Nacional de Tucum\u00e1n. En esta p\u00e1gina encontrar\u00e1 informaci\u00f3n respecto al cursado de la asignatura, horarios, condiciones, bibliograf\u00eda, documentos relevantes y novedades. Nos interesa su opini\u00f3n para seguir mejorando. [&hellip;]<\/p>\n","protected":false},"author":2,"featured_media":0,"parent":0,"menu_order":0,"comment_status":"closed","ping_status":"closed","template":"","meta":[],"_links":{"self":[{"href":"https:\/\/catedras.facet.unt.edu.ar\/ingsoftware\/wp-json\/wp\/v2\/pages\/18"}],"collection":[{"href":"https:\/\/catedras.facet.unt.edu.ar\/ingsoftware\/wp-json\/wp\/v2\/pages"}],"about":[{"href":"https:\/\/catedras.facet.unt.edu.ar\/ingsoftware\/wp-json\/wp\/v2\/types\/page"}],"author":[{"embeddable":true,"href":"https:\/\/catedras.facet.unt.edu.ar\/ingsoftware\/wp-json\/wp\/v2\/users\/2"}],"replies":[{"embeddable":true,"href":"https:\/\/catedras.facet.unt.edu.ar\/ingsoftware\/wp-json\/wp\/v2\/comments?post=18"}],"version-history":[{"count":3,"href":"https:\/\/catedras.facet.unt.edu.ar\/ingsoftware\/wp-json\/wp\/v2\/pages\/18\/revisions"}],"predecessor-version":[{"id":893,"href":"https:\/\/catedras.facet.unt.edu.ar\/ingsoftware\/wp-json\/wp\/v2\/pages\/18\/revisions\/893"}],"wp:attachment":[{"href":"https:\/\/catedras.facet.unt.edu.ar\/ingsoftware\/wp-json\/wp\/v2\/media?parent=18"}],"curies":[{"name":"wp","href":"https:\/\/api.w.org\/{rel}","templated":true}]}}