{"id":167,"date":"2014-01-17T21:01:15","date_gmt":"2014-01-18T00:01:15","guid":{"rendered":"https:\/\/catedras.facet.unt.edu.ar\/ingsoftware\/?page_id=167"},"modified":"2014-01-17T21:01:15","modified_gmt":"2014-01-18T00:01:15","slug":"bibliografia","status":"publish","type":"page","link":"https:\/\/catedras.facet.unt.edu.ar\/ingsoftware\/bibliografia\/","title":{"rendered":"Bibliograf\u00eda"},"content":{"rendered":"<p>Bibliograf\u00eda de Ingenier\u00eda de Software:<\/p>\n<p>&nbsp;<\/p>\n<table>\n<tbody>\n<tr>\n<td colspan=\"2\" valign=\"top\">\n<table border=\"0\">\n<tbody>\n<tr>\n<td>&nbsp;<\/p>\n<div>\n<div><a id=\"biblio\/Booch.jpg\" href=\"http:\/\/www.herrera.unt.edu.ar\/ingsoftware\/cms\/images\/stories\/biblio\/Booch.jpg\"><img alt=\"\" src=\"http:\/\/www.herrera.unt.edu.ar\/ingsoftware\/cms\/mambots\/content\/plugin_hs_jp\/makethumb.php?img=biblio\/Booch.jpg&amp;w=100&amp;h=100&amp;q=60\" \/><\/a><\/div>\n<\/div>\n<p>&nbsp;<\/td>\n<td valign=\"middle\">\n<p align=\"left\">\n<hr id=\"null\" \/>\n<p align=\"left\"><span style=\"line-height: 1.5em\">Booch G.,\u00a0<\/span><b style=\"line-height: 1.5em\"><i>&#8220;An\u00e1lisis y Dise\u00f1o Orientado a Objetos con Aplicaciones&#8221;<\/i><\/b><\/p>\n<p align=\"left\">Segunda Edici\u00f3n &#8211; Editorial Addison-Wesley\/Diaz de Santos &#8211; 1996.<\/p>\n<\/td>\n<\/tr>\n<tr>\n<td>\n<div>\n<div><a id=\"biblio\/Pressman.jpg\" href=\"http:\/\/www.herrera.unt.edu.ar\/ingsoftware\/cms\/images\/stories\/biblio\/Pressman.jpg\"><img alt=\"\" src=\"http:\/\/www.herrera.unt.edu.ar\/ingsoftware\/cms\/mambots\/content\/plugin_hs_jp\/makethumb.php?img=biblio\/Pressman.jpg&amp;w=100&amp;h=100&amp;q=60\" \/><\/a><\/div>\n<\/div>\n<\/td>\n<td>\n<p align=\"left\"><span style=\"line-height: 1.5em\">\u00a0<\/span><\/p>\n<hr id=\"null\" \/>\n<p>Pressman R.,\u00a0<b><i>&#8220;Ingenier\u00eda del Software, un Enfoque Pr\u00e1ctico&#8221;<\/i><\/b>&nbsp;<\/p>\n<p align=\"left\">Tercera Edici\u00f3n &#8211; Editorial Mc Graw-Hill &#8211; 1993.<\/p>\n<\/td>\n<\/tr>\n<tr>\n<td>\n<div>\n<div><a id=\"biblio\/Rumbaugh.jpg\" href=\"http:\/\/www.herrera.unt.edu.ar\/ingsoftware\/cms\/images\/stories\/biblio\/Rumbaugh.jpg\"><img alt=\"\" src=\"http:\/\/www.herrera.unt.edu.ar\/ingsoftware\/cms\/mambots\/content\/plugin_hs_jp\/makethumb.php?img=biblio\/Rumbaugh.jpg&amp;w=100&amp;h=100&amp;q=60\" \/><\/a><\/div>\n<\/div>\n<\/td>\n<td>\n<hr id=\"null\" \/>\n<p>Rumbaugh J.,\u00a0<b><i>&#8220;Modelado y Dise\u00f1o Orientado a Objetos&#8221;<\/i><\/b><\/p>\n<p align=\"left\">Editorial Prentice Hall \u2013 1997.<\/p>\n<\/td>\n<\/tr>\n<tr>\n<td>&nbsp;<\/p>\n<div>\n<div><a id=\"biblio\/UML.jpg\" href=\"http:\/\/www.herrera.unt.edu.ar\/ingsoftware\/cms\/images\/stories\/biblio\/UML.jpg\"><img alt=\"\" src=\"http:\/\/www.herrera.unt.edu.ar\/ingsoftware\/cms\/mambots\/content\/plugin_hs_jp\/makethumb.php?img=biblio\/UML.jpg&amp;w=100&amp;h=100&amp;q=60\" \/><\/a><\/div>\n<\/div>\n<p>&nbsp;<\/td>\n<td>&nbsp;<\/p>\n<hr id=\"null\" \/>\n<p>Rumbaugh J., Jacobson I., Booch G.&nbsp;<\/p>\n<p><b><i>&#8220;El Lenguaje Unificado de Modelado. Manual de Referencia&#8221;<\/i><\/b><\/p>\n<p>Editorial Addison-Wesley &#8211; 2000.<\/td>\n<\/tr>\n<tr>\n<td>\n<div>\n<div><a id=\"biblio\/larman.jpg\" href=\"http:\/\/www.herrera.unt.edu.ar\/ingsoftware\/cms\/images\/stories\/biblio\/larman.jpg\"><img alt=\"\" src=\"http:\/\/www.herrera.unt.edu.ar\/ingsoftware\/cms\/mambots\/content\/plugin_hs_jp\/makethumb.php?img=biblio\/larman.jpg&amp;w=100&amp;h=100&amp;q=60\" \/><\/a><\/div>\n<\/div>\n<\/td>\n<td>\n<hr id=\"null\" \/>\n<p>Larman C.,\u00a0<b><i>&#8220;UML y Patrones&#8221;<\/i><\/b>Segunda Edici\u00f3n &#8211; Editorial Prentice-Hall \u2013 2003.<\/td>\n<\/tr>\n<tr>\n<td>\n<div>\n<div><a id=\"biblio\/Apuntes.jpg\" href=\"http:\/\/www.herrera.unt.edu.ar\/ingsoftware\/cms\/images\/stories\/biblio\/Apuntes.jpg\"><img alt=\"\" src=\"http:\/\/www.herrera.unt.edu.ar\/ingsoftware\/cms\/mambots\/content\/plugin_hs_jp\/makethumb.php?img=biblio\/Apuntes.jpg&amp;w=100&amp;h=100&amp;q=60\" \/><\/a><\/div>\n<\/div>\n<\/td>\n<td>\n<p align=\"left\">\n<hr id=\"null\" \/>\n<p>Odstrcil M.,\u00a0<b><i>&#8220;Apuntes de Conceptos de Sistemas y An\u00e1lisis Orientado a Objetos&#8221;<\/i><\/b>&nbsp;<\/p>\n<p align=\"left\">Primera Edici\u00f3n &#8211; FACET, UNT &#8211; 2001.<\/p>\n<\/td>\n<\/tr>\n<tr>\n<td>\n<div>\n<div><a id=\"biblio\/Yourdon.jpg\" href=\"http:\/\/www.herrera.unt.edu.ar\/ingsoftware\/cms\/images\/stories\/biblio\/Yourdon.jpg\"><img alt=\"\" src=\"http:\/\/www.herrera.unt.edu.ar\/ingsoftware\/cms\/mambots\/content\/plugin_hs_jp\/makethumb.php?img=biblio\/Yourdon.jpg&amp;w=100&amp;h=100&amp;q=60\" \/><\/a><\/div>\n<\/div>\n<\/td>\n<td>&nbsp;<\/p>\n<hr id=\"null\" \/>\n<p>Yourdon, E.,\u00a0<b><i>&#8220;An\u00e1lisis Estructurado Moderno&#8221;<\/i><\/b>&nbsp;<\/p>\n<p>Primera Edici\u00f3n &#8211; Editorial Prentice Hall &#8211; 1993<\/td>\n<\/tr>\n<tr>\n<td>\n<div>\n<div><a id=\"biblio\/pfleeger.jpg\" href=\"http:\/\/www.herrera.unt.edu.ar\/ingsoftware\/cms\/images\/stories\/biblio\/pfleeger.jpg\"><img alt=\"\" src=\"http:\/\/www.herrera.unt.edu.ar\/ingsoftware\/cms\/mambots\/content\/plugin_hs_jp\/makethumb.php?img=biblio\/pfleeger.jpg&amp;w=100&amp;h=100&amp;q=60\" \/><\/a><\/div>\n<\/div>\n<\/td>\n<td>&nbsp;<\/p>\n<hr id=\"null\" \/>\n<p>Pfleeger S.,\u00a0<b><i>&#8220;Ingenier\u00eda de Software, Teor\u00eda y Pr\u00e1ctica&#8221;<\/i><\/b>&nbsp;<\/p>\n<p>Primera Edici\u00f3n &#8211; Editorial Prentice Hall &#8211; 2002.<\/td>\n<\/tr>\n<tr>\n<td>\n<div>\n<div><a id=\"biblio\/ingconocimiento.jpg\" href=\"http:\/\/www.herrera.unt.edu.ar\/ingsoftware\/cms\/images\/stories\/biblio\/ingconocimiento.jpg\"><img alt=\"\" src=\"http:\/\/www.herrera.unt.edu.ar\/ingsoftware\/cms\/mambots\/content\/plugin_hs_jp\/makethumb.php?img=biblio\/ingconocimiento.jpg&amp;w=100&amp;h=100&amp;q=60\" \/><\/a><\/div>\n<\/div>\n<\/td>\n<td>&nbsp;<\/p>\n<hr id=\"null\" \/>\n<p>G\u00f3mez A., Juristo N., Montes C., Pazos J.&nbsp;<\/p>\n<p><b><i>&#8220;Ingenier\u00eda del Conocimiento&#8221;\u00a0<\/i><\/b>&#8211; Primera Edici\u00f3n<\/p>\n<p>Editorial Centro de Estudios Ram\u00f3n Areces, S.A. &#8211; 1997<\/td>\n<\/tr>\n<tr>\n<td>\n<div>\n<div><a id=\"biblio\/sql.jpg\" href=\"http:\/\/www.herrera.unt.edu.ar\/ingsoftware\/cms\/images\/stories\/biblio\/sql.jpg\"><img alt=\"\" src=\"http:\/\/www.herrera.unt.edu.ar\/ingsoftware\/cms\/mambots\/content\/plugin_hs_jp\/makethumb.php?img=biblio\/sql.jpg&amp;w=100&amp;h=100&amp;q=60\" \/><\/a><\/div>\n<\/div>\n<\/td>\n<td>\n<p align=\"left\">\n<hr id=\"null\" \/>\n<p><b><i>&#8220;Administraci\u00f3n de MS SQL Server 2000&#8221;<\/i>\u00a0<\/b>\u00a0&#8211; Manual del producto&nbsp;<\/td>\n<\/tr>\n<tr>\n<td>\n<div>\n<div><a id=\"biblio\/sql.jpg\" href=\"http:\/\/www.herrera.unt.edu.ar\/ingsoftware\/cms\/images\/stories\/biblio\/sql.jpg\"><img alt=\"\" src=\"http:\/\/www.herrera.unt.edu.ar\/ingsoftware\/cms\/mambots\/content\/plugin_hs_jp\/makethumb.php?img=biblio\/sql.jpg&amp;w=100&amp;h=100&amp;q=60\" \/><\/a><\/div>\n<\/div>\n<\/td>\n<td>\n<hr id=\"null\" \/>\n<p><i><b>&#8220;Implementaci\u00f3n de MS SQL Server 2000&#8221;\u00a0<\/b><\/i><i><b>&#8211;<\/b><\/i>\u00a0Manual del producto<\/td>\n<\/tr>\n<tr>\n<td>\n<div>\n<div><a id=\"biblio\/sql.jpg\" href=\"http:\/\/www.herrera.unt.edu.ar\/ingsoftware\/cms\/images\/stories\/biblio\/sql.jpg\"><img alt=\"\" src=\"http:\/\/www.herrera.unt.edu.ar\/ingsoftware\/cms\/mambots\/content\/plugin_hs_jp\/makethumb.php?img=biblio\/sql.jpg&amp;w=100&amp;h=100&amp;q=60\" \/><\/a><\/div>\n<\/div>\n<\/td>\n<td>\n<hr id=\"null\" \/>\n<p><i><b>&#8220;Programaci\u00f3n en Transact SQL&#8221;\u00a0<\/b><\/i><i><b>&#8211;<\/b><\/i>\u00a0Manual del Producto<\/td>\n<\/tr>\n<tr>\n<td>\n<div>\n<div><a id=\"biblio\/jerke.jpg\" href=\"http:\/\/www.herrera.unt.edu.ar\/ingsoftware\/cms\/images\/stories\/biblio\/jerke.jpg\"><img alt=\"\" src=\"http:\/\/www.herrera.unt.edu.ar\/ingsoftware\/cms\/mambots\/content\/plugin_hs_jp\/makethumb.php?img=biblio\/jerke.jpg&amp;w=100&amp;h=100&amp;q=60\" \/><\/a><\/div>\n<\/div>\n<\/td>\n<td>&nbsp;<\/p>\n<hr id=\"null\" \/>\n<p>Jerke N., Szabo G., Jung D., Kiely D&nbsp;<\/p>\n<p><b><i>&#8220;C\u00f3mo se hace con Visual Basic aplicaciones Cliente\/Servidor&#8221;<\/i><\/b><\/p>\n<p>Editorial InforBook&#8217;s \u2013 1997<\/td>\n<\/tr>\n<tr>\n<td>\n<div>\n<div><a id=\"biblio\/sqlguide.jpg\" href=\"http:\/\/www.herrera.unt.edu.ar\/ingsoftware\/cms\/images\/stories\/biblio\/sqlguide.jpg\"><img alt=\"\" src=\"http:\/\/www.herrera.unt.edu.ar\/ingsoftware\/cms\/mambots\/content\/plugin_hs_jp\/makethumb.php?img=biblio\/sqlguide.jpg&amp;w=100&amp;h=100&amp;q=60\" \/><\/a><\/div>\n<\/div>\n<\/td>\n<td>\n<hr id=\"null\" \/>\n<p>Spenik M., Sledge O &#8211;\u00a0<b><i>&#8220;Microsoft SQL Server 6.5 DBA Survival Guide&#8221;<\/i><\/b><\/p>\n<p align=\"left\">Sams Publishing \u2013 1996.<\/p>\n<\/td>\n<\/tr>\n<\/tbody>\n<\/table>\n<\/td>\n<\/tr>\n<\/tbody>\n<\/table>\n","protected":false},"excerpt":{"rendered":"<p>Bibliograf\u00eda de Ingenier\u00eda de Software: &nbsp; &nbsp; &nbsp; Booch G.,\u00a0&#8220;An\u00e1lisis y Dise\u00f1o Orientado a Objetos con Aplicaciones&#8221; Segunda Edici\u00f3n &#8211; Editorial Addison-Wesley\/Diaz de Santos &#8211; 1996. \u00a0 Pressman R.,\u00a0&#8220;Ingenier\u00eda del Software, un Enfoque Pr\u00e1ctico&#8221;&nbsp; Tercera Edici\u00f3n &#8211; Editorial Mc Graw-Hill &#8211; 1993. Rumbaugh J.,\u00a0&#8220;Modelado y Dise\u00f1o Orientado a Objetos&#8221; Editorial Prentice Hall \u2013 1997. &nbsp; [&hellip;]<\/p>\n","protected":false},"author":2,"featured_media":0,"parent":0,"menu_order":0,"comment_status":"closed","ping_status":"closed","template":"","meta":[],"_links":{"self":[{"href":"https:\/\/catedras.facet.unt.edu.ar\/ingsoftware\/wp-json\/wp\/v2\/pages\/167"}],"collection":[{"href":"https:\/\/catedras.facet.unt.edu.ar\/ingsoftware\/wp-json\/wp\/v2\/pages"}],"about":[{"href":"https:\/\/catedras.facet.unt.edu.ar\/ingsoftware\/wp-json\/wp\/v2\/types\/page"}],"author":[{"embeddable":true,"href":"https:\/\/catedras.facet.unt.edu.ar\/ingsoftware\/wp-json\/wp\/v2\/users\/2"}],"replies":[{"embeddable":true,"href":"https:\/\/catedras.facet.unt.edu.ar\/ingsoftware\/wp-json\/wp\/v2\/comments?post=167"}],"version-history":[{"count":3,"href":"https:\/\/catedras.facet.unt.edu.ar\/ingsoftware\/wp-json\/wp\/v2\/pages\/167\/revisions"}],"predecessor-version":[{"id":1326,"href":"https:\/\/catedras.facet.unt.edu.ar\/ingsoftware\/wp-json\/wp\/v2\/pages\/167\/revisions\/1326"}],"wp:attachment":[{"href":"https:\/\/catedras.facet.unt.edu.ar\/ingsoftware\/wp-json\/wp\/v2\/media?parent=167"}],"curies":[{"name":"wp","href":"https:\/\/api.w.org\/{rel}","templated":true}]}}