{"id":165,"date":"2014-01-17T20:57:18","date_gmt":"2014-01-17T23:57:18","guid":{"rendered":"https:\/\/catedras.facet.unt.edu.ar\/ingsoftware\/?page_id=165"},"modified":"2017-09-07T11:58:17","modified_gmt":"2017-09-07T14:58:17","slug":"enlaces","status":"publish","type":"page","link":"https:\/\/catedras.facet.unt.edu.ar\/ingsoftware\/enlaces\/","title":{"rendered":"Enlaces"},"content":{"rendered":"<p>Algunos enlaces recomendados por la c\u00e1tedra que puede visitar:<\/p>\n<p>&nbsp;<\/p>\n<table border=\"0\" width=\"1048\" cellspacing=\"0\" cellpadding=\"0\">\n<tbody>\n<tr>\n<td width=\"524\" height=\"100\"><a style=\"line-height: 1.5em;\" href=\"http:\/\/www.herrera.unt.edu.ar\/ingsoftware\/cms\/index.php?option=com_weblinks&amp;task=view&amp;catid=18&amp;id=28\" target=\"_blank\" rel=\"noopener\">Grupo de Facebook de Estudiantes y Graduados de Ingenier\u00eda en Computaci\u00f3n<\/a><\/td>\n<td width=\"524\">Creado con el objetivo de motivar a Estudiantes y Graduados a participar en el progreso de la carrera a trav\u00e9s del aporte de ideas, brindando un espacio de debate sobre las ideas, actividades y eventos propuestos por los mismos.<\/td>\n<\/tr>\n<tr>\n<td width=\"524\" height=\"100\"><a href=\"http:\/\/www.herrera.unt.edu.ar\/ingsoftware\/cms\/index.php?option=com_weblinks&amp;task=view&amp;catid=18&amp;id=27\" target=\"_blank\" rel=\"noopener\">Foro de Ingenier\u00eda en Computaci\u00f3n<\/a><\/td>\n<td width=\"524\">Creado y mantenido por los Representantes Estudiantiles del Ciclo Superior de la Carrera con el objetivo de brindar un espacio de discusi\u00f3n y opini\u00f3n acerca de todos los temas que conciernen a la carrera y a su progreso. Debates acerca de eventos, be<\/td>\n<\/tr>\n<tr>\n<td width=\"524\" height=\"75\"><a href=\"http:\/\/www.herrera.unt.edu.ar\/ingsoftware\/cms\/index.php?option=com_weblinks&amp;task=view&amp;catid=18&amp;id=26\" target=\"_blank\" rel=\"noopener\">Blog de la carrera de Ingenier\u00eda en Computaci\u00f3n de la FACET<\/a><\/td>\n<td width=\"524\">Blog oficial de la carrera de Ingenier\u00eda en Computaci\u00f3n de la facultad de Ciencias Exactas y tecnolog\u00eda de la Universidad nacional de Tucum\u00e1n.<\/td>\n<\/tr>\n<tr>\n<td width=\"524\" height=\"50\"><a href=\"https:\/\/yuml.me\/\" target=\"_blank\" rel=\"noopener\">yUML<\/a><\/td>\n<td width=\"524\">Herramienta para crear y compartir diagramas UML simples en blogs, wikis, foros, mensajes de correo electr\u00f3nico, etc.<\/td>\n<\/tr>\n<tr>\n<td width=\"524\" height=\"50\"><a href=\"https:\/\/www.openproject.org\/\" target=\"_blank\" rel=\"noopener\">Open Project<\/a><\/td>\n<td width=\"524\">Sitio Oficial de la Aplicaci\u00f3n OpenProj, libre y Open Source, alternativa a MS Project.<\/td>\n<\/tr>\n<tr>\n<td width=\"524\" height=\"100\"><a href=\"http:\/\/www.herrera.unt.edu.ar\/ingsoftware\/cms\/index.php?option=com_weblinks&amp;task=view&amp;catid=18&amp;id=23\" target=\"_blank\" rel=\"noopener\">OSUM<\/a><\/td>\n<td width=\"524\">Open Source University Meetup. Comunidad creada por Sun Microsystems Inc., con el prop\u00f3sito de unir a estudiantes de todo el mundo con inter\u00e9s en el aprendizaje, ense\u00f1anza y difusi\u00f3n de tencolog\u00edas libres.Grupo UNT.<\/td>\n<\/tr>\n<tr>\n<td width=\"524\" height=\"100\"><a href=\"http:\/\/www.herrera.unt.edu.ar\/ingsoftware\/cms\/index.php?option=com_weblinks&amp;task=view&amp;catid=18&amp;id=22\" target=\"_blank\" rel=\"noopener\">Cirs &#8211; Centro Internacional de Investigaci\u00f3n Cient\u00edfica<\/a><\/td>\n<td width=\"524\">El CIRS es una organizaci\u00f3n cient\u00edfica internacional trabajando para la promoci\u00f3n de la investigaci\u00f3n y para la difusi\u00f3n de la informaci\u00f3n y de la cultura cient\u00edfica. Su objetivo es el de llegar al m\u00e1ximo de personas y de organizaciones: especialista<\/td>\n<\/tr>\n<tr>\n<td width=\"524\" height=\"50\"><a href=\"http:\/\/www.herrera.unt.edu.ar\/ingsoftware\/cms\/index.php?option=com_weblinks&amp;task=view&amp;catid=18&amp;id=7\" target=\"_blank\" rel=\"noopener\">Direcci\u00f3n Alumnos de la FACET<\/a><\/td>\n<td width=\"524\">Para consultas de planes de estudios, tr\u00e1mites, inscripci\u00f3n en materias, novedades, etc.<\/td>\n<\/tr>\n<tr>\n<td width=\"524\" height=\"25\"><a href=\"http:\/\/www.herrera.unt.edu.ar\/ingsoftware\/cms\/index.php?option=com_weblinks&amp;task=view&amp;catid=18&amp;id=8\" target=\"_blank\" rel=\"noopener\">IEEE<\/a><\/td>\n<td width=\"524\">Institute of Electrical and Electronics Engineers.<\/td>\n<\/tr>\n<tr>\n<td width=\"524\" height=\"25\"><a href=\"http:\/\/www.sei.cmu.edu\/\" target=\"_blank\" rel=\"noopener\">SEI<\/a><\/td>\n<td width=\"524\">Software Engineering Institute (Carnagie Melon University).<\/td>\n<\/tr>\n<tr>\n<td width=\"524\" height=\"25\"><a href=\"http:\/\/www.herrera.unt.edu.ar\/ingsoftware\/cms\/index.php?option=com_weblinks&amp;task=view&amp;catid=18&amp;id=17\" target=\"_blank\" rel=\"noopener\">IFPUG<\/a><\/td>\n<td width=\"524\">International Function Point User Group.<\/td>\n<\/tr>\n<tr>\n<td width=\"524\" height=\"25\"><a href=\"http:\/\/www.herrera.unt.edu.ar\/ingsoftware\/cms\/index.php?option=com_weblinks&amp;task=view&amp;catid=18&amp;id=19\" target=\"_blank\" rel=\"noopener\">AEMES<\/a><\/td>\n<td width=\"524\">Asociaci\u00f3n Espa\u00f1ola de M\u00e9tricas del Software<\/td>\n<\/tr>\n<tr>\n<td width=\"524\" height=\"50\"><a href=\"http:\/\/www.herrera.unt.edu.ar\/ingsoftware\/cms\/index.php?option=com_weblinks&amp;task=view&amp;catid=18&amp;id=10\" target=\"_blank\" rel=\"noopener\">MIT (LCS)<\/a><\/td>\n<td width=\"524\">Laboratorio de Ciencias de la Computaci\u00f3n del Massachusetts Institute of Technology.<\/td>\n<\/tr>\n<tr>\n<td width=\"524\" height=\"50\"><a href=\"http:\/\/www.herrera.unt.edu.ar\/ingsoftware\/cms\/index.php?option=com_weblinks&amp;task=view&amp;catid=18&amp;id=11\" target=\"_blank\" rel=\"noopener\">Rational Rose<\/a><\/td>\n<td width=\"524\">Compa\u00f1\u00eda de desarrollo de software que ofrece herramientas CASE para proyectos de software.<\/td>\n<\/tr>\n<tr>\n<td width=\"524\" height=\"25\"><a href=\"http:\/\/www.herrera.unt.edu.ar\/ingsoftware\/cms\/index.php?option=com_weblinks&amp;task=view&amp;catid=18&amp;id=20\" target=\"_blank\" rel=\"noopener\">MySQL<\/a><\/td>\n<td width=\"524\">Sitio oficial de MySQL<\/td>\n<\/tr>\n<tr>\n<td width=\"524\" height=\"25\"><a href=\"http:\/\/www.herrera.unt.edu.ar\/ingsoftware\/cms\/index.php?option=com_weblinks&amp;task=view&amp;catid=18&amp;id=21\" target=\"_blank\" rel=\"noopener\">MS SQL Server<\/a><\/td>\n<td width=\"524\">Sitio de soporte de Microsoft para el producto MS SQL Server<\/td>\n<\/tr>\n<tr>\n<td width=\"524\" height=\"25\"><a href=\"http:\/\/www.herrera.unt.edu.ar\/ingsoftware\/cms\/index.php?option=com_weblinks&amp;task=view&amp;catid=18&amp;id=14\" target=\"_blank\" rel=\"noopener\">Java<\/a><\/td>\n<td width=\"524\">Sitio oficial de Java de Sun.<\/td>\n<\/tr>\n<tr>\n<td width=\"524\" height=\"50\"><a href=\"http:\/\/www.herrera.unt.edu.ar\/ingsoftware\/cms\/index.php?option=com_weblinks&amp;task=view&amp;catid=18&amp;id=15\" target=\"_blank\" rel=\"noopener\">IReport<\/a><\/td>\n<td width=\"524\">P\u00e1gina oficial de SourceForge que tiene todo lo relacionado a IReport y Jasper Reports<\/td>\n<\/tr>\n<tr>\n<td width=\"524\" height=\"50\"><a href=\"http:\/\/www.herrera.unt.edu.ar\/ingsoftware\/cms\/index.php?option=com_weblinks&amp;task=view&amp;catid=18&amp;id=12\" target=\"_blank\" rel=\"noopener\">Pearson Educaci\u00f3n<\/a><\/td>\n<td width=\"524\">Sitio oficial de Pearson, para consultas de bibliograf\u00eda espec\u00edfica de la asignatura y la carrera.<\/td>\n<\/tr>\n<tr>\n<td width=\"524\" height=\"50\"><a href=\"http:\/\/www.herrera.unt.edu.ar\/ingsoftware\/cms\/index.php?option=com_weblinks&amp;task=view&amp;catid=18&amp;id=13\" target=\"_blank\" rel=\"noopener\">IBM Scholars Program<\/a><\/td>\n<td width=\"524\">Sitio del programa escolar IBM (convenio con la Facultad de Ciencias Exactas y Tecnolog\u00eda).<\/td>\n<\/tr>\n<tr>\n<td width=\"524\" height=\"25\"><a href=\"http:\/\/www.herrera.unt.edu.ar\/ingsoftware\/cms\/index.php?option=com_weblinks&amp;task=view&amp;catid=18&amp;id=16\" target=\"_blank\" rel=\"noopener\">Otros sitios del Centro Herrera<\/a><\/td>\n<td width=\"524\">\u00cdndice de los sitios existentes en el Centro Herrera.<\/td>\n<\/tr>\n<\/tbody>\n<\/table>\n","protected":false},"excerpt":{"rendered":"<p>Algunos enlaces recomendados por la c\u00e1tedra que puede visitar: &nbsp; Grupo de Facebook de Estudiantes y Graduados de Ingenier\u00eda en Computaci\u00f3n Creado con el objetivo de motivar a Estudiantes y Graduados a participar en el progreso de la carrera a trav\u00e9s del aporte de ideas, brindando un espacio de debate sobre las ideas, actividades y [&hellip;]<\/p>\n","protected":false},"author":2,"featured_media":0,"parent":0,"menu_order":0,"comment_status":"closed","ping_status":"closed","template":"","meta":[],"_links":{"self":[{"href":"https:\/\/catedras.facet.unt.edu.ar\/ingsoftware\/wp-json\/wp\/v2\/pages\/165"}],"collection":[{"href":"https:\/\/catedras.facet.unt.edu.ar\/ingsoftware\/wp-json\/wp\/v2\/pages"}],"about":[{"href":"https:\/\/catedras.facet.unt.edu.ar\/ingsoftware\/wp-json\/wp\/v2\/types\/page"}],"author":[{"embeddable":true,"href":"https:\/\/catedras.facet.unt.edu.ar\/ingsoftware\/wp-json\/wp\/v2\/users\/2"}],"replies":[{"embeddable":true,"href":"https:\/\/catedras.facet.unt.edu.ar\/ingsoftware\/wp-json\/wp\/v2\/comments?post=165"}],"version-history":[{"count":5,"href":"https:\/\/catedras.facet.unt.edu.ar\/ingsoftware\/wp-json\/wp\/v2\/pages\/165\/revisions"}],"predecessor-version":[{"id":1305,"href":"https:\/\/catedras.facet.unt.edu.ar\/ingsoftware\/wp-json\/wp\/v2\/pages\/165\/revisions\/1305"}],"wp:attachment":[{"href":"https:\/\/catedras.facet.unt.edu.ar\/ingsoftware\/wp-json\/wp\/v2\/media?parent=165"}],"curies":[{"name":"wp","href":"https:\/\/api.w.org\/{rel}","templated":true}]}}