{"id":116,"date":"2014-01-17T20:16:54","date_gmt":"2014-01-17T23:16:54","guid":{"rendered":"https:\/\/catedras.facet.unt.edu.ar\/ingsoftware\/?page_id=116"},"modified":"2014-01-17T20:26:31","modified_gmt":"2014-01-17T23:26:31","slug":"ing-luis-nieto","status":"publish","type":"page","link":"https:\/\/catedras.facet.unt.edu.ar\/ingsoftware\/docentes\/ing-luis-nieto\/","title":{"rendered":"Ing. Luis Nieto"},"content":{"rendered":"<p>Ing. Luis Nieto &#8211;\u00a0Auxiliar Graduado con Semi-Dedicaci\u00f3n &#8211;\u00a0<a href=\"mailto:lnieto@herrera.unt.edu.ar\">lnieto@herrera.unt.edu.ar<\/a><\/p>\n<p align=\"justify\"><strong>T\u00cdTULOS<\/strong><\/p>\n<ul>\n<li>\n<div align=\"justify\">T\u00e9cnico Mec\u00e1nico Electricista \u2013 Instituto T\u00e9cnico dependiente de la Universidad Nacional de Tucum\u00e1n.<\/div>\n<\/li>\n<li>\n<div align=\"justify\">Ingenier\u00eda en Computaci\u00f3n \u2013 Facultad de Ciencias Exactas y Tecnolog\u00eda de la Universidad Nacional de Tucum\u00e1n en Mayo de 1998.<\/div>\n<\/li>\n<\/ul>\n<p align=\"justify\"><strong>DOCENCIA<\/strong><\/p>\n<ul>\n<li>\n<div align=\"justify\">Desde el 2 de Mayo hasta el 12 de Octubre del 2000 trabaj\u00f3 por designaci\u00f3n interina (expediente N\u00b0 61264\/99) como Auxiliar Docente Graduado con Semidedicaci\u00f3n para el \u00c1rea Computaci\u00f3n, con funciones en las c\u00e1tedras Bases de Computaci\u00f3n, Programaci\u00f3n I y Programaci\u00f3n II del Departamento de Electricidad, Electr\u00f3nica y Computaci\u00f3n de la Facultad de Ciencias Exactas y Tecnolog\u00eda de la Universidad Nacional de Tucum\u00e1n. Luego gan\u00f3 el concurso de antecedentes y oposici\u00f3n para dicho cargo por el t\u00e9rmino de 3 a\u00f1os (resoluci\u00f3n N\u00b0 1021\/00) y hasta la actualidad trabaja en el mismo.<\/div>\n<\/li>\n<li>\n<div align=\"justify\">Auxiliar Docente Graduado con Semidedicaci\u00f3n para el Area Computaci\u00f3n, con funciones en las c\u00e1tedras &#8220;Conceptos de Sistemas&#8221; e &#8220;Ingenier\u00eda de Software&#8221;, del Departamento de Electricidad, Electr\u00f3nica y Computaci\u00f3n de la Facultad de Ciencias Exactas y Tecnolog\u00eda. Concurso realizado con dictamen favorable el d\u00eda 16 de Abril del 2003 (resoluci\u00f3n N\u00b0 493\/03, expediente N\u00b0 61094\/02). Desde el 19 de Agosto trabaja en el mismo.<\/div>\n<\/li>\n<\/ul>\n<p align=\"justify\"><strong>FORMACI\u00d3N DE RECURSOS HUMANOS<\/strong><\/p>\n<ul>\n<li>\n<div align=\"justify\">Direcci\u00f3n de trabajo final de carrera para la Facultad de Ciencias Exactas y Tecnolog\u00eda de la UNT, llamado &#8220;Supplier Report&#8221; realizado por las alumnas Odstrcil, Gabriela y S\u00e1nchez Loria, M. Lourdes, con fecha 13\/05\/2004.<\/div>\n<\/li>\n<li>\n<div align=\"justify\">Direcci\u00f3n de trabajo final de carrera para la Facultad de Ciencias Exactas y Tecnolog\u00eda de la UNT, llamado &#8220;GasMap&#8221; realizado por las alumnas Sassi Colombres, Mar\u00eda Celia y Avila, Beatr\u00edz, con fecha 07\/07\/2004.<\/div>\n<\/li>\n<li>\n<div align=\"justify\">Direcci\u00f3n de trabajo final de carrera para la Facultad de Ciencias Exactas y Tecnolog\u00eda de la UNT, llamado &#8220;SAC (Sistema de Administraci\u00f3n de Colegios)&#8221; realizado por los alumnos Cardozo, Mar\u00eda Teresa y Mendez, Edgardo Gustavo, con fecha 20\/06\/2006.<\/div>\n<\/li>\n<li>\n<div align=\"justify\">Direcci\u00f3n de trabajo final de carrera para la Facultad de Ciencias Exactas y Tecnolog\u00eda de la UNT, llamado &#8220;Sistema de Informatizaci\u00f3n para la Gesti\u00f3n de Bienes Patrimoniales&#8221; realizado por los alumnos Beltr\u00e1n, Noem\u00ed Mercedes y Lobo, Emilia Daniela, con fecha 09\/11\/2006.<\/div>\n<\/li>\n<\/ul>\n<p align=\"justify\"><strong>EXPERIENCIA LABORAL<\/strong><\/p>\n<ul>\n<li>\n<div align=\"justify\">Desde Noviembre de 1997 a Noviembre de 1998 trabaj\u00f3 para el estudio Bollati y Asociados S.R.L. en el desarrollo y mantenimiento de software bajo entorno SCO Unix (sistemas de Contabilidad, Sueldos y Jornales, Stock y Facturaci\u00f3n, Expedici\u00f3n y Ventas).<\/div>\n<\/li>\n<li>\n<div align=\"justify\">Desde Junio a Setiembre de 1998 trabaj\u00f3 para la empresa G\u00e1lvez S.A. en el desarrollo de un sistema de Historia Cl\u00ednica y Recepci\u00f3n de Pacientes bajo Lotus Notes.<\/div>\n<\/li>\n<li>\n<div align=\"justify\">Desde Setiembre de 1998 hasta Febrero de 2001 trabaj\u00f3 como contratista en las \u00e1reas Mesa de Ayuda y Administraci\u00f3n de Red para el departamento IS (Information Services) de la compa\u00f1\u00eda Minera Alumbrera Limited.<\/div>\n<\/li>\n<li>\n<div align=\"justify\">Desde comienzos de Noviembre del 2002 hasta fines de Marzo del 2003 realiz\u00f3 un sistema para la administraci\u00f3n del taller de autos de la concesionaria Sayara SRL.<\/div>\n<\/li>\n<li>\n<div align=\"justify\">Desde Noviembre de 2004 a Octubre de 2005 trabaj\u00f3 para el Ministerio de Econom\u00eda en el asesoramiento inform\u00e1tico seg\u00fan contrato de locaci\u00f3n de obra del 01\/11\/2004 N\u00b0 2356\/3 (ME).<\/div>\n<\/li>\n<\/ul>\n<p align=\"justify\"><strong>CURSOS REALIZADOS<\/strong><\/p>\n<ul>\n<li>\n<div align=\"justify\">Aprobaci\u00f3n del curso te\u00f3rico pr\u00e1ctico &#8220;Administraci\u00f3n de Windows NT 4.0 Server&#8221;, desarrollado en la Universidad Tecnol\u00f3gica Nacional (Facultad Regional Tucum\u00e1n) entre el 20 de Agosto y el 27 de Setiembre de 1997.<\/div>\n<\/li>\n<li>\n<div align=\"justify\">Aprobaci\u00f3n del examen &#8220;Implementing and Supporting Microsoft Windows NT Workstation 4.0&#8221; (073) en julio de 1999, obteni\u00e9ndose la certificaci\u00f3n de\u00a0MCP (Microsoft Certified Professional).<\/div>\n<\/li>\n<li>\n<div align=\"justify\">Aprobaci\u00f3n del examen &#8220;Implementing and Supporting Microsoft Windows NT Server 4.0&#8221; (067) en marzo de 2000.<\/div>\n<\/li>\n<li>\n<div align=\"justify\">Aprobaci\u00f3n del examen &#8220;Implementing and Supporting Microsoft Windows NT Server 4.0 in the Enterprise&#8221; (068) en abril de 2000.<\/div>\n<\/li>\n<li>\n<div align=\"justify\">Aprobaci\u00f3n del examen &#8220;Internetworking with Microsoft TCP\/IP on Microsoft Windows NT 4.0&#8221; (059) en mayo de 2000.<\/div>\n<\/li>\n<li>\n<div align=\"justify\">Aprobaci\u00f3n del examen &#8220;Networking Essentials&#8221; (058) en agosto de 2000.<\/div>\n<\/li>\n<li>\n<div align=\"justify\">Aprobaci\u00f3n del examen &#8220;Implementing and Supporting Microsoft Internet Information Server 4.0&#8221; (087) en diciembre de 2000, obteni\u00e9ndose la certificaci\u00f3n de MCSE (Microsoft Certified System Engineer).<\/div>\n<\/li>\n<li>\n<div align=\"justify\">Asistencia al seminario C\u00f3mo Elaborar Un Proyecto Con El Proceso Unificado Utilizando UML, desarrollado en la Universidad Tecnol\u00f3gica Nacional el d\u00eda 10 de Setiembre de 2003.<\/div>\n<\/li>\n<li>\n<div align=\"justify\">Asistencia a las Primeras Jornadas Latinoamericanas de Ingenier\u00eda y Desarrollo de Software, desarrollado en el Sal\u00f3n Blanco de La Rural (Juncal 4431, Ciudad de Buenos Aires, durante los d\u00edas 29 y 30 de Octubre de 2003.<\/div>\n<\/li>\n<li>\n<div align=\"justify\">Asistencia al Curso de VoIP Fundamentals, desarrollado por el Centro de Capacitaci\u00f3n en Alta Tecnolog\u00eda (CCAT) e IT Consulting Group en la Ciudad de San Miguel de Tucum\u00e1n, durante los d\u00edas 17 y 18 de Setiembre de 2004.<\/div>\n<\/li>\n<li>\n<div align=\"justify\">Participaci\u00f3n en calidad de Expositor del curso Te\u00f3rico\/Pr\u00e1ctico &#8220;Fundamentos de GNU\/Linux&#8221; de 26 horas de duraci\u00f3n, desarrollado en la Universidad Nacional de Tucum\u00e1n entre el 18 de Abril y 13 de Junio de 2005.<\/div>\n<\/li>\n<li>\n<div align=\"justify\">Participaci\u00f3n en calidad de Disertante del curso Te\u00f3rico\/Pr\u00e1ctico &#8220;Operador de PC y Herramientas Ofim\u00e1ticas bajo entorno Linux&#8221; de 20 horas de duraci\u00f3n, desarrollado en la Universidad Nacional de Tucum\u00e1n entre el 6 de Junio y el 1 de Julio de 2005.<\/div>\n<\/li>\n<li>\n<div align=\"justify\">Participaci\u00f3n en calidad de Disertante del curso Te\u00f3rico\/Pr\u00e1ctico &#8220;Administraci\u00f3n de GNU\/Linux&#8221; de 32 horas de duraci\u00f3n, desarrollado en la Universidad Nacional de Tucum\u00e1n entre el 3 de Octubre y el 16 de Diciembre de 2005.<\/div>\n<\/li>\n<li>\n<div align=\"justify\">Participaci\u00f3n en calidad de Disertante del curso Te\u00f3rico\/Pr\u00e1ctico &#8220;Administraci\u00f3n de GNU\/Linux&#8221; de 32 horas de duraci\u00f3n, desarrollado en la Universidad Nacional de Tucum\u00e1n entre el 10 de Octubre y el 11 de Diciembre de 2006.<\/div>\n<\/li>\n<li>\n<div align=\"justify\">Actualmente se encuentra cursando la Maestr\u00eda en Ingenier\u00eda de Software en la Facultad de Inform\u00e1tica de la Universidad Nacional de La Plata. El mismo se encuentra acreditado y categorizado &#8220;B&#8221; por la CONEAU (N\u00famero de Resoluci\u00f3n 593\/99, N\u00famero de carrera 3.284\/98).<\/div>\n<\/li>\n<\/ul>\n<p align=\"justify\"><strong>GESTI\u00d3N<\/strong><\/p>\n<ul>\n<li>\n<div align=\"justify\">Colaboraci\u00f3n en las Muestras Exactas Para Todos de los a\u00f1os 2001, 2005 y\u00a02006 de la Facultad de Ciencias Exactas y Tecnolog\u00eda de la UNT.<\/div>\n<\/li>\n<li>\n<div align=\"justify\">Participaci\u00f3n del Tercer Taller de Rehomogeneizaci\u00f3n de Ingenier\u00eda Inform\u00e1tica \/ Sistemas de Informaci\u00f3n e Ingenier\u00eda en Computaci\u00f3n del CONFEDI, realizado en la ciudad de San Miguel de Tucum\u00e1n, los d\u00edas 10, 11 y 12 de setiembre de 2004.<\/div>\n<\/li>\n<li>\n<div align=\"justify\">Miembro de la Comisi\u00f3n Acad\u00e9mica de la carrera de Ingenier\u00eda en Computaci\u00f3n por el t\u00e9rmino de 2 a\u00f1os desde el 22 de Diciembre del 2004 para la Facultad de Ciencias Exactas y Tecnolog\u00eda de la UNT.<\/div>\n<\/li>\n<\/ul>\n","protected":false},"excerpt":{"rendered":"<p>Ing. Luis Nieto &#8211;\u00a0Auxiliar Graduado con Semi-Dedicaci\u00f3n &#8211;\u00a0lnieto@herrera.unt.edu.ar T\u00cdTULOS T\u00e9cnico Mec\u00e1nico Electricista \u2013 Instituto T\u00e9cnico dependiente de la Universidad Nacional de Tucum\u00e1n. Ingenier\u00eda en Computaci\u00f3n \u2013 Facultad de Ciencias Exactas y Tecnolog\u00eda de la Universidad Nacional de Tucum\u00e1n en Mayo de 1998. DOCENCIA Desde el 2 de Mayo hasta el 12 de Octubre del 2000 [&hellip;]<\/p>\n","protected":false},"author":2,"featured_media":0,"parent":111,"menu_order":2,"comment_status":"closed","ping_status":"closed","template":"","meta":[],"_links":{"self":[{"href":"https:\/\/catedras.facet.unt.edu.ar\/ingsoftware\/wp-json\/wp\/v2\/pages\/116"}],"collection":[{"href":"https:\/\/catedras.facet.unt.edu.ar\/ingsoftware\/wp-json\/wp\/v2\/pages"}],"about":[{"href":"https:\/\/catedras.facet.unt.edu.ar\/ingsoftware\/wp-json\/wp\/v2\/types\/page"}],"author":[{"embeddable":true,"href":"https:\/\/catedras.facet.unt.edu.ar\/ingsoftware\/wp-json\/wp\/v2\/users\/2"}],"replies":[{"embeddable":true,"href":"https:\/\/catedras.facet.unt.edu.ar\/ingsoftware\/wp-json\/wp\/v2\/comments?post=116"}],"version-history":[{"count":1,"href":"https:\/\/catedras.facet.unt.edu.ar\/ingsoftware\/wp-json\/wp\/v2\/pages\/116\/revisions"}],"predecessor-version":[{"id":117,"href":"https:\/\/catedras.facet.unt.edu.ar\/ingsoftware\/wp-json\/wp\/v2\/pages\/116\/revisions\/117"}],"up":[{"embeddable":true,"href":"https:\/\/catedras.facet.unt.edu.ar\/ingsoftware\/wp-json\/wp\/v2\/pages\/111"}],"wp:attachment":[{"href":"https:\/\/catedras.facet.unt.edu.ar\/ingsoftware\/wp-json\/wp\/v2\/media?parent=116"}],"curies":[{"name":"wp","href":"https:\/\/api.w.org\/{rel}","templated":true}]}}