{"id":111,"date":"2014-01-17T20:14:23","date_gmt":"2014-01-17T23:14:23","guid":{"rendered":"https:\/\/catedras.facet.unt.edu.ar\/ingsoftware\/?page_id=111"},"modified":"2024-02-27T11:32:35","modified_gmt":"2024-02-27T14:32:35","slug":"docentes","status":"publish","type":"page","link":"https:\/\/catedras.facet.unt.edu.ar\/ingsoftware\/docentes\/","title":{"rendered":"Docentes"},"content":{"rendered":"<p>Estos son los docentes de la c\u00e1tedra:<\/p>\n<ul>\n<li><a title=\"Ing. Maximiliano Odstrcil\" href=\"https:\/\/catedras.facet.unt.edu.ar\/ingsoftware\/docentes\/ing-maximiliano-odstrcil\/\">Ing. Maximiliano Odstrcil<\/a> &#8211;\u00a0Profesor Asociado\u00a0con Semi-Dedicaci\u00f3n.<\/li>\n<li><a title=\"Ing. Luis Nieto\" href=\"https:\/\/catedras.facet.unt.edu.ar\/ingsoftware\/docentes\/ing-luis-nieto\/\">Ing. Luis Nieto<\/a> &#8211; Profesor Asociado con Dedicaci\u00f3n Exclusiva.<\/li>\n<li><a href=\"https:\/\/catedras.facet.unt.edu.ar\/ingsoftware\/docentes\/ing-guillermo-rossi\/\" target=\"_blank\" rel=\"noopener noreferrer\">Ing. Guillermo Rossi<\/a>: Jefe de Trabajos Pr\u00e1cticos con Semi-Dedicaci\u00f3n.<\/li>\n<li>Ing. Mat\u00edas Mendiondo: Jefe de Trabajos Pr\u00e1cticos con Semi-Dedicaci\u00f3n.<\/li>\n<\/ul>\n","protected":false},"excerpt":{"rendered":"<p>Estos son los docentes de la c\u00e1tedra: Ing. Maximiliano Odstrcil &#8211;\u00a0Profesor Asociado\u00a0con Semi-Dedicaci\u00f3n. Ing. Luis Nieto &#8211; Profesor Asociado con Dedicaci\u00f3n Exclusiva. Ing. Guillermo Rossi: Jefe de Trabajos Pr\u00e1cticos con Semi-Dedicaci\u00f3n. Ing. Mat\u00edas Mendiondo: Jefe de Trabajos Pr\u00e1cticos con Semi-Dedicaci\u00f3n.<\/p>\n","protected":false},"author":2,"featured_media":0,"parent":0,"menu_order":0,"comment_status":"closed","ping_status":"closed","template":"","meta":[],"_links":{"self":[{"href":"https:\/\/catedras.facet.unt.edu.ar\/ingsoftware\/wp-json\/wp\/v2\/pages\/111"}],"collection":[{"href":"https:\/\/catedras.facet.unt.edu.ar\/ingsoftware\/wp-json\/wp\/v2\/pages"}],"about":[{"href":"https:\/\/catedras.facet.unt.edu.ar\/ingsoftware\/wp-json\/wp\/v2\/types\/page"}],"author":[{"embeddable":true,"href":"https:\/\/catedras.facet.unt.edu.ar\/ingsoftware\/wp-json\/wp\/v2\/users\/2"}],"replies":[{"embeddable":true,"href":"https:\/\/catedras.facet.unt.edu.ar\/ingsoftware\/wp-json\/wp\/v2\/comments?post=111"}],"version-history":[{"count":7,"href":"https:\/\/catedras.facet.unt.edu.ar\/ingsoftware\/wp-json\/wp\/v2\/pages\/111\/revisions"}],"predecessor-version":[{"id":1718,"href":"https:\/\/catedras.facet.unt.edu.ar\/ingsoftware\/wp-json\/wp\/v2\/pages\/111\/revisions\/1718"}],"wp:attachment":[{"href":"https:\/\/catedras.facet.unt.edu.ar\/ingsoftware\/wp-json\/wp\/v2\/media?parent=111"}],"curies":[{"name":"wp","href":"https:\/\/api.w.org\/{rel}","templated":true}]}}