{"id":100,"date":"2014-01-12T22:39:09","date_gmt":"2014-01-13T01:39:09","guid":{"rendered":"https:\/\/catedras.facet.unt.edu.ar\/ingsoftware\/?page_id=100"},"modified":"2014-08-11T08:44:50","modified_gmt":"2014-08-11T11:44:50","slug":"programa-lbd","status":"publish","type":"page","link":"https:\/\/catedras.facet.unt.edu.ar\/ingsoftware\/lab-de-bases-de-datos\/programa-lbd\/","title":{"rendered":"Programa LBD"},"content":{"rendered":"<ul>\n<li><strong>M\u00f3dulo 1: Introducci\u00f3n<\/strong><\/li>\n<\/ul>\n<p>C\u00f3mo se almacenan los datos, creaci\u00f3n y modificaci\u00f3n de bases de datos, tipos de datos y tablas, generaci\u00f3n de scripts, el registro de transacciones, opciones de bases de datos, planificaci\u00f3n de a capacidad y consideraciones de performance.<\/p>\n<ul>\n<li><strong>M\u00f3dulo 2: Integridad de Datos y Gesti\u00f3n de \u00cdndices:<\/strong><\/li>\n<\/ul>\n<p>Tipos de integridad de datos, uso de constraints: default, check, primary key, unque, foreign key, uso de valores por defecto y reglas y pr\u00e1cticas recomendadas. Arquitectura de \u00edndices, creaci\u00f3n de \u00edndices, diferentes opciones, mantenimiento de \u00edndices, consideraciones de performance.<\/p>\n<ul>\n<li><strong>M\u00f3dulo 3: Consultas B\u00e1sicas, de M\u00faltiples Tablas y T\u00e9cnicas Avanzadas de Consulta.<\/strong><\/li>\n<\/ul>\n<p>La sentencia Select, columnas, la cl\u00e1usula Where, operadores b\u00e1sicos, formato del conjunto resultado, ordenamiento y alias. Combinar datos de m\u00faltiples tablas, los Joins (inner, outer y cross), combinando m\u00e1s de dos tablas, combinando una tabla con ella misma, tablas temporales. Uso de las sentencias Exists y Not Exists, modificaci\u00f3n y borrado de una tabla basada en otras tablas.<\/p>\n<ul>\n<li><strong>M\u00f3dulo 4: Resumen de Datos y Creaci\u00f3n de Vistas.<\/strong><\/li>\n<\/ul>\n<p>Introducci\u00f3n, funciones agregadas, fundamentos de la sentencia Group By, la cl\u00e1usula Having, Rolup, Cube y Grouping, la cl\u00e1usula Top. Qu\u00e9 es una vista, ventajas de una vista, creaci\u00f3n, modificaci\u00f3n y borrado de una vista, modificando datos a trav\u00e9s de vistas.<\/p>\n<ul>\n<li><strong>M\u00f3dulo 5: Procedimientos Almacenados y Desencadenadores.<\/strong><\/li>\n<\/ul>\n<p>Introducci\u00f3n, creaci\u00f3n, ejecuci\u00f3n y modificaci\u00f3n de procedimientos almacenados, uso de par\u00e1metros, manejo de errores y mensajes de error definidos por el usuario. Qu\u00e9 son los desencadenadores, creaci\u00f3n, modificaci\u00f3n y borrado de un desencadenador, recursividad y ejemplos de desencadenadores.<\/p>\n<ul>\n<li><strong>M\u00f3dulo 6: Caso Pr\u00e1ctico.<\/strong><\/li>\n<\/ul>\n<p>A desarrollarse durante el cursado de la materia.<\/p>\n","protected":false},"excerpt":{"rendered":"<p>M\u00f3dulo 1: Introducci\u00f3n C\u00f3mo se almacenan los datos, creaci\u00f3n y modificaci\u00f3n de bases de datos, tipos de datos y tablas, generaci\u00f3n de scripts, el registro de transacciones, opciones de bases de datos, planificaci\u00f3n de a capacidad y consideraciones de performance. M\u00f3dulo 2: Integridad de Datos y Gesti\u00f3n de \u00cdndices: Tipos de integridad de datos, uso [&hellip;]<\/p>\n","protected":false},"author":2,"featured_media":0,"parent":22,"menu_order":4,"comment_status":"closed","ping_status":"closed","template":"","meta":[],"_links":{"self":[{"href":"https:\/\/catedras.facet.unt.edu.ar\/ingsoftware\/wp-json\/wp\/v2\/pages\/100"}],"collection":[{"href":"https:\/\/catedras.facet.unt.edu.ar\/ingsoftware\/wp-json\/wp\/v2\/pages"}],"about":[{"href":"https:\/\/catedras.facet.unt.edu.ar\/ingsoftware\/wp-json\/wp\/v2\/types\/page"}],"author":[{"embeddable":true,"href":"https:\/\/catedras.facet.unt.edu.ar\/ingsoftware\/wp-json\/wp\/v2\/users\/2"}],"replies":[{"embeddable":true,"href":"https:\/\/catedras.facet.unt.edu.ar\/ingsoftware\/wp-json\/wp\/v2\/comments?post=100"}],"version-history":[{"count":3,"href":"https:\/\/catedras.facet.unt.edu.ar\/ingsoftware\/wp-json\/wp\/v2\/pages\/100\/revisions"}],"predecessor-version":[{"id":425,"href":"https:\/\/catedras.facet.unt.edu.ar\/ingsoftware\/wp-json\/wp\/v2\/pages\/100\/revisions\/425"}],"up":[{"embeddable":true,"href":"https:\/\/catedras.facet.unt.edu.ar\/ingsoftware\/wp-json\/wp\/v2\/pages\/22"}],"wp:attachment":[{"href":"https:\/\/catedras.facet.unt.edu.ar\/ingsoftware\/wp-json\/wp\/v2\/media?parent=100"}],"curies":[{"name":"wp","href":"https:\/\/api.w.org\/{rel}","templated":true}]}}