{"id":67,"date":"2014-08-28T10:41:02","date_gmt":"2014-08-28T13:41:02","guid":{"rendered":"https:\/\/catedras.facet.unt.edu.ar\/infoa\/?page_id=67"},"modified":"2014-09-02T11:22:56","modified_gmt":"2014-09-02T14:22:56","slug":"docentes","status":"publish","type":"page","link":"https:\/\/catedras.facet.unt.edu.ar\/infoa\/docentes\/","title":{"rendered":"Docentes"},"content":{"rendered":"<p><strong>Los docentes que integran la c\u00e1tedra son:<\/strong><\/p>\n<h6 style=\"color: #686362\"><span style=\"text-decoration: underline\"><span style=\"color: #505050;text-decoration: underline\">Encargado de c\u00e1tedra<\/span><\/span><span style=\"color: #505050\"><br \/>\n<\/span><\/h6>\n<p style=\"color: #686362\"><span style=\"color: #505050\"><strong>Ing. Jorge F. Steifensand<\/strong><\/span><br \/>\n<span style=\"color: #505050\">Profesor Asociado<\/span><\/p>\n<h6 style=\"color: #686362\"><span style=\"text-decoration: underline\"><span style=\"color: #505050;text-decoration: underline\">Auxiliares Docentes<\/span><\/span><\/h6>\n<p style=\"color: #686362\"><span style=\"color: #505050\"><strong>Ing. Jos\u00e9 Younes<\/strong><br \/>\nJefe de Trabajos Pr\u00e1cticos<\/span><\/p>\n<p style=\"color: #686362\"><span style=\"color: #505050\"><strong>Ing. Mar\u00eda Fernanda Guzm\u00e1n<\/strong><br \/>\nJefe de Trabajos Pr\u00e1cticos<\/span><\/p>\n<p style=\"color: #686362\">\n","protected":false},"excerpt":{"rendered":"<p>Los docentes que integran la c\u00e1tedra son: Encargado de c\u00e1tedra Ing. Jorge F. Steifensand Profesor Asociado Auxiliares Docentes Ing. Jos\u00e9 Younes Jefe de Trabajos Pr\u00e1cticos Ing. Mar\u00eda Fernanda Guzm\u00e1n Jefe de Trabajos Pr\u00e1cticos<\/p>\n","protected":false},"author":61,"featured_media":0,"parent":0,"menu_order":0,"comment_status":"closed","ping_status":"closed","template":"","meta":[],"_links":{"self":[{"href":"https:\/\/catedras.facet.unt.edu.ar\/infoa\/wp-json\/wp\/v2\/pages\/67"}],"collection":[{"href":"https:\/\/catedras.facet.unt.edu.ar\/infoa\/wp-json\/wp\/v2\/pages"}],"about":[{"href":"https:\/\/catedras.facet.unt.edu.ar\/infoa\/wp-json\/wp\/v2\/types\/page"}],"author":[{"embeddable":true,"href":"https:\/\/catedras.facet.unt.edu.ar\/infoa\/wp-json\/wp\/v2\/users\/61"}],"replies":[{"embeddable":true,"href":"https:\/\/catedras.facet.unt.edu.ar\/infoa\/wp-json\/wp\/v2\/comments?post=67"}],"version-history":[{"count":3,"href":"https:\/\/catedras.facet.unt.edu.ar\/infoa\/wp-json\/wp\/v2\/pages\/67\/revisions"}],"predecessor-version":[{"id":81,"href":"https:\/\/catedras.facet.unt.edu.ar\/infoa\/wp-json\/wp\/v2\/pages\/67\/revisions\/81"}],"wp:attachment":[{"href":"https:\/\/catedras.facet.unt.edu.ar\/infoa\/wp-json\/wp\/v2\/media?parent=67"}],"curies":[{"name":"wp","href":"https:\/\/api.w.org\/{rel}","templated":true}]}}