{"id":65,"date":"2014-08-28T10:39:58","date_gmt":"2014-08-28T13:39:58","guid":{"rendered":"https:\/\/catedras.facet.unt.edu.ar\/infoa\/?page_id=65"},"modified":"2014-09-02T11:21:51","modified_gmt":"2014-09-02T14:21:51","slug":"bibliografia","status":"publish","type":"page","link":"https:\/\/catedras.facet.unt.edu.ar\/infoa\/bibliografia\/","title":{"rendered":"Bibliograf\u00eda"},"content":{"rendered":"<p style=\"color: #686362\"><strong>La bibliograf\u00eda recomendada para esta asignatura es:<\/strong><\/p>\n<ul>\n<li>Peter Norton,\u00a0<em>Introducci\u00f3n a la Computaci\u00f3n<\/em>,\u00a0 Ed. Mc Graw-Hill.<\/li>\n<li>Luis Joyanes Aguilar,\u00a0<em>Fundamentos de programaci\u00f3n. algoritmos y estructuras de datos<\/em>, Ed. Mc Graw-Hill.<\/li>\n<li>Mario C. Ginzburg,\u00a0<em>Introducci\u00f3n General a la Inform\u00e1tica, Perif\u00e9ricos y Redes Locales<\/em>, Biblioteca T\u00e9cnica Argentina.<\/li>\n<li>Armando E. de Giusti,\u00a0<em>Algoritmos, Datos y Programas,<\/em>\u00a0. Ed., Prentice Hall.<\/li>\n<li>Herbert Schildt,\u00a0<em>C Manual de Referencia<\/em>, 4ta. Ed., Mc Graw-Hill, Espa\u00f1a, 2001.<\/li>\n<li>H.M. Deitel, J.P. Deitel,\u00a0<em>C\u00f3mo programar en C\/C++<\/em>, 2da. Ed., Prentice Hall, M\u00e9xico, 1995.<\/li>\n<\/ul>\n","protected":false},"excerpt":{"rendered":"<p>La bibliograf\u00eda recomendada para esta asignatura es: Peter Norton,\u00a0Introducci\u00f3n a la Computaci\u00f3n,\u00a0 Ed. Mc Graw-Hill. Luis Joyanes Aguilar,\u00a0Fundamentos de programaci\u00f3n. algoritmos y estructuras de datos, Ed. Mc Graw-Hill. Mario C. Ginzburg,\u00a0Introducci\u00f3n General a la Inform\u00e1tica, Perif\u00e9ricos y Redes Locales, Biblioteca T\u00e9cnica Argentina. Armando E. de Giusti,\u00a0Algoritmos, Datos y Programas,\u00a0. Ed., Prentice Hall. Herbert Schildt,\u00a0C Manual [&hellip;]<\/p>\n","protected":false},"author":61,"featured_media":0,"parent":0,"menu_order":0,"comment_status":"closed","ping_status":"closed","template":"","meta":[],"_links":{"self":[{"href":"https:\/\/catedras.facet.unt.edu.ar\/infoa\/wp-json\/wp\/v2\/pages\/65"}],"collection":[{"href":"https:\/\/catedras.facet.unt.edu.ar\/infoa\/wp-json\/wp\/v2\/pages"}],"about":[{"href":"https:\/\/catedras.facet.unt.edu.ar\/infoa\/wp-json\/wp\/v2\/types\/page"}],"author":[{"embeddable":true,"href":"https:\/\/catedras.facet.unt.edu.ar\/infoa\/wp-json\/wp\/v2\/users\/61"}],"replies":[{"embeddable":true,"href":"https:\/\/catedras.facet.unt.edu.ar\/infoa\/wp-json\/wp\/v2\/comments?post=65"}],"version-history":[{"count":2,"href":"https:\/\/catedras.facet.unt.edu.ar\/infoa\/wp-json\/wp\/v2\/pages\/65\/revisions"}],"predecessor-version":[{"id":80,"href":"https:\/\/catedras.facet.unt.edu.ar\/infoa\/wp-json\/wp\/v2\/pages\/65\/revisions\/80"}],"wp:attachment":[{"href":"https:\/\/catedras.facet.unt.edu.ar\/infoa\/wp-json\/wp\/v2\/media?parent=65"}],"curies":[{"name":"wp","href":"https:\/\/api.w.org\/{rel}","templated":true}]}}