{"id":63,"date":"2014-08-28T10:38:49","date_gmt":"2014-08-28T13:38:49","guid":{"rendered":"https:\/\/catedras.facet.unt.edu.ar\/infoa\/?page_id=63"},"modified":"2015-08-10T09:41:01","modified_gmt":"2015-08-10T12:41:01","slug":"condiciones","status":"publish","type":"page","link":"https:\/\/catedras.facet.unt.edu.ar\/infoa\/condiciones\/","title":{"rendered":"Condiciones"},"content":{"rendered":"<p style=\"text-align: justify\"><strong>La asignatura se dicta \u00fanicamente en el segundo cuatrimestre para alumnos de las carreras:<\/strong><\/p>\n<ul>\n<li>Ingenier\u00eda Electr\u00f3nica (Plan 1991 \u2013 Modificado 2004)<\/li>\n<li>Ingenier\u00eda El\u00e9ctrica (Plan 1991 \u2013 Modificado 2004)<\/li>\n<li>Ingenier\u00eda.en Computaci\u00f3n (Plan 2004)<\/li>\n<li>Ingenier\u00eda Biom\u00e9dica<\/li>\n<\/ul>\n<p style=\"text-align: justify\"><strong>Para el\u00a0cursado\u00a0de la asignatura, el alumno debe tener regulares las siguientes asignaturas:<\/strong><\/p>\n<ul>\n<li>\u00c1lgebra y Geometr\u00eda Anal\u00edtica<\/li>\n<li>C\u00e1lculo I<\/li>\n<\/ul>\n<p style=\"text-align: justify\"><strong>Para\u00a0regularizar\u00a0la asignatura, el alumno debe:<\/strong><\/p>\n<ul>\n<li>Aprobar los ex\u00e1menes parciales, o sus recuperaciones, con nota mayor o igual a 6 (seis).<\/li>\n<li>Tener el 75% de asistencia a clases pr\u00e1cticas.<\/li>\n<\/ul>\n<p>&nbsp;<\/p>\n","protected":false},"excerpt":{"rendered":"<p>La asignatura se dicta \u00fanicamente en el segundo cuatrimestre para alumnos de las carreras: Ingenier\u00eda Electr\u00f3nica (Plan 1991 \u2013 Modificado 2004) Ingenier\u00eda El\u00e9ctrica (Plan 1991 \u2013 Modificado 2004) Ingenier\u00eda.en Computaci\u00f3n (Plan 2004) Ingenier\u00eda Biom\u00e9dica Para el\u00a0cursado\u00a0de la asignatura, el alumno debe tener regulares las siguientes asignaturas: \u00c1lgebra y Geometr\u00eda Anal\u00edtica C\u00e1lculo I Para\u00a0regularizar\u00a0la asignatura, el [&hellip;]<\/p>\n","protected":false},"author":61,"featured_media":0,"parent":0,"menu_order":0,"comment_status":"closed","ping_status":"closed","template":"","meta":[],"_links":{"self":[{"href":"https:\/\/catedras.facet.unt.edu.ar\/infoa\/wp-json\/wp\/v2\/pages\/63"}],"collection":[{"href":"https:\/\/catedras.facet.unt.edu.ar\/infoa\/wp-json\/wp\/v2\/pages"}],"about":[{"href":"https:\/\/catedras.facet.unt.edu.ar\/infoa\/wp-json\/wp\/v2\/types\/page"}],"author":[{"embeddable":true,"href":"https:\/\/catedras.facet.unt.edu.ar\/infoa\/wp-json\/wp\/v2\/users\/61"}],"replies":[{"embeddable":true,"href":"https:\/\/catedras.facet.unt.edu.ar\/infoa\/wp-json\/wp\/v2\/comments?post=63"}],"version-history":[{"count":4,"href":"https:\/\/catedras.facet.unt.edu.ar\/infoa\/wp-json\/wp\/v2\/pages\/63\/revisions"}],"predecessor-version":[{"id":289,"href":"https:\/\/catedras.facet.unt.edu.ar\/infoa\/wp-json\/wp\/v2\/pages\/63\/revisions\/289"}],"wp:attachment":[{"href":"https:\/\/catedras.facet.unt.edu.ar\/infoa\/wp-json\/wp\/v2\/media?parent=63"}],"curies":[{"name":"wp","href":"https:\/\/api.w.org\/{rel}","templated":true}]}}