{"id":104,"date":"2014-09-16T11:23:48","date_gmt":"2014-09-16T14:23:48","guid":{"rendered":"https:\/\/catedras.facet.unt.edu.ar\/infoa\/home\/"},"modified":"2014-09-16T11:23:48","modified_gmt":"2014-09-16T14:23:48","slug":"home","status":"publish","type":"page","link":"https:\/\/catedras.facet.unt.edu.ar\/infoa\/","title":{"rendered":"Home"},"content":{"rendered":"<div id=\"pl-104\"  class=\"panel-layout\" ><div id=\"pg-104-0\"  class=\"panel-grid panel-no-style\" ><div id=\"pgc-104-0-0\"  class=\"panel-grid-cell\" ><div id=\"panel-104-0-0-0\" class=\"so-panel widget widget_siteorigin-panels-postloop panel-first-child panel-last-child\" data-index=\"0\" >\n\n\t\t\n\t\t\n<article id=\"post-48\" class=\"post-48 post type-post status-publish format-standard hentry category-sin-categoria\">\n\n\t\n\t<div class=\"entry-main\">\n\n\t\t\n\t\t<header class=\"entry-header\">\n\t\t\t\n\t\t\t<h1 class=\"entry-title\"><a href=\"https:\/\/catedras.facet.unt.edu.ar\/infoa\/2014\/08\/28\/novedades\/\" title=\"Enlace permanente a Novedades\" rel=\"bookmark\">Novedades<\/a><\/h1>\n\n\t\t\t\t\t\t\t<div class=\"entry-meta\">\n\t\t\t\t\t  \t\t\t\t<\/div><!-- .entry-meta -->\n\t\t\t\n\t\t<\/header><!-- .entry-header -->\n\n\t\t\t\t\t<div class=\"entry-content\">\n\t\t\t\t<h2>\u00a0<span style=\"text-decoration: underline\">Esta asignatura corresponde<\/span><\/h2>\n<h2><span style=\"text-decoration: underline\">al M\u00f3dulo II (2do. cuatrimestre)<\/span><\/h2>\n<h3><\/h3>\n<h3><\/h3>\n\t\t\t\t\t\t\t\t\t\t\t\t\t\t\t<\/div><!-- .entry-content -->\n\t\t\n\t\t\n\t<\/div>\n\n<\/article><!-- #post-48 -->\n\n\t\n\t\n<\/div><\/div><div id=\"pgc-104-0-1\"  class=\"panel-grid-cell\" ><div id=\"panel-104-0-1-0\" class=\"so-panel widget widget_circleicon-widget panel-first-child\" data-index=\"1\" >\t\t<div class=\"circle-icon-box circle-icon-position-top circle-icon-hide-box circle-icon-size-small\">\n\t\t\t<div class=\"circle-icon-wrapper\">\n\t\t\t\t\t\t\t\t<div class=\"circle-icon\" >\n\t\t\t\t\t<div class=\"fa fa-child\" ><\/div>\t\t\t\t<\/div>\n\t\t\t\t\t\t\t<\/div>\n\n\t\t\t\t\t\t<h4 >Destinatarios<\/h4>\t\t\t\n\t\t\t<p class=\"text\" >Alumnos de Ingenier\u00eda El\u00e9ctrica, Electr\u00f3nica, Computaci\u00f3n y Biom\u00e9dica<\/p>\t\t\t\t\t<\/div>\n\t\t<\/div><div id=\"panel-104-0-1-1\" class=\"so-panel widget widget_circleicon-widget panel-last-child\" data-index=\"2\" >\t\t<div class=\"circle-icon-box circle-icon-position-top circle-icon-hide-box circle-icon-size-small\">\n\t\t\t<div class=\"circle-icon-wrapper\">\n\t\t\t\t\t\t\t\t<div class=\"circle-icon\" >\n\t\t\t\t\t<div class=\"fa fa-clock-o\" ><\/div>\t\t\t\t<\/div>\n\t\t\t\t\t\t\t<\/div>\n\n\t\t\t\t\t\t<h4 >Horarios<\/h4>\t\t\t\n\t\t\t<p class=\"text\" ><p style=\"text-align: left\"><strong>Teor\u00eda (Anf. A1):<\/strong> <li>Lunes de 08:00 \u2013 10:00 hs<\/li> <\/p> <p style=\"text-align: left\"><strong>Pr\u00e1ctica (Gabinete 1-3-08\/09):<\/strong> <li>Viernes de 14:00 \u2013 16:00 hs<\/li> <li>Viernes de 16:00 \u2013 18:00 hs.<\/li> <li>Viernes de 18:00 \u2013 20:00 hs. <\/li><\/p> <p style=\"text-align: left\"><strong><\/p><\/p>\t\t\t\t\t<\/div>\n\t\t<\/div><\/div><div id=\"pgc-104-0-2\"  class=\"panel-grid-cell\" ><div id=\"panel-104-0-2-0\" class=\"so-panel widget widget_circleicon-widget panel-first-child\" data-index=\"3\" >\t\t<div class=\"circle-icon-box circle-icon-position-top circle-icon-hide-box circle-icon-size-small\">\n\t\t\t<div class=\"circle-icon-wrapper\">\n\t\t\t\t\t\t\t\t<div class=\"circle-icon\" >\n\t\t\t\t\t<div class=\"fa fa-exclamation-triangle\" ><\/div>\t\t\t\t<\/div>\n\t\t\t\t\t\t\t<\/div>\n\n\t\t\t\t\t\t<h4 >Normas de Seguridad<\/h4>\t\t\t\n\t\t\t\t\t\t\t\t\t\t<a href=\"https:\/\/catedras.facet.unt.edu.ar\/infoa\/wp-content\/uploads\/sites\/17\/2015\/10\/NormasdeSeguridad.pdf\" class=\"more-button\" >M\u00e1s informaci\u00f3n <i><\/i><\/a>\n\t\t\t\t\t<\/div>\n\t\t<\/div><div id=\"panel-104-0-2-1\" class=\"so-panel widget widget_siteorigin-panels-postloop panel-last-child\" data-index=\"4\" >\n\n\t\t\n\t\t\n<article id=\"post-212\" class=\"post-212 post type-post status-publish format-standard hentry category-mesas\">\n\n\t\n\t<div class=\"entry-main\">\n\n\t\t\n\t\t<header class=\"entry-header\">\n\t\t\t\n\t\t\t<h1 class=\"entry-title\"><a href=\"https:\/\/catedras.facet.unt.edu.ar\/infoa\/2015\/02\/23\/prueba-2\/\" title=\"Enlace permanente a \" rel=\"bookmark\"><\/a><\/h1>\n\n\t\t\t\t\t\t\t<div class=\"entry-meta\">\n\t\t\t\t\t  \t\t\t\t<\/div><!-- .entry-meta -->\n\t\t\t\n\t\t<\/header><!-- .entry-header -->\n\n\t\t\t\t\t<div class=\"entry-content\">\n\t\t\t\t<p><strong>Mesa 11-08-2016<\/strong><\/p>\n<p><strong>Inform\u00e1tica<\/strong><\/p>\n<p>Llobeta Jeronimo (8); Stagneto Max(10); Vale Fernando (Ausente); Vargas Melisa (Ausente)<\/p>\n<p><strong>Programacion I<\/strong><\/p>\n<p>Campero Leandro (8); Darpino Guido (7); Gigena Leandro (8); Gonzalez Lucchese, Gustavo (6);<\/p>\n<p>Ledesma Lucas (10); Siles Gustavo (9); Musa Ezequiel (10); Salomon Nicolas (7); Vionnet Osvaldo (10)<\/p>\n\t\t\t\t\t\t\t\t\t\t\t\t\t\t\t<\/div><!-- .entry-content -->\n\t\t\n\t\t\n\t<\/div>\n\n<\/article><!-- #post-212 -->\n\n\t\n\t\n<\/div><\/div><\/div><\/div>","protected":false},"excerpt":{"rendered":"","protected":false},"author":61,"featured_media":0,"parent":0,"menu_order":0,"comment_status":"closed","ping_status":"open","template":"home-panels.php","meta":[],"_links":{"self":[{"href":"https:\/\/catedras.facet.unt.edu.ar\/infoa\/wp-json\/wp\/v2\/pages\/104"}],"collection":[{"href":"https:\/\/catedras.facet.unt.edu.ar\/infoa\/wp-json\/wp\/v2\/pages"}],"about":[{"href":"https:\/\/catedras.facet.unt.edu.ar\/infoa\/wp-json\/wp\/v2\/types\/page"}],"author":[{"embeddable":true,"href":"https:\/\/catedras.facet.unt.edu.ar\/infoa\/wp-json\/wp\/v2\/users\/61"}],"replies":[{"embeddable":true,"href":"https:\/\/catedras.facet.unt.edu.ar\/infoa\/wp-json\/wp\/v2\/comments?post=104"}],"version-history":[{"count":0,"href":"https:\/\/catedras.facet.unt.edu.ar\/infoa\/wp-json\/wp\/v2\/pages\/104\/revisions"}],"wp:attachment":[{"href":"https:\/\/catedras.facet.unt.edu.ar\/infoa\/wp-json\/wp\/v2\/media?parent=104"}],"curies":[{"name":"wp","href":"https:\/\/api.w.org\/{rel}","templated":true}]}}