{"id":37,"date":"2014-08-12T11:49:09","date_gmt":"2014-08-12T14:49:09","guid":{"rendered":"https:\/\/catedras.facet.unt.edu.ar\/iidpr\/home\/"},"modified":"2025-08-14T13:04:40","modified_gmt":"2025-08-14T16:04:40","slug":"home","status":"publish","type":"page","link":"https:\/\/catedras.facet.unt.edu.ar\/iidpr\/","title":{"rendered":"PRINCIPAL"},"content":{"rendered":"<h3><span style=\"color: #008000\"><strong>SOBRE EL CURSO<\/strong><\/span><\/h3>\n<p style=\"text-align: justify\">El Curso <strong>Instrumentaci\u00f3n Industrial de Procesos<\/strong> corresponde a una asignatura optativa \u00a0de las carreras de <strong>Ingenier\u00eda Qu\u00edmica<\/strong>\u00a0e <strong>Ingenier\u00eda Industrial<\/strong> que se dicta\u00a0 en la Facultad de Ciencias Exactas y Tecnolog\u00eda con modalidad cuatrimestral. En este sitio\u00a0 encontrar\u00e1 el material b\u00e1sico para el cursado de la materia. Consulte las novedades <a href=\"https:\/\/catedras.facet.unt.edu.ar\/iidpr\/novedades\/\"><strong>AQU\u00cd<\/strong><\/a>.<\/p>\n<p>&nbsp;<\/p>\n<h3><span style=\"color: #008000\"><strong>DOCENTES<\/strong><\/span><\/h3>\n<p>Dr. \u00a0Mario Rodolfo Cesca (<a href=\"mailto:mcesca@herrera.unt.edu.ar\" target=\"_blank\" rel=\"noopener noreferrer\">mcesca@herrera.unt.edu.ar<\/a>)<br \/>\nIng. Alejandra Patricia Ingaramo (<a href=\"mailto:aingaramo@herrera.unt.edu.ar\" target=\"_blank\" rel=\"noopener noreferrer\">aingaramo@herrera.unt.edu.ar<\/a>)<br \/>\nIng. Eduardo Melqu\u00edades Vera van Gelderen (<a href=\"mailto:everavangelderen@herrera.unt.edu.ar\" target=\"_blank\" rel=\"noopener noreferrer\">everavangelderen@herrera.unt.edu.ar<\/a>)<br \/>\nDr. Pablo Mauricio Jeger (<a href=\"mailto:pjeger@herrera.unt.edu.ar\">pjeger@herrera.unt.edu.ar<\/a>)<\/p>\n<p>&nbsp;<\/p>\n<h3><span style=\"color: #008000\"><strong>R\u00c9GIMEN DE DICTADO Y APROBACI\u00d3N<\/strong><\/span><\/h3>\n<p>En el contexto actual de distanciamiento social preventivo, la materia se desarrollar\u00e1 en forma remota a trav\u00e9s de la plataforma <strong>Google.Classroom<\/strong> con las siguientes actividades:<\/p>\n<ul>\n<li><strong>CLASES TE\u00d3RICO PR\u00c1CTICAS.<\/strong> Se desarrollan conceptos te\u00f3ricos sobre elementos de medici\u00f3n y actuaci\u00f3n y se discuten problemas de aplicaci\u00f3n. Se pone \u00e9nfasis en aplicaciones concretas con uso de informaci\u00f3n t\u00e9cnica de los fabricantes\u00a0 (folletos, manuales, etc.).<\/li>\n<li><strong>TRABAJOS PR\u00c1CTICOS EXPERIMENTALES.<\/strong> Se planifican trabajos experimentales integrados.<\/li>\n<li><strong>RESOLUCI\u00d3N AUT\u00d3NOMA DE PROBLEMAS DE APLICACI\u00d3N:<\/strong> al menos un problema por tema.<\/li>\n<\/ul>\n<p><span style=\"font-weight: 400\">Para\u00a0<\/span><b>aprobar<\/b><span style=\"font-weight: 400\">\u00a0la materia\u00a0 la materia en el\u00a0<\/span><b>per\u00edodo regular,<\/b><span style=\"font-weight: 400\">\u00a0el estudiante se tiene en cuenta:<\/span><\/p>\n<ul>\n<li style=\"font-weight: 400\"><span style=\"font-weight: 400\">Asistencia y participaci\u00f3n las clases te\u00f3rico pr\u00e1cticas (m\u00ednimo 80 %)<\/span><\/li>\n<li style=\"font-weight: 400\"><span style=\"font-weight: 400\">Desarrollo de los Trabajos Pr\u00e1cticos Experimentales con presentaci\u00f3n de informe (100 %)<\/span><\/li>\n<li style=\"font-weight: 400\"><span style=\"font-weight: 400\">Resoluci\u00f3n de los problemas asignados (aprobados el 100 %)<\/span><\/li>\n<\/ul>\n<p><span style=\"font-weight: 400\">En el\u00a0<\/span><b>per\u00edodo de recuperaci\u00f3n<\/b><span style=\"font-weight: 400\">, si no alcanz\u00f3 los objetivos, el alumno debe desarrollar un caso de estudio individual integrando informaci\u00f3n de los trabajos pr\u00e1cticos de problemas y experimentales. Deber\u00e1 ser presentado en formato digital.<\/span><\/p>\n<p>&nbsp;<\/p>\n<h3><span style=\"color: #008000\"><strong>INGRESO A LA PLATAFORMA CLASSROOM<\/strong><\/span><\/h3>\n<p>Los alumnos que deseen cursar la asignatura deber\u00e1n pre-inscribirse completando este <a href=\"https:\/\/docs.google.com\/forms\/d\/1BQfM8lKfxYgFHVGkZP_XVxsZiSMUtF1qec78MaIcdDA\/edit\" target=\"_blank\" rel=\"noopener noreferrer\"><strong>FORMULARIO<\/strong><\/a><\/p>\n<p>&nbsp;<\/p>\n<h3><span style=\"color: #008000\"><strong>WEBMASTER<\/strong><\/span><\/h3>\n<p>Dr. \u00a0Mario Rodolfo Cesca<br \/>\n<strong><a href=\"mailto:mcesca@herrera.unt.edu.ar\" target=\"_blank\" rel=\"noopener noreferrer\">mcesca@herrera.unt.edu.ar<\/a><\/strong><\/p>\n<p>&nbsp;<\/p>\n<p>&nbsp;<\/p>\n","protected":false},"excerpt":{"rendered":"<p>SOBRE EL CURSO El Curso Instrumentaci\u00f3n Industrial de Procesos corresponde a una asignatura optativa \u00a0de las carreras de Ingenier\u00eda Qu\u00edmica\u00a0e Ingenier\u00eda Industrial que se dicta\u00a0 en la Facultad de Ciencias Exactas y Tecnolog\u00eda con modalidad cuatrimestral. En este sitio\u00a0 encontrar\u00e1 el material b\u00e1sico para el cursado de la materia. Consulte las novedades AQU\u00cd. &nbsp; DOCENTES [&hellip;]<\/p>\n","protected":false},"author":184,"featured_media":0,"parent":0,"menu_order":0,"comment_status":"closed","ping_status":"closed","template":"home-panels.php","meta":[],"_links":{"self":[{"href":"https:\/\/catedras.facet.unt.edu.ar\/iidpr\/wp-json\/wp\/v2\/pages\/37"}],"collection":[{"href":"https:\/\/catedras.facet.unt.edu.ar\/iidpr\/wp-json\/wp\/v2\/pages"}],"about":[{"href":"https:\/\/catedras.facet.unt.edu.ar\/iidpr\/wp-json\/wp\/v2\/types\/page"}],"author":[{"embeddable":true,"href":"https:\/\/catedras.facet.unt.edu.ar\/iidpr\/wp-json\/wp\/v2\/users\/184"}],"replies":[{"embeddable":true,"href":"https:\/\/catedras.facet.unt.edu.ar\/iidpr\/wp-json\/wp\/v2\/comments?post=37"}],"version-history":[{"count":30,"href":"https:\/\/catedras.facet.unt.edu.ar\/iidpr\/wp-json\/wp\/v2\/pages\/37\/revisions"}],"predecessor-version":[{"id":380,"href":"https:\/\/catedras.facet.unt.edu.ar\/iidpr\/wp-json\/wp\/v2\/pages\/37\/revisions\/380"}],"wp:attachment":[{"href":"https:\/\/catedras.facet.unt.edu.ar\/iidpr\/wp-json\/wp\/v2\/media?parent=37"}],"curies":[{"name":"wp","href":"https:\/\/api.w.org\/{rel}","templated":true}]}}