{"id":193,"date":"2018-08-23T09:51:56","date_gmt":"2018-08-23T12:51:56","guid":{"rendered":"https:\/\/catedras.facet.unt.edu.ar\/iidpr\/?page_id=193"},"modified":"2025-08-14T13:23:56","modified_gmt":"2025-08-14T16:23:56","slug":"tp-problemas","status":"publish","type":"page","link":"https:\/\/catedras.facet.unt.edu.ar\/iidpr\/tp-problemas\/","title":{"rendered":"TRABAJOS PR\u00c1CTICOS DE PROBLEMAS"},"content":{"rendered":"<h2 style=\"text-align: center\"><span style=\"color: #008000\"><strong>TRABAJOS PR\u00c1CTICOS DE PROBLEMAS<\/strong><\/span><\/h2>\n<p><strong>TRABAJO PR\u00c1CTICO N\u00b0 1:<\/strong> Caracter\u00edsticas de los Instrumentos<\/p>\n<p><strong>TRABAJO PR\u00c1CTICO N\u00b0 2:<\/strong> Medici\u00f3n de Presi\u00f3n<\/p>\n<p><strong>TRABAJO PR\u00c1CTICO N\u00b0 3:<\/strong> Medici\u00f3n de Nivel<\/p>\n<p><strong>TRABAJO PR\u00c1CTICO N\u00b0 4:<\/strong> Medici\u00f3n de Temperatura<\/p>\n<p><strong>TRABAJO PR\u00c1CTICO N\u00b0 5:<\/strong> Medici\u00f3n de Caudal de Fluidos<\/p>\n<p><strong>TRABAJO PR\u00c1CTICO N\u00b0 6:<\/strong> Elementos Finales de Control<\/p>\n<p>&nbsp;<\/p>\n<p>&nbsp;<\/p>\n","protected":false},"excerpt":{"rendered":"<p>TRABAJOS PR\u00c1CTICOS DE PROBLEMAS TRABAJO PR\u00c1CTICO N\u00b0 1: Caracter\u00edsticas de los Instrumentos TRABAJO PR\u00c1CTICO N\u00b0 2: Medici\u00f3n de Presi\u00f3n TRABAJO PR\u00c1CTICO N\u00b0 3: Medici\u00f3n de Nivel TRABAJO PR\u00c1CTICO N\u00b0 4: Medici\u00f3n de Temperatura TRABAJO PR\u00c1CTICO N\u00b0 5: Medici\u00f3n de Caudal de Fluidos TRABAJO PR\u00c1CTICO N\u00b0 6: Elementos Finales de Control &nbsp; &nbsp;<\/p>\n","protected":false},"author":184,"featured_media":0,"parent":0,"menu_order":0,"comment_status":"closed","ping_status":"closed","template":"","meta":[],"_links":{"self":[{"href":"https:\/\/catedras.facet.unt.edu.ar\/iidpr\/wp-json\/wp\/v2\/pages\/193"}],"collection":[{"href":"https:\/\/catedras.facet.unt.edu.ar\/iidpr\/wp-json\/wp\/v2\/pages"}],"about":[{"href":"https:\/\/catedras.facet.unt.edu.ar\/iidpr\/wp-json\/wp\/v2\/types\/page"}],"author":[{"embeddable":true,"href":"https:\/\/catedras.facet.unt.edu.ar\/iidpr\/wp-json\/wp\/v2\/users\/184"}],"replies":[{"embeddable":true,"href":"https:\/\/catedras.facet.unt.edu.ar\/iidpr\/wp-json\/wp\/v2\/comments?post=193"}],"version-history":[{"count":13,"href":"https:\/\/catedras.facet.unt.edu.ar\/iidpr\/wp-json\/wp\/v2\/pages\/193\/revisions"}],"predecessor-version":[{"id":384,"href":"https:\/\/catedras.facet.unt.edu.ar\/iidpr\/wp-json\/wp\/v2\/pages\/193\/revisions\/384"}],"wp:attachment":[{"href":"https:\/\/catedras.facet.unt.edu.ar\/iidpr\/wp-json\/wp\/v2\/media?parent=193"}],"curies":[{"name":"wp","href":"https:\/\/api.w.org\/{rel}","templated":true}]}}