{"id":110,"date":"2016-08-17T15:06:14","date_gmt":"2016-08-17T18:06:14","guid":{"rendered":"https:\/\/catedras.facet.unt.edu.ar\/iidpr\/?page_id=110"},"modified":"2022-08-10T16:45:03","modified_gmt":"2022-08-10T19:45:03","slug":"material","status":"publish","type":"page","link":"https:\/\/catedras.facet.unt.edu.ar\/iidpr\/material\/","title":{"rendered":"MATERIAL"},"content":{"rendered":"<h2 style=\"text-align: center\"><span style=\"color: #008000\"><strong>MATERIAL DE CONSULTA\u00a0<\/strong><\/span><\/h2>\n<p>&nbsp;<\/p>\n<h3><span style=\"color: #008000\"><strong>TEMA 1: CARACTER\u00cdSTICAS DE LOS INSTRUMENTOS<\/strong><\/span><\/h3>\n<p><a href=\"https:\/\/catedras.facet.unt.edu.ar\/iidpr\/wp-content\/uploads\/sites\/86\/2016\/08\/Tema-1-Introduccion.pdf\" target=\"_blank\" rel=\"noopener noreferrer\">Tema 1 &#8211; Introducci\u00f3n &#8211; Notas de Clase<\/a><\/p>\n<p>&nbsp;<\/p>\n<h3><span style=\"color: #008000\"><strong>TEMA 2: MEDICI\u00d3N DE PRESI\u00d3N<\/strong><\/span><\/h3>\n<p><a href=\"https:\/\/catedras.facet.unt.edu.ar\/iidpr\/wp-content\/uploads\/sites\/86\/2016\/08\/Tema-2-Elementos-de-Presi\u00f3n.pdf\" target=\"_blank\" rel=\"noopener noreferrer\">Tema 2 &#8211; Elementos de Presi\u00f3n &#8211; Notas de Clase<\/a><\/p>\n<p>&nbsp;<\/p>\n<h3><span style=\"color: #008000\"><strong>TEMA 3: MEDICI\u00d3N DE NIVEL<\/strong><\/span><\/h3>\n<p><a href=\"https:\/\/catedras.facet.unt.edu.ar\/iidpr\/wp-content\/uploads\/sites\/86\/2016\/08\/Tema-3-Nivel.pdf\" target=\"_blank\" rel=\"noopener noreferrer\">Tema 3 &#8211; Elementos de Nivel &#8211; Notas de Clase<\/a><\/p>\n<p>&nbsp;<\/p>\n<h3><span style=\"color: #008000\"><strong>TEMA 4: MEDICI\u00d3N DE TEMPERATURA<\/strong><\/span><\/h3>\n<p><a href=\"https:\/\/catedras.facet.unt.edu.ar\/iidpr\/wp-content\/uploads\/sites\/86\/2020\/11\/Tema-4.1-Elementos-de-Temperatura.pdf\" target=\"_blank\" rel=\"noopener noreferrer\">Tema 4.1 &#8211; Elementos de Temperatura &#8211; Notas de Clase<\/a><br \/>\n<a href=\"https:\/\/catedras.facet.unt.edu.ar\/iidpr\/wp-content\/uploads\/sites\/86\/2020\/11\/Tema-4.2-Elementos-de-Temperatura.pdf\" target=\"_blank\" rel=\"noopener noreferrer\">Tema 4.2 &#8211; Elementos de Temperatura &#8211; Notas de Clase<\/a><\/p>\n<p>&nbsp;<\/p>\n<h3><span style=\"color: #008000\"><strong>TEMA 5: MEDICI\u00d3N DE CAUDAL<\/strong><\/span><\/h3>\n<p><a href=\"https:\/\/catedras.facet.unt.edu.ar\/iidpr\/wp-content\/uploads\/sites\/86\/2020\/11\/Tema-5.1-Elementos-de-Caudal.pdf\" target=\"_blank\" rel=\"noopener noreferrer\">Tema 5.1 &#8211; Elementos de Caudal &#8211; Notas de Clase &#8211; Parte 1<\/a><br \/>\n<a href=\"https:\/\/catedras.facet.unt.edu.ar\/iidpr\/wp-content\/uploads\/sites\/86\/2020\/11\/Tema-5.2-Elementos-de-Caudal.pdf\" target=\"_blank\" rel=\"noopener noreferrer\">Tema 5.2 &#8211; Elementos de Caudal &#8211; Notas de Clase &#8211; Parte 2<\/a><br \/>\n<a href=\"https:\/\/catedras.facet.unt.edu.ar\/iidpr\/wp-content\/uploads\/sites\/86\/2020\/11\/Tema-5.3-Elementos-de-Caudal.pdf\" target=\"_blank\" rel=\"noopener noreferrer\">Tema 5.3 &#8211; Elementos de Caudal &#8211; Notas de Clase &#8211; Parte 3<\/a><\/p>\n<p>&nbsp;<\/p>\n<h3><span style=\"color: #008000\"><strong>TEMA 6: MEDICI\u00d3N DE PROPIEDADES DE FLUIDOS<\/strong><\/span><\/h3>\n<p><a href=\"https:\/\/catedras.facet.unt.edu.ar\/iidpr\/wp-content\/uploads\/sites\/86\/2016\/08\/Tema-6-Propiedades-de-Fluidos.pdf\" target=\"_blank\" rel=\"noopener noreferrer\">Tema 6 \u2013 Elementos de medici\u00f3n de propiedades de fluidos \u2013 Notas de Clase<\/a><\/p>\n<p>&nbsp;<\/p>\n<h3><span style=\"color: #008000\"><strong>TEMA 7: ELEMENTOS FINALES DE CONTROL<\/strong><\/span><\/h3>\n<p><a href=\"https:\/\/catedras.facet.unt.edu.ar\/iidpr\/wp-content\/uploads\/sites\/86\/2020\/11\/Tema-7-Elementos-Finales-de-Control-Parte-1.pdf\" target=\"_blank\" rel=\"noopener noreferrer\">Tema 7.1 &#8211; Elementos finales de control &#8211; Notas de Clase<\/a><br \/>\n<a href=\"https:\/\/catedras.facet.unt.edu.ar\/iidpr\/wp-content\/uploads\/sites\/86\/2020\/11\/Tema-7-Elementos-Finales-de-Control-Parte-2.pdf\" target=\"_blank\" rel=\"noopener noreferrer\">Tema 7.2 &#8211; Elementos finales de control &#8211; Notas de Clase<\/a><\/p>\n<p>&nbsp;<\/p>\n<h3><span style=\"color: #008000\"><strong>TEMA 8: SISTEMAS DE CONTROL<\/strong><\/span><\/h3>\n<p><a href=\"https:\/\/catedras.facet.unt.edu.ar\/iidpr\/wp-content\/uploads\/sites\/86\/2020\/11\/Tema-8-Sistemas-de-control.pdf\" target=\"_blank\" rel=\"noopener noreferrer\">Tema 8 \u2013 Sistemas de control \u2013 Notas de Clase<\/a><\/p>\n<p>&nbsp;<\/p>\n<p>&nbsp;<\/p>\n","protected":false},"excerpt":{"rendered":"<p>MATERIAL DE CONSULTA\u00a0 &nbsp; TEMA 1: CARACTER\u00cdSTICAS DE LOS INSTRUMENTOS Tema 1 &#8211; Introducci\u00f3n &#8211; Notas de Clase &nbsp; TEMA 2: MEDICI\u00d3N DE PRESI\u00d3N Tema 2 &#8211; Elementos de Presi\u00f3n &#8211; Notas de Clase &nbsp; TEMA 3: MEDICI\u00d3N DE NIVEL Tema 3 &#8211; Elementos de Nivel &#8211; Notas de Clase &nbsp; TEMA 4: MEDICI\u00d3N DE [&hellip;]<\/p>\n","protected":false},"author":184,"featured_media":0,"parent":0,"menu_order":0,"comment_status":"closed","ping_status":"closed","template":"","meta":[],"_links":{"self":[{"href":"https:\/\/catedras.facet.unt.edu.ar\/iidpr\/wp-json\/wp\/v2\/pages\/110"}],"collection":[{"href":"https:\/\/catedras.facet.unt.edu.ar\/iidpr\/wp-json\/wp\/v2\/pages"}],"about":[{"href":"https:\/\/catedras.facet.unt.edu.ar\/iidpr\/wp-json\/wp\/v2\/types\/page"}],"author":[{"embeddable":true,"href":"https:\/\/catedras.facet.unt.edu.ar\/iidpr\/wp-json\/wp\/v2\/users\/184"}],"replies":[{"embeddable":true,"href":"https:\/\/catedras.facet.unt.edu.ar\/iidpr\/wp-json\/wp\/v2\/comments?post=110"}],"version-history":[{"count":32,"href":"https:\/\/catedras.facet.unt.edu.ar\/iidpr\/wp-json\/wp\/v2\/pages\/110\/revisions"}],"predecessor-version":[{"id":357,"href":"https:\/\/catedras.facet.unt.edu.ar\/iidpr\/wp-json\/wp\/v2\/pages\/110\/revisions\/357"}],"wp:attachment":[{"href":"https:\/\/catedras.facet.unt.edu.ar\/iidpr\/wp-json\/wp\/v2\/media?parent=110"}],"curies":[{"name":"wp","href":"https:\/\/api.w.org\/{rel}","templated":true}]}}