{"id":100,"date":"2016-08-17T14:30:56","date_gmt":"2016-08-17T17:30:56","guid":{"rendered":"https:\/\/catedras.facet.unt.edu.ar\/iidpr\/?page_id=100"},"modified":"2025-08-14T13:21:05","modified_gmt":"2025-08-14T16:21:05","slug":"programa","status":"publish","type":"page","link":"https:\/\/catedras.facet.unt.edu.ar\/iidpr\/programa\/","title":{"rendered":"PROGRAMA"},"content":{"rendered":"<h2 style=\"text-align: center\"><span style=\"color: #008000\"><strong>PROGRAMA<\/strong><\/span><\/h2>\n<p><span style=\"color: #008000\"><strong>VERSI\u00d3N DIGITAL:<\/strong><\/span><strong> <a href=\"https:\/\/catedras.facet.unt.edu.ar\/iidpr\/wp-content\/uploads\/sites\/86\/2025\/08\/Programa_2025_Op_Instrumentacion-Industrial-de-Procesos.pdf\" target=\"_blank\" rel=\"noopener noreferrer\">Programa_2025_Op_Instrumentacion Industrial de Procesos<\/a><\/strong><\/p>\n<p>&nbsp;<\/p>\n<h3><span style=\"color: #008000\"><strong>OBJETIVOS<\/strong><\/span><\/h3>\n<p>Al finalizar la asignatura el alumno ser\u00e1 capaz de:<\/p>\n<ul>\n<li>Comprender las disponibilidades actuales de hardware para la medici\u00f3n y control de variables de proceso.<\/li>\n<li>Interpretar informaci\u00f3n t\u00e9cnica de elementos de medici\u00f3n y control para selecci\u00f3n, especificaci\u00f3n y manejo de instrumentos industriales de proceso.<\/li>\n<li>Manejar instrumentaci\u00f3n de campo de la industria de procesos.<\/li>\n<\/ul>\n<p>&nbsp;<\/p>\n<h3><span style=\"color: #008000\"><strong>CARGA HORARIA<\/strong><\/span><\/h3>\n<p>64 horas \u2013 4 horas por semana<\/p>\n<ul>\n<li>32 hs. Clases te\u00f3rico pr\u00e1cticas<\/li>\n<li>16 hs. Pr\u00e1cticos experimentales<\/li>\n<li>12 hs. Desarrollo de problemas de ingenier\u00eda<\/li>\n<li>\u00a0 4 hs. Informes<\/li>\n<\/ul>\n<p>&nbsp;<\/p>\n<h3><span style=\"color: #008000\"><strong>CONTENIDOS<\/strong><\/span><\/h3>\n<p><span style=\"color: #008000\"><strong>T.1: CARACTER\u00cdSTICAS DE LOS INSTRUMENTOS<\/strong><\/span><br \/>\n\u00bfQu\u00e9 significa medir? Variables de inter\u00e9s en procesos industriales. Elemento primario. Elementos secundarios: amplificaci\u00f3n, transducci\u00f3n y transmisi\u00f3n. Se\u00f1ales estandarizadas. Receptores: indicaci\u00f3n, registro y adquisici\u00f3n. Interruptores. Planos de instrumentos, diagramas P&amp;I, normas IRAM-IAP y ANSI\/ISA. Procedimiento general de selecci\u00f3n de instrumentos. Caracter\u00edsticas est\u00e1ticas de los instrumentos, normas. Terminolog\u00eda asociada a se\u00f1ales, alcance, lectura y calidad de la medici\u00f3n:. Errores individuales y de cadenas de instrumentos. Condiciones de operaci\u00f3n y almacenamiento. Caracter\u00edsticas din\u00e1micas. Tecnolog\u00eda neum\u00e1tica y electr\u00f3nica anal\u00f3gica. Tecnolog\u00eda digital, transmisores inteligentes. Instrumentaci\u00f3n inal\u00e1mbrica. Instrumentos en \u00e1reas peligrosas, seguridad intr\u00ednseca.<\/p>\n<p><span style=\"color: #008000\"><strong>T.2: MEDICI\u00d3N DE PRESI\u00d3N<\/strong><\/span><br \/>\nPresiones manom\u00e9trica, absoluta y diferencial. Elementos de columna de l\u00edquido. Sensores mec\u00e1nicos: tubos Bourdon, diafragmas, c\u00e1psulas, fuelles y campanas. Transmisores neum\u00e1tico, capacitivo, extensom\u00e9trico piezoel\u00e9ctrico, piezoresistivo, magn\u00e9tico y de alambre vibrante. Sellos mec\u00e1nicos. Medici\u00f3n de vac\u00edo. Calibraci\u00f3n de elementos de presi\u00f3n. Sistemas de control de presi\u00f3n. Especificaci\u00f3n t\u00e9cnica.<\/p>\n<p><span style=\"color: #008000\"><strong>T.3: MEDICI\u00d3N DE NIVEL<\/strong><\/span><br \/>\nNivel de interfase fluido-fluido. Indicadores visuales de vidrio, de flotante y cable y magn\u00e9ticos. Mediciones con flotante, por desplazamiento (boyantes), de altura hidrost\u00e1tica, de capacitancia, de radiaci\u00f3n nuclear, s\u00f3nicas y ultras\u00f3nicas. Elevaci\u00f3n y supresi\u00f3n de cero. Interruptores de nivel de l\u00edquido. Casos problem\u00e1ticos. Medidores de nivel de s\u00f3lidos: capacitivo, ultras\u00f3nico, radiativos y con celdas de carga. Interruptores de nivel de s\u00f3lidos. Sistemas de control de nivel. Especificaci\u00f3n t\u00e9cnica.<\/p>\n<p><span style=\"color: #008000\"><strong>T.4: MEDICI\u00d3N DE TEMPERATURA<\/strong><\/span><br \/>\nEscalas de temperatura. Termocuplas: principio de funcionamiento, caracter\u00edsticas generales, tipos estandarizados, cables de compensaci\u00f3n. Termorresistencias, principio de operaci\u00f3n, tipos, conexiones. Termistores. Sistemas de protecci\u00f3n. Sistemas de dilataci\u00f3n: clasificaci\u00f3n, aplicaciones y limitaciones. Indicadores: term\u00f3metros de vidrio y bimet\u00e1licos. Pir\u00f3metros de radiaci\u00f3n, principio de funcionamiento, componentes, aplicaciones. Sistemas de control de temperatura. Especificaci\u00f3n t\u00e9cnica.<\/p>\n<p><span style=\"color: #008000\"><strong>T.5: MEDICI\u00d3N DE CAUDAL DE FLUIDOS<\/strong><\/span><br \/>\nLa variable caudal, tipos. Perfil de velocidades, factores que determinan el r\u00e9gimen de flujo, fluido no newtoniatos, distorsiones. Caracter\u00edsticas especiales de caudal\u00edmetros: amplitud de rangos, totalizaci\u00f3n. Elementos diferenciales convencionales, de geometr\u00eda fija y de flujo cr\u00edtico. Medidores de \u00e1rea variable y de desplazamiento positivo. Caudal\u00edmetros a turbina, oscilatorios, electromagn\u00e9ticos y ultras\u00f3nicos. Medici\u00f3n de caudal m\u00e1sico: directos, inferenciales, t\u00e9rmicos y con correcci\u00f3n por densidad. Caudal\u00edmetros para canales abiertos. Selecci\u00f3n de caudal\u00edmetros: especificaci\u00f3n y procedimiento.<\/p>\n<p><span style=\"color: #008000\"><strong>T.6: MEDICI\u00d3N DE PROPIEDADES DE FLUIDOS<\/strong><\/span><br \/>\nDensidad: escalas, distintos tipos de indicadores y transmisores. Propiedades reol\u00f3gicas de fluidos, medici\u00f3n de viscosidad aparente, aplicaciones. Medici\u00f3n de \u00edndice de refracci\u00f3n, de conductividad t\u00e9rmica de gases y de presi\u00f3n de vapor de mezclas. Sistemas de control de densidad. Medici\u00f3n de pH y conductividad espec\u00edfica. Especificaci\u00f3n t\u00e9cnica.<\/p>\n<p><span style=\"color: #008000\"><strong>T.7: ELEMENTOS FINALES DE CONTROL<\/strong><\/span><br \/>\nDistintos elementos finales de control. V\u00e1lvulas reguladoras, descripci\u00f3n general, tipos y caracter\u00edsticas. Accionamiento neum\u00e1tico, retardos. Dimensionamiento de v\u00e1lvulas: flujo cr\u00edtico, vaporizaci\u00f3n y cavitaci\u00f3n, efecto de la viscosidad. Caracter\u00edsticas de flujo inherente e instalada. Selecci\u00f3n de v\u00e1lvulas de control. Posicionador.<\/p>\n<p><span style=\"color: #008000\"><strong>T.8: SISTEMAS DE CONTROL<\/strong><\/span><br \/>\nControladores ON-OFF. El controlador PID anal\u00f3gico, formas paralelo y serie, filtro derivativo, unidad autom\u00e1tico manual. Controladores PID digitales, algoritmos posicional y de velocidad, tiempo de muestreo. Saturaci\u00f3n de la acci\u00f3n integral. Controladores PID no lineales. Configuraci\u00f3n y sintonizaci\u00f3n de controladores PID, autoajuste. Adquisici\u00f3n de datos. Sistemas de control distribuido y basados en bus de campo.<\/p>\n<p>&nbsp;<\/p>\n<h3><span style=\"color: #008000\"><strong>ACTIVIDADES TE\u00d3RICAS Y PR\u00c1CTICAS<\/strong><\/span><\/h3>\n<p><span style=\"color: #008000\"><strong>CLASES TE\u00d3RICO PR\u00c1CTICAS.<\/strong> <\/span>Se desarrollan conceptos te\u00f3ricos sobre elementos de medici\u00f3n y actuaci\u00f3n y se discuten problemas de aplicaci\u00f3n. Se pone \u00e9nfasis en aplicaciones concretas con uso de informaci\u00f3n t\u00e9cnica de los fabricantes\u00a0 (folletos, manuales, etc.).<\/p>\n<p><span style=\"color: #008000\"><strong>TRABAJOS PR\u00c1CTICOS EXPERIMENTALES.<\/strong><\/span> Est\u00e1n previstos Trabajos Pr\u00e1cticos en los que el alumno trabaja con instrumentaci\u00f3n industrial.<\/p>\n<p><span style=\"color: #008000\"><strong>PROBLEMAS DE APLICACI\u00d3N:<\/strong><\/span> desarrollo y presentaci\u00f3n de problemas de cada uno de los temas.<\/p>\n<p><span style=\"color: #008000\"><strong>SITIO DE INTERNET:<\/strong><\/span> <a href=\"http:\/\/catedras.facet.unt.edu.ar\/iidpr\/\">http:\/\/catedras.facet.unt.edu.ar\/iidpr\/<\/a><\/p>\n<p><span style=\"color: #008000\"><strong>CAMPUS VIRTUAL: <\/strong><\/span><a href=\"https:\/\/classroom.google.com\/u\/0\/c\/NzczNDk3OTQzMjIz\" target=\"_blank\" rel=\"noopener noreferrer\"><span style=\"color: #000000\">https:\/\/classroom.google.com\/u\/0\/c\/NzczNDk3OTQzMjIz<\/span><\/a><\/p>\n<p>&nbsp;<\/p>\n<h3><span style=\"color: #008000\"><strong>BIBLIOGRAF\u00cdA<\/strong><\/span><\/h3>\n<ul>\n<li>Acedo S\u00e1nchez, Jos\u00e9. CONTROL AVANZADO DE PROCESOS, Ediciones D\u00edaz de Santos, Madrid, Espa\u00f1a., 2006. Disponible en <a href=\"https:\/\/ebookcentral.proquest.com\/lib\/biblcetuntsp\/detail.action?docID=3157179&amp;query=CONTROL+AVANZADO+DE+PROCESOS\" target=\"_blank\" rel=\"noopener noreferrer\">http:\/\/site.ebrary.com\/lib\/biblcetuntsp<\/a> a trav\u00e9s de la Biblioteca de FACET.<\/li>\n<li>Considine, D. M. (Editor), (1993). PROCESS INDUSTRIAL INSTRUMENTS &amp; CONTROL HANDBOOK, 4ta. Edici\u00f3n, McGraw-Hill, USA<\/li>\n<li>Kuphaldt, Tony R. Lessons In Industrial Instrumentation, ver. 2.29, 2017. Disponible en <a href=\"https:\/\/www.ibiblio.org\/kuphaldt\/socratic\/sinst\/\" target=\"_blank\" rel=\"noopener noreferrer\">https:\/\/www.ibiblio.org\/kuphaldt\/socratic\/sinst\/<\/a>.<\/li>\n<li>Rojano Ramos, Santiago. Instrumentaci\u00f3n y control en instalaciones de procesos, energ\u00eda y servicios auxiliares, IC Editorial, Espa\u00f1a, 2012. Disponible en <a href=\"https:\/\/ebookcentral.proquest.com\/lib\/biblcetuntsp\/detail.action?docID=3211232&amp;query=Rojano+Ramos%2C+Santiago\" target=\"_blank\" rel=\"noopener noreferrer\">http:\/\/site.ebrary.com\/lib\/biblcetuntsp<\/a> a trav\u00e9s de la Biblioteca de FACET.<\/li>\n<li>Sklanny, S. y C. Behrends, SISTEMAS DIGITALES DE CONTROL DE PROCESOS, 2\u00ba Edici\u00f3n, Editorial Control, Buenos Aires (2004).<\/li>\n<\/ul>\n<p>&nbsp;<\/p>\n<h3><span style=\"color: #008000\"><strong>SISTEMA DE EVALUACI\u00d3N<\/strong><\/span><\/h3>\n<p><span style=\"font-weight: 400\">Para\u00a0<\/span><b>aprobar<\/b><span style=\"font-weight: 400\">\u00a0la materia\u00a0 la materia en el\u00a0<\/span><b>per\u00edodo regular,<\/b><span style=\"font-weight: 400\">\u00a0el estudiante se tiene en cuenta:<\/span><\/p>\n<ul>\n<li style=\"font-weight: 400\"><span style=\"font-weight: 400\">Asistencia y participaci\u00f3n las clases te\u00f3rico pr\u00e1cticas (m\u00ednimo 80 %)<\/span><\/li>\n<li style=\"font-weight: 400\"><span style=\"font-weight: 400\">Desarrollo de los Trabajos Pr\u00e1cticos Experimentales con presentaci\u00f3n de informe (100 %)<\/span><\/li>\n<li style=\"font-weight: 400\"><span style=\"font-weight: 400\">Resoluci\u00f3n de los problemas asignados (aprobados el 100 %)<\/span><\/li>\n<\/ul>\n<p><span style=\"font-weight: 400\">En el\u00a0<\/span><b>per\u00edodo de recuperaci\u00f3n<\/b><span style=\"font-weight: 400\">, si no alcanz\u00f3 los objetivos, el alumno debe desarrollar un caso de estudio individual integrando informaci\u00f3n de los trabajos pr\u00e1cticos de problemas y experimentales. Deber\u00e1 ser presentado en formato digital.<\/span><\/p>\n<p>&nbsp;<\/p>\n","protected":false},"excerpt":{"rendered":"<p>PROGRAMA VERSI\u00d3N DIGITAL: Programa_2025_Op_Instrumentacion Industrial de Procesos &nbsp; OBJETIVOS Al finalizar la asignatura el alumno ser\u00e1 capaz de: Comprender las disponibilidades actuales de hardware para la medici\u00f3n y control de variables de proceso. Interpretar informaci\u00f3n t\u00e9cnica de elementos de medici\u00f3n y control para selecci\u00f3n, especificaci\u00f3n y manejo de instrumentos industriales de proceso. Manejar instrumentaci\u00f3n de [&hellip;]<\/p>\n","protected":false},"author":184,"featured_media":0,"parent":0,"menu_order":0,"comment_status":"closed","ping_status":"closed","template":"","meta":[],"_links":{"self":[{"href":"https:\/\/catedras.facet.unt.edu.ar\/iidpr\/wp-json\/wp\/v2\/pages\/100"}],"collection":[{"href":"https:\/\/catedras.facet.unt.edu.ar\/iidpr\/wp-json\/wp\/v2\/pages"}],"about":[{"href":"https:\/\/catedras.facet.unt.edu.ar\/iidpr\/wp-json\/wp\/v2\/types\/page"}],"author":[{"embeddable":true,"href":"https:\/\/catedras.facet.unt.edu.ar\/iidpr\/wp-json\/wp\/v2\/users\/184"}],"replies":[{"embeddable":true,"href":"https:\/\/catedras.facet.unt.edu.ar\/iidpr\/wp-json\/wp\/v2\/comments?post=100"}],"version-history":[{"count":32,"href":"https:\/\/catedras.facet.unt.edu.ar\/iidpr\/wp-json\/wp\/v2\/pages\/100\/revisions"}],"predecessor-version":[{"id":383,"href":"https:\/\/catedras.facet.unt.edu.ar\/iidpr\/wp-json\/wp\/v2\/pages\/100\/revisions\/383"}],"wp:attachment":[{"href":"https:\/\/catedras.facet.unt.edu.ar\/iidpr\/wp-json\/wp\/v2\/media?parent=100"}],"curies":[{"name":"wp","href":"https:\/\/api.w.org\/{rel}","templated":true}]}}