{"id":72,"date":"2016-03-22T16:38:45","date_gmt":"2016-03-22T19:38:45","guid":{"rendered":"https:\/\/catedras.facet.unt.edu.ar\/gti\/?page_id=72"},"modified":"2017-03-11T20:08:36","modified_gmt":"2017-03-11T23:08:36","slug":"programa-de-la-materia","status":"publish","type":"page","link":"https:\/\/catedras.facet.unt.edu.ar\/gti\/programa-de-la-materia\/","title":{"rendered":"Programa de la Materia"},"content":{"rendered":"<h2><strong>Unidad Tem\u00e1tica I : La Organizaci\u00f3n de Sistemas y Tecnolog\u00eda de la Informaci\u00f3n<\/strong><\/h2>\n<ul>\n<li>Roles. Las \u00e1reas de TI, sus funciones, sus objetivos. El CIO o Director de IT.<\/li>\n<li>Gesti\u00f3n de Operaciones, Infraestructura, Redes y Telecomunicaciones.<\/li>\n<li>Gesti\u00f3n del desarrollo y mantenimiento de Aplicaciones.<\/li>\n<li>Caracter\u00edsticas de las distintas funciones, formaci\u00f3n y habilidades requeridas.<\/li>\n<li>Nuevas tendencias. Tercerizaci\u00f3n. Globalizaci\u00f3n.<\/li>\n<\/ul>\n<h2><strong>Unidad Tem\u00e1tica II : IT Governance y Modelos de Gesti\u00f3n<\/strong><\/h2>\n<ul>\n<li>Los elementos claves de IT Governance.<\/li>\n<li>Decisiones sobre Principios, Arquitectura, Prioridades y necesidades del negocio.<\/li>\n<li>Modelos para la Toma de decisi\u00f3n.<\/li>\n<li>Modelos de Gesti\u00f3n \u00a0CMMI \u2013 COBIT \u2013 ITIL<\/li>\n<\/ul>\n<h2><strong>Unidad Tem\u00e1tica III : Los aspectos clave para la obtenci\u00f3n de valor a partir de IT<\/strong><\/h2>\n<ul>\n<li>La Era industrial y la Era de la Informaci\u00f3n. Los proyectos de IT y los proyectos de negocios.<\/li>\n<li>Impacto en los procesos de negocio. Reingenier\u00eda de Procesos. Relaci\u00f3n entre procesos y aplicaciones.<\/li>\n<li>Arquitectura y Est\u00e1ndares. Gesti\u00f3n de riesgos. Distintos tipos de Riesgo.<\/li>\n<li>Est\u00e1ndares de Valor de IT. Criterios de aceptaci\u00f3n de performance y calidad.<\/li>\n<li>Definici\u00f3n de roles y responsabilidades en la implementaci\u00f3n de proyectos.<\/li>\n<\/ul>\n<h2><strong>Unidad Tem\u00e1tica IV: Seguridad \u2013 Norma ISO 17799 &#8211; 27000 Series<\/strong><\/h2>\n<ul>\n<li>Introducci\u00f3n y Alcance de la Norma. Pol\u00edtica y Organizaci\u00f3n.<\/li>\n<li>Clasificaci\u00f3n y Control. Seguridad Personal, F\u00edsica y Ambiental.<\/li>\n<li>Gesti\u00f3n de Comunicaciones y Operaciones.<\/li>\n<li>Seguridad en el Desarrollo de Sistemas.<\/li>\n<li>Continuidad de los Negocios y aspectos legales.<\/li>\n<\/ul>\n","protected":false},"excerpt":{"rendered":"<p>Unidad Tem\u00e1tica I : La Organizaci\u00f3n de Sistemas y Tecnolog\u00eda de la Informaci\u00f3n Roles. Las \u00e1reas de TI, sus funciones, sus objetivos. El CIO o Director de IT. Gesti\u00f3n de Operaciones, Infraestructura, Redes y Telecomunicaciones. Gesti\u00f3n del desarrollo y mantenimiento de Aplicaciones. Caracter\u00edsticas de las distintas funciones, formaci\u00f3n y habilidades requeridas. Nuevas tendencias. Tercerizaci\u00f3n. Globalizaci\u00f3n. [&hellip;]<\/p>\n","protected":false},"author":101025,"featured_media":0,"parent":0,"menu_order":0,"comment_status":"closed","ping_status":"closed","template":"","meta":[],"_links":{"self":[{"href":"https:\/\/catedras.facet.unt.edu.ar\/gti\/wp-json\/wp\/v2\/pages\/72"}],"collection":[{"href":"https:\/\/catedras.facet.unt.edu.ar\/gti\/wp-json\/wp\/v2\/pages"}],"about":[{"href":"https:\/\/catedras.facet.unt.edu.ar\/gti\/wp-json\/wp\/v2\/types\/page"}],"author":[{"embeddable":true,"href":"https:\/\/catedras.facet.unt.edu.ar\/gti\/wp-json\/wp\/v2\/users\/101025"}],"replies":[{"embeddable":true,"href":"https:\/\/catedras.facet.unt.edu.ar\/gti\/wp-json\/wp\/v2\/comments?post=72"}],"version-history":[{"count":3,"href":"https:\/\/catedras.facet.unt.edu.ar\/gti\/wp-json\/wp\/v2\/pages\/72\/revisions"}],"predecessor-version":[{"id":99,"href":"https:\/\/catedras.facet.unt.edu.ar\/gti\/wp-json\/wp\/v2\/pages\/72\/revisions\/99"}],"wp:attachment":[{"href":"https:\/\/catedras.facet.unt.edu.ar\/gti\/wp-json\/wp\/v2\/media?parent=72"}],"curies":[{"name":"wp","href":"https:\/\/api.w.org\/{rel}","templated":true}]}}