{"id":60,"date":"2016-03-22T16:34:08","date_gmt":"2016-03-22T19:34:08","guid":{"rendered":"https:\/\/catedras.facet.unt.edu.ar\/gti\/?page_id=60"},"modified":"2017-03-11T19:54:23","modified_gmt":"2017-03-11T22:54:23","slug":"bibliografia","status":"publish","type":"page","link":"https:\/\/catedras.facet.unt.edu.ar\/gti\/bibliografia\/","title":{"rendered":"Bibliograf\u00eda"},"content":{"rendered":"<ul>\n<li>Management Information Sistemas &#8211; Laudon, K. &#8211; Laudon, J. &#8211; Prentice Hall &#8211; 1996.<\/li>\n<li>The Effective Measurement and Management of IT Cost and Benefits &#8211; Remenyi, D. &#8211; Money, A. &#8211; Twite, A. &#8211; Butterworth Heinemann &#8211; 1998.<\/li>\n<li>The Business Value of IT &#8211; Harris, M. &#8211; Herron, D. &#8211; Iwanicki, S. &#8211; CRC Press &#8211; 2008.<\/li>\n<li>IT Infrastructure Architecture &#8211; Sjaak Laan &#8211; Lulu Press Inc &#8211; 2013.<\/li>\n<li>IT Manager\u2019s Handbook &#8211; Holtsnider, Bill\u00a0 &amp; Brian D. Jaffe &#8211;\u00a0 Elsevier Inc &#8211; 2012.<\/li>\n<li>IT Systems Management (2nd Edition) &#8211; Rich Schiesser &#8211; Prentice Hall &#8211; 2010.<\/li>\n<li>The Executive\u2019s Guide to Information Technology &#8211; \u00a0Baschab, John &amp; Piot Jon &#8211;\u00a02003.<\/li>\n<li>Strategic Planning for Information Systems (2nd Edition) &#8211; Ward, John &#8211; John Wiley &amp; Sons &#8211; 1998.<\/li>\n<li>Reingenier\u00eda &#8211; Hammer Michael &amp; Champy James &#8211; Grupo Editorial NORMA &#8211; 1994.<\/li>\n<li>C\u00f3mo Hacer Reingenier\u00eda &#8211; Manganelli Raymond L. y Klein Mark M &#8211; Grupo Editorial NORMA &#8211; 1966.<\/li>\n<li>Esquema 1 de Norma IRAM-ISO IEC 17799 &#8211; Tecnolog\u00eda de la Informaci\u00f3n &#8211; C\u00f3digo de Pr\u00e1ctica para la Administraci\u00f3n de la Seguridad de la Informaci\u00f3n &#8211; Instituto Argentino de Normalizaci\u00f3n &#8211; 2002.<\/li>\n<\/ul>\n","protected":false},"excerpt":{"rendered":"<p>Management Information Sistemas &#8211; Laudon, K. &#8211; Laudon, J. &#8211; Prentice Hall &#8211; 1996. The Effective Measurement and Management of IT Cost and Benefits &#8211; Remenyi, D. &#8211; Money, A. &#8211; Twite, A. &#8211; Butterworth Heinemann &#8211; 1998. The Business Value of IT &#8211; Harris, M. &#8211; Herron, D. &#8211; Iwanicki, S. &#8211; CRC Press [&hellip;]<\/p>\n","protected":false},"author":101025,"featured_media":0,"parent":0,"menu_order":0,"comment_status":"closed","ping_status":"closed","template":"","meta":[],"_links":{"self":[{"href":"https:\/\/catedras.facet.unt.edu.ar\/gti\/wp-json\/wp\/v2\/pages\/60"}],"collection":[{"href":"https:\/\/catedras.facet.unt.edu.ar\/gti\/wp-json\/wp\/v2\/pages"}],"about":[{"href":"https:\/\/catedras.facet.unt.edu.ar\/gti\/wp-json\/wp\/v2\/types\/page"}],"author":[{"embeddable":true,"href":"https:\/\/catedras.facet.unt.edu.ar\/gti\/wp-json\/wp\/v2\/users\/101025"}],"replies":[{"embeddable":true,"href":"https:\/\/catedras.facet.unt.edu.ar\/gti\/wp-json\/wp\/v2\/comments?post=60"}],"version-history":[{"count":3,"href":"https:\/\/catedras.facet.unt.edu.ar\/gti\/wp-json\/wp\/v2\/pages\/60\/revisions"}],"predecessor-version":[{"id":93,"href":"https:\/\/catedras.facet.unt.edu.ar\/gti\/wp-json\/wp\/v2\/pages\/60\/revisions\/93"}],"wp:attachment":[{"href":"https:\/\/catedras.facet.unt.edu.ar\/gti\/wp-json\/wp\/v2\/media?parent=60"}],"curies":[{"name":"wp","href":"https:\/\/api.w.org\/{rel}","templated":true}]}}