{"id":37,"date":"2014-08-12T11:49:09","date_gmt":"2014-08-12T14:49:09","guid":{"rendered":"https:\/\/catedras.facet.unt.edu.ar\/gti\/home\/"},"modified":"2017-03-14T08:19:19","modified_gmt":"2017-03-14T11:19:19","slug":"home","status":"publish","type":"page","link":"https:\/\/catedras.facet.unt.edu.ar\/gti\/","title":{"rendered":"Inicio"},"content":{"rendered":"<div id=\"pl-37\"  class=\"panel-layout\" ><div id=\"pg-37-0\"  class=\"panel-grid panel-no-style\" ><div id=\"pgc-37-0-0\"  class=\"panel-grid-cell\" ><div id=\"panel-37-0-0-0\" class=\"so-panel widget widget_headline-widget panel-first-child panel-last-child\" data-index=\"0\" >\t\t<h1>Gesti\u00f3n de Tecnolog\u00edas de la Informaci\u00f3n<\/h1>\n\t\t<div class=\"decoration\"><div class=\"decoration-inside\"><\/div><\/div>\n\t\t<h3>Facultad de Ciencias Exactas y Tecnolog\u00eda - Universidad Nacional de Tucum\u00e1n<\/h3>\n\t\t<\/div><\/div><\/div><div id=\"pg-37-1\"  class=\"panel-grid panel-no-style\" ><div id=\"pgc-37-1-0\"  class=\"panel-grid-cell\" ><div id=\"panel-37-1-0-0\" class=\"so-panel widget widget_sow-image panel-first-child panel-last-child\" data-index=\"1\" ><div\n\t\t\t\n\t\t\tclass=\"so-widget-sow-image so-widget-sow-image-default-17bc2272b535-37\"\n\t\t\t\n\t\t>\n\n<div class=\"sow-image-container\">\n\t\t<img src=\"https:\/\/catedras.facet.unt.edu.ar\/gti\/wp-content\/uploads\/sites\/107\/2017\/03\/information-technology-in-business.png\" width=\"631\" height=\"438\" srcset=\"https:\/\/catedras.facet.unt.edu.ar\/gti\/wp-content\/uploads\/sites\/107\/2017\/03\/information-technology-in-business.png 631w, https:\/\/catedras.facet.unt.edu.ar\/gti\/wp-content\/uploads\/sites\/107\/2017\/03\/information-technology-in-business-300x208.png 300w\" sizes=\"(max-width: 631px) 100vw, 631px\" title=\"it\" alt=\"\" loading=\"lazy\" \t\tclass=\"so-widget-image\"\/>\n\t<\/div>\n\n<\/div><\/div><\/div><div id=\"pgc-37-1-1\"  class=\"panel-grid-cell\" >\n\t\t<div id=\"panel-37-1-1-0\" class=\"so-panel widget widget_recent-posts widget_recent_entries panel-first-child panel-last-child\" data-index=\"2\" >\n\t\t<h3 class=\"widget-title\">Novedades<\/h3>\n\t\t<ul>\n\t\t\t\t\t\t\t\t\t\t\t<li>\n\t\t\t\t\t<a href=\"https:\/\/catedras.facet.unt.edu.ar\/gti\/2023\/03\/13\/inicio-clases-2023\/\">Inicio Clases 2023<\/a>\n\t\t\t\t\t\t\t\t\t<\/li>\n\t\t\t\t\t<\/ul>\n\n\t\t<\/div><\/div><\/div><\/div>","protected":false},"excerpt":{"rendered":"<p>Gesti\u00f3n de Tecnolog\u00edas de la Informaci\u00f3n Facultad de Ciencias Exactas y Tecnolog\u00eda &#8211; Universidad Nacional de Tucum\u00e1n Novedades Inicio Clases 2023<\/p>\n","protected":false},"author":1,"featured_media":0,"parent":0,"menu_order":0,"comment_status":"closed","ping_status":"closed","template":"home-panels.php","meta":[],"_links":{"self":[{"href":"https:\/\/catedras.facet.unt.edu.ar\/gti\/wp-json\/wp\/v2\/pages\/37"}],"collection":[{"href":"https:\/\/catedras.facet.unt.edu.ar\/gti\/wp-json\/wp\/v2\/pages"}],"about":[{"href":"https:\/\/catedras.facet.unt.edu.ar\/gti\/wp-json\/wp\/v2\/types\/page"}],"author":[{"embeddable":true,"href":"https:\/\/catedras.facet.unt.edu.ar\/gti\/wp-json\/wp\/v2\/users\/1"}],"replies":[{"embeddable":true,"href":"https:\/\/catedras.facet.unt.edu.ar\/gti\/wp-json\/wp\/v2\/comments?post=37"}],"version-history":[{"count":4,"href":"https:\/\/catedras.facet.unt.edu.ar\/gti\/wp-json\/wp\/v2\/pages\/37\/revisions"}],"predecessor-version":[{"id":104,"href":"https:\/\/catedras.facet.unt.edu.ar\/gti\/wp-json\/wp\/v2\/pages\/37\/revisions\/104"}],"wp:attachment":[{"href":"https:\/\/catedras.facet.unt.edu.ar\/gti\/wp-json\/wp\/v2\/media?parent=37"}],"curies":[{"name":"wp","href":"https:\/\/api.w.org\/{rel}","templated":true}]}}