{"id":67,"date":"2014-03-10T16:17:31","date_gmt":"2014-03-10T19:17:31","guid":{"rendered":"https:\/\/catedras.facet.unt.edu.ar\/geofisica\/?page_id=67"},"modified":"2019-05-03T20:07:04","modified_gmt":"2019-05-03T23:07:04","slug":"noticias","status":"publish","type":"page","link":"https:\/\/catedras.facet.unt.edu.ar\/geofisica\/noticias\/","title":{"rendered":"Noticias"},"content":{"rendered":"<h2>XII Argentina Oil &amp; Gas Expo 2019<\/h2>\n<p>El Instituto Argentino del Petroleo y del Gas (IAPG) invita al\u00a0<em>\u00a0XII Argentina Oil &amp; Gas Expo 2019 <\/em>a realizarse del 23 al 26 de Septiembre del 2019 en la ciudad Autonoma de Buenos Aires, Argentina, en el Predio Ferial de La Rural.<\/p>\n<p><em style=\"text-align: center;\"><strong><a href=\"https:\/\/catedras.facet.unt.edu.ar\/geofisica\/wp-content\/uploads\/sites\/4\/2014\/03\/IX-Congreso.jpg\" target=\"_blank\" rel=\"noopener noreferrer\"><br \/>\n<\/a><a href=\"https:\/\/catedras.facet.unt.edu.ar\/geofisica\/wp-content\/uploads\/sites\/4\/2019\/05\/aog1999.png\"><img loading=\"lazy\" class=\"aligncenter size-full wp-image-335\" src=\"https:\/\/catedras.facet.unt.edu.ar\/geofisica\/wp-content\/uploads\/sites\/4\/2019\/05\/aog1999.png\" alt=\"\" width=\"284\" height=\"270\" \/><\/a><a href=\"https:\/\/catedras.facet.unt.edu.ar\/geofisica\/wp-content\/uploads\/sites\/4\/2014\/03\/IX-Congreso.jpg\" target=\"_blank\" rel=\"noopener noreferrer\"><br \/>\n<\/a><br \/>\n<\/strong><br \/>\n<\/em><\/p>\n<p><em style=\"text-align: center;\">Mayor informaci\u00f3n:<\/em><\/p>\n<p>Instituto Argentino\u00a0del\u00a0Petr\u00f3leo y del Gas &#8211;\u00a0Maip\u00fa 639\u00a0(C1006ACG), Buenos Aires,\u00a0Argentina.<\/p>\n<p>congresos@iapg.org.ar \u00a0 &#8211; \u00a0\u00a0<a title=\"Instituto Argentino del Petroleo y del Gas\" href=\"http:\/\/www.iapg.org.ar\/congresos\/2014\/conexplo\/\" target=\"_blank\" rel=\"noopener noreferrer\">www.iapg.org.ar<\/a><\/p>\n<p>&nbsp;<\/p>\n<p>&#8230;&#8230;&#8230;&#8230;&#8230;&#8230;&#8230;&#8230;&#8230;&#8230;&#8230;&#8230;&#8230;&#8230;&#8230;&#8230;&#8230;&#8230;&#8230;&#8230;&#8230;&#8230;&#8230;&#8230;&#8230;&#8230;&#8230;&#8230;&#8230;&#8230;&#8230;&#8230;&#8230;&#8230;&#8230;.<\/p>\n<p><em style=\"text-align: center;\">\u00a0<\/em><\/p>\n<h2>Jornada de Geolog\u00eda y Geof\u00edsica<\/h2>\n<p>Organizado por el Departamento de Geolog\u00eda de la Facultad de Ciencias Naturales de la Universidad Nacional de Tucum\u00e1n y la Asociaci\u00f3n Argentina de Ge\u00f3logos y Geof\u00edsicos Petroleros.<\/p>\n<p><em style=\"text-align: center;\"><strong><a href=\"https:\/\/catedras.facet.unt.edu.ar\/geofisica\/wp-content\/uploads\/sites\/4\/2014\/03\/Afiche-grande.jpg\" target=\"_blank\" rel=\"noopener noreferrer\"><br \/>\n<\/a><a href=\"https:\/\/catedras.facet.unt.edu.ar\/geofisica\/wp-content\/uploads\/sites\/4\/2019\/05\/challenge_bowl.jpg\"><img loading=\"lazy\" class=\"aligncenter size-medium wp-image-337\" src=\"https:\/\/catedras.facet.unt.edu.ar\/geofisica\/wp-content\/uploads\/sites\/4\/2019\/05\/challenge_bowl-214x300.jpg\" alt=\"\" width=\"214\" height=\"300\" srcset=\"https:\/\/catedras.facet.unt.edu.ar\/geofisica\/wp-content\/uploads\/sites\/4\/2019\/05\/challenge_bowl-214x300.jpg 214w, https:\/\/catedras.facet.unt.edu.ar\/geofisica\/wp-content\/uploads\/sites\/4\/2019\/05\/challenge_bowl.jpg 720w\" sizes=\"(max-width: 214px) 100vw, 214px\" \/><\/a><br \/>\n<\/strong><br \/>\n<\/em><\/p>\n","protected":false},"excerpt":{"rendered":"<p>XII Argentina Oil &amp; Gas Expo 2019 El Instituto Argentino del Petroleo y del Gas (IAPG) invita al\u00a0\u00a0XII Argentina Oil &amp; Gas Expo 2019 a realizarse del 23 al 26 de Septiembre del 2019 en la ciudad Autonoma de Buenos Aires, Argentina, en el Predio Ferial de La Rural. Mayor informaci\u00f3n: Instituto Argentino\u00a0del\u00a0Petr\u00f3leo y del [&hellip;]<\/p>\n","protected":false},"author":6,"featured_media":68,"parent":0,"menu_order":0,"comment_status":"closed","ping_status":"closed","template":"","meta":[],"_links":{"self":[{"href":"https:\/\/catedras.facet.unt.edu.ar\/geofisica\/wp-json\/wp\/v2\/pages\/67"}],"collection":[{"href":"https:\/\/catedras.facet.unt.edu.ar\/geofisica\/wp-json\/wp\/v2\/pages"}],"about":[{"href":"https:\/\/catedras.facet.unt.edu.ar\/geofisica\/wp-json\/wp\/v2\/types\/page"}],"author":[{"embeddable":true,"href":"https:\/\/catedras.facet.unt.edu.ar\/geofisica\/wp-json\/wp\/v2\/users\/6"}],"replies":[{"embeddable":true,"href":"https:\/\/catedras.facet.unt.edu.ar\/geofisica\/wp-json\/wp\/v2\/comments?post=67"}],"version-history":[{"count":27,"href":"https:\/\/catedras.facet.unt.edu.ar\/geofisica\/wp-json\/wp\/v2\/pages\/67\/revisions"}],"predecessor-version":[{"id":338,"href":"https:\/\/catedras.facet.unt.edu.ar\/geofisica\/wp-json\/wp\/v2\/pages\/67\/revisions\/338"}],"wp:featuredmedia":[{"embeddable":true,"href":"https:\/\/catedras.facet.unt.edu.ar\/geofisica\/wp-json\/wp\/v2\/media\/68"}],"wp:attachment":[{"href":"https:\/\/catedras.facet.unt.edu.ar\/geofisica\/wp-json\/wp\/v2\/media?parent=67"}],"curies":[{"name":"wp","href":"https:\/\/api.w.org\/{rel}","templated":true}]}}