{"id":288,"date":"2014-08-14T22:46:59","date_gmt":"2014-08-15T01:46:59","guid":{"rendered":"https:\/\/catedras.facet.unt.edu.ar\/geofisica\/home\/"},"modified":"2020-03-27T13:07:52","modified_gmt":"2020-03-27T16:07:52","slug":"home","status":"publish","type":"page","link":"https:\/\/catedras.facet.unt.edu.ar\/geofisica\/","title":{"rendered":"Home"},"content":{"rendered":"<div id=\"pl-288\"  class=\"panel-layout\" ><div id=\"pg-288-0\"  class=\"panel-grid panel-no-style\" ><div id=\"pgc-288-0-0\"  class=\"panel-grid-cell panel-grid-cell-empty\" ><\/div><div id=\"pgc-288-0-1\"  class=\"panel-grid-cell\" ><div id=\"panel-288-0-1-0\" class=\"so-panel widget widget_text panel-first-child panel-last-child\" data-index=\"0\" ><h3 class=\"widget-title\">Informaci\u00f3n para Alumnos<\/h3>\t\t\t<div class=\"textwidget\"><p>Se informa que debido a la Cuarentena obligatoria implementada por el Gobierno Nacional, las clases de \u00e9ste cuatrimestre se dictar\u00e1n a traves del Aula Virtual y Clases sobre la Plataforma Zoom. Por cualquier duda comunicarse v\u00eda mail a fnavarro@herrera.unt.edu.ar<br \/>\nQuienes est\u00e9n en condiciones de cursar pueden inscribirse en el <a href=\"https:\/\/facetvirtual.facet.unt.edu.ar\" target=\"_blank\" rel=\"noopener noreferrer\">Aula Virtual<\/a><\/p>\n<\/div>\n\t\t<\/div><\/div><\/div><div id=\"pg-288-1\"  class=\"panel-grid panel-no-style\" ><div id=\"pgc-288-1-0\"  class=\"panel-grid-cell\" ><div id=\"panel-288-1-0-0\" class=\"so-panel widget widget_circleicon-widget panel-first-child panel-last-child\" data-index=\"1\" >\t\t<div class=\"circle-icon-box circle-icon-position-top circle-icon-hide-box circle-icon-size-small\">\n\t\t\t<div class=\"circle-icon-wrapper\">\n\t\t\t\t<a href=\"http:\/\/www.facetvirtual.unt.edu.ar\/enrol\/index.php?id=143;%20target=_blank\" class=\"link-icon\" target=\"_blank\">\t\t\t\t<div class=\"circle-icon icon-style-set\" style=\"background-image: url(http:\/\/www.facetvirtual.unt.edu.ar\/enrol\/index.php?id=143;%20target=_blank)\">\n\t\t\t\t\t<div class=\"fa fa-info icon-color-set\" ><\/div>\t\t\t\t<\/div>\n\t\t\t\t<\/a>\t\t\t<\/div>\n\n\t\t\t<a href=\"http:\/\/www.facetvirtual.unt.edu.ar\/enrol\/index.php?id=143;%20target=_blank\" class=\"link-title\" target=\"_blank\">\t\t\t<h4 >Aula Virtual<\/h4>\t\t\t<\/a>\n\t\t\t<p class=\"text\" >Este Cuatrimestre comenzamos a trabajar con nuestra Aula Virtual de Prospecci\u00f3n S\u00edsmica.<\/p>\t\t\t\t\t\t\t<a href=\"http:\/\/www.facetvirtual.unt.edu.ar\/enrol\/index.php?id=143;%20target=_blank\" class=\"more-button\" target=\"_blank\">Entrar al Aula Virtual <i><\/i><\/a>\n\t\t\t\t\t<\/div>\n\t\t<\/div><\/div><div id=\"pgc-288-1-1\"  class=\"panel-grid-cell\" ><div id=\"panel-288-1-1-0\" class=\"so-panel widget widget_circleicon-widget panel-first-child panel-last-child\" data-index=\"2\" >\t\t<div class=\"circle-icon-box circle-icon-position-top circle-icon-hide-box circle-icon-size-small\">\n\t\t\t<div class=\"circle-icon-wrapper\">\n\t\t\t\t\t\t\t\t<div class=\"circle-icon\" >\n\t\t\t\t\t<div class=\"fa fa-globe\" ><\/div>\t\t\t\t<\/div>\n\t\t\t\t\t\t\t<\/div>\n\n\t\t\t\t\t\t<h4 >Cursos de Pos-Grado<\/h4>\t\t\t\n\t\t\t<p class=\"text\" >Cursos de Pos-Grado en Universidades de Nueva Zelanda<\/p>\t\t\t\t\t\t\t<a href=\"https:\/\/www.hotcourseslatinoamerica.com\/study\/provider-result.html?collegeId=14993&#038;catCode=RF.3-4&#038;parentQualId=3&#038;nationCode=7&#038;nationCntryCode=7&#038;countryId=210\" class=\"more-button\" target=\"_blank\">Continuar Leyendo... <i><\/i><\/a>\n\t\t\t\t\t<\/div>\n\t\t<\/div><\/div><div id=\"pgc-288-1-2\"  class=\"panel-grid-cell\" ><div id=\"panel-288-1-2-0\" class=\"so-panel widget widget_circleicon-widget panel-first-child panel-last-child\" data-index=\"3\" >\t\t<div class=\"circle-icon-box circle-icon-position-top circle-icon-hide-box circle-icon-size-small\">\n\t\t\t<div class=\"circle-icon-wrapper\">\n\t\t\t\t<a href=\"https:\/\/catedras.facet.unt.edu.ar\/geofisica\/2014\/03\/11\/sismicidad-en-la-argentina\/\" class=\"link-icon\" >\t\t\t\t<div class=\"circle-icon icon-style-set\" style=\"background-image: url(https:\/\/catedras.facet.unt.edu.ar\/geofisica\/2014\/03\/11\/sismicidad-en-la-argentina\/)\">\n\t\t\t\t\t<div class=\"fa fa-globe icon-color-set\" ><\/div>\t\t\t\t<\/div>\n\t\t\t\t<\/a>\t\t\t<\/div>\n\n\t\t\t<a href=\"https:\/\/catedras.facet.unt.edu.ar\/geofisica\/2014\/03\/11\/sismicidad-en-la-argentina\/\" class=\"link-title\" >\t\t\t<h4 >Bienvenidos al Sitio de Geof\u00edsica<\/h4>\t\t\t<\/a>\n\t\t\t<p class=\"text\" >Bienvenido al Sitio de la Disciplina Geof\u00edsica para las Carreras de Ingenier\u00eda Geod\u00e9sica y Geof\u00edsica, Ingenier\u00eda en Agrimensura y Geolog\u00eda.<\/p>\t\t\t\t\t\t\t<a href=\"https:\/\/catedras.facet.unt.edu.ar\/geofisica\/2014\/03\/11\/sismicidad-en-la-argentina\/\" class=\"more-button\" >Leer m\u00e1s... <i><\/i><\/a>\n\t\t\t\t\t<\/div>\n\t\t<\/div><\/div><\/div><div id=\"pg-288-2\"  class=\"panel-grid panel-no-style\" ><div id=\"pgc-288-2-0\"  class=\"panel-grid-cell panel-grid-cell-empty\" ><\/div><div id=\"pgc-288-2-1\"  class=\"panel-grid-cell panel-grid-cell-empty panel-grid-cell-mobile-last\" ><\/div><div id=\"pgc-288-2-2\"  class=\"panel-grid-cell panel-grid-cell-empty\" ><\/div><\/div><div id=\"pg-288-3\"  class=\"panel-grid panel-no-style\" ><div id=\"pgc-288-3-0\"  class=\"panel-grid-cell\" ><div id=\"panel-288-3-0-0\" class=\"so-panel widget widget_siteorigin-panels-postloop panel-first-child panel-last-child\" data-index=\"4\" ><h3 class=\"widget-title\"><span class=\"vantage-carousel-title\"><span class=\"vantage-carousel-title-text\">Ultimas Noticias<\/span><a href=\"#\" class=\"next\" title=\"Siguiente\"><span class=\"vantage-icon-arrow-right\"><\/span><\/a><a href=\"#\" class=\"previous\" title=\"Anterior\"><span class=\"vantage-icon-arrow-left\"><\/span><\/a><\/span><\/h3><div class=\"vantage-carousel-wrapper\">\n\n\t\n\t<ul class=\"vantage-carousel\" data-query=\"{&quot;post_status&quot;:&quot;publish&quot;,&quot;posts_per_page&quot;:4,&quot;post_type&quot;:[&quot;post&quot;,&quot;page&quot;,&quot;attachment&quot;],&quot;date_type&quot;:&quot;specific&quot;,&quot;date_query&quot;:{&quot;after&quot;:&quot;&quot;,&quot;before&quot;:&quot;&quot;,&quot;inclusive&quot;:true},&quot;date_query_relative&quot;:&quot;{\\&quot;from\\&quot;:{\\&quot;value\\&quot;:0,\\&quot;unit\\&quot;:\\&quot;days\\&quot;},\\&quot;to\\&quot;:{\\&quot;value\\&quot;:0,\\&quot;unit\\&quot;:\\&quot;days\\&quot;}}&quot;,&quot;orderby&quot;:&quot;none&quot;,&quot;order&quot;:&quot;DESC&quot;,&quot;post__not_in&quot;:[288,288],&quot;paged&quot;:1,&quot;lazy_load_term_meta&quot;:true}\" data-ajax-url=\"https:\/\/catedras.facet.unt.edu.ar\/geofisica\/wp-admin\/admin-ajax.php\">\n\t\t\t\t\t<li class=\"carousel-entry\">\n\t\t\t\t<div class=\"thumbnail\">\n\t\t\t\t\t\t\t\t\t\t\t\t\t\t\t\t<a href=\"https:\/\/catedras.facet.unt.edu.ar\/geofisica\/extension\/\" class=\"default-thumbnail\"><span class=\"overlay\"><\/span><\/a>\n\t\t\t\t\t\t\t\t\t<\/div>\n\t\t\t\t\t\t\t\t<h3><a href=\"https:\/\/catedras.facet.unt.edu.ar\/geofisica\/extension\/\">Extensi\u00f3n Universitaria<\/a><\/h3>\n\t\t\t<\/li>\n\t\t\t\t\t<li class=\"carousel-entry\">\n\t\t\t\t<div class=\"thumbnail\">\n\t\t\t\t\t\t\t\t\t\t\t\t\t\t\t\t<a href=\"https:\/\/catedras.facet.unt.edu.ar\/geofisica\/apuntes\/\" class=\"default-thumbnail\"><span class=\"overlay\"><\/span><\/a>\n\t\t\t\t\t\t\t\t\t<\/div>\n\t\t\t\t\t\t\t\t<h3><a href=\"https:\/\/catedras.facet.unt.edu.ar\/geofisica\/apuntes\/\">Apuntes de Clases<\/a><\/h3>\n\t\t\t<\/li>\n\t\t\t\t\t<li class=\"carousel-entry\">\n\t\t\t\t<div class=\"thumbnail\">\n\t\t\t\t\t\t\t\t\t\t\t\t\t\t\t\t<a href=\"https:\/\/catedras.facet.unt.edu.ar\/geofisica\/noticias\/\" style=\"background-image: url(https:\/\/catedras.facet.unt.edu.ar\/geofisica\/wp-content\/uploads\/sites\/4\/2014\/03\/Imagen2-272x182.png)\">\n\t\t\t\t\t\t\t<span class=\"sow-overlay\"><\/span>\n\t\t\t\t\t\t<\/a>\n\t\t\t\t\t\t\t\t\t<\/div>\n\t\t\t\t\t\t\t\t<h3><a href=\"https:\/\/catedras.facet.unt.edu.ar\/geofisica\/noticias\/\">Noticias<\/a><\/h3>\n\t\t\t<\/li>\n\t\t\t\t\t<li class=\"carousel-entry\">\n\t\t\t\t<div class=\"thumbnail\">\n\t\t\t\t\t\t\t\t\t\t\t\t\t\t\t\t<a href=\"https:\/\/catedras.facet.unt.edu.ar\/geofisica\/docentes\/\" class=\"default-thumbnail\"><span class=\"overlay\"><\/span><\/a>\n\t\t\t\t\t\t\t\t\t<\/div>\n\t\t\t\t\t\t\t\t<h3><a href=\"https:\/\/catedras.facet.unt.edu.ar\/geofisica\/docentes\/\">Docentes a Cargo<\/a><\/h3>\n\t\t\t<\/li>\n\t\t\t<\/ul>\n<\/div>\n<\/div><\/div><div id=\"pgc-288-3-1\"  class=\"panel-grid-cell\" ><div id=\"panel-288-3-1-0\" class=\"so-panel widget widget_text panel-first-child panel-last-child\" data-index=\"5\" ><h3 class=\"widget-title\">Links de Interes<\/h3>\t\t\t<div class=\"textwidget\"><p>Les acercamos algunos link\u00b4s que pueden resultar de interes.<\/p>\n<p><a href=\"http:\/\/www.facet.unt.edu.ar\/geodesia-geofisica\" target=\"_blank\" rel=\"noopener noreferrer\">P\u00e1gina de la Carrera de Ingenier\u00eda Geod\u00e9sica y Geof\u00edsica<\/a><\/p>\n<p><a href=\"http:\/\/www.inpres.gov.ar\/index.php\" target=\"_blank\" rel=\"noopener noreferrer\">Instituto Nacional de Prevenci\u00f3n Sismica (I.N.P.R.E.S.)<\/a><\/p>\n<p><a href=\"http:\/\/www.aagg.org.ar\" target=\"_blank\" rel=\"noopener noreferrer\">Asociaci\u00f3n Argentina de Geodestas y Geof\u00edsicos (A.A.G.G.)<\/a><\/p>\n<p><a href=\"http:\/\/www.iugg.org\/\" target=\"_blank\" rel=\"noopener noreferrer\">Uni\u00f3n Geod\u00e9sica y Geof\u00edsica Internacional (I.U.G.G)<\/a><\/p>\n<p><a href=\"http:\/\/www.ngdc.noaa.gov\/geomag-web\/#igrfgrid\" target=\"_blank\" rel=\"noopener noreferrer\">National Geophysical Data Center (N.G.D.C.)<\/a><\/p>\n<p><a href=\"http:\/\/www.aaggp.org.ar\/\" target=\"_blank\" rel=\"noopener noreferrer\">Asociaci\u00f3n Argentina de Ge\u00f3logos y Geof\u00edsicos Petroleros (A.A.G.G.P.)<\/a><\/p>\n<p><a href=\"http:\/\/www.iapg.org.ar\/web_iapg\/\" target=\"_blank\" rel=\"noopener noreferrer\">Instituto Argentino del Petr\u00f3leo y del Gas (I.A.P.G.)<\/a><\/p>\n<\/div>\n\t\t<\/div><\/div><\/div><\/div>","protected":false},"excerpt":{"rendered":"<p>Docentes a cargo de la C\u00e1tedra Geof\u00edsica Profesor Titular Ing. Luis Alberto Estrada Email: lestrada@herrera.unt.edu.ar . Profesor Adjunto Ing. Federico Augusto Navarro Email: fnavarro@herrera.unt.edu.ar . Docente Ing. Sergio Sosa Email: ssosa@herrera.unt.edu.ar<\/p>\n","protected":false},"author":6,"featured_media":0,"parent":0,"menu_order":0,"comment_status":"closed","ping_status":"closed","template":"home-panels.php","meta":[],"_links":{"self":[{"href":"https:\/\/catedras.facet.unt.edu.ar\/geofisica\/wp-json\/wp\/v2\/pages\/288"}],"collection":[{"href":"https:\/\/catedras.facet.unt.edu.ar\/geofisica\/wp-json\/wp\/v2\/pages"}],"about":[{"href":"https:\/\/catedras.facet.unt.edu.ar\/geofisica\/wp-json\/wp\/v2\/types\/page"}],"author":[{"embeddable":true,"href":"https:\/\/catedras.facet.unt.edu.ar\/geofisica\/wp-json\/wp\/v2\/users\/6"}],"replies":[{"embeddable":true,"href":"https:\/\/catedras.facet.unt.edu.ar\/geofisica\/wp-json\/wp\/v2\/comments?post=288"}],"version-history":[{"count":42,"href":"https:\/\/catedras.facet.unt.edu.ar\/geofisica\/wp-json\/wp\/v2\/pages\/288\/revisions"}],"predecessor-version":[{"id":380,"href":"https:\/\/catedras.facet.unt.edu.ar\/geofisica\/wp-json\/wp\/v2\/pages\/288\/revisions\/380"}],"wp:attachment":[{"href":"https:\/\/catedras.facet.unt.edu.ar\/geofisica\/wp-json\/wp\/v2\/media?parent=288"}],"curies":[{"name":"wp","href":"https:\/\/api.w.org\/{rel}","templated":true}]}}