{"id":2,"date":"2013-11-22T14:58:07","date_gmt":"2013-11-22T14:58:07","guid":{"rendered":"https:\/\/catedras.facet.unt.edu.ar\/sitio1\/?page_id=2"},"modified":"2015-08-31T22:40:11","modified_gmt":"2015-09-01T01:40:11","slug":"extension","status":"publish","type":"page","link":"https:\/\/catedras.facet.unt.edu.ar\/geofisica\/extension\/","title":{"rendered":"Extensi\u00f3n Universitaria"},"content":{"rendered":"<h2>Estaci\u00f3n Geof\u00edsica Horco Molle<\/h2>\n<p><em>La disciplina tiene a su cargo el mantenimiento de la Estaci\u00f3n Geof\u00edsica Horco Molle, donde funciona un sism\u00f3grafo Digital DAS 130 con sensor Guralp de tres componentes.<\/em><\/p>\n<p>Desde el a\u00f1o 1992, a trav\u00e9s de un convenio firmado entre el Rector de la Universidad Nacional de Tucum\u00e1n y el Director del Instituto Nacional de Prevenci\u00f3n S\u00edsmica de San Juan, la U.N.T aporta las instalaciones de Horco Molle con personal responsable y el INPRES el instrumental citado.<\/p>\n<p>Este sism\u00f3grafo integra la red de estaciones sismol\u00f3gicas del pa\u00eds y est\u00e1 conectado v\u00eda internet a la sede del INPRES.<\/p>\n<p><img loading=\"lazy\" class=\"image_wrapper image_fl\" src=\"https:\/\/catedras.facet.unt.edu.ar\/geofisica\/wp-content\/uploads\/sites\/4\/2014\/03\/extension1.jpg\" alt=\"\" width=\"300\" height=\"202\" \/><br \/>\n<img loading=\"lazy\" class=\"image_wrapper image_fl\" src=\"https:\/\/catedras.facet.unt.edu.ar\/geofisica\/wp-content\/uploads\/sites\/4\/2013\/11\/extension2-300x195.jpg\" alt=\"extension2\" width=\"300\" height=\"195\" \/><a href=\"https:\/\/catedras.facet.unt.edu.ar\/geofisica\/wp-content\/uploads\/sites\/4\/2013\/11\/extension2.jpg\"><br \/>\n<\/a><\/p>\n","protected":false},"excerpt":{"rendered":"<p>Estaci\u00f3n Geof\u00edsica Horco Molle La disciplina tiene a su cargo el mantenimiento de la Estaci\u00f3n Geof\u00edsica Horco Molle, donde funciona un sism\u00f3grafo Digital DAS 130 con sensor Guralp de tres componentes. Desde el a\u00f1o 1992, a trav\u00e9s de un convenio firmado entre el Rector de la Universidad Nacional de Tucum\u00e1n y el Director del Instituto [&hellip;]<\/p>\n","protected":false},"author":1,"featured_media":0,"parent":0,"menu_order":0,"comment_status":"closed","ping_status":"closed","template":"","meta":[],"_links":{"self":[{"href":"https:\/\/catedras.facet.unt.edu.ar\/geofisica\/wp-json\/wp\/v2\/pages\/2"}],"collection":[{"href":"https:\/\/catedras.facet.unt.edu.ar\/geofisica\/wp-json\/wp\/v2\/pages"}],"about":[{"href":"https:\/\/catedras.facet.unt.edu.ar\/geofisica\/wp-json\/wp\/v2\/types\/page"}],"author":[{"embeddable":true,"href":"https:\/\/catedras.facet.unt.edu.ar\/geofisica\/wp-json\/wp\/v2\/users\/1"}],"replies":[{"embeddable":true,"href":"https:\/\/catedras.facet.unt.edu.ar\/geofisica\/wp-json\/wp\/v2\/comments?post=2"}],"version-history":[{"count":30,"href":"https:\/\/catedras.facet.unt.edu.ar\/geofisica\/wp-json\/wp\/v2\/pages\/2\/revisions"}],"predecessor-version":[{"id":309,"href":"https:\/\/catedras.facet.unt.edu.ar\/geofisica\/wp-json\/wp\/v2\/pages\/2\/revisions\/309"}],"wp:attachment":[{"href":"https:\/\/catedras.facet.unt.edu.ar\/geofisica\/wp-json\/wp\/v2\/media?parent=2"}],"curies":[{"name":"wp","href":"https:\/\/api.w.org\/{rel}","templated":true}]}}