{"id":15,"date":"2014-02-21T14:34:37","date_gmt":"2014-02-21T17:34:37","guid":{"rendered":"https:\/\/catedras.facet.unt.edu.ar\/geofisica\/?page_id=15"},"modified":"2015-10-27T18:22:32","modified_gmt":"2015-10-27T21:22:32","slug":"apuntes","status":"publish","type":"page","link":"https:\/\/catedras.facet.unt.edu.ar\/geofisica\/apuntes\/","title":{"rendered":"Apuntes de Clases"},"content":{"rendered":"<p style=\"text-align: center\">Estos apuntes, en formato pdf., contienen los principales temas de cada materia.<\/p>\n<table border=\"0\" width=\"550\">\n<tbody>\n<tr>\n<td class=\"style5\" colspan=\"3\" height=\"1\"><strong>Carrera: Geolog\u00eda<\/strong><\/td>\n<\/tr>\n<tr>\n<td width=\"77\" height=\"20\"><\/td>\n<td align=\"center\" width=\"51\" height=\"20\"><img loading=\"lazy\" class=\"alignnone size-full wp-image-39\" src=\"https:\/\/catedras.facet.unt.edu.ar\/geofisica\/wp-content\/uploads\/sites\/4\/2014\/02\/pdf_icono.jpg\" alt=\"pdf_icono\" width=\"30\" height=\"32\" \/><\/td>\n<td height=\"20\"><a href=\"https:\/\/catedras.facet.unt.edu.ar\/geofisica\/wp-content\/uploads\/sites\/4\/2014\/02\/Sismologia-para-Geologos.pdf\" target=\"_blank\">Sismolog\u00eda para Geologos<\/a><\/td>\n<\/tr>\n<tr>\n<td height=\"20\"><\/td>\n<td align=\"center\" width=\"51\" height=\"20\"><img loading=\"lazy\" class=\"alignnone size-full wp-image-39\" src=\"https:\/\/catedras.facet.unt.edu.ar\/geofisica\/wp-content\/uploads\/sites\/4\/2014\/02\/pdf_icono.jpg\" alt=\"pdf_icono\" width=\"30\" height=\"32\" \/><\/td>\n<td height=\"20\"><span class=\"style6\"><a href=\"https:\/\/catedras.facet.unt.edu.ar\/geofisica\/wp-content\/uploads\/sites\/4\/2014\/02\/Gravimetria-para-Geologos.pdf\" target=\"_blank\">Gravimetria para Geologos<\/a><\/span><\/td>\n<\/tr>\n<tr>\n<td height=\"20\"><\/td>\n<td align=\"center\" width=\"51\" height=\"20\"><img loading=\"lazy\" class=\"alignnone size-full wp-image-39\" src=\"https:\/\/catedras.facet.unt.edu.ar\/geofisica\/wp-content\/uploads\/sites\/4\/2014\/02\/pdf_icono.jpg\" alt=\"pdf_icono\" width=\"30\" height=\"32\" \/><\/td>\n<td height=\"20\"><span class=\"style6\"><a href=\"https:\/\/catedras.facet.unt.edu.ar\/geofisica\/wp-content\/uploads\/sites\/4\/2014\/02\/Magnetometria-para-Geologos.pdf\" target=\"_blank\">Magnetometria para Geologos<\/a><\/span><\/td>\n<\/tr>\n<tr>\n<td height=\"20\"><\/td>\n<td align=\"center\" width=\"51\" height=\"20\"><img loading=\"lazy\" class=\"alignnone size-full wp-image-39\" src=\"https:\/\/catedras.facet.unt.edu.ar\/geofisica\/wp-content\/uploads\/sites\/4\/2014\/02\/pdf_icono.jpg\" alt=\"pdf_icono\" width=\"30\" height=\"32\" \/><\/td>\n<td height=\"20\"><span class=\"style6\"><a href=\"https:\/\/catedras.facet.unt.edu.ar\/geofisica\/wp-content\/uploads\/sites\/4\/2014\/02\/Sismica-para-Geologos.pdf\" target=\"_blank\">Sismica para Geologos<\/a><\/span><\/td>\n<\/tr>\n<tr>\n<td height=\"20\"><\/td>\n<td align=\"center\" width=\"51\" height=\"20\"><img loading=\"lazy\" class=\"alignnone size-full wp-image-39\" src=\"https:\/\/catedras.facet.unt.edu.ar\/geofisica\/wp-content\/uploads\/sites\/4\/2014\/02\/pdf_icono.jpg\" alt=\"pdf_icono\" width=\"30\" height=\"32\" \/><\/td>\n<td height=\"20\"><span class=\"style6\"><a href=\"https:\/\/catedras.facet.unt.edu.ar\/geofisica\/wp-content\/uploads\/sites\/4\/2014\/02\/Prospeccion-Geoelectrica-para-Geologos.pdf\" target=\"_blank\">Prospeccion Geoelectrica para Ge\u00f3logos<\/a><\/span><\/td>\n<\/tr>\n<tr>\n<td colspan=\"3\" height=\"2\"><\/td>\n<\/tr>\n<tr>\n<td colspan=\"3\" height=\"2\">Carrera: Ingenier\u00eda Geod\u00e9sica y Geof\u00edsica &#8211; Ingenier\u00eda en Agrimensura<\/td>\n<\/tr>\n<tr>\n<td height=\"20\"><\/td>\n<td align=\"center\" width=\"51\" height=\"20\"><img loading=\"lazy\" src=\"https:\/\/catedras.facet.unt.edu.ar\/geofisica\/wp-content\/uploads\/sites\/4\/2014\/02\/pdf_icono.jpg\" alt=\"\" width=\"30\" height=\"32\" \/><\/td>\n<td height=\"20\"><span class=\"style6\"><a href=\"https:\/\/catedras.facet.unt.edu.ar\/geofisica\/wp-content\/uploads\/sites\/4\/2014\/02\/Geofisica-y-Geomorfologia.pdf\" target=\"_blank\">Geof\u00edsica y Geomorfolog\u00eda<\/a><\/span><\/td>\n<\/tr>\n<tr>\n<td height=\"20\"><\/td>\n<td align=\"center\" width=\"51\" height=\"20\"><img loading=\"lazy\" src=\"https:\/\/catedras.facet.unt.edu.ar\/geofisica\/wp-content\/uploads\/sites\/4\/2014\/02\/pdf_icono.jpg\" alt=\"\" width=\"30\" height=\"32\" \/><\/td>\n<td height=\"20\"><span class=\"style6\"><a href=\"https:\/\/catedras.facet.unt.edu.ar\/geofisica\/wp-content\/uploads\/sites\/4\/2014\/02\/Sismologia-para-Ingenieros.pdf\" target=\"_blank\">Sismolog\u00eda para Ingenieros<\/a><\/span><\/td>\n<\/tr>\n<tr>\n<td height=\"20\"><\/td>\n<td align=\"center\" width=\"51\" height=\"20\"><img loading=\"lazy\" src=\"https:\/\/catedras.facet.unt.edu.ar\/geofisica\/wp-content\/uploads\/sites\/4\/2014\/02\/pdf_icono.jpg\" alt=\"\" width=\"30\" height=\"32\" \/><\/td>\n<td height=\"20\"><span class=\"style6\"><a href=\"https:\/\/catedras.facet.unt.edu.ar\/geofisica\/wp-content\/uploads\/sites\/4\/2014\/02\/Geomagnetismo-para-Ingenieros.pdf\" target=\"_blank\">Geomagnetismo para Ingenieros<\/a><\/span><\/td>\n<\/tr>\n<tr>\n<td height=\"20\"><\/td>\n<td align=\"center\" width=\"51\" height=\"20\"><img loading=\"lazy\" src=\"https:\/\/catedras.facet.unt.edu.ar\/geofisica\/wp-content\/uploads\/sites\/4\/2014\/02\/pdf_icono.jpg\" alt=\"\" width=\"30\" height=\"32\" \/><\/td>\n<td height=\"20\"><a style=\"line-height: 1.5em\" href=\"https:\/\/catedras.facet.unt.edu.ar\/geofisica\/wp-content\/uploads\/sites\/4\/2014\/02\/Gravimetria-para-Ingenieros.pdf\" target=\"_blank\">Gravimetria para Ingenieros<\/a><\/td>\n<\/tr>\n<tr>\n<td height=\"20\"><\/td>\n<td align=\"center\" width=\"51\" height=\"20\"><img loading=\"lazy\" src=\"https:\/\/catedras.facet.unt.edu.ar\/geofisica\/wp-content\/uploads\/sites\/4\/2014\/02\/pdf_icono.jpg\" alt=\"\" width=\"30\" height=\"32\" \/><\/td>\n<td height=\"20\"><a style=\"line-height: 1.5em\" href=\"https:\/\/catedras.facet.unt.edu.ar\/geofisica\/wp-content\/uploads\/sites\/4\/2014\/02\/Prospeccion-Sismica-para-Ingenieros.pdf\" target=\"_blank\">Prospecci\u00f3n Sismica para Ingenieros<\/a><\/td>\n<\/tr>\n<tr>\n<td height=\"20\"><\/td>\n<td align=\"center\" width=\"51\" height=\"20\"><img loading=\"lazy\" src=\"https:\/\/catedras.facet.unt.edu.ar\/geofisica\/wp-content\/uploads\/sites\/4\/2014\/02\/pdf_icono.jpg\" alt=\"\" width=\"30\" height=\"32\" \/><\/td>\n<td height=\"20\"><a style=\"line-height: 1.5em\" href=\"https:\/\/catedras.facet.unt.edu.ar\/geofisica\/wp-content\/uploads\/sites\/4\/2014\/02\/Prospeccion-Gravimetrica-para-Ingenieros.pdf\" target=\"_blank\">Prospeccion Gravimetrica para Ingenieros<\/a><\/td>\n<\/tr>\n<tr>\n<td height=\"20\"><\/td>\n<td align=\"center\" width=\"51\" height=\"20\"><img loading=\"lazy\" src=\"https:\/\/catedras.facet.unt.edu.ar\/geofisica\/wp-content\/uploads\/sites\/4\/2014\/02\/pdf_icono.jpg\" alt=\"\" width=\"30\" height=\"32\" \/><\/td>\n<td height=\"20\"><span class=\"style6\"><a href=\"https:\/\/catedras.facet.unt.edu.ar\/geofisica\/wp-content\/uploads\/sites\/4\/2014\/02\/Prospeccion-Magnetica1.pdf\" target=\"_blank\">Prospeccion Magnetica<\/a><\/span><\/td>\n<\/tr>\n<tr>\n<td height=\"20\"><\/td>\n<td align=\"center\" width=\"51\" height=\"20\"><img loading=\"lazy\" src=\"https:\/\/catedras.facet.unt.edu.ar\/geofisica\/wp-content\/uploads\/sites\/4\/2014\/02\/pdf_icono.jpg\" alt=\"\" width=\"30\" height=\"32\" \/><\/td>\n<td height=\"20\"><span class=\"style6\"><a href=\"https:\/\/catedras.facet.unt.edu.ar\/geofisica\/wp-content\/uploads\/sites\/4\/2014\/02\/Geoelectrica-para-Ingenieros.pdf\" target=\"_blank\">Geoel\u00e9ctrica para Ingenieros<\/a><\/span><\/td>\n<\/tr>\n<tr>\n<td colspan=\"3\" height=\"2\"><\/td>\n<\/tr>\n<tr>\n<td colspan=\"3\" height=\"2\">Otros Apuntes<\/td>\n<\/tr>\n<tr>\n<td height=\"20\"><\/td>\n<td align=\"center\" width=\"51\" height=\"20\"><img loading=\"lazy\" src=\"https:\/\/catedras.facet.unt.edu.ar\/geofisica\/wp-content\/uploads\/sites\/4\/2014\/02\/pdf_icono.jpg\" alt=\"\" width=\"30\" height=\"32\" \/><\/td>\n<td height=\"20\"><span class=\"style6\"><a href=\"https:\/\/catedras.facet.unt.edu.ar\/geofisica\/wp-content\/uploads\/sites\/4\/2014\/02\/localizacion-de-epicentros.pdf\" target=\"_blank\">Localizaci\u00f3n de Epicentros<\/a><\/span><\/td>\n<\/tr>\n<tr>\n<td height=\"20\"><\/td>\n<td align=\"center\" width=\"51\" height=\"20\"><img loading=\"lazy\" src=\"https:\/\/catedras.facet.unt.edu.ar\/geofisica\/wp-content\/uploads\/sites\/4\/2014\/02\/pdf_icono.jpg\" alt=\"\" width=\"30\" height=\"32\" \/><\/td>\n<td height=\"20\"><span class=\"style6\"><a href=\"https:\/\/catedras.facet.unt.edu.ar\/geofisica\/wp-content\/uploads\/sites\/4\/2014\/02\/manual-magnetometro-protonico.pdf\" target=\"_blank\">Manual del Magnetometro Protonico<\/a><\/span><\/td>\n<\/tr>\n<tr>\n<td height=\"20\"><\/td>\n<td align=\"center\" width=\"51\" height=\"20\"><img loading=\"lazy\" src=\"https:\/\/catedras.facet.unt.edu.ar\/geofisica\/wp-content\/uploads\/sites\/4\/2014\/02\/pdf_icono.jpg\" alt=\"\" width=\"30\" height=\"32\" \/><\/td>\n<td height=\"20\"><span class=\"style6\"><a href=\"https:\/\/catedras.facet.unt.edu.ar\/geofisica\/wp-content\/uploads\/sites\/4\/2014\/02\/procesamiento-datos-geofisicos.pdf\" target=\"_blank\">Procesamiento de Datos Geof\u00edsicos<\/a><\/span><\/td>\n<\/tr>\n<tr>\n<td height=\"20\"><\/td>\n<td align=\"center\" width=\"51\" height=\"20\"><img loading=\"lazy\" src=\"https:\/\/catedras.facet.unt.edu.ar\/geofisica\/wp-content\/uploads\/sites\/4\/2014\/02\/pdf_icono.jpg\" alt=\"\" width=\"30\" height=\"32\" \/><\/td>\n<td height=\"20\"><span class=\"style6\"><a href=\"https:\/\/catedras.facet.unt.edu.ar\/geofisica\/wp-content\/uploads\/sites\/4\/2014\/02\/Geotermia-2013.pdf\" target=\"_blank\">Geotermia<\/a><\/span><\/td>\n<\/tr>\n<\/tbody>\n<\/table>\n","protected":false},"excerpt":{"rendered":"<p>Estos apuntes, en formato pdf., contienen los principales temas de cada materia. Carrera: Geolog\u00eda Sismolog\u00eda para Geologos Gravimetria para Geologos Magnetometria para Geologos Sismica para Geologos Prospeccion Geoelectrica para Ge\u00f3logos Carrera: Ingenier\u00eda Geod\u00e9sica y Geof\u00edsica &#8211; Ingenier\u00eda en Agrimensura Geof\u00edsica y Geomorfolog\u00eda Sismolog\u00eda para Ingenieros Geomagnetismo para Ingenieros Gravimetria para Ingenieros Prospecci\u00f3n Sismica para Ingenieros [&hellip;]<\/p>\n","protected":false},"author":6,"featured_media":0,"parent":0,"menu_order":0,"comment_status":"closed","ping_status":"closed","template":"","meta":[],"_links":{"self":[{"href":"https:\/\/catedras.facet.unt.edu.ar\/geofisica\/wp-json\/wp\/v2\/pages\/15"}],"collection":[{"href":"https:\/\/catedras.facet.unt.edu.ar\/geofisica\/wp-json\/wp\/v2\/pages"}],"about":[{"href":"https:\/\/catedras.facet.unt.edu.ar\/geofisica\/wp-json\/wp\/v2\/types\/page"}],"author":[{"embeddable":true,"href":"https:\/\/catedras.facet.unt.edu.ar\/geofisica\/wp-json\/wp\/v2\/users\/6"}],"replies":[{"embeddable":true,"href":"https:\/\/catedras.facet.unt.edu.ar\/geofisica\/wp-json\/wp\/v2\/comments?post=15"}],"version-history":[{"count":65,"href":"https:\/\/catedras.facet.unt.edu.ar\/geofisica\/wp-json\/wp\/v2\/pages\/15\/revisions"}],"predecessor-version":[{"id":315,"href":"https:\/\/catedras.facet.unt.edu.ar\/geofisica\/wp-json\/wp\/v2\/pages\/15\/revisions\/315"}],"wp:attachment":[{"href":"https:\/\/catedras.facet.unt.edu.ar\/geofisica\/wp-json\/wp\/v2\/media?parent=15"}],"curies":[{"name":"wp","href":"https:\/\/api.w.org\/{rel}","templated":true}]}}