{"id":208,"date":"2017-03-06T12:21:59","date_gmt":"2017-03-06T15:21:59","guid":{"rendered":"https:\/\/catedras.facet.unt.edu.ar\/gasoys\/?page_id=208"},"modified":"2025-03-07T13:18:25","modified_gmt":"2025-03-07T16:18:25","slug":"home","status":"publish","type":"page","link":"https:\/\/catedras.facet.unt.edu.ar\/gasoys\/","title":{"rendered":"Home"},"content":{"rendered":"<div id=\"pl-208\"  class=\"panel-layout\" ><div id=\"pg-208-0\"  class=\"panel-grid panel-no-style\" ><div id=\"pgc-208-0-0\"  class=\"panel-grid-cell\" ><div id=\"panel-208-0-0-0\" class=\"so-panel widget widget_headline-widget panel-first-child panel-last-child\" data-index=\"0\" >\t\t<h1>Bienvenido<\/h1>\n\t\t<div class=\"decoration\"><div class=\"decoration-inside\"><\/div><\/div>\n\t\t<h3>Al sitio web de la C\u00e1tedra de Gesti\u00f3n Ambiental, Salud Ocupacional y Seguridad perteneciente al Departamento de Ing. El\u00e9ctrica, Electr\u00f3nica y Computaci\u00f3n de la Facultad de Ciencias Exactas y Tecnolog\u00eda de la Universidad Nacional de Tucum\u00e1n. Aqu\u00ed encontrar\u00e1 toda la informaci\u00f3n necesaria para el cursado de la materia.<\/h3>\n\t\t<\/div><\/div><div id=\"pgc-208-0-1\"  class=\"panel-grid-cell\" ><div id=\"panel-208-0-1-0\" class=\"so-panel widget widget_circleicon-widget panel-first-child panel-last-child\" data-index=\"1\" >\t\t<div class=\"circle-icon-box circle-icon-position-top circle-icon-hide-box circle-icon-size-small\">\n\t\t\t<div class=\"circle-icon-wrapper\">\n\t\t\t\t<a href=\"https:\/\/forms.gle\/eLrucZntKEdT2McbA\" class=\"link-icon\" >\t\t\t\t<div class=\"circle-icon icon-style-set\" style=\"background-image: url(https:\/\/forms.gle\/eLrucZntKEdT2McbA)\">\n\t\t\t\t\t<div class=\"fa fa-bell icon-color-set\" ><\/div>\t\t\t\t<\/div>\n\t\t\t\t<\/a>\t\t\t<\/div>\n\n\t\t\t<a href=\"https:\/\/forms.gle\/eLrucZntKEdT2McbA\" class=\"link-title\" >\t\t\t<h4 style=\"color: #1e73be\">Inscripciones<\/h4>\t\t\t<\/a>\n\t\t\t\t\t\t\t\t\t\t<a href=\"https:\/\/forms.gle\/eLrucZntKEdT2McbA\" class=\"more-button\" >Los interesados en cursar la materia deben inscribirse en la c\u00e1tedra a trav\u00e9s de este link. <i><\/i><\/a>\n\t\t\t\t\t<\/div>\n\t\t<\/div><\/div><\/div><div id=\"pg-208-1\"  class=\"panel-grid panel-no-style\" ><div id=\"pgc-208-1-0\"  class=\"panel-grid-cell\" ><div id=\"panel-208-1-0-0\" class=\"so-panel widget widget_siteorigin-panels-postloop panel-first-child panel-last-child\" data-index=\"2\" ><h3 class=\"widget-title\">Novedades<\/h3>\n\t\t\n\t\t\n<article id=\"post-528\" class=\"post-528 post type-post status-publish format-standard sticky hentry category-transparente\">\n\n\t\n\t<div class=\"entry-main\">\n\n\t\t\n\t\t<header class=\"entry-header\">\n\t\t\t\n\t\t\t<h1 class=\"entry-title\"><a href=\"https:\/\/catedras.facet.unt.edu.ar\/gasoys\/2021\/03\/09\/primera-clase\/\" title=\"Enlace permanente a Inicio de Clases\" rel=\"bookmark\">Inicio de Clases<\/a><\/h1>\n\n\t\t\t\n\t\t<\/header><!-- .entry-header -->\n\n\t\t\t\t\t<div class=\"entry-content\">\n\t\t\t\t<p><span style=\"font-family: helvetica, arial, sans-serif;font-size: 12pt\"><strong><span style=\"color: #0000ff\"><a href=\"https:\/\/catedras.facet.unt.edu.ar\/gasoys\/wp-content\/uploads\/sites\/7\/2026\/03\/Flyer-2026.jpg\"><img loading=\"lazy\" class=\"wp-image-656 alignleft\" src=\"https:\/\/catedras.facet.unt.edu.ar\/gasoys\/wp-content\/uploads\/sites\/7\/2026\/03\/Flyer-2026.jpg\" alt=\"\" width=\"313\" height=\"471\" \/><\/a>Primera Clase :<\/span><\/strong> V<strong>iernes 20 de marzo de 2026 a las 12:00hs<\/strong>,\u00a0 en el Aula 1-03-01 (DEEC 3).<\/span><\/p>\n<p><span style=\"font-family: helvetica, arial, sans-serif;font-size: 12pt\"><strong>IMPORTANTE: Los interesados en cursar la asignatura deben registrarse en el siguiente <a href=\"https:\/\/forms.gle\/eLrucZntKEdT2McbA\"><span style=\"color: #0000ff\">Formulario de Inscripci\u00f3n<\/span><\/a> hasta el 19\/03\/26 :<\/strong><\/span><\/p>\n<div id=\"attachment_574\" style=\"width: 108px\" class=\"wp-caption alignleft\"><a href=\"https:\/\/forms.gle\/eLrucZntKEdT2McbA\"><img aria-describedby=\"caption-attachment-574\" loading=\"lazy\" class=\"wp-image-574\" src=\"https:\/\/catedras.facet.unt.edu.ar\/gasoys\/wp-content\/uploads\/sites\/7\/2023\/03\/Form.png\" alt=\"https:\/\/forms.gle\/eLrucZntKEdT2McbA\" width=\"98\" height=\"98\" \/><\/a><p id=\"caption-attachment-574\" class=\"wp-caption-text\"><span style=\"font-family: helvetica, arial, sans-serif\">FORMULARIO<\/span><\/p><\/div>\n<p>&nbsp;<\/p>\n<p>&nbsp;<\/p>\n<p>&nbsp;<\/p>\n\t\t\t\t\t\t\t\t\t\t\t\t\t\t\t<\/div><!-- .entry-content -->\n\t\t\n\t\t\n\t<\/div>\n\n<\/article><!-- #post-528 -->\n\n\t\n\t\n<\/div><\/div><\/div><div id=\"pg-208-2\"  class=\"panel-grid panel-no-style\" ><div id=\"pgc-208-2-0\"  class=\"panel-grid-cell\" ><div id=\"panel-208-2-0-0\" class=\"so-panel widget widget_circleicon-widget panel-first-child panel-last-child\" data-index=\"3\" >\t\t<div class=\"circle-icon-box circle-icon-position-top circle-icon-hide-box circle-icon-size-small\">\n\t\t\t<div class=\"circle-icon-wrapper\">\n\t\t\t\t<a href=\"https:\/\/catedras.facet.unt.edu.ar\/gasoys\/material-de-estudio\/\" class=\"link-icon\" >\t\t\t\t<div class=\"circle-icon\" >\n\t\t\t\t\t<div class=\"fa fa-pencil-square-o\" ><\/div>\t\t\t\t<\/div>\n\t\t\t\t<\/a>\t\t\t<\/div>\n\n\t\t\t<a href=\"https:\/\/catedras.facet.unt.edu.ar\/gasoys\/material-de-estudio\/\" class=\"link-title\" >\t\t\t<h4 >Material de Estudio<\/h4>\t\t\t<\/a>\n\t\t\t\t\t\t\t\t\t\t<a href=\"https:\/\/catedras.facet.unt.edu.ar\/gasoys\/material-de-estudio\/\" class=\"more-button\" >Ver Contenido <i><\/i><\/a>\n\t\t\t\t\t<\/div>\n\t\t<\/div><\/div><div id=\"pgc-208-2-1\"  class=\"panel-grid-cell\" ><div id=\"panel-208-2-1-0\" class=\"so-panel widget widget_circleicon-widget panel-first-child panel-last-child\" data-index=\"4\" >\t\t<div class=\"circle-icon-box circle-icon-position-top circle-icon-hide-box circle-icon-size-small\">\n\t\t\t<div class=\"circle-icon-wrapper\">\n\t\t\t\t\t\t\t\t<div class=\"circle-icon\" >\n\t\t\t\t\t<div class=\"fa fa-book\" ><\/div>\t\t\t\t<\/div>\n\t\t\t\t\t\t\t<\/div>\n\n\t\t\t\t\t\t<h4 >Bibliograf\u00eda<\/h4>\t\t\t\n\t\t\t\t\t\t\t\t\t\t<a href=\"#\" class=\"more-button\" >Ver Contenido <i><\/i><\/a>\n\t\t\t\t\t<\/div>\n\t\t<\/div><\/div><div id=\"pgc-208-2-2\"  class=\"panel-grid-cell\" ><div id=\"panel-208-2-2-0\" class=\"so-panel widget widget_circleicon-widget panel-first-child panel-last-child\" data-index=\"5\" >\t\t<div class=\"circle-icon-box circle-icon-position-top circle-icon-hide-box circle-icon-size-small\">\n\t\t\t<div class=\"circle-icon-wrapper\">\n\t\t\t\t\t\t\t\t<div class=\"circle-icon\" >\n\t\t\t\t\t<div class=\"fa fa-clock-o\" ><\/div>\t\t\t\t<\/div>\n\t\t\t\t\t\t\t<\/div>\n\n\t\t\t\t\t\t<h4 >Cronograma<\/h4>\t\t\t\n\t\t\t\t\t\t\t\t\t\t<a href=\"#\" class=\"more-button\" >Ver Contenido <i><\/i><\/a>\n\t\t\t\t\t<\/div>\n\t\t<\/div><\/div><\/div><div id=\"pg-208-3\"  class=\"panel-grid panel-has-style\" ><div class=\"wide-grey panel-row-style panel-row-style-for-208-3\" ><div id=\"pgc-208-3-0\"  class=\"panel-grid-cell\" ><div id=\"panel-208-3-0-0\" class=\"so-panel widget widget_headline-widget panel-first-child panel-last-child\" data-index=\"6\" >\t\t<h1>Recomendaciones<\/h1>\n\t\t<div class=\"decoration\"><div class=\"decoration-inside\"><\/div><\/div>\n\t\t<h3><\/h3>\n\t\t<\/div><\/div><\/div><\/div><div id=\"pg-208-4\"  class=\"panel-grid panel-no-style\" ><div id=\"pgc-208-4-0\"  class=\"panel-grid-cell\" ><div id=\"panel-208-4-0-0\" class=\"so-panel widget widget_black-studio-tinymce widget_black_studio_tinymce panel-first-child panel-last-child\" data-index=\"7\" ><h3 class=\"widget-title\">Recomendaciones de Seguridad<\/h3><div class=\"textwidget\"><p><a href=\"http:\/\/www.youblisher.com\/p\/458285-Recomendaciones-de-Seguridad\/\"><img class=\"wp-image-170 size-full aligncenter\" src=\"https:\/\/catedras.facet.unt.edu.ar\/gasoys\/wp-content\/uploads\/sites\/7\/2014\/03\/Sin-t\u00edtulo.png\" alt=\"Recomendaciones de Seguridad\" width=\"172\" height=\"129\" \/><\/a><\/p>\n<\/div><\/div><\/div><div id=\"pgc-208-4-1\"  class=\"panel-grid-cell\" ><div id=\"panel-208-4-1-0\" class=\"so-panel widget widget_black-studio-tinymce widget_black_studio_tinymce panel-first-child panel-last-child\" data-index=\"8\" ><h3 class=\"widget-title\">Informaci\u00f3n Seguro para Estudiantes FACET<\/h3><div class=\"textwidget\"><p><a href=\"https:\/\/www.facet.unt.edu.ar\/sbe\/seguro-para-estudiantes-facet\/\"><img class=\"wp-image-651  aligncenter\" src=\"https:\/\/catedras.facet.unt.edu.ar\/gasoys\/wp-content\/uploads\/sites\/7\/2025\/03\/seguro-para-estudiantes.png\" alt=\"\" width=\"188\" height=\"188\" \/><\/a><\/p>\n<\/div><\/div><\/div><div id=\"pgc-208-4-2\"  class=\"panel-grid-cell\" ><div id=\"panel-208-4-2-0\" class=\"so-panel widget widget_black-studio-tinymce widget_black_studio_tinymce panel-first-child panel-last-child\" data-index=\"9\" ><h3 class=\"widget-title\">Calendario Acad\u00e9mico<\/h3><div class=\"textwidget\"><p><a href=\"https:\/\/www.facet.unt.edu.ar\/calendario-academico-facet\/\"><img class=\"aligncenter wp-image-649\" src=\"https:\/\/catedras.facet.unt.edu.ar\/gasoys\/wp-content\/uploads\/sites\/7\/2025\/03\/calendario-unt.png\" alt=\"Calendario Acad\u00e9mico\" width=\"197\" height=\"197\" \/><\/a><\/p>\n<\/div><\/div><\/div><\/div><div id=\"pg-208-5\"  class=\"panel-grid panel-no-style\" ><div id=\"pgc-208-5-0\"  class=\"panel-grid-cell\" ><div id=\"panel-208-5-0-0\" class=\"so-panel widget widget_black-studio-tinymce widget_black_studio_tinymce panel-first-child panel-last-child\" data-index=\"10\" ><div class=\"textwidget\"><p><a href=\"https:\/\/catedras.facet.unt.edu.ar\/gasoys\/wp-content\/uploads\/sites\/7\/2024\/03\/3826371.png\"><img class=\"wp-image-624  alignleft\" src=\"https:\/\/catedras.facet.unt.edu.ar\/gasoys\/wp-content\/uploads\/sites\/7\/2024\/03\/3826371.png\" alt=\"\" width=\"53\" height=\"53\" \/><\/a>\u00a0 Para mayor informaci\u00f3n\u00a0escribanos al correo electr\u00f3nico \u00a0: \u00a0gasoys@herrera.unt.edu.ar<\/p>\n<\/div><\/div><\/div><\/div><\/div>","protected":false},"excerpt":{"rendered":"<p>Recomendaciones de Seguridad Informaci\u00f3n Seguro para Estudiantes FACET Calendario Acad\u00e9mico \u00a0 Para mayor informaci\u00f3n\u00a0escribanos al correo electr\u00f3nico \u00a0: \u00a0gasoys@herrera.unt.edu.ar<\/p>\n","protected":false},"author":54,"featured_media":0,"parent":0,"menu_order":0,"comment_status":"closed","ping_status":"closed","template":"home-panels.php","meta":[],"_links":{"self":[{"href":"https:\/\/catedras.facet.unt.edu.ar\/gasoys\/wp-json\/wp\/v2\/pages\/208"}],"collection":[{"href":"https:\/\/catedras.facet.unt.edu.ar\/gasoys\/wp-json\/wp\/v2\/pages"}],"about":[{"href":"https:\/\/catedras.facet.unt.edu.ar\/gasoys\/wp-json\/wp\/v2\/types\/page"}],"author":[{"embeddable":true,"href":"https:\/\/catedras.facet.unt.edu.ar\/gasoys\/wp-json\/wp\/v2\/users\/54"}],"replies":[{"embeddable":true,"href":"https:\/\/catedras.facet.unt.edu.ar\/gasoys\/wp-json\/wp\/v2\/comments?post=208"}],"version-history":[{"count":23,"href":"https:\/\/catedras.facet.unt.edu.ar\/gasoys\/wp-json\/wp\/v2\/pages\/208\/revisions"}],"predecessor-version":[{"id":652,"href":"https:\/\/catedras.facet.unt.edu.ar\/gasoys\/wp-json\/wp\/v2\/pages\/208\/revisions\/652"}],"wp:attachment":[{"href":"https:\/\/catedras.facet.unt.edu.ar\/gasoys\/wp-json\/wp\/v2\/media?parent=208"}],"curies":[{"name":"wp","href":"https:\/\/api.w.org\/{rel}","templated":true}]}}