{"id":198,"date":"2013-05-08T19:48:06","date_gmt":"2013-05-08T19:48:06","guid":{"rendered":"http:\/\/www1.herrera.unt.edu.ar\/faceyt\/gasoys\/?page_id=6"},"modified":"2023-03-10T16:09:23","modified_gmt":"2023-03-10T19:09:23","slug":"programa-analitico","status":"publish","type":"page","link":"https:\/\/catedras.facet.unt.edu.ar\/gasoys\/programa-analitico\/","title":{"rendered":"Programa Anal\u00edtico"},"content":{"rendered":"<p><span style=\"color: #333399;font-family: helvetica, arial, sans-serif\"><strong>CONTENIDOS GENERALES<\/strong><\/span><\/p>\n<ul>\n<li><span style=\"font-family: helvetica, arial, sans-serif;color: #339966\"><strong><u>UNIDAD TEM\u00c1TICA 1<\/u><\/strong><strong>: <\/strong><strong>INGENIER\u00cdA Y DESARROLLO SOSTENIBLE<\/strong><\/span><\/li>\n<\/ul>\n<p><span style=\"font-family: helvetica, arial, sans-serif\"><strong>La Ingenier\u00eda y el desarrollo Sostenible<\/strong>. Desarrollo Sustentable y Sostenible, conceptos y definiciones. Gu\u00eda de Buenas Pr\u00e1cticas para una Ingenier\u00eda Sostenible. Objetivos de desarrollo sostenido (ODS), agenda nacional e internacional. Econom\u00eda Lineal vs Econom\u00eda Circular, conceptos y definiciones. El desarrollo sostenido y el modelo de econom\u00eda circular en los procesos productivos. Eco dise\u00f1os.<\/span><\/p>\n<ul>\n<li><span style=\"font-family: helvetica, arial, sans-serif;color: #339966\"><strong><u>UNIDAD TEM\u00c1TICA 2<\/u><\/strong><strong>: <\/strong><strong>MEDIO AMBIENTE<\/strong><\/span><\/li>\n<\/ul>\n<p><span style=\"font-family: helvetica, arial, sans-serif\"><strong>El medio ambiente. Naturaleza y alcance de los problemas ambientales. <\/strong>Conceptos y Definiciones. Perturbaciones ambientales. Identificaci\u00f3n y Cuantificaci\u00f3n de los problemas ambientales. Calentamiento Global y Cambio clim\u00e1tico. Acciones de adaptaci\u00f3n y mitigaci\u00f3n.<\/span><\/p>\n<p><span style=\"font-family: helvetica, arial, sans-serif\"><strong>Indicadores de Desarrollo Sostenido (IDS). <\/strong>Huella ecol\u00f3gica, Huella H\u00eddrica, Huella de carbono de carbono, entre otros. Metodolog\u00edas de aplicaci\u00f3n.<\/span><\/p>\n<ul>\n<li><span style=\"font-family: helvetica, arial, sans-serif;color: #339966\"><strong><u>UNIDAD TEM\u00c1TICA 3<\/u><\/strong><strong>: <\/strong><strong>GESTI\u00d3N AMBIENTAL <\/strong><\/span><\/li>\n<\/ul>\n<p><span style=\"font-family: helvetica, arial, sans-serif\"><strong>Gesti\u00f3n Ambiental. Instrumentos y \u00c1<\/strong><strong>reas de gesti\u00f3n ambiental<\/strong>: Pol\u00edtica ambiental. Ordenaci\u00f3n del territorio. Evaluaci\u00f3n del impacto ambiental. Contaminaci\u00f3n. Vida silvestre. Educaci\u00f3n ambiental.<strong> Evaluaci\u00f3n de impacto ambiental (EIA)<\/strong>. Auditor\u00eda Ambiental.<\/span><\/p>\n<p><span style=\"font-family: helvetica, arial, sans-serif\"><strong>Gesti\u00f3n y Monitoreo Ambiental. <\/strong>Gesti\u00f3n de Residuos especiales y Peligrosos. Residuos de aparatos el\u00e9ctricos y electr\u00f3nicos (RAEE).<\/span><\/p>\n<p><span style=\"font-family: helvetica, arial, sans-serif\"><strong>Legislaci\u00f3n aplicable a la gesti\u00f3n ambiental.<\/strong><\/span><\/p>\n<ul>\n<li><span style=\"font-family: helvetica, arial, sans-serif;color: #3366ff\"><strong><u>UNIDAD TEM\u00c1TICA 4<\/u><\/strong><strong>: <\/strong><strong>CONDICIONES Y MEDIO AMBIENTE DE TRABAJO<\/strong><\/span><\/li>\n<\/ul>\n<p><span style=\"font-family: helvetica, arial, sans-serif\"><strong>El Trabajo. <\/strong>Su concepto y evoluci\u00f3n. Enfoques tradicional y renovador del trabajo. <strong>Condiciones y Medio ambiente de trabajo.<\/strong> Carga de Trabajo. Organizaci\u00f3n del trabajo. Condiciones de trabajo y estr\u00e9s. T\u00e9cnicas de estudio del ambiente de trabajo. Ergonom\u00eda.<\/span><\/p>\n<ul>\n<li><span style=\"font-family: helvetica, arial, sans-serif;color: #3366ff\"><strong><u>UNIDAD TEM\u00c1TICA 5<\/u><\/strong><strong>: <\/strong><strong>SALUD Y SEGURIDAD EN EL TRABAJO<\/strong><\/span><\/li>\n<\/ul>\n<p><span style=\"font-family: helvetica, arial, sans-serif\">Higiene. Higiene Ocupacional, Higiene industrial. <strong>Salud Ocupacional. Enfermedades Laborales o Profesionales.<\/strong> Medicinal Laboral.<\/span><\/p>\n<p><span style=\"font-family: helvetica, arial, sans-serif\"><strong>Seguridad Ocupacional.<\/strong> Riesgos, Peligros y Condiciones Inseguras. <strong>Incidentes y Accidentes de Trabajo.<\/strong> Conceptos de prevenci\u00f3n.<\/span><\/p>\n<p><span style=\"font-family: helvetica, arial, sans-serif\"><strong>Legislaci\u00f3n aplicable a la Salud y Seguridad ocupacional<\/strong>. El sistema de Riesgos de Trabajo en Argentina. Procedimientos para la gesti\u00f3n de accidentes y enfermedades en el trabajo.<\/span><\/p>\n<ul>\n<li><span style=\"font-family: helvetica, arial, sans-serif;color: #3366ff\"><strong><u>UNIDAD TEM\u00c1TICA 6<\/u><\/strong><strong>: <\/strong><strong>GESTI\u00d3N DE LA SALUD Y SEGURIDAD OCUPACIONAL<\/strong><\/span><\/li>\n<\/ul>\n<p><span style=\"font-family: helvetica, arial, sans-serif\">Los sistemas de gesti\u00f3n y la mejora continua. <strong>Sistemas de Gesti\u00f3n SST<\/strong> (Salud y Seguridad en el Trabajo), conceptos y definiciones. Concepto de planificaci\u00f3n y programaci\u00f3n. <strong>Planificaci\u00f3n Estrat\u00e9gica para la Salud y Seguridad en el trabajo<\/strong>. Programas de Salud y Seguridad. Emergencias. Gesti\u00f3n de situaciones cr\u00edticas.<\/span><\/p>\n<p><span style=\"font-family: helvetica, arial, sans-serif\"><strong>Gesti\u00f3n de riesgos.<\/strong> Metodolog\u00edas y Normas de aplicaci\u00f3n. Estudio de riesgos en los ambientes de trabajo. Supervisi\u00f3n y Control. Inspecciones, tipos y usos en la gesti\u00f3n de seguridad. Indicadores para el control. Auditor\u00edas.<\/span><\/p>\n<ul>\n<li><span style=\"font-family: helvetica, arial, sans-serif;color: #ff6600\"><strong><u>UNIDAD TEM\u00c1TICA 7<\/u><\/strong><strong>: SISTEMAS DE GESTION, NORMALIZACI\u00d3N Y ESTANDARES<\/strong><\/span><\/li>\n<\/ul>\n<p><span style=\"font-family: helvetica, arial, sans-serif\"><strong>Normalizaci\u00f3n y est\u00e1ndares. <\/strong>Jerarqu\u00eda de las normas. Metodolog\u00eda para la redacci\u00f3n de normas. Certificaciones.<\/span><\/p>\n<p><span style=\"font-family: helvetica, arial, sans-serif\"><strong>Sistemas de Gesti\u00f3n Normalizados. <\/strong>Conceptos y definiciones.<\/span><\/p>\n<p><span style=\"font-family: helvetica, arial, sans-serif\"><strong>Sistemas de Gesti\u00f3n Ambiental.<\/strong> Norma ISO 14000 y 14001. Casos de aplicaci\u00f3n<\/span><\/p>\n<p><span style=\"font-family: helvetica, arial, sans-serif\"><strong>Sistemas de Gesti\u00f3n de Seguridad y Salud Ocupacional (SySO). <\/strong>Normas IRAM 3800 y 3801 e ISO 45001. Antecedentes internacionales. Casos de aplicaci\u00f3n.<\/span><\/p>\n<p><span style=\"font-family: helvetica, arial, sans-serif\"><strong>Sistemas de Gesti\u00f3n Integrados. <\/strong>Criterios generales. Casos de aplicaci\u00f3n.<\/span><\/p>\n<p>&nbsp;<\/p>\n","protected":false},"excerpt":{"rendered":"<p>CONTENIDOS GENERALES UNIDAD TEM\u00c1TICA 1: INGENIER\u00cdA Y DESARROLLO SOSTENIBLE La Ingenier\u00eda y el desarrollo Sostenible. Desarrollo Sustentable y Sostenible, conceptos y definiciones. Gu\u00eda de Buenas Pr\u00e1cticas para una Ingenier\u00eda Sostenible. Objetivos de desarrollo sostenido (ODS), agenda nacional e internacional. Econom\u00eda Lineal vs Econom\u00eda Circular, conceptos y definiciones. El desarrollo sostenido y el modelo de econom\u00eda [&hellip;]<\/p>\n","protected":false},"author":54,"featured_media":0,"parent":0,"menu_order":0,"comment_status":"closed","ping_status":"closed","template":"","meta":[],"_links":{"self":[{"href":"https:\/\/catedras.facet.unt.edu.ar\/gasoys\/wp-json\/wp\/v2\/pages\/198"}],"collection":[{"href":"https:\/\/catedras.facet.unt.edu.ar\/gasoys\/wp-json\/wp\/v2\/pages"}],"about":[{"href":"https:\/\/catedras.facet.unt.edu.ar\/gasoys\/wp-json\/wp\/v2\/types\/page"}],"author":[{"embeddable":true,"href":"https:\/\/catedras.facet.unt.edu.ar\/gasoys\/wp-json\/wp\/v2\/users\/54"}],"replies":[{"embeddable":true,"href":"https:\/\/catedras.facet.unt.edu.ar\/gasoys\/wp-json\/wp\/v2\/comments?post=198"}],"version-history":[{"count":5,"href":"https:\/\/catedras.facet.unt.edu.ar\/gasoys\/wp-json\/wp\/v2\/pages\/198\/revisions"}],"predecessor-version":[{"id":587,"href":"https:\/\/catedras.facet.unt.edu.ar\/gasoys\/wp-json\/wp\/v2\/pages\/198\/revisions\/587"}],"wp:attachment":[{"href":"https:\/\/catedras.facet.unt.edu.ar\/gasoys\/wp-json\/wp\/v2\/media?parent=198"}],"curies":[{"name":"wp","href":"https:\/\/api.w.org\/{rel}","templated":true}]}}