{"id":192,"date":"2013-05-08T03:42:17","date_gmt":"2013-05-08T03:42:17","guid":{"rendered":"http:\/\/www1.herrera.unt.edu.ar\/faceyt\/gasoys\/?page_id=192"},"modified":"2024-03-11T16:48:52","modified_gmt":"2024-03-11T19:48:52","slug":"reglamento","status":"publish","type":"page","link":"https:\/\/catedras.facet.unt.edu.ar\/gasoys\/reglamento\/","title":{"rendered":"Qui\u00e9nes pueden cursar?"},"content":{"rendered":"<ul style=\"list-style-type: disc\">\n<li>Alumnos de las carreras<b> Ingenier\u00eda\u00a0 El\u00e9ctrica, <b>Electr\u00f3nica,<\/b>\u00a0o Ingenier\u00eda en Computaci\u00f3n<\/b> que cumplan con las condiciones establecidas en cada Plan de Estudios.<\/li>\n<li>Alumnos de las carreras<b> Ingenier\u00eda\u00a0 Geod\u00e9sica<\/b><b style=\"font-weight: bold\"> y Geof\u00edsica<\/b><b>\u00a0o\u00a0 Agrimensura<\/b> que cumplan con las condiciones establecidas en cada Plan de Estudios.<\/li>\n<li>Alumnos que quieran cursar la materia en modalidad <strong>vocacional.<\/strong><\/li>\n<\/ul>\n<p><b>\u00a0<\/b><\/p>\n","protected":false},"excerpt":{"rendered":"<p>Alumnos de las carreras Ingenier\u00eda\u00a0 El\u00e9ctrica, Electr\u00f3nica,\u00a0o Ingenier\u00eda en Computaci\u00f3n que cumplan con las condiciones establecidas en cada Plan de Estudios. Alumnos de las carreras Ingenier\u00eda\u00a0 Geod\u00e9sica y Geof\u00edsica\u00a0o\u00a0 Agrimensura que cumplan con las condiciones establecidas en cada Plan de Estudios. Alumnos que quieran cursar la materia en modalidad vocacional. \u00a0<\/p>\n","protected":false},"author":54,"featured_media":0,"parent":0,"menu_order":0,"comment_status":"closed","ping_status":"closed","template":"","meta":[],"_links":{"self":[{"href":"https:\/\/catedras.facet.unt.edu.ar\/gasoys\/wp-json\/wp\/v2\/pages\/192"}],"collection":[{"href":"https:\/\/catedras.facet.unt.edu.ar\/gasoys\/wp-json\/wp\/v2\/pages"}],"about":[{"href":"https:\/\/catedras.facet.unt.edu.ar\/gasoys\/wp-json\/wp\/v2\/types\/page"}],"author":[{"embeddable":true,"href":"https:\/\/catedras.facet.unt.edu.ar\/gasoys\/wp-json\/wp\/v2\/users\/54"}],"replies":[{"embeddable":true,"href":"https:\/\/catedras.facet.unt.edu.ar\/gasoys\/wp-json\/wp\/v2\/comments?post=192"}],"version-history":[{"count":6,"href":"https:\/\/catedras.facet.unt.edu.ar\/gasoys\/wp-json\/wp\/v2\/pages\/192\/revisions"}],"predecessor-version":[{"id":630,"href":"https:\/\/catedras.facet.unt.edu.ar\/gasoys\/wp-json\/wp\/v2\/pages\/192\/revisions\/630"}],"wp:attachment":[{"href":"https:\/\/catedras.facet.unt.edu.ar\/gasoys\/wp-json\/wp\/v2\/media?parent=192"}],"curies":[{"name":"wp","href":"https:\/\/api.w.org\/{rel}","templated":true}]}}