{"id":54,"date":"2017-03-10T15:49:08","date_gmt":"2017-03-10T18:49:08","guid":{"rendered":"https:\/\/catedras.facet.unt.edu.ar\/fyep\/?page_id=54"},"modified":"2025-05-14T12:08:06","modified_gmt":"2025-05-14T15:08:06","slug":"correlativas","status":"publish","type":"page","link":"https:\/\/catedras.facet.unt.edu.ar\/fyep\/correlativas\/","title":{"rendered":"CORRELATIVAS"},"content":{"rendered":"<p>Econom\u00eda y Organizaci\u00f3n Industrial<\/p>\n<p>Operaciones Unitarias I<\/p>\n<p>An\u00e1lisis y Dise\u00f1o de Reactores I<\/p>\n","protected":false},"excerpt":{"rendered":"<p>Econom\u00eda y Organizaci\u00f3n Industrial Operaciones Unitarias I An\u00e1lisis y Dise\u00f1o de Reactores I<\/p>\n","protected":false},"author":140,"featured_media":0,"parent":0,"menu_order":0,"comment_status":"closed","ping_status":"closed","template":"","meta":[],"_links":{"self":[{"href":"https:\/\/catedras.facet.unt.edu.ar\/fyep\/wp-json\/wp\/v2\/pages\/54"}],"collection":[{"href":"https:\/\/catedras.facet.unt.edu.ar\/fyep\/wp-json\/wp\/v2\/pages"}],"about":[{"href":"https:\/\/catedras.facet.unt.edu.ar\/fyep\/wp-json\/wp\/v2\/types\/page"}],"author":[{"embeddable":true,"href":"https:\/\/catedras.facet.unt.edu.ar\/fyep\/wp-json\/wp\/v2\/users\/140"}],"replies":[{"embeddable":true,"href":"https:\/\/catedras.facet.unt.edu.ar\/fyep\/wp-json\/wp\/v2\/comments?post=54"}],"version-history":[{"count":6,"href":"https:\/\/catedras.facet.unt.edu.ar\/fyep\/wp-json\/wp\/v2\/pages\/54\/revisions"}],"predecessor-version":[{"id":652,"href":"https:\/\/catedras.facet.unt.edu.ar\/fyep\/wp-json\/wp\/v2\/pages\/54\/revisions\/652"}],"wp:attachment":[{"href":"https:\/\/catedras.facet.unt.edu.ar\/fyep\/wp-json\/wp\/v2\/media?parent=54"}],"curies":[{"name":"wp","href":"https:\/\/api.w.org\/{rel}","templated":true}]}}