{"id":44,"date":"2017-03-10T15:43:41","date_gmt":"2017-03-10T18:43:41","guid":{"rendered":"https:\/\/catedras.facet.unt.edu.ar\/fyep\/?page_id=44"},"modified":"2024-09-05T15:50:30","modified_gmt":"2024-09-05T18:50:30","slug":"bibliografia","status":"publish","type":"page","link":"https:\/\/catedras.facet.unt.edu.ar\/fyep\/bibliografia\/","title":{"rendered":"BIBLIOGRAFIA en Biblioteca FACET"},"content":{"rendered":"<p>Ingenier\u00eda econ\u00f3mica, Arbones Malisani, Eduardo A., 1999<\/p>\n<p>Ingenier\u00eda econ\u00f3mica de DeGarmo, Sullivan, William G.; Wicks, Elin M.; Luxhoj, James T., 2004.<\/p>\n<p>Ingenier\u00eda econ\u00f3mica, Blank, Leland; Tarquin, Anthony, 2006.<\/p>\n<p>Baca Urbina, Gabriel. Ingenier\u00eda Econ\u00f3mica, 6\u00ba ed<b>.<\/b>\u00a0<b><\/b><\/p>\n<p><span style=\"color: #ff6600\"><strong>eLibros en la pag web de la biblioteca de la FACET:<\/strong><\/span><\/p>\n<div id=\"tools-modal-citation_copy_area\" class=\"form-control copy-area\"><i>Preparaci\u00f3n y evaluaci\u00f3n de proyectos: nociones b\u00e1sicas.<\/i>.Sapag Chain, R. (2014).<\/div>\n","protected":false},"excerpt":{"rendered":"<p>Ingenier\u00eda econ\u00f3mica, Arbones Malisani, Eduardo A., 1999 Ingenier\u00eda econ\u00f3mica de DeGarmo, Sullivan, William G.; Wicks, Elin M.; Luxhoj, James T., 2004. Ingenier\u00eda econ\u00f3mica, Blank, Leland; Tarquin, Anthony, 2006. Baca Urbina, Gabriel. Ingenier\u00eda Econ\u00f3mica, 6\u00ba ed.\u00a0 eLibros en la pag web de la biblioteca de la FACET: Preparaci\u00f3n y evaluaci\u00f3n de proyectos: nociones b\u00e1sicas..Sapag Chain, R. [&hellip;]<\/p>\n","protected":false},"author":140,"featured_media":0,"parent":0,"menu_order":0,"comment_status":"closed","ping_status":"closed","template":"","meta":[],"_links":{"self":[{"href":"https:\/\/catedras.facet.unt.edu.ar\/fyep\/wp-json\/wp\/v2\/pages\/44"}],"collection":[{"href":"https:\/\/catedras.facet.unt.edu.ar\/fyep\/wp-json\/wp\/v2\/pages"}],"about":[{"href":"https:\/\/catedras.facet.unt.edu.ar\/fyep\/wp-json\/wp\/v2\/types\/page"}],"author":[{"embeddable":true,"href":"https:\/\/catedras.facet.unt.edu.ar\/fyep\/wp-json\/wp\/v2\/users\/140"}],"replies":[{"embeddable":true,"href":"https:\/\/catedras.facet.unt.edu.ar\/fyep\/wp-json\/wp\/v2\/comments?post=44"}],"version-history":[{"count":8,"href":"https:\/\/catedras.facet.unt.edu.ar\/fyep\/wp-json\/wp\/v2\/pages\/44\/revisions"}],"predecessor-version":[{"id":618,"href":"https:\/\/catedras.facet.unt.edu.ar\/fyep\/wp-json\/wp\/v2\/pages\/44\/revisions\/618"}],"wp:attachment":[{"href":"https:\/\/catedras.facet.unt.edu.ar\/fyep\/wp-json\/wp\/v2\/media?parent=44"}],"curies":[{"name":"wp","href":"https:\/\/api.w.org\/{rel}","templated":true}]}}