{"id":426,"date":"2022-02-08T09:38:00","date_gmt":"2022-02-08T12:38:00","guid":{"rendered":"https:\/\/catedras.facet.unt.edu.ar\/fyep\/?page_id=426"},"modified":"2022-07-25T12:19:32","modified_gmt":"2022-07-25T15:19:32","slug":"inicio","status":"publish","type":"page","link":"https:\/\/catedras.facet.unt.edu.ar\/fyep\/","title":{"rendered":""},"content":{"rendered":"\r\n<p><span style=\"font-size: 18pt\"><strong>FORMULACION Y EVALUACI\u00d3N DE PROYECTOS<\/strong><\/span><\/p>\r\n<p><br \/><span style=\"font-size: 14pt\"><strong>CARRERA: Ingenier\u00eda Qu\u00edmica<\/strong><\/span><br \/><br \/><br \/>OBJETIVOS<br \/>Aprender a evaluar econ\u00f3mica y financieramente alternativas de inversi\u00f3n relacionadas con emprendimientos nuevos o mejora de emprendimientos existentes de peque\u00f1as o medianas empresas. Interiorizar acerca de la pr\u00e1ctica concreta de evaluaci\u00f3n de proyecto.<\/p>\r\n","protected":false},"excerpt":{"rendered":"<p>FORMULACION Y EVALUACI\u00d3N DE PROYECTOS CARRERA: Ingenier\u00eda Qu\u00edmica OBJETIVOSAprender a evaluar econ\u00f3mica y financieramente alternativas de inversi\u00f3n relacionadas con emprendimientos nuevos o mejora de emprendimientos existentes de peque\u00f1as o medianas empresas. Interiorizar acerca de la pr\u00e1ctica concreta de evaluaci\u00f3n de proyecto.<\/p>\n","protected":false},"author":1,"featured_media":0,"parent":0,"menu_order":0,"comment_status":"closed","ping_status":"closed","template":"","meta":[],"_links":{"self":[{"href":"https:\/\/catedras.facet.unt.edu.ar\/fyep\/wp-json\/wp\/v2\/pages\/426"}],"collection":[{"href":"https:\/\/catedras.facet.unt.edu.ar\/fyep\/wp-json\/wp\/v2\/pages"}],"about":[{"href":"https:\/\/catedras.facet.unt.edu.ar\/fyep\/wp-json\/wp\/v2\/types\/page"}],"author":[{"embeddable":true,"href":"https:\/\/catedras.facet.unt.edu.ar\/fyep\/wp-json\/wp\/v2\/users\/1"}],"replies":[{"embeddable":true,"href":"https:\/\/catedras.facet.unt.edu.ar\/fyep\/wp-json\/wp\/v2\/comments?post=426"}],"version-history":[{"count":4,"href":"https:\/\/catedras.facet.unt.edu.ar\/fyep\/wp-json\/wp\/v2\/pages\/426\/revisions"}],"predecessor-version":[{"id":495,"href":"https:\/\/catedras.facet.unt.edu.ar\/fyep\/wp-json\/wp\/v2\/pages\/426\/revisions\/495"}],"wp:attachment":[{"href":"https:\/\/catedras.facet.unt.edu.ar\/fyep\/wp-json\/wp\/v2\/media?parent=426"}],"curies":[{"name":"wp","href":"https:\/\/api.w.org\/{rel}","templated":true}]}}