{"id":42,"date":"2014-06-24T07:42:31","date_gmt":"2014-06-24T10:42:31","guid":{"rendered":"https:\/\/catedras.facet.unt.edu.ar\/fundamentosredes\/?page_id=42"},"modified":"2017-08-14T18:42:34","modified_gmt":"2017-08-14T21:42:34","slug":"programa-de-la-materia","status":"publish","type":"page","link":"https:\/\/catedras.facet.unt.edu.ar\/fundamentosredes\/descripcion-general\/programa-de-la-materia\/","title":{"rendered":"PROGRAMA DE LA MATERIA"},"content":{"rendered":"<div class=\"entry-content\">\n<div class=\"post-bodycopy clearfix\">\n<p><strong>UNIDAD TEM\u00c1TICA I: GENERALIDADES DE REDES DE COMPUTADORAS<\/strong><strong><br \/>\n<\/strong><\/p>\n<p style=\"margin-left: 40px;\">Modelo simplificado de Comunicaci\u00f3n.<br \/>\nClasificaci\u00f3n de Redes.<br \/>\nProtocolos de Comunicaci\u00f3n. Arquitectura de protocolos.<br \/>\nModelo OSI-ISO.<br \/>\nArquitectura TCP\/IP.<br \/>\nInternet: Historia, Organizaci\u00f3n, Terminolog\u00eda<\/p>\n<p><strong>UNIDAD TEM\u00c1TICA II: PROTOCOLOS DE ACCESO A INTERNET<\/strong><\/p>\n<p style=\"padding-left: 30px;\">Protocolo Internet: IP.<br \/>\nDireccionamiento IP.<br \/>\nRuteo de IP.<br \/>\nFragmentaci\u00f3n<br \/>\nCIDR<br \/>\nICMP<\/p>\n<p><strong>UNIDAD TEM\u00c1TICA III:\u00a0<\/strong><strong>FUNDAMENTOS DE REDES DE AREA LOCAL.<\/strong><\/p>\n<p style=\"padding-left: 30px;\">\u00c1mbitos de aplicaci\u00f3n.<br \/>\nArquitectura: topolog\u00eda y medios de transmisi\u00f3n.<br \/>\nModelo IEEE 802. Capa MAC y LLC. Control de Acceso al medio. CSMA: Variantes.<br \/>\nEthernet: CSMA\/CD. Topolog\u00edas Ethernet. Token Ring.<br \/>\nVariantes de Ethernet: Fast Ethernet. Full Duplex. Gigabit Ethernet. 10 Gigabit Ethernet.<br \/>\nPuentes: Principio de Funcionamiento.<br \/>\nSwitches: Componentes. Switches Layer 2 y 3.<br \/>\nProtocolo ARP.<\/p>\n<p><strong><strong>UNIDAD TEM\u00c1TICA IV: \u00a0<\/strong>CABLEADO ESTRUCTURADO.<\/strong><\/p>\n<p style=\"margin-left: 40px;\">Objetivos del cableado estructurado.<br \/>\nNorma EIA\/TIA.<br \/>\nCables de Par Trenzado: Caracter\u00edsticas El\u00e9ctricas. Categor\u00edas.<br \/>\nFibra \u00f3ptica: Tipos. Especificaciones.<br \/>\nEstructura general de un cableado intermedio. Componentes.<\/p>\n<p><strong>UNIDAD TEM\u00c1TICA V: FUNDAMENTOS DE REDES DE AREA EXTENDIDA.<\/strong><\/p>\n<p style=\"padding-left: 30px;\">Redes conmutadas.<br \/>\nConmutaci\u00f3n por circuito. Conmutaci\u00f3n por paquetes. Ventajas y desventajas.<br \/>\nT\u00e9cnicas de conmutaci\u00f3n: Datagramas y Circuitos Virtuales.<br \/>\nUltima milla<\/p>\n<p style=\"margin-left: 40px; padding-left: 30px;\">\n<p style=\"margin-left: 40px;\">\n<\/div>\n<\/div>\n","protected":false},"excerpt":{"rendered":"<p>UNIDAD TEM\u00c1TICA I: GENERALIDADES DE REDES DE COMPUTADORAS Modelo simplificado de Comunicaci\u00f3n. Clasificaci\u00f3n de Redes. Protocolos de Comunicaci\u00f3n. Arquitectura de protocolos. Modelo OSI-ISO. Arquitectura TCP\/IP. Internet: Historia, Organizaci\u00f3n, Terminolog\u00eda UNIDAD TEM\u00c1TICA II: PROTOCOLOS DE ACCESO A INTERNET Protocolo Internet: IP. Direccionamiento IP. Ruteo de IP. Fragmentaci\u00f3n CIDR ICMP UNIDAD TEM\u00c1TICA III:\u00a0FUNDAMENTOS DE REDES DE AREA [&hellip;]<\/p>\n","protected":false},"author":68,"featured_media":0,"parent":40,"menu_order":0,"comment_status":"closed","ping_status":"closed","template":"","meta":[],"_links":{"self":[{"href":"https:\/\/catedras.facet.unt.edu.ar\/fundamentosredes\/wp-json\/wp\/v2\/pages\/42"}],"collection":[{"href":"https:\/\/catedras.facet.unt.edu.ar\/fundamentosredes\/wp-json\/wp\/v2\/pages"}],"about":[{"href":"https:\/\/catedras.facet.unt.edu.ar\/fundamentosredes\/wp-json\/wp\/v2\/types\/page"}],"author":[{"embeddable":true,"href":"https:\/\/catedras.facet.unt.edu.ar\/fundamentosredes\/wp-json\/wp\/v2\/users\/68"}],"replies":[{"embeddable":true,"href":"https:\/\/catedras.facet.unt.edu.ar\/fundamentosredes\/wp-json\/wp\/v2\/comments?post=42"}],"version-history":[{"count":4,"href":"https:\/\/catedras.facet.unt.edu.ar\/fundamentosredes\/wp-json\/wp\/v2\/pages\/42\/revisions"}],"predecessor-version":[{"id":105,"href":"https:\/\/catedras.facet.unt.edu.ar\/fundamentosredes\/wp-json\/wp\/v2\/pages\/42\/revisions\/105"}],"up":[{"embeddable":true,"href":"https:\/\/catedras.facet.unt.edu.ar\/fundamentosredes\/wp-json\/wp\/v2\/pages\/40"}],"wp:attachment":[{"href":"https:\/\/catedras.facet.unt.edu.ar\/fundamentosredes\/wp-json\/wp\/v2\/media?parent=42"}],"curies":[{"name":"wp","href":"https:\/\/api.w.org\/{rel}","templated":true}]}}